{"id":2144,"date":"2023-09-05T14:03:58","date_gmt":"2023-09-05T14:03:58","guid":{"rendered":"https:\/\/bimlerundschmidt.de\/?page_id=2144"},"modified":"2026-04-10T15:03:59","modified_gmt":"2026-04-10T13:03:59","slug":"faq","status":"publish","type":"page","link":"https:\/\/bimlerundschmidt.de\/en\/faq\/","title":{"rendered":"FAQ"},"content":{"rendered":"<div class=\"wp-block-group alignfull has-background\" style=\"background-color:#a2bb0b\"><div class=\"wp-block-group__inner-container is-layout-constrained wp-block-group-is-layout-constrained\">\n<div style=\"height:20px\" aria-hidden=\"true\" class=\"wp-block-spacer\"><\/div>\n\n\n\n<h1 class=\"wp-block-heading has-text-align-center\">YOUR QUESTIONS - OUR ANSWERS<\/h1>\n\n\n\n<h3 class=\"wp-block-heading has-text-align-center\">Here is what you\u2019ve been wanting to know about orthodontics for so long<\/h3>\n\n\n\n<hr class=\"wp-block-separator has-alpha-channel-opacity\"\/>\n\n\n\n<div style=\"height:20px\" aria-hidden=\"true\" class=\"wp-block-spacer\"><\/div>\n<\/div><\/div>\n\n\n\n<div style=\"height:10px\" aria-hidden=\"true\" class=\"wp-block-spacer\"><\/div>\n\n\n\n<p class=\"has-text-align-center\"><strong>Frequently asked questions about orthodontics in D\u00fcsseldorf<\/strong><\/p>\n\n\n\n<p class=\"has-text-align-center\">How long will my treatment take as an adult? How early do children \u201ehave to\u201c see an orthodontist? What part of the costs will my health insurance cover? There are lots of questions about orthodontics in D\u00fcsseldorf - Bimler &amp; Schmidt has the answers. We have answered the questions that our patients ask most frequently.<\/p>\n\n\n\n<p style=\"text-align: center;\">As your orthodontists in D\u00fcsseldorf-Oberkassel, we want you to start your treatment well informed. If your question is not answered here, we will be happy to help you personally - call us on 0211 559 1000 or arrange a consultation at our practice at Quirinstra\u00dfe 17, D\u00fcsseldorf-Oberkassel.<\/p>\n<p class=\"has-text-align-center\">\u00a0<\/p>\n\n\n\n<div style=\"height:40px\" aria-hidden=\"true\" class=\"wp-block-spacer\"><\/div>\n\n\n\n<div class=\"wp-block-pb-accordion-item c-accordion__item js-accordion-item no-js\" data-initially-open=\"false\" data-click-to-close=\"true\" data-auto-close=\"true\" data-scroll=\"false\" data-scroll-offset=\"0\"><h2 id=\"at-21440\" class=\"c-accordion__title js-accordion-controller\" role=\"button\">When should my child first visit an orthodontist?<\/h2><div id=\"ac-21440\" class=\"c-accordion__content\">\n<p>To find the perfect start for a possible treatment, your child should have its first orthodontic check-up during preschool or primary school. It can be assessed if a treatment might be necessary at all and if yes, when the next appointment should be.<\/p>\n<\/div><\/div>\n\n\n\n<div class=\"wp-block-pb-accordion-item c-accordion__item js-accordion-item no-js\" data-initially-open=\"false\" data-click-to-close=\"true\" data-auto-close=\"true\" data-scroll=\"false\" data-scroll-offset=\"0\"><h2 id=\"at-21441\" class=\"c-accordion__title js-accordion-controller\" role=\"button\">What is the best age for my child to start a treatment?<\/h2><div id=\"ac-21441\" class=\"c-accordion__content\">\n<p>Most of the orthodontic treatments start between 11 and 14 years. In some special cases a treatment is already necessary at the age of 3 years.<\/p>\n<\/div><\/div>\n\n\n\n<div class=\"wp-block-pb-accordion-item c-accordion__item js-accordion-item no-js\" data-initially-open=\"false\" data-click-to-close=\"true\" data-auto-close=\"true\" data-scroll=\"false\" data-scroll-offset=\"0\"><h2 id=\"at-21442\" class=\"c-accordion__title js-accordion-controller\" role=\"button\">How long does it usually take until the treatment is finished?<\/h2><div id=\"ac-21442\" class=\"c-accordion__content\">\n<p>At Bimler &amp; Schmidt, fortunately, it doesn\u2019t take too long. Usually the active part of the treatment can be completed after one year.<\/p>\n<\/div><\/div>\n\n\n\n<div class=\"wp-block-pb-accordion-item c-accordion__item js-accordion-item no-js\" data-initially-open=\"false\" data-click-to-close=\"true\" data-auto-close=\"true\" data-scroll=\"false\" data-scroll-offset=\"0\"><h2 id=\"at-21443\" class=\"c-accordion__title js-accordion-controller\" role=\"button\">Does the treatment hurt?<\/h2><div id=\"ac-21443\" class=\"c-accordion__content\">\n<p>Everybody feels differently. Changes in your oral cavity always need a period of settling-in. Intense or enduring pain is not to be expected during orthodontic treatment.<\/p>\n<\/div><\/div>\n\n\n\n<div class=\"wp-block-pb-accordion-item c-accordion__item js-accordion-item no-js\" data-initially-open=\"false\" data-click-to-close=\"true\" data-auto-close=\"true\" data-scroll=\"false\" data-scroll-offset=\"0\"><h2 id=\"at-21444\" class=\"c-accordion__title js-accordion-controller\" role=\"button\">Do my teeth move back into their old position after the treatment?<\/h2><div id=\"ac-21444\" class=\"c-accordion__content\">\n<p>Our teeth are always in movement. We, at Bimler &amp; Schmidt, take appropriate measures to keep the treatment result stable for the rest of your life.<\/p>\n<\/div><\/div>\n\n\n\n<div class=\"wp-block-pb-accordion-item c-accordion__item js-accordion-item no-js\" data-initially-open=\"false\" data-click-to-close=\"true\" data-auto-close=\"true\" data-scroll=\"false\" data-scroll-offset=\"0\"><h2 id=\"at-21445\" class=\"c-accordion__title js-accordion-controller\" role=\"button\">Does my insurance cover the costs?<\/h2><div id=\"ac-21445\" class=\"c-accordion__content\">\n<p>It really depends on your insurance tariff. If it covers for the total amount of a bill or if orthodontic treatment is excluded. However, if you have questions prior or during the treatment do not hesitate to ask us. We will be happy to assist you.<\/p>\n<\/div><\/div>\n\n\n\n<div class=\"wp-block-pb-accordion-item c-accordion__item js-accordion-item no-js\" data-initially-open=\"false\" data-click-to-close=\"true\" data-auto-close=\"true\" data-scroll=\"false\" data-scroll-offset=\"0\"><h2 id=\"at-21446\" class=\"c-accordion__title js-accordion-controller\" role=\"button\">Do the wisdom teeth necessarily have to be removed? Do they cause problems?<\/h2><div id=\"ac-21446\" class=\"c-accordion__content\">\n<p>Unfortunately, more wisdom teeth than necessary will still be removed. Misalignments of teeth cannot be linked to the eruption of the wisdom teeth. Yet sometimes space conditions or the position of the wisdom teeth in the jaw can make a removal necessary; but this has to be checked individually.<\/p>\n<\/div><\/div>\n\n\n\n<div class=\"wp-block-pb-accordion-item c-accordion__item js-accordion-item no-js\" data-initially-open=\"false\" data-click-to-close=\"true\" data-auto-close=\"true\" data-scroll=\"false\" data-scroll-offset=\"0\"><h2 id=\"at-21447\" class=\"c-accordion__title js-accordion-controller\" role=\"button\">Do invisible braces exist?<\/h2><div id=\"ac-21447\" class=\"c-accordion__content\">\n<p>For every problem we can also offer a near invisible or invisible solution. Different types of braces always have advantages and disadvantages which we will discuss with you finding the perfect solution.<\/p>\n<\/div><\/div>\n\n\n\n<div class=\"wp-block-pb-accordion-item c-accordion__item js-accordion-item no-js\" data-initially-open=\"false\" data-click-to-close=\"true\" data-auto-close=\"true\" data-scroll=\"false\" data-scroll-offset=\"0\"><h2 id=\"at-21448\" class=\"c-accordion__title js-accordion-controller\" role=\"button\">Can you be orthodontically treated when you play a wind instrument?<\/h2><div id=\"ac-21448\" class=\"c-accordion__content\">\n<p>Absolutely! Maybe braces should not be placed one day before the most important concert of the year because you need a little bit to get used to the new situation. But after a while playing music is possible as before.<\/p>\n<\/div><\/div>\n\n\n\n<div class=\"wp-block-pb-accordion-item c-accordion__item js-accordion-item no-js\" data-initially-open=\"false\" data-click-to-close=\"true\" data-auto-close=\"true\" data-scroll=\"false\" data-scroll-offset=\"0\"><h2 id=\"at-21449\" class=\"c-accordion__title js-accordion-controller\" role=\"button\">Do I have to go to my dentist during my treatment at the orthodontist?<\/h2><div id=\"ac-21449\" class=\"c-accordion__content\">\n<p>The 6-monthly check-up appointment at your dental practice should definitively be kept,  also during orthodontic treatment.<\/p>\n\n\n\n<div style=\"height:40px\" aria-hidden=\"true\" class=\"wp-block-spacer\"><\/div>\n<\/div><\/div>","protected":false},"excerpt":{"rendered":"<p>IHRE FRAGEN \u2013 UNSERE ANTWORTEN Was Sie schon immer \u00fcber Kieferorthop\u00e4die wissen wollten H\u00e4ufige Fragen zur Kieferorthop\u00e4die in D\u00fcsseldorf Wie lange dauert meine Behandlung als Erwachsener? Wie fr\u00fch &#8222;m\u00fcssen&#8220; Kinder zum Kieferorthop\u00e4den? Welchen Kostenteil \u00fcbernimmt meine Krankenkasse? Fragen zur Kieferorthop\u00e4die in D\u00fcsseldorf gibt es jede Menge \u2014 Bimler &amp; Schmidt hat die Antworten. Wir haben [&hellip;]<\/p>\n","protected":false},"author":4,"featured_media":0,"parent":0,"menu_order":4,"comment_status":"closed","ping_status":"closed","template":"","meta":{"ocean_post_layout":"","ocean_both_sidebars_style":"","ocean_both_sidebars_content_width":0,"ocean_both_sidebars_sidebars_width":0,"ocean_sidebar":"0","ocean_second_sidebar":"0","ocean_disable_margins":"enable","ocean_add_body_class":"","ocean_shortcode_before_top_bar":"","ocean_shortcode_after_top_bar":"","ocean_shortcode_before_header":"","ocean_shortcode_after_header":"","ocean_has_shortcode":"","ocean_shortcode_after_title":"","ocean_shortcode_before_footer_widgets":"","ocean_shortcode_after_footer_widgets":"","ocean_shortcode_before_footer_bottom":"","ocean_shortcode_after_footer_bottom":"","ocean_display_top_bar":"default","ocean_display_header":"default","ocean_header_style":"","ocean_center_header_left_menu":"0","ocean_custom_header_template":"0","ocean_custom_logo":0,"ocean_custom_retina_logo":0,"ocean_custom_logo_max_width":0,"ocean_custom_logo_tablet_max_width":0,"ocean_custom_logo_mobile_max_width":0,"ocean_custom_logo_max_height":0,"ocean_custom_logo_tablet_max_height":0,"ocean_custom_logo_mobile_max_height":0,"ocean_header_custom_menu":"0","ocean_menu_typo_font_family":"0","ocean_menu_typo_font_subset":"","ocean_menu_typo_font_size":0,"ocean_menu_typo_font_size_tablet":0,"ocean_menu_typo_font_size_mobile":0,"ocean_menu_typo_font_size_unit":"px","ocean_menu_typo_font_weight":"","ocean_menu_typo_font_weight_tablet":"","ocean_menu_typo_font_weight_mobile":"","ocean_menu_typo_transform":"","ocean_menu_typo_transform_tablet":"","ocean_menu_typo_transform_mobile":"","ocean_menu_typo_line_height":0,"ocean_menu_typo_line_height_tablet":0,"ocean_menu_typo_line_height_mobile":0,"ocean_menu_typo_line_height_unit":"","ocean_menu_typo_spacing":0,"ocean_menu_typo_spacing_tablet":0,"ocean_menu_typo_spacing_mobile":0,"ocean_menu_typo_spacing_unit":"","ocean_menu_link_color":"","ocean_menu_link_color_hover":"","ocean_menu_link_color_active":"","ocean_menu_link_background":"","ocean_menu_link_hover_background":"","ocean_menu_link_active_background":"","ocean_menu_social_links_bg":"","ocean_menu_social_hover_links_bg":"","ocean_menu_social_links_color":"","ocean_menu_social_hover_links_color":"","ocean_disable_title":"on","ocean_disable_heading":"default","ocean_post_title":"","ocean_post_subheading":"","ocean_post_title_style":"","ocean_post_title_background_color":"","ocean_post_title_background":0,"ocean_post_title_bg_image_position":"","ocean_post_title_bg_image_attachment":"","ocean_post_title_bg_image_repeat":"","ocean_post_title_bg_image_size":"","ocean_post_title_height":0,"ocean_post_title_bg_overlay":0.5,"ocean_post_title_bg_overlay_color":"","ocean_disable_breadcrumbs":"default","ocean_breadcrumbs_color":"","ocean_breadcrumbs_separator_color":"","ocean_breadcrumbs_links_color":"","ocean_breadcrumbs_links_hover_color":"","ocean_display_footer_widgets":"default","ocean_display_footer_bottom":"default","ocean_custom_footer_template":"0","footnotes":""},"class_list":["post-2144","page","type-page","status-publish","hentry","entry"],"yoast_head":"<!-- This site is optimized with the Yoast SEO plugin v27.3 - https:\/\/yoast.com\/product\/yoast-seo-wordpress\/ -->\n<title>FAQ Kieferorthop\u00e4die | Bimler &amp; Schmidt D\u00fcsseldorf<\/title>\n<meta name=\"description\" content=\"H\u00e4ufige Fragen zur Kieferorthop\u00e4die in D\u00fcsseldorf bei Bimler &amp; Schmidt. Kosten, Behandlungsdauer, Zahnspangen &amp; mehr. Jetzt informieren!\" \/>\n<meta name=\"robots\" content=\"index, follow, max-snippet:-1, max-image-preview:large, max-video-preview:-1\" \/>\n<link rel=\"canonical\" href=\"https:\/\/bimlerundschmidt.de\/en\/faq\/\" \/>\n<meta property=\"og:locale\" content=\"en_US\" \/>\n<meta property=\"og:type\" content=\"article\" \/>\n<meta property=\"og:title\" content=\"FAQ Kieferorthop\u00e4die | Bimler &amp; Schmidt D\u00fcsseldorf\" \/>\n<meta property=\"og:description\" content=\"H\u00e4ufige Fragen zur Kieferorthop\u00e4die in D\u00fcsseldorf bei Bimler &amp; Schmidt. Kosten, Behandlungsdauer, Zahnspangen &amp; mehr. Jetzt informieren!\" \/>\n<meta property=\"og:url\" content=\"https:\/\/bimlerundschmidt.de\/en\/faq\/\" \/>\n<meta property=\"og:site_name\" content=\"BIMLER &amp; SCHMIDT Kieferorthop\u00e4den\" \/>\n<meta property=\"article:publisher\" content=\"https:\/\/de-de.facebook.com\/bimlerundschmidt.de\/\" \/>\n<meta property=\"article:modified_time\" content=\"2026-04-10T13:03:59+00:00\" \/>\n<meta name=\"twitter:card\" content=\"summary_large_image\" \/>\n<meta name=\"twitter:label1\" content=\"Est. reading time\" \/>\n\t<meta name=\"twitter:data1\" content=\"3 minutes\" \/>\n<script type=\"application\/ld+json\" class=\"yoast-schema-graph\">{\"@context\":\"https:\\\/\\\/schema.org\",\"@graph\":[{\"@type\":\"WebPage\",\"@id\":\"https:\\\/\\\/bimlerundschmidt.de\\\/faq\\\/\",\"url\":\"https:\\\/\\\/bimlerundschmidt.de\\\/faq\\\/\",\"name\":\"FAQ Kieferorthop\u00e4die | Bimler & Schmidt D\u00fcsseldorf\",\"isPartOf\":{\"@id\":\"https:\\\/\\\/bimlerundschmidt.de\\\/#website\"},\"datePublished\":\"2023-09-05T14:03:58+00:00\",\"dateModified\":\"2026-04-10T13:03:59+00:00\",\"description\":\"H\u00e4ufige Fragen zur Kieferorthop\u00e4die in D\u00fcsseldorf bei Bimler & Schmidt. Kosten, Behandlungsdauer, Zahnspangen & mehr. Jetzt informieren!\",\"breadcrumb\":{\"@id\":\"https:\\\/\\\/bimlerundschmidt.de\\\/faq\\\/#breadcrumb\"},\"inLanguage\":\"en-US\",\"potentialAction\":[{\"@type\":\"ReadAction\",\"target\":[\"https:\\\/\\\/bimlerundschmidt.de\\\/faq\\\/\"]}]},{\"@type\":\"BreadcrumbList\",\"@id\":\"https:\\\/\\\/bimlerundschmidt.de\\\/faq\\\/#breadcrumb\",\"itemListElement\":[{\"@type\":\"ListItem\",\"position\":1,\"name\":\"Startseite\",\"item\":\"https:\\\/\\\/bimlerundschmidt.de\\\/\"},{\"@type\":\"ListItem\",\"position\":2,\"name\":\"FAQ\"}]},{\"@type\":\"WebSite\",\"@id\":\"https:\\\/\\\/bimlerundschmidt.de\\\/#website\",\"url\":\"https:\\\/\\\/bimlerundschmidt.de\\\/\",\"name\":\"Bimler & Schmidt Kieferorthop\u00e4den\",\"description\":\"Kieferorthop\u00e4den Kieferorthop\u00e4de D\u00fcsseldorf\",\"publisher\":{\"@id\":\"https:\\\/\\\/bimlerundschmidt.de\\\/#organization\"},\"potentialAction\":[{\"@type\":\"SearchAction\",\"target\":{\"@type\":\"EntryPoint\",\"urlTemplate\":\"https:\\\/\\\/bimlerundschmidt.de\\\/?s={search_term_string}\"},\"query-input\":{\"@type\":\"PropertyValueSpecification\",\"valueRequired\":true,\"valueName\":\"search_term_string\"}}],\"inLanguage\":\"en-US\"},{\"@type\":\"Organization\",\"@id\":\"https:\\\/\\\/bimlerundschmidt.de\\\/#organization\",\"name\":\"Bimler & Schmidt - Kieferorthop\u00e4den\",\"url\":\"https:\\\/\\\/bimlerundschmidt.de\\\/\",\"logo\":{\"@type\":\"ImageObject\",\"inLanguage\":\"en-US\",\"@id\":\"https:\\\/\\\/bimlerundschmidt.de\\\/#\\\/schema\\\/logo\\\/image\\\/\",\"url\":\"https:\\\/\\\/bimlerundschmidt.de\\\/wp-content\\\/uploads\\\/2026\\\/02\\\/cropped-cropped-Zeichenflaeche-1-Kopie.png\",\"contentUrl\":\"https:\\\/\\\/bimlerundschmidt.de\\\/wp-content\\\/uploads\\\/2026\\\/02\\\/cropped-cropped-Zeichenflaeche-1-Kopie.png\",\"width\":685,\"height\":205,\"caption\":\"Bimler & Schmidt - Kieferorthop\u00e4den\"},\"image\":{\"@id\":\"https:\\\/\\\/bimlerundschmidt.de\\\/#\\\/schema\\\/logo\\\/image\\\/\"},\"sameAs\":[\"https:\\\/\\\/de-de.facebook.com\\\/bimlerundschmidt.de\\\/\",\"https:\\\/\\\/www.instagram.com\\\/bimlerundschmidt\\\/\"]}]}<\/script>\n<!-- \/ Yoast SEO plugin. -->","yoast_head_json":{"title":"FAQ Orthodontics | Bimler &amp; Schmidt D\u00fcsseldorf","description":"Frequently asked questions about orthodontics in D\u00fcsseldorf at Bimler &amp; Schmidt. Costs, treatment duration, braces &amp; more. Find out more now!","robots":{"index":"index","follow":"follow","max-snippet":"max-snippet:-1","max-image-preview":"max-image-preview:large","max-video-preview":"max-video-preview:-1"},"canonical":"https:\/\/bimlerundschmidt.de\/en\/faq\/","og_locale":"en_US","og_type":"article","og_title":"FAQ Kieferorthop\u00e4die | Bimler & Schmidt D\u00fcsseldorf","og_description":"H\u00e4ufige Fragen zur Kieferorthop\u00e4die in D\u00fcsseldorf bei Bimler & Schmidt. Kosten, Behandlungsdauer, Zahnspangen & mehr. Jetzt informieren!","og_url":"https:\/\/bimlerundschmidt.de\/en\/faq\/","og_site_name":"BIMLER &amp; SCHMIDT Kieferorthop\u00e4den","article_publisher":"https:\/\/de-de.facebook.com\/bimlerundschmidt.de\/","article_modified_time":"2026-04-10T13:03:59+00:00","twitter_card":"summary_large_image","twitter_misc":{"Est. reading time":"3 minutes"},"schema":{"@context":"https:\/\/schema.org","@graph":[{"@type":"WebPage","@id":"https:\/\/bimlerundschmidt.de\/faq\/","url":"https:\/\/bimlerundschmidt.de\/faq\/","name":"FAQ Orthodontics | Bimler &amp; Schmidt D\u00fcsseldorf","isPartOf":{"@id":"https:\/\/bimlerundschmidt.de\/#website"},"datePublished":"2023-09-05T14:03:58+00:00","dateModified":"2026-04-10T13:03:59+00:00","description":"Frequently asked questions about orthodontics in D\u00fcsseldorf at Bimler &amp; Schmidt. Costs, treatment duration, braces &amp; more. Find out more now!","breadcrumb":{"@id":"https:\/\/bimlerundschmidt.de\/faq\/#breadcrumb"},"inLanguage":"en-US","potentialAction":[{"@type":"ReadAction","target":["https:\/\/bimlerundschmidt.de\/faq\/"]}]},{"@type":"BreadcrumbList","@id":"https:\/\/bimlerundschmidt.de\/faq\/#breadcrumb","itemListElement":[{"@type":"ListItem","position":1,"name":"Startseite","item":"https:\/\/bimlerundschmidt.de\/"},{"@type":"ListItem","position":2,"name":"FAQ"}]},{"@type":"WebSite","@id":"https:\/\/bimlerundschmidt.de\/#website","url":"https:\/\/bimlerundschmidt.de\/","name":"Bimler &amp; Schmidt Orthodontists","description":"Orthodontists Orthodontist D\u00fcsseldorf","publisher":{"@id":"https:\/\/bimlerundschmidt.de\/#organization"},"potentialAction":[{"@type":"SearchAction","target":{"@type":"EntryPoint","urlTemplate":"https:\/\/bimlerundschmidt.de\/?s={search_term_string}"},"query-input":{"@type":"PropertyValueSpecification","valueRequired":true,"valueName":"search_term_string"}}],"inLanguage":"en-US"},{"@type":"Organization","@id":"https:\/\/bimlerundschmidt.de\/#organization","name":"Bimler &amp; Schmidt - Orthodontists","url":"https:\/\/bimlerundschmidt.de\/","logo":{"@type":"ImageObject","inLanguage":"en-US","@id":"https:\/\/bimlerundschmidt.de\/#\/schema\/logo\/image\/","url":"https:\/\/bimlerundschmidt.de\/wp-content\/uploads\/2026\/02\/cropped-cropped-Zeichenflaeche-1-Kopie.png","contentUrl":"https:\/\/bimlerundschmidt.de\/wp-content\/uploads\/2026\/02\/cropped-cropped-Zeichenflaeche-1-Kopie.png","width":685,"height":205,"caption":"Bimler & Schmidt - Kieferorthop\u00e4den"},"image":{"@id":"https:\/\/bimlerundschmidt.de\/#\/schema\/logo\/image\/"},"sameAs":["https:\/\/de-de.facebook.com\/bimlerundschmidt.de\/","https:\/\/www.instagram.com\/bimlerundschmidt\/"]}]}},"_links":{"self":[{"href":"https:\/\/bimlerundschmidt.de\/en\/wp-json\/wp\/v2\/pages\/2144","targetHints":{"allow":["GET"]}}],"collection":[{"href":"https:\/\/bimlerundschmidt.de\/en\/wp-json\/wp\/v2\/pages"}],"about":[{"href":"https:\/\/bimlerundschmidt.de\/en\/wp-json\/wp\/v2\/types\/page"}],"author":[{"embeddable":true,"href":"https:\/\/bimlerundschmidt.de\/en\/wp-json\/wp\/v2\/users\/4"}],"replies":[{"embeddable":true,"href":"https:\/\/bimlerundschmidt.de\/en\/wp-json\/wp\/v2\/comments?post=2144"}],"version-history":[{"count":1,"href":"https:\/\/bimlerundschmidt.de\/en\/wp-json\/wp\/v2\/pages\/2144\/revisions"}],"predecessor-version":[{"id":3521,"href":"https:\/\/bimlerundschmidt.de\/en\/wp-json\/wp\/v2\/pages\/2144\/revisions\/3521"}],"wp:attachment":[{"href":"https:\/\/bimlerundschmidt.de\/en\/wp-json\/wp\/v2\/media?parent=2144"}],"curies":[{"name":"wp","href":"https:\/\/api.w.org\/{rel}","templated":true}]}}