{"id":2187,"date":"2026-02-18T12:23:43","date_gmt":"2026-02-18T12:23:43","guid":{"rendered":"https:\/\/bimlerundschmidt.de\/?page_id=2187"},"modified":"2026-03-15T13:07:33","modified_gmt":"2026-03-15T13:07:33","slug":"behandlungsuebersicht","status":"publish","type":"page","link":"https:\/\/bimlerundschmidt.de\/en\/behandlungsuebersicht\/","title":{"rendered":"Treatments Overview"},"content":{"rendered":"<div class=\"wp-block-group alignfull has-background\" style=\"background-color:#a2bb0b\"><div class=\"wp-block-group__inner-container is-layout-constrained wp-block-group-is-layout-constrained\">\n<div style=\"height:20px\" aria-hidden=\"true\" class=\"wp-block-spacer\"><\/div>\n\n\n\n<h1 class=\"wp-block-heading has-text-align-center\">OUR TREATMENTS<\/h1>\n\n\n\n<h3 class=\"wp-block-heading has-text-align-center\">Bimler and Schmidt<\/h3>\n\n\n\n<hr class=\"wp-block-separator has-alpha-channel-opacity\"\/>\n\n\n\n<div style=\"height:20px\" aria-hidden=\"true\" class=\"wp-block-spacer\"><\/div>\n<\/div><\/div>\n\n\n\n<div style=\"height:10px\" aria-hidden=\"true\" class=\"wp-block-spacer\"><\/div>\n\n\n\n<h4 class=\"wp-block-heading has-text-align-center\">It is never too late.<\/h4>\n\n\n\n<h2 class=\"wp-block-heading has-text-align-center\">MODERN ORTHODONTICS MAKES IT POSSIBLE<\/h2>\n\n\n\n<p class=\"has-text-align-center translation-block\">Kieferorthop\u00e4die in D\u00fcsseldorf \u2014 bei Bimler &amp; Schmidt finden Sie moderne und angenehme Behandlungswege f\u00fcr die ganze Familie. Ob <strong><a href=\"https:\/\/bimlerundschmidt.de\/en\/unsichtbare-zahnspange\/\" target=\"_self\">unsichtbare Zahnspangen<\/a><\/strong>, <strong><a href=\"https:\/\/bimlerundschmidt.de\/en\/unsichtbare-zahnspange\/\" target=\"_self\">Lingualtechnik<\/a><\/strong> oder \u00e4sthetische <strong><a href=\"https:\/\/bimlerundschmidt.de\/en\/unsichtbare-zahnspange\/\" target=\"_self\">Keramik-Brackets<\/a><\/strong> \u2013 die moderne Kieferorthop\u00e4die bietet eine Reihe von zeitgem\u00e4\u00dfen L\u00f6sungen. Und das Beste daran: Korrekturen von Fehlstellungen sind heutzutage in jedem Lebensabschnitt machbar. F\u00fcr eine erfolgreiche Behandlung ist es also nie zu sp\u00e4t.<\/p>\n\n\n\n<div style=\"height:20px\" aria-hidden=\"true\" class=\"wp-block-spacer\"><\/div>\n\n\n\n<h4 class=\"wp-block-heading has-text-align-center\">Intensive advice - short treatment time<\/h4>\n\n\n\n<h2 class=\"wp-block-heading has-text-align-center\">Together we can achieve your goal<\/h2>\n\n\n\n<p class=\"has-text-align-center\">Take a seat with us and let us give you detailed, individual and competent advice in a relaxed atmosphere in one of our meeting rooms. We take the time to listen to your concerns and explain to you in detail which solution we recommend - but we are all the quicker with the subsequent treatment. We make clear recommendations, ensure cost transparency and guarantee short treatment times.<\/p>\n\n\n\n<p class=\"has-text-align-center\">We can do this because we put our many years of experience and constantly expanding knowledge to work for you. Our spectrum ranges from the professional treatment of special cases to the normal, preventive and corrective orthodontic treatment of children and teenagers. A special feature at Bimler &amp; Schmidt: we can advise and assist Japanese patients in their native language.<\/p>\n\n\n\n<p class=\"has-text-align-center\"><strong>Orthodontics D\u00fcsseldorf - our treatment options<\/strong><\/p>\n\n\n\n<p class=\"has-text-align-center\">As your orthodontists in D\u00fcsseldorf-Oberkassel, we offer treatments for every need: braces for children and teenagers, discreet solutions for adults and invisible aligners such as Invisalign. Arrange your free consultation appointment now at Quirinstra\u00dfe 17, D\u00fcsseldorf-Oberkassel. We look forward to seeing you!<\/p>\n\n\n\n<div style=\"height:20px\" aria-hidden=\"true\" class=\"wp-block-spacer\"><\/div>\n\n\n\n<div class=\"wp-block-columns is-layout-flex wp-container-core-columns-is-layout-9d6595d7 wp-block-columns-is-layout-flex\">\n<div class=\"wp-block-column is-layout-flow wp-block-column-is-layout-flow\">\n<div class=\"wp-block-group\"><div class=\"wp-block-group__inner-container is-layout-constrained wp-block-group-is-layout-constrained\">\n<div class=\"wp-block-cover aligncenter is-light\"><img decoding=\"async\" class=\"wp-block-cover__image-background\" alt=\"\" src=\"https:\/\/bimlerundschmidt.de\/wp-content\/uploads\/2019\/07\/Bimlder-Schmidt-Kieferorthopaede-fuer-Kinder-01-1024x683-768x512.jpg\" data-object-fit=\"cover\"\/><span aria-hidden=\"true\" class=\"wp-block-cover__background has-background-dim\"><\/span><div class=\"wp-block-cover__inner-container is-layout-flow wp-block-cover-is-layout-flow\">\n<p class=\"has-text-align-center has-white-color has-text-color has-large-font-size\"><strong>CHILDREN<\/strong><\/p>\n<\/div><\/div>\n\n\n\n<div style=\"height:36px\" aria-hidden=\"true\" class=\"wp-block-spacer\"><\/div>\n\n\n\n<p class=\"has-text-align-center\">Children are intuitive by nature, and Bimler and Schmidt know this. That\u2019s why we interact with our young customers in a fun way.<br>\nHave a look\u2026.<\/p>\n\n\n\n<div class=\"wp-block-buttons is-content-justification-center is-layout-flex wp-container-core-buttons-is-layout-16018d1d wp-block-buttons-is-layout-flex\">\n<div class=\"wp-block-button\"><a class=\"wp-block-button__link has-white-color has-text-color has-background has-link-color wp-element-button\" href=\"\/en\/fuer-kinder\/\" style=\"background-color:#a2bb0b\">TREATMENTS FOR CHILDREN<\/a><\/div>\n<\/div>\n<\/div><\/div>\n<\/div>\n\n\n\n<div class=\"wp-block-column is-layout-flow wp-block-column-is-layout-flow\">\n<div class=\"wp-block-group\"><div class=\"wp-block-group__inner-container is-layout-constrained wp-block-group-is-layout-constrained\">\n<div class=\"wp-block-cover aligncenter is-light\" style=\"min-height:430px;aspect-ratio:unset;\"><img decoding=\"async\" class=\"wp-block-cover__image-background\" alt=\"\" src=\"https:\/\/bimlerundschmidt.de\/wp-content\/uploads\/2019\/07\/18-BimlerSchmidt-Kieferorthopaeden-768x512.jpg\" data-object-fit=\"cover\"\/><span aria-hidden=\"true\" class=\"wp-block-cover__background has-background-dim\"><\/span><div class=\"wp-block-cover__inner-container is-layout-flow wp-block-cover-is-layout-flow\">\n<p class=\"has-text-align-center has-white-color has-text-color has-large-font-size\"><strong>ADULTS<\/strong><\/p>\n<\/div><\/div>\n\n\n\n<div style=\"height:36px\" aria-hidden=\"true\" class=\"wp-block-spacer\"><\/div>\n\n\n\n<p class=\"has-text-align-center\">Can you teach an old dog new tricks? \u2013 Bimler &amp; Schmidt can! We have different options to treat adults \u2013 but with the same result: a gorgeous smile with healthy and straight teeth.<\/p>\n\n\n\n<div class=\"wp-block-buttons is-content-justification-center is-layout-flex wp-container-core-buttons-is-layout-16018d1d wp-block-buttons-is-layout-flex\">\n<div class=\"wp-block-button\"><a class=\"wp-block-button__link has-white-color has-text-color has-background has-link-color wp-element-button\" href=\"\/en\/fuer-erwachsene\/\" style=\"background-color:#a2bb0b\">TREATMENTS FOR ADULTS<\/a><\/div>\n<\/div>\n<\/div><\/div>\n<\/div>\n\n\n\n<div class=\"wp-block-column is-layout-flow wp-block-column-is-layout-flow\">\n<div class=\"wp-block-group\"><div class=\"wp-block-group__inner-container is-layout-constrained wp-block-group-is-layout-constrained\">\n<div class=\"wp-block-cover aligncenter is-light\"><img decoding=\"async\" width=\"1024\" height=\"646\" class=\"wp-block-cover__image-background wp-image-588\" alt=\"\" src=\"https:\/\/bimlerundschmidt.de\/wp-content\/uploads\/2019\/07\/Fotolia_55349801_M-1024x646-1024x646.jpg\" data-object-fit=\"cover\" srcset=\"https:\/\/bimlerundschmidt.de\/wp-content\/uploads\/2019\/07\/Fotolia_55349801_M-1024x646.jpg 1024w, https:\/\/bimlerundschmidt.de\/wp-content\/uploads\/2019\/07\/Fotolia_55349801_M-1024x646-300x189.jpg 300w, https:\/\/bimlerundschmidt.de\/wp-content\/uploads\/2019\/07\/Fotolia_55349801_M-1024x646-768x485.jpg 768w\" sizes=\"(max-width: 1024px) 100vw, 1024px\" \/><span aria-hidden=\"true\" class=\"wp-block-cover__background has-background-dim\"><\/span><div class=\"wp-block-cover__inner-container is-layout-flow wp-block-cover-is-layout-flow\">\n<p class=\"has-text-align-center has-white-color has-text-color has-large-font-size\"><strong>INVISIBLE BRACES<\/strong><\/p>\n<\/div><\/div>\n\n\n\n<div style=\"height:46px\" aria-hidden=\"true\" class=\"wp-block-spacer\"><\/div>\n\n\n\n<p class=\"has-text-align-center\">Pick a solution that suits your needs: near-invisible, removable aligners or lingual braces \u2013 you have the choice. \nWe will provide you with professional advice.<\/p>\n\n\n\n<div class=\"wp-block-buttons is-content-justification-center is-layout-flex wp-container-core-buttons-is-layout-16018d1d wp-block-buttons-is-layout-flex\">\n<div class=\"wp-block-button\"><a class=\"wp-block-button__link has-white-color has-text-color has-background has-link-color wp-element-button\" href=\"\/en\/unsichtbare-zahnspange\/\" style=\"background-color:#a2bb0b\">INVISIBLE BRACES<\/a><\/div>\n<\/div>\n<\/div><\/div>\n<\/div>\n<\/div>\n\n\n\n<div class=\"wp-block-columns is-layout-flex wp-container-core-columns-is-layout-9d6595d7 wp-block-columns-is-layout-flex\">\n<div class=\"wp-block-column is-layout-flow wp-block-column-is-layout-flow\">\n<div class=\"wp-block-columns alignwide are-vertically-aligned-top is-layout-flex wp-container-core-columns-is-layout-9d6595d7 wp-block-columns-is-layout-flex\">\n<div class=\"wp-block-column is-vertically-aligned-top is-layout-flow wp-block-column-is-layout-flow\" style=\"flex-basis:25em\"><\/div>\n\n\n\n<div class=\"wp-block-column is-vertically-aligned-top is-layout-flow wp-block-column-is-layout-flow\" style=\"flex-basis:25em\"><\/div>\n<\/div>\n\n\n\n<div style=\"height:40px\" aria-hidden=\"true\" class=\"wp-block-spacer\"><\/div>\n<\/div>\n<\/div>\n\n\n\n<div class=\"wp-block-columns is-layout-flex wp-container-core-columns-is-layout-9d6595d7 wp-block-columns-is-layout-flex\">\n<div class=\"wp-block-column is-layout-flow wp-block-column-is-layout-flow\" style=\"flex-basis:25%\"><\/div>\n\n\n\n<div class=\"wp-block-column is-layout-flow wp-block-column-is-layout-flow\"><\/div>\n\n\n\n<div class=\"wp-block-column is-layout-flow wp-block-column-is-layout-flow\"><\/div>\n<\/div>","protected":false},"excerpt":{"rendered":"<p>UNSERE BEHANDLUNGEN Bimler und Schmidt Es ist nie zu sp\u00e4t MODERNE KIEFERORTHOP\u00c4DIE MACHT&#8217;S M\u00d6GLICH Kieferorthop\u00e4die in D\u00fcsseldorf \u2014 bei Bimler &amp; Schmidt finden Sie moderne und angenehme Behandlungswege f\u00fcr die ganze Familie. Ob unsichtbare Zahnspangen, Lingualtechnik oder \u00e4sthetische Keramik-Brackets \u2013 die moderne Kieferorthop\u00e4die bietet eine Reihe von zeitgem\u00e4\u00dfen L\u00f6sungen. Und das Beste daran: Korrekturen von [&hellip;]<\/p>\n","protected":false},"author":4,"featured_media":0,"parent":0,"menu_order":3,"comment_status":"closed","ping_status":"closed","template":"","meta":{"ocean_post_layout":"","ocean_both_sidebars_style":"","ocean_both_sidebars_content_width":0,"ocean_both_sidebars_sidebars_width":0,"ocean_sidebar":"0","ocean_second_sidebar":"0","ocean_disable_margins":"enable","ocean_add_body_class":"","ocean_shortcode_before_top_bar":"","ocean_shortcode_after_top_bar":"","ocean_shortcode_before_header":"","ocean_shortcode_after_header":"","ocean_has_shortcode":"","ocean_shortcode_after_title":"","ocean_shortcode_before_footer_widgets":"","ocean_shortcode_after_footer_widgets":"","ocean_shortcode_before_footer_bottom":"","ocean_shortcode_after_footer_bottom":"","ocean_display_top_bar":"default","ocean_display_header":"default","ocean_header_style":"","ocean_center_header_left_menu":"0","ocean_custom_header_template":"0","ocean_custom_logo":0,"ocean_custom_retina_logo":0,"ocean_custom_logo_max_width":0,"ocean_custom_logo_tablet_max_width":0,"ocean_custom_logo_mobile_max_width":0,"ocean_custom_logo_max_height":0,"ocean_custom_logo_tablet_max_height":0,"ocean_custom_logo_mobile_max_height":0,"ocean_header_custom_menu":"0","ocean_menu_typo_font_family":"0","ocean_menu_typo_font_subset":"","ocean_menu_typo_font_size":0,"ocean_menu_typo_font_size_tablet":0,"ocean_menu_typo_font_size_mobile":0,"ocean_menu_typo_font_size_unit":"px","ocean_menu_typo_font_weight":"","ocean_menu_typo_font_weight_tablet":"","ocean_menu_typo_font_weight_mobile":"","ocean_menu_typo_transform":"","ocean_menu_typo_transform_tablet":"","ocean_menu_typo_transform_mobile":"","ocean_menu_typo_line_height":0,"ocean_menu_typo_line_height_tablet":0,"ocean_menu_typo_line_height_mobile":0,"ocean_menu_typo_line_height_unit":"","ocean_menu_typo_spacing":0,"ocean_menu_typo_spacing_tablet":0,"ocean_menu_typo_spacing_mobile":0,"ocean_menu_typo_spacing_unit":"","ocean_menu_link_color":"","ocean_menu_link_color_hover":"","ocean_menu_link_color_active":"","ocean_menu_link_background":"","ocean_menu_link_hover_background":"","ocean_menu_link_active_background":"","ocean_menu_social_links_bg":"","ocean_menu_social_hover_links_bg":"","ocean_menu_social_links_color":"","ocean_menu_social_hover_links_color":"","ocean_disable_title":"on","ocean_disable_heading":"default","ocean_post_title":"","ocean_post_subheading":"","ocean_post_title_style":"","ocean_post_title_background_color":"","ocean_post_title_background":0,"ocean_post_title_bg_image_position":"","ocean_post_title_bg_image_attachment":"","ocean_post_title_bg_image_repeat":"","ocean_post_title_bg_image_size":"","ocean_post_title_height":0,"ocean_post_title_bg_overlay":0.5,"ocean_post_title_bg_overlay_color":"","ocean_disable_breadcrumbs":"default","ocean_breadcrumbs_color":"","ocean_breadcrumbs_separator_color":"","ocean_breadcrumbs_links_color":"","ocean_breadcrumbs_links_hover_color":"","ocean_display_footer_widgets":"default","ocean_display_footer_bottom":"default","ocean_custom_footer_template":"0","footnotes":""},"class_list":["post-2187","page","type-page","status-publish","hentry","entry"],"yoast_head":"<!-- This site is optimized with the Yoast SEO plugin v27.4 - https:\/\/yoast.com\/product\/yoast-seo-wordpress\/ -->\n<title>Kieferorthop\u00e4die D\u00fcsseldorf | Behandlungen | Bimler &amp; Schmidt<\/title>\n<meta name=\"description\" content=\"Kieferorthop\u00e4die D\u00fcsseldorf-Oberkassel f\u00fcr Kinder &amp; Erwachsene. Invisalign, unsichtbare Zahnspangen &amp; mehr. Jetzt Termin: 0211 559 1000.\" \/>\n<meta name=\"robots\" content=\"index, follow, max-snippet:-1, max-image-preview:large, max-video-preview:-1\" \/>\n<link rel=\"canonical\" href=\"https:\/\/bimlerundschmidt.de\/en\/behandlungsuebersicht\/\" \/>\n<meta property=\"og:locale\" content=\"en_US\" \/>\n<meta property=\"og:type\" content=\"article\" \/>\n<meta property=\"og:title\" content=\"Kieferorthop\u00e4die D\u00fcsseldorf | Behandlungen | Bimler &amp; Schmidt\" \/>\n<meta property=\"og:description\" content=\"Kieferorthop\u00e4die D\u00fcsseldorf-Oberkassel f\u00fcr Kinder &amp; Erwachsene. Invisalign, unsichtbare Zahnspangen &amp; mehr. Jetzt Termin: 0211 559 1000.\" \/>\n<meta property=\"og:url\" content=\"https:\/\/bimlerundschmidt.de\/en\/behandlungsuebersicht\/\" \/>\n<meta property=\"og:site_name\" content=\"BIMLER &amp; SCHMIDT Kieferorthop\u00e4den\" \/>\n<meta property=\"article:publisher\" content=\"https:\/\/de-de.facebook.com\/bimlerundschmidt.de\/\" \/>\n<meta property=\"article:modified_time\" content=\"2026-03-15T13:07:33+00:00\" \/>\n<meta property=\"og:image\" content=\"https:\/\/bimlerundschmidt.de\/wp-content\/uploads\/2019\/07\/Bimlder-Schmidt-Kieferorthopaede-fuer-Kinder-01-1024x683-768x512.jpg\" \/>\n<meta name=\"twitter:card\" content=\"summary_large_image\" \/>\n<meta name=\"twitter:label1\" content=\"Est. reading time\" \/>\n\t<meta name=\"twitter:data1\" content=\"3 minutes\" \/>\n<script type=\"application\/ld+json\" class=\"yoast-schema-graph\">{\"@context\":\"https:\\\/\\\/schema.org\",\"@graph\":[{\"@type\":\"WebPage\",\"@id\":\"https:\\\/\\\/bimlerundschmidt.de\\\/behandlungsuebersicht\\\/\",\"url\":\"https:\\\/\\\/bimlerundschmidt.de\\\/behandlungsuebersicht\\\/\",\"name\":\"Kieferorthop\u00e4die D\u00fcsseldorf | Behandlungen | Bimler & Schmidt\",\"isPartOf\":{\"@id\":\"https:\\\/\\\/bimlerundschmidt.de\\\/#website\"},\"primaryImageOfPage\":{\"@id\":\"https:\\\/\\\/bimlerundschmidt.de\\\/behandlungsuebersicht\\\/#primaryimage\"},\"image\":{\"@id\":\"https:\\\/\\\/bimlerundschmidt.de\\\/behandlungsuebersicht\\\/#primaryimage\"},\"thumbnailUrl\":\"https:\\\/\\\/bimlerundschmidt.de\\\/wp-content\\\/uploads\\\/2019\\\/07\\\/Bimlder-Schmidt-Kieferorthopaede-fuer-Kinder-01-1024x683-768x512.jpg\",\"datePublished\":\"2026-02-18T12:23:43+00:00\",\"dateModified\":\"2026-03-15T13:07:33+00:00\",\"description\":\"Kieferorthop\u00e4die D\u00fcsseldorf-Oberkassel f\u00fcr Kinder & Erwachsene. Invisalign, unsichtbare Zahnspangen & mehr. Jetzt Termin: 0211 559 1000.\",\"breadcrumb\":{\"@id\":\"https:\\\/\\\/bimlerundschmidt.de\\\/behandlungsuebersicht\\\/#breadcrumb\"},\"inLanguage\":\"en-US\",\"potentialAction\":[{\"@type\":\"ReadAction\",\"target\":[\"https:\\\/\\\/bimlerundschmidt.de\\\/behandlungsuebersicht\\\/\"]}]},{\"@type\":\"ImageObject\",\"inLanguage\":\"en-US\",\"@id\":\"https:\\\/\\\/bimlerundschmidt.de\\\/behandlungsuebersicht\\\/#primaryimage\",\"url\":\"https:\\\/\\\/bimlerundschmidt.de\\\/wp-content\\\/uploads\\\/2019\\\/07\\\/Bimlder-Schmidt-Kieferorthopaede-fuer-Kinder-01-1024x683-768x512.jpg\",\"contentUrl\":\"https:\\\/\\\/bimlerundschmidt.de\\\/wp-content\\\/uploads\\\/2019\\\/07\\\/Bimlder-Schmidt-Kieferorthopaede-fuer-Kinder-01-1024x683-768x512.jpg\"},{\"@type\":\"BreadcrumbList\",\"@id\":\"https:\\\/\\\/bimlerundschmidt.de\\\/behandlungsuebersicht\\\/#breadcrumb\",\"itemListElement\":[{\"@type\":\"ListItem\",\"position\":1,\"name\":\"Startseite\",\"item\":\"https:\\\/\\\/bimlerundschmidt.de\\\/\"},{\"@type\":\"ListItem\",\"position\":2,\"name\":\"Behandlungs\u00fcbersicht\"}]},{\"@type\":\"WebSite\",\"@id\":\"https:\\\/\\\/bimlerundschmidt.de\\\/#website\",\"url\":\"https:\\\/\\\/bimlerundschmidt.de\\\/\",\"name\":\"Bimler & Schmidt Kieferorthop\u00e4den\",\"description\":\"Kieferorthop\u00e4den Kieferorthop\u00e4de D\u00fcsseldorf\",\"publisher\":{\"@id\":\"https:\\\/\\\/bimlerundschmidt.de\\\/#organization\"},\"potentialAction\":[{\"@type\":\"SearchAction\",\"target\":{\"@type\":\"EntryPoint\",\"urlTemplate\":\"https:\\\/\\\/bimlerundschmidt.de\\\/?s={search_term_string}\"},\"query-input\":{\"@type\":\"PropertyValueSpecification\",\"valueRequired\":true,\"valueName\":\"search_term_string\"}}],\"inLanguage\":\"en-US\"},{\"@type\":\"Organization\",\"@id\":\"https:\\\/\\\/bimlerundschmidt.de\\\/#organization\",\"name\":\"Bimler & Schmidt - Kieferorthop\u00e4den\",\"url\":\"https:\\\/\\\/bimlerundschmidt.de\\\/\",\"logo\":{\"@type\":\"ImageObject\",\"inLanguage\":\"en-US\",\"@id\":\"https:\\\/\\\/bimlerundschmidt.de\\\/#\\\/schema\\\/logo\\\/image\\\/\",\"url\":\"https:\\\/\\\/bimlerundschmidt.de\\\/wp-content\\\/uploads\\\/2026\\\/02\\\/cropped-cropped-Zeichenflaeche-1-Kopie.png\",\"contentUrl\":\"https:\\\/\\\/bimlerundschmidt.de\\\/wp-content\\\/uploads\\\/2026\\\/02\\\/cropped-cropped-Zeichenflaeche-1-Kopie.png\",\"width\":685,\"height\":205,\"caption\":\"Bimler & Schmidt - Kieferorthop\u00e4den\"},\"image\":{\"@id\":\"https:\\\/\\\/bimlerundschmidt.de\\\/#\\\/schema\\\/logo\\\/image\\\/\"},\"sameAs\":[\"https:\\\/\\\/de-de.facebook.com\\\/bimlerundschmidt.de\\\/\",\"https:\\\/\\\/www.instagram.com\\\/bimlerundschmidt\\\/\"]}]}<\/script>\n<!-- \/ Yoast SEO plugin. -->","yoast_head_json":{"title":"Orthodontics D\u00fcsseldorf | Treatments | Bimler &amp; Schmidt","description":"Orthodontics D\u00fcsseldorf-Oberkassel for children &amp; adults. Invisalign, invisible braces &amp; more. Appointment now: 0211 559 1000.","robots":{"index":"index","follow":"follow","max-snippet":"max-snippet:-1","max-image-preview":"max-image-preview:large","max-video-preview":"max-video-preview:-1"},"canonical":"https:\/\/bimlerundschmidt.de\/en\/behandlungsuebersicht\/","og_locale":"en_US","og_type":"article","og_title":"Kieferorthop\u00e4die D\u00fcsseldorf | Behandlungen | Bimler & Schmidt","og_description":"Kieferorthop\u00e4die D\u00fcsseldorf-Oberkassel f\u00fcr Kinder & Erwachsene. Invisalign, unsichtbare Zahnspangen & mehr. Jetzt Termin: 0211 559 1000.","og_url":"https:\/\/bimlerundschmidt.de\/en\/behandlungsuebersicht\/","og_site_name":"BIMLER &amp; SCHMIDT Kieferorthop\u00e4den","article_publisher":"https:\/\/de-de.facebook.com\/bimlerundschmidt.de\/","article_modified_time":"2026-03-15T13:07:33+00:00","og_image":[{"url":"https:\/\/bimlerundschmidt.de\/wp-content\/uploads\/2019\/07\/Bimlder-Schmidt-Kieferorthopaede-fuer-Kinder-01-1024x683-768x512.jpg","type":"","width":"","height":""}],"twitter_card":"summary_large_image","twitter_misc":{"Est. reading time":"3 minutes"},"schema":{"@context":"https:\/\/schema.org","@graph":[{"@type":"WebPage","@id":"https:\/\/bimlerundschmidt.de\/behandlungsuebersicht\/","url":"https:\/\/bimlerundschmidt.de\/behandlungsuebersicht\/","name":"Orthodontics D\u00fcsseldorf | Treatments | Bimler &amp; Schmidt","isPartOf":{"@id":"https:\/\/bimlerundschmidt.de\/#website"},"primaryImageOfPage":{"@id":"https:\/\/bimlerundschmidt.de\/behandlungsuebersicht\/#primaryimage"},"image":{"@id":"https:\/\/bimlerundschmidt.de\/behandlungsuebersicht\/#primaryimage"},"thumbnailUrl":"https:\/\/bimlerundschmidt.de\/wp-content\/uploads\/2019\/07\/Bimlder-Schmidt-Kieferorthopaede-fuer-Kinder-01-1024x683-768x512.jpg","datePublished":"2026-02-18T12:23:43+00:00","dateModified":"2026-03-15T13:07:33+00:00","description":"Orthodontics D\u00fcsseldorf-Oberkassel for children &amp; adults. Invisalign, invisible braces &amp; more. Appointment now: 0211 559 1000.","breadcrumb":{"@id":"https:\/\/bimlerundschmidt.de\/behandlungsuebersicht\/#breadcrumb"},"inLanguage":"en-US","potentialAction":[{"@type":"ReadAction","target":["https:\/\/bimlerundschmidt.de\/behandlungsuebersicht\/"]}]},{"@type":"ImageObject","inLanguage":"en-US","@id":"https:\/\/bimlerundschmidt.de\/behandlungsuebersicht\/#primaryimage","url":"https:\/\/bimlerundschmidt.de\/wp-content\/uploads\/2019\/07\/Bimlder-Schmidt-Kieferorthopaede-fuer-Kinder-01-1024x683-768x512.jpg","contentUrl":"https:\/\/bimlerundschmidt.de\/wp-content\/uploads\/2019\/07\/Bimlder-Schmidt-Kieferorthopaede-fuer-Kinder-01-1024x683-768x512.jpg"},{"@type":"BreadcrumbList","@id":"https:\/\/bimlerundschmidt.de\/behandlungsuebersicht\/#breadcrumb","itemListElement":[{"@type":"ListItem","position":1,"name":"Startseite","item":"https:\/\/bimlerundschmidt.de\/"},{"@type":"ListItem","position":2,"name":"Behandlungs\u00fcbersicht"}]},{"@type":"WebSite","@id":"https:\/\/bimlerundschmidt.de\/#website","url":"https:\/\/bimlerundschmidt.de\/","name":"Bimler &amp; Schmidt Orthodontists","description":"Orthodontists Orthodontist D\u00fcsseldorf","publisher":{"@id":"https:\/\/bimlerundschmidt.de\/#organization"},"potentialAction":[{"@type":"SearchAction","target":{"@type":"EntryPoint","urlTemplate":"https:\/\/bimlerundschmidt.de\/?s={search_term_string}"},"query-input":{"@type":"PropertyValueSpecification","valueRequired":true,"valueName":"search_term_string"}}],"inLanguage":"en-US"},{"@type":"Organization","@id":"https:\/\/bimlerundschmidt.de\/#organization","name":"Bimler &amp; Schmidt - Orthodontists","url":"https:\/\/bimlerundschmidt.de\/","logo":{"@type":"ImageObject","inLanguage":"en-US","@id":"https:\/\/bimlerundschmidt.de\/#\/schema\/logo\/image\/","url":"https:\/\/bimlerundschmidt.de\/wp-content\/uploads\/2026\/02\/cropped-cropped-Zeichenflaeche-1-Kopie.png","contentUrl":"https:\/\/bimlerundschmidt.de\/wp-content\/uploads\/2026\/02\/cropped-cropped-Zeichenflaeche-1-Kopie.png","width":685,"height":205,"caption":"Bimler & Schmidt - Kieferorthop\u00e4den"},"image":{"@id":"https:\/\/bimlerundschmidt.de\/#\/schema\/logo\/image\/"},"sameAs":["https:\/\/de-de.facebook.com\/bimlerundschmidt.de\/","https:\/\/www.instagram.com\/bimlerundschmidt\/"]}]}},"_links":{"self":[{"href":"https:\/\/bimlerundschmidt.de\/en\/wp-json\/wp\/v2\/pages\/2187","targetHints":{"allow":["GET"]}}],"collection":[{"href":"https:\/\/bimlerundschmidt.de\/en\/wp-json\/wp\/v2\/pages"}],"about":[{"href":"https:\/\/bimlerundschmidt.de\/en\/wp-json\/wp\/v2\/types\/page"}],"author":[{"embeddable":true,"href":"https:\/\/bimlerundschmidt.de\/en\/wp-json\/wp\/v2\/users\/4"}],"replies":[{"embeddable":true,"href":"https:\/\/bimlerundschmidt.de\/en\/wp-json\/wp\/v2\/comments?post=2187"}],"version-history":[{"count":0,"href":"https:\/\/bimlerundschmidt.de\/en\/wp-json\/wp\/v2\/pages\/2187\/revisions"}],"wp:attachment":[{"href":"https:\/\/bimlerundschmidt.de\/en\/wp-json\/wp\/v2\/media?parent=2187"}],"curies":[{"name":"wp","href":"https:\/\/api.w.org\/{rel}","templated":true}]}}