{"id":2267,"date":"2026-02-18T12:25:07","date_gmt":"2026-02-18T12:25:07","guid":{"rendered":"https:\/\/bimlerundschmidt.de\/?page_id=2267"},"modified":"2026-03-20T18:44:12","modified_gmt":"2026-03-20T17:44:12","slug":"isabel-eri-kopsahilis","status":"publish","type":"page","link":"https:\/\/bimlerundschmidt.de\/en\/ueber-uns\/team\/isabel-eri-kopsahilis\/","title":{"rendered":"Dr. Isabel Eri Kopsahilis, MSc"},"content":{"rendered":"<div class=\"wp-block-columns are-vertically-aligned-center is-layout-flex wp-container-core-columns-is-layout-9d6595d7 wp-block-columns-is-layout-flex\">\n<div class=\"wp-block-column is-vertically-aligned-center is-layout-flow wp-block-column-is-layout-flow\"><div class=\"wp-block-image is-style-rounded\">\n<figure class=\"aligncenter size-large is-resized\"><a href=\"https:\/\/bimlerundschmidt.de\/en\/praxis\/team\/\"><img decoding=\"async\" width=\"1024\" height=\"1024\" src=\"https:\/\/bimlerundschmidt.de\/wp-content\/uploads\/2023\/08\/GF33778a-Frau-Dr-Kopsahilis-e1692700703877-1024x1024.jpg\" alt=\"\" class=\"wp-image-1939\" style=\"object-fit:cover;width:400px;height:400px\" srcset=\"https:\/\/bimlerundschmidt.de\/wp-content\/uploads\/2023\/08\/GF33778a-Frau-Dr-Kopsahilis-e1692700703877-1024x1024.jpg 1024w, https:\/\/bimlerundschmidt.de\/wp-content\/uploads\/2023\/08\/GF33778a-Frau-Dr-Kopsahilis-e1692700703877-300x300.jpg 300w, https:\/\/bimlerundschmidt.de\/wp-content\/uploads\/2023\/08\/GF33778a-Frau-Dr-Kopsahilis-e1692700703877-150x150.jpg 150w, https:\/\/bimlerundschmidt.de\/wp-content\/uploads\/2023\/08\/GF33778a-Frau-Dr-Kopsahilis-e1692700703877-768x768.jpg 768w, https:\/\/bimlerundschmidt.de\/wp-content\/uploads\/2023\/08\/GF33778a-Frau-Dr-Kopsahilis-e1692700703877-1536x1536.jpg 1536w, https:\/\/bimlerundschmidt.de\/wp-content\/uploads\/2023\/08\/GF33778a-Frau-Dr-Kopsahilis-e1692700703877-12x12.jpg 12w, https:\/\/bimlerundschmidt.de\/wp-content\/uploads\/2023\/08\/GF33778a-Frau-Dr-Kopsahilis-e1692700703877-600x600.jpg 600w, https:\/\/bimlerundschmidt.de\/wp-content\/uploads\/2023\/08\/GF33778a-Frau-Dr-Kopsahilis-e1692700703877-500x500.jpg 500w, https:\/\/bimlerundschmidt.de\/wp-content\/uploads\/2023\/08\/GF33778a-Frau-Dr-Kopsahilis-e1692700703877-800x800.jpg 800w, https:\/\/bimlerundschmidt.de\/wp-content\/uploads\/2023\/08\/GF33778a-Frau-Dr-Kopsahilis-e1692700703877-1280x1279.jpg 1280w, https:\/\/bimlerundschmidt.de\/wp-content\/uploads\/2023\/08\/GF33778a-Frau-Dr-Kopsahilis-e1692700703877.jpg 1668w\" sizes=\"(max-width: 1024px) 100vw, 1024px\" \/><\/a><\/figure>\n<\/div><\/div>\n\n\n\n<div class=\"wp-block-column is-vertically-aligned-center is-layout-flow wp-block-column-is-layout-flow\">\n<div class=\"wp-block-group is-vertical is-content-justification-center is-layout-flex wp-container-core-group-is-layout-73a99bce wp-block-group-is-layout-flex\">\n<h4 class=\"wp-block-heading has-text-align-center\">Master of Science Orthodontics<\/h4>\n\n\n\n<h1 class=\"wp-block-heading has-text-align-center\" style=\"text-transform:uppercase\">Dr. Isabel Eri Kopsahilis, M. Sc.<\/h1>\n<\/div>\n\n\n\n<hr class=\"wp-block-separator has-alpha-channel-opacity\"\/>\n\n\n\n<div style=\"height:40px\" aria-hidden=\"true\" class=\"wp-block-spacer\"><\/div>\n\n\n\n<div class=\"wp-block-buttons is-content-justification-center is-layout-flex wp-container-core-buttons-is-layout-16018d1d wp-block-buttons-is-layout-flex\">\n<div class=\"wp-block-button\"><a class=\"wp-block-button__link wp-element-button\" href=\"https:\/\/bimlerundschmidt.de\/en\/ueber-uns\/team\/\">back to the team<\/a><\/div>\n<\/div>\n\n\n\n<div style=\"height:10px\" aria-hidden=\"true\" class=\"wp-block-spacer\"><\/div>\n<\/div>\n<\/div>\n\n\n\n<div class=\"wp-block-columns is-layout-flex wp-container-core-columns-is-layout-9d6595d7 wp-block-columns-is-layout-flex\">\n<div class=\"wp-block-column is-layout-flow wp-block-column-is-layout-flow\">\n<div class=\"wp-block-group\"><div class=\"wp-block-group__inner-container is-layout-constrained wp-block-group-is-layout-constrained\">\n<p><strong>2003-2006<\/strong> <\/p>\n\n\n\n<p>Training as a dental assistant, Walter-Eucken-Berufskolleg, D\u00fcsseldorf (final grade: \u201every good\u201c)<\/p>\n<\/div><\/div>\n\n\n\n<div class=\"wp-block-group\"><div class=\"wp-block-group__inner-container is-layout-constrained wp-block-group-is-layout-constrained\">\n<p><strong>2006-2012 <\/strong><\/p>\n\n\n\n<p>Studied dentistry at the University of Ulm and Heinrich Heine University D\u00fcsseldorf, state examination with the grade \u201every good\u201c<\/p>\n<\/div><\/div>\n\n\n\n<div class=\"wp-block-group\"><div class=\"wp-block-group__inner-container is-layout-constrained wp-block-group-is-layout-constrained\">\n<p><strong>2012 <\/strong><\/p>\n\n\n\n<p>Study visit with Dr. Shin Hasegawa, Kanagawa Dental University, Yokosuka, Japan<\/p>\n<\/div><\/div>\n\n\n\n<div class=\"wp-block-group\"><div class=\"wp-block-group__inner-container is-layout-constrained wp-block-group-is-layout-constrained\">\n<p><strong>2013 <\/strong><\/p>\n\n\n\n<p>Training assistant for orthodontics with Dr. Maximilian Bimler<\/p>\n<\/div><\/div>\n\n\n\n<div class=\"wp-block-group\"><div class=\"wp-block-group__inner-container is-layout-constrained wp-block-group-is-layout-constrained\">\n<p><strong>2015 <\/strong><\/p>\n\n\n\n<p>Employed dentist at Bimler &amp; Schmidt<\/p>\n<\/div><\/div>\n\n\n\n<div class=\"wp-block-group\"><div class=\"wp-block-group__inner-container is-layout-constrained wp-block-group-is-layout-constrained\">\n<p><strong>2018 <\/strong><\/p>\n\n\n\n<p>Doctorate with Prof. Drescher, University of D\u00fcsseldorf<\/p>\n<\/div><\/div>\n\n\n\n<div class=\"wp-block-group\"><div class=\"wp-block-group__inner-container is-layout-constrained wp-block-group-is-layout-constrained\">\n<p><strong>2019 <\/strong><\/p>\n\n\n\n<p>Employed dentist in the orthodontic practices of Bimler &amp; Schmidt and Dr. Goteni<\/p>\n<\/div><\/div>\n\n\n\n<div class=\"wp-block-group\"><div class=\"wp-block-group__inner-container is-layout-constrained wp-block-group-is-layout-constrained\">\n<p><strong>2019 <\/strong><\/p>\n\n\n\n<p>Teaching at the Walter-Eucken vocational college for dental assistants<\/p>\n<\/div><\/div>\n\n\n\n<div class=\"wp-block-group\"><div class=\"wp-block-group__inner-container is-layout-constrained wp-block-group-is-layout-constrained\">\n<p><strong>2020<\/strong><\/p>\n\n\n\n<p>Obtaining the title: Master of Science (MSc) Orthodontics, Danube Private University, Krems<\/p>\n<\/div><\/div>\n\n\n\n<div class=\"wp-block-group\"><div class=\"wp-block-group__inner-container is-layout-constrained wp-block-group-is-layout-constrained\">\n<p><strong>2014 <\/strong><\/p>\n\n\n\n<p>Lecture in the main program at the German Society for Orthodontics in Munich on the friction behavior of the wire material Gummetal<\/p>\n<\/div><\/div>\n\n\n\n<div class=\"wp-block-group\"><div class=\"wp-block-group__inner-container is-layout-constrained wp-block-group-is-layout-constrained\">\n<p><strong>2022 <\/strong><\/p>\n\n\n\n<p>Publication in the Journal of Orofacial Orthopedics: Friction behavior of the wire material Gummetal (<a href=\"https:\/\/link.springer.com\/article\/10.1007\/s00056-021-00317-y\">https:\/\/link.springer.com\/article\/10.1007\/s00056-021-00317-y<\/a>)<\/p>\n<\/div><\/div>\n\n\n\n<div class=\"wp-block-group\"><div class=\"wp-block-group__inner-container is-layout-constrained wp-block-group-is-layout-constrained\">\n<p><strong>Since 2013 <\/strong><\/p>\n\n\n\n<p>Memberships: German Society of Orthodontics, European Orthodontic Society, American Association of Orthodontists, World Federation of Orthodontists<\/p>\n<\/div><\/div>\n<\/div>\n\n\n\n<div class=\"wp-block-column is-layout-flow wp-block-column-is-layout-flow\">\n<p>Dr. Isabel Kopsahilis is a Master of Science in Orthodontics at Bimler &amp; Schmidt in D\u00fcsseldorf-Oberkassel and one of the most experienced specialists in her field. She has been with Bimler &amp; Schmidt for more than 10 years, where she initially completed her residency and two years of further training. Due to her strong interest in orthodontics and the underlying biomechanics, she completed her doctorate at the University of D\u00fcsseldorf in the orthodontic department under Prof. Drescher with the topic \u201eFriction behavior of the wire material Gummetal\u201c. Her study was published in the Journal of Orofacial Orthopedics. During a study visit to an orthodontic university in Japan, her mother's home country, she studied in detail the remarkable application possibilities of the orthodontic wire Gummetal developed in Japan. She successfully completed her three-year master's degree in orthodontics at the University of Krems, graduating with a master's thesis and master's examination, and has also held the title of MSc in Orthodontics since then. In her work, she also places great emphasis on prevention\/prophylaxis in order to avoid premature damage to teeth caused by tooth decay. During her repeated visits to an orphanage in Morocco, she taught the children there about oral hygiene. Since completing her training, she has had a keen interest in teaching, which is why she works part-time as a dental assistant teacher at Walter-Eucken-Berufskolleg. Her two young daughters leave her no time for hobbies at the moment. She used to share a great love of water sports with her colleagues, but now she prefers to dive into the sea in summer.<\/p>\n<\/div>\n<\/div>","protected":false},"excerpt":{"rendered":"<p>Master of Science Kieferorthop\u00e4die Dr. Isabel Eri Kopsahilis, M. Sc. 2003-2006 Ausbildung zur Zahnmedizinischen Fachangestellten, Walter-Eucken-Berufskolleg,&nbsp;D\u00fcsseldorf (Abschlussnote: \u201esehr gut\u201c) 2006-2012 Studium der Zahnheilkunde an der Universit\u00e4t Ulm und Heinrich-Heine-Universit\u00e4t&nbsp;D\u00fcsseldorf, Staatsexamen mit der Note \u201esehr gut\u201c 2012 Studienaufenthalt bei Dr. Shin Hasegawa, Kanagawa Dental University, Yokosuka, Japan 2013 Weiterbildungsassistentin f\u00fcr Kieferorthop\u00e4die bei Dr. Maximilian Bimler 2015 [&hellip;]<\/p>\n","protected":false},"author":4,"featured_media":0,"parent":176,"menu_order":0,"comment_status":"closed","ping_status":"open","template":"","meta":{"ocean_post_layout":"","ocean_both_sidebars_style":"","ocean_both_sidebars_content_width":0,"ocean_both_sidebars_sidebars_width":0,"ocean_sidebar":"0","ocean_second_sidebar":"0","ocean_disable_margins":"enable","ocean_add_body_class":"","ocean_shortcode_before_top_bar":"","ocean_shortcode_after_top_bar":"","ocean_shortcode_before_header":"","ocean_shortcode_after_header":"","ocean_has_shortcode":"","ocean_shortcode_after_title":"","ocean_shortcode_before_footer_widgets":"","ocean_shortcode_after_footer_widgets":"","ocean_shortcode_before_footer_bottom":"","ocean_shortcode_after_footer_bottom":"","ocean_display_top_bar":"default","ocean_display_header":"default","ocean_header_style":"","ocean_center_header_left_menu":"0","ocean_custom_header_template":"0","ocean_custom_logo":0,"ocean_custom_retina_logo":0,"ocean_custom_logo_max_width":0,"ocean_custom_logo_tablet_max_width":0,"ocean_custom_logo_mobile_max_width":0,"ocean_custom_logo_max_height":0,"ocean_custom_logo_tablet_max_height":0,"ocean_custom_logo_mobile_max_height":0,"ocean_header_custom_menu":"0","ocean_menu_typo_font_family":"0","ocean_menu_typo_font_subset":"","ocean_menu_typo_font_size":0,"ocean_menu_typo_font_size_tablet":0,"ocean_menu_typo_font_size_mobile":0,"ocean_menu_typo_font_size_unit":"px","ocean_menu_typo_font_weight":"","ocean_menu_typo_font_weight_tablet":"","ocean_menu_typo_font_weight_mobile":"","ocean_menu_typo_transform":"","ocean_menu_typo_transform_tablet":"","ocean_menu_typo_transform_mobile":"","ocean_menu_typo_line_height":0,"ocean_menu_typo_line_height_tablet":0,"ocean_menu_typo_line_height_mobile":0,"ocean_menu_typo_line_height_unit":"","ocean_menu_typo_spacing":0,"ocean_menu_typo_spacing_tablet":0,"ocean_menu_typo_spacing_mobile":0,"ocean_menu_typo_spacing_unit":"","ocean_menu_link_color":"","ocean_menu_link_color_hover":"","ocean_menu_link_color_active":"","ocean_menu_link_background":"","ocean_menu_link_hover_background":"","ocean_menu_link_active_background":"","ocean_menu_social_links_bg":"","ocean_menu_social_hover_links_bg":"","ocean_menu_social_links_color":"","ocean_menu_social_hover_links_color":"","ocean_disable_title":"on","ocean_disable_heading":"default","ocean_post_title":"","ocean_post_subheading":"","ocean_post_title_style":"","ocean_post_title_background_color":"","ocean_post_title_background":0,"ocean_post_title_bg_image_position":"","ocean_post_title_bg_image_attachment":"","ocean_post_title_bg_image_repeat":"","ocean_post_title_bg_image_size":"","ocean_post_title_height":0,"ocean_post_title_bg_overlay":0.5,"ocean_post_title_bg_overlay_color":"","ocean_disable_breadcrumbs":"default","ocean_breadcrumbs_color":"","ocean_breadcrumbs_separator_color":"","ocean_breadcrumbs_links_color":"","ocean_breadcrumbs_links_hover_color":"","ocean_display_footer_widgets":"default","ocean_display_footer_bottom":"default","ocean_custom_footer_template":"0","footnotes":""},"class_list":["post-2267","page","type-page","status-publish","hentry","entry"],"yoast_head":"<!-- This site is optimized with the Yoast SEO plugin v27.2 - https:\/\/yoast.com\/product\/yoast-seo-wordpress\/ -->\n<title>Dr. Isabel Kopsahilis | M. Sc. Kieferorthop\u00e4die D\u00fcsseldorf<\/title>\n<meta name=\"description\" content=\"Dr. Isabel Kopsahilis, Kieferorthop\u00e4de D\u00fcsseldorf. MSc Kieferorthop\u00e4die, Spezialistin f\u00fcr Biomechanik &amp; Lingualtechnik. Tel: 0211 559 1000.\" \/>\n<meta name=\"robots\" content=\"index, follow, max-snippet:-1, max-image-preview:large, max-video-preview:-1\" \/>\n<link rel=\"canonical\" href=\"https:\/\/bimlerundschmidt.de\/en\/ueber-uns\/team\/isabel-eri-kopsahilis\/\" \/>\n<meta property=\"og:locale\" content=\"en_US\" \/>\n<meta property=\"og:type\" content=\"article\" \/>\n<meta property=\"og:title\" content=\"Dr. Isabel Kopsahilis | M. Sc. Kieferorthop\u00e4die D\u00fcsseldorf\" \/>\n<meta property=\"og:description\" content=\"Dr. Isabel Kopsahilis, Kieferorthop\u00e4de D\u00fcsseldorf. MSc Kieferorthop\u00e4die, Spezialistin f\u00fcr Biomechanik &amp; Lingualtechnik. Tel: 0211 559 1000.\" \/>\n<meta property=\"og:url\" content=\"https:\/\/bimlerundschmidt.de\/en\/ueber-uns\/team\/isabel-eri-kopsahilis\/\" \/>\n<meta property=\"og:site_name\" content=\"BIMLER &amp; SCHMIDT Kieferorthop\u00e4den\" \/>\n<meta property=\"article:publisher\" content=\"https:\/\/de-de.facebook.com\/bimlerundschmidt.de\/\" \/>\n<meta property=\"article:modified_time\" content=\"2026-03-20T17:44:12+00:00\" \/>\n<meta property=\"og:image\" content=\"https:\/\/bimlerundschmidt.de\/wp-content\/uploads\/2023\/08\/GF33778a-Frau-Dr-Kopsahilis-e1692700703877.jpg\" \/>\n\t<meta property=\"og:image:width\" content=\"1668\" \/>\n\t<meta property=\"og:image:height\" content=\"1667\" \/>\n\t<meta property=\"og:image:type\" content=\"image\/jpeg\" \/>\n<meta name=\"twitter:card\" content=\"summary_large_image\" \/>\n<meta name=\"twitter:label1\" content=\"Est. reading time\" \/>\n\t<meta name=\"twitter:data1\" content=\"3 minutes\" \/>\n<script type=\"application\/ld+json\" class=\"yoast-schema-graph\">{\"@context\":\"https:\/\/schema.org\",\"@graph\":[{\"@type\":\"WebPage\",\"@id\":\"https:\/\/bimlerundschmidt.de\/ueber-uns\/team\/isabel-eri-kopsahilis\/\",\"url\":\"https:\/\/bimlerundschmidt.de\/ueber-uns\/team\/isabel-eri-kopsahilis\/\",\"name\":\"Dr. Isabel Kopsahilis | M. Sc. Kieferorthop\u00e4die D\u00fcsseldorf\",\"isPartOf\":{\"@id\":\"https:\/\/bimlerundschmidt.de\/#website\"},\"primaryImageOfPage\":{\"@id\":\"https:\/\/bimlerundschmidt.de\/ueber-uns\/team\/isabel-eri-kopsahilis\/#primaryimage\"},\"image\":{\"@id\":\"https:\/\/bimlerundschmidt.de\/ueber-uns\/team\/isabel-eri-kopsahilis\/#primaryimage\"},\"thumbnailUrl\":\"https:\/\/bimlerundschmidt.de\/wp-content\/uploads\/2023\/08\/GF33778a-Frau-Dr-Kopsahilis-e1692700703877-1024x1024.jpg\",\"datePublished\":\"2026-02-18T12:25:07+00:00\",\"dateModified\":\"2026-03-20T17:44:12+00:00\",\"description\":\"Dr. Isabel Kopsahilis, Kieferorthop\u00e4de D\u00fcsseldorf. MSc Kieferorthop\u00e4die, Spezialistin f\u00fcr Biomechanik & Lingualtechnik. Tel: 0211 559 1000.\",\"breadcrumb\":{\"@id\":\"https:\/\/bimlerundschmidt.de\/ueber-uns\/team\/isabel-eri-kopsahilis\/#breadcrumb\"},\"inLanguage\":\"en-US\",\"potentialAction\":[{\"@type\":\"ReadAction\",\"target\":[\"https:\/\/bimlerundschmidt.de\/ueber-uns\/team\/isabel-eri-kopsahilis\/\"]}]},{\"@type\":\"ImageObject\",\"inLanguage\":\"en-US\",\"@id\":\"https:\/\/bimlerundschmidt.de\/ueber-uns\/team\/isabel-eri-kopsahilis\/#primaryimage\",\"url\":\"https:\/\/bimlerundschmidt.de\/wp-content\/uploads\/2023\/08\/GF33778a-Frau-Dr-Kopsahilis-e1692700703877-1024x1024.jpg\",\"contentUrl\":\"https:\/\/bimlerundschmidt.de\/wp-content\/uploads\/2023\/08\/GF33778a-Frau-Dr-Kopsahilis-e1692700703877-1024x1024.jpg\"},{\"@type\":\"BreadcrumbList\",\"@id\":\"https:\/\/bimlerundschmidt.de\/ueber-uns\/team\/isabel-eri-kopsahilis\/#breadcrumb\",\"itemListElement\":[{\"@type\":\"ListItem\",\"position\":1,\"name\":\"Startseite\",\"item\":\"https:\/\/bimlerundschmidt.de\/\"},{\"@type\":\"ListItem\",\"position\":2,\"name\":\"\u00fcber uns\",\"item\":\"https:\/\/bimlerundschmidt.de\/ueber-uns\/\"},{\"@type\":\"ListItem\",\"position\":3,\"name\":\"Team\",\"item\":\"https:\/\/bimlerundschmidt.de\/ueber-uns\/team\/\"},{\"@type\":\"ListItem\",\"position\":4,\"name\":\"Dr. Isabel Eri Kopsahilis, MSc\"}]},{\"@type\":\"WebSite\",\"@id\":\"https:\/\/bimlerundschmidt.de\/#website\",\"url\":\"https:\/\/bimlerundschmidt.de\/\",\"name\":\"Bimler & Schmidt Kieferorthop\u00e4den\",\"description\":\"Kieferorthop\u00e4den Kieferorthop\u00e4de D\u00fcsseldorf\",\"publisher\":{\"@id\":\"https:\/\/bimlerundschmidt.de\/#organization\"},\"potentialAction\":[{\"@type\":\"SearchAction\",\"target\":{\"@type\":\"EntryPoint\",\"urlTemplate\":\"https:\/\/bimlerundschmidt.de\/?s={search_term_string}\"},\"query-input\":{\"@type\":\"PropertyValueSpecification\",\"valueRequired\":true,\"valueName\":\"search_term_string\"}}],\"inLanguage\":\"en-US\"},{\"@type\":\"Organization\",\"@id\":\"https:\/\/bimlerundschmidt.de\/#organization\",\"name\":\"Bimler & Schmidt - Kieferorthop\u00e4den\",\"url\":\"https:\/\/bimlerundschmidt.de\/\",\"logo\":{\"@type\":\"ImageObject\",\"inLanguage\":\"en-US\",\"@id\":\"https:\/\/bimlerundschmidt.de\/#\/schema\/logo\/image\/\",\"url\":\"https:\/\/bimlerundschmidt.de\/wp-content\/uploads\/2026\/02\/cropped-cropped-Zeichenflaeche-1-Kopie.png\",\"contentUrl\":\"https:\/\/bimlerundschmidt.de\/wp-content\/uploads\/2026\/02\/cropped-cropped-Zeichenflaeche-1-Kopie.png\",\"width\":685,\"height\":205,\"caption\":\"Bimler & Schmidt - Kieferorthop\u00e4den\"},\"image\":{\"@id\":\"https:\/\/bimlerundschmidt.de\/#\/schema\/logo\/image\/\"},\"sameAs\":[\"https:\/\/de-de.facebook.com\/bimlerundschmidt.de\/\",\"https:\/\/www.instagram.com\/bimlerundschmidt\/\"]}]}<\/script>\n<!-- \/ Yoast SEO plugin. -->","yoast_head_json":{"title":"Dr. Isabel Kopsahilis | M. Sc. Orthodontics D\u00fcsseldorf","description":"Dr. Isabel Kopsahilis, orthodontist D\u00fcsseldorf. MSc Orthodontics, specialist in biomechanics &amp; lingual technique. Tel: 0211 559 1000.","robots":{"index":"index","follow":"follow","max-snippet":"max-snippet:-1","max-image-preview":"max-image-preview:large","max-video-preview":"max-video-preview:-1"},"canonical":"https:\/\/bimlerundschmidt.de\/en\/ueber-uns\/team\/isabel-eri-kopsahilis\/","og_locale":"en_US","og_type":"article","og_title":"Dr. Isabel Kopsahilis | M. Sc. Kieferorthop\u00e4die D\u00fcsseldorf","og_description":"Dr. Isabel Kopsahilis, Kieferorthop\u00e4de D\u00fcsseldorf. MSc Kieferorthop\u00e4die, Spezialistin f\u00fcr Biomechanik & Lingualtechnik. Tel: 0211 559 1000.","og_url":"https:\/\/bimlerundschmidt.de\/en\/ueber-uns\/team\/isabel-eri-kopsahilis\/","og_site_name":"BIMLER &amp; SCHMIDT Kieferorthop\u00e4den","article_publisher":"https:\/\/de-de.facebook.com\/bimlerundschmidt.de\/","article_modified_time":"2026-03-20T17:44:12+00:00","og_image":[{"width":1668,"height":1667,"url":"https:\/\/bimlerundschmidt.de\/wp-content\/uploads\/2023\/08\/GF33778a-Frau-Dr-Kopsahilis-e1692700703877.jpg","type":"image\/jpeg"}],"twitter_card":"summary_large_image","twitter_misc":{"Est. reading time":"3 minutes"},"schema":{"@context":"https:\/\/schema.org","@graph":[{"@type":"WebPage","@id":"https:\/\/bimlerundschmidt.de\/ueber-uns\/team\/isabel-eri-kopsahilis\/","url":"https:\/\/bimlerundschmidt.de\/ueber-uns\/team\/isabel-eri-kopsahilis\/","name":"Dr. Isabel Kopsahilis | M. Sc. Orthodontics D\u00fcsseldorf","isPartOf":{"@id":"https:\/\/bimlerundschmidt.de\/#website"},"primaryImageOfPage":{"@id":"https:\/\/bimlerundschmidt.de\/ueber-uns\/team\/isabel-eri-kopsahilis\/#primaryimage"},"image":{"@id":"https:\/\/bimlerundschmidt.de\/ueber-uns\/team\/isabel-eri-kopsahilis\/#primaryimage"},"thumbnailUrl":"https:\/\/bimlerundschmidt.de\/wp-content\/uploads\/2023\/08\/GF33778a-Frau-Dr-Kopsahilis-e1692700703877-1024x1024.jpg","datePublished":"2026-02-18T12:25:07+00:00","dateModified":"2026-03-20T17:44:12+00:00","description":"Dr. Isabel Kopsahilis, orthodontist D\u00fcsseldorf. MSc Orthodontics, specialist in biomechanics &amp; lingual technique. Tel: 0211 559 1000.","breadcrumb":{"@id":"https:\/\/bimlerundschmidt.de\/ueber-uns\/team\/isabel-eri-kopsahilis\/#breadcrumb"},"inLanguage":"en-US","potentialAction":[{"@type":"ReadAction","target":["https:\/\/bimlerundschmidt.de\/ueber-uns\/team\/isabel-eri-kopsahilis\/"]}]},{"@type":"ImageObject","inLanguage":"en-US","@id":"https:\/\/bimlerundschmidt.de\/ueber-uns\/team\/isabel-eri-kopsahilis\/#primaryimage","url":"https:\/\/bimlerundschmidt.de\/wp-content\/uploads\/2023\/08\/GF33778a-Frau-Dr-Kopsahilis-e1692700703877-1024x1024.jpg","contentUrl":"https:\/\/bimlerundschmidt.de\/wp-content\/uploads\/2023\/08\/GF33778a-Frau-Dr-Kopsahilis-e1692700703877-1024x1024.jpg"},{"@type":"BreadcrumbList","@id":"https:\/\/bimlerundschmidt.de\/ueber-uns\/team\/isabel-eri-kopsahilis\/#breadcrumb","itemListElement":[{"@type":"ListItem","position":1,"name":"Startseite","item":"https:\/\/bimlerundschmidt.de\/"},{"@type":"ListItem","position":2,"name":"\u00fcber uns","item":"https:\/\/bimlerundschmidt.de\/ueber-uns\/"},{"@type":"ListItem","position":3,"name":"Team","item":"https:\/\/bimlerundschmidt.de\/ueber-uns\/team\/"},{"@type":"ListItem","position":4,"name":"Dr. Isabel Eri Kopsahilis, MSc"}]},{"@type":"WebSite","@id":"https:\/\/bimlerundschmidt.de\/#website","url":"https:\/\/bimlerundschmidt.de\/","name":"Bimler &amp; Schmidt Orthodontists","description":"Orthodontists Orthodontist D\u00fcsseldorf","publisher":{"@id":"https:\/\/bimlerundschmidt.de\/#organization"},"potentialAction":[{"@type":"SearchAction","target":{"@type":"EntryPoint","urlTemplate":"https:\/\/bimlerundschmidt.de\/?s={search_term_string}"},"query-input":{"@type":"PropertyValueSpecification","valueRequired":true,"valueName":"search_term_string"}}],"inLanguage":"en-US"},{"@type":"Organization","@id":"https:\/\/bimlerundschmidt.de\/#organization","name":"Bimler &amp; Schmidt - Orthodontists","url":"https:\/\/bimlerundschmidt.de\/","logo":{"@type":"ImageObject","inLanguage":"en-US","@id":"https:\/\/bimlerundschmidt.de\/#\/schema\/logo\/image\/","url":"https:\/\/bimlerundschmidt.de\/wp-content\/uploads\/2026\/02\/cropped-cropped-Zeichenflaeche-1-Kopie.png","contentUrl":"https:\/\/bimlerundschmidt.de\/wp-content\/uploads\/2026\/02\/cropped-cropped-Zeichenflaeche-1-Kopie.png","width":685,"height":205,"caption":"Bimler & Schmidt - Kieferorthop\u00e4den"},"image":{"@id":"https:\/\/bimlerundschmidt.de\/#\/schema\/logo\/image\/"},"sameAs":["https:\/\/de-de.facebook.com\/bimlerundschmidt.de\/","https:\/\/www.instagram.com\/bimlerundschmidt\/"]}]}},"_links":{"self":[{"href":"https:\/\/bimlerundschmidt.de\/en\/wp-json\/wp\/v2\/pages\/2267","targetHints":{"allow":["GET"]}}],"collection":[{"href":"https:\/\/bimlerundschmidt.de\/en\/wp-json\/wp\/v2\/pages"}],"about":[{"href":"https:\/\/bimlerundschmidt.de\/en\/wp-json\/wp\/v2\/types\/page"}],"author":[{"embeddable":true,"href":"https:\/\/bimlerundschmidt.de\/en\/wp-json\/wp\/v2\/users\/4"}],"replies":[{"embeddable":true,"href":"https:\/\/bimlerundschmidt.de\/en\/wp-json\/wp\/v2\/comments?post=2267"}],"version-history":[{"count":1,"href":"https:\/\/bimlerundschmidt.de\/en\/wp-json\/wp\/v2\/pages\/2267\/revisions"}],"predecessor-version":[{"id":3467,"href":"https:\/\/bimlerundschmidt.de\/en\/wp-json\/wp\/v2\/pages\/2267\/revisions\/3467"}],"up":[{"embeddable":true,"href":"https:\/\/bimlerundschmidt.de\/en\/wp-json\/wp\/v2\/pages\/176"}],"wp:attachment":[{"href":"https:\/\/bimlerundschmidt.de\/en\/wp-json\/wp\/v2\/media?parent=2267"}],"curies":[{"name":"wp","href":"https:\/\/api.w.org\/{rel}","templated":true}]}}