{"id":2418,"date":"2026-02-18T12:23:43","date_gmt":"2026-02-18T12:23:43","guid":{"rendered":"https:\/\/bimlerundschmidt.de\/?page_id=2418"},"modified":"2026-03-15T13:02:03","modified_gmt":"2026-03-15T13:02:03","slug":"fuer-kinder","status":"publish","type":"page","link":"https:\/\/bimlerundschmidt.de\/en\/behandlungsuebersicht\/fuer-kinder\/","title":{"rendered":"Children"},"content":{"rendered":"<div class=\"wp-block-group alignfull has-background\" style=\"background-color:#a2bb0b\"><div class=\"wp-block-group__inner-container is-layout-constrained wp-block-group-is-layout-constrained\">\n<div style=\"height:20px\" aria-hidden=\"true\" class=\"wp-block-spacer\"><\/div>\n\n\n\n<h1 class=\"wp-block-heading has-text-align-center\">CHILDREN<\/h1>\n\n\n\n<h3 class=\"wp-block-heading has-text-align-center\">See Our Treatment Options<\/h3>\n\n\n\n<hr class=\"wp-block-separator has-alpha-channel-opacity\"\/>\n\n\n\n<div style=\"height:20px\" aria-hidden=\"true\" class=\"wp-block-spacer\"><\/div>\n<\/div><\/div>\n\n\n\n<div class=\"wp-block-group\"><div class=\"wp-block-group__inner-container is-layout-constrained wp-block-group-is-layout-constrained\">\n<div style=\"height:10px\" aria-hidden=\"true\" class=\"wp-block-spacer\"><\/div>\n\n\n\n<h4 class=\"wp-block-heading has-text-align-center\">We Keep the Process Fast, Comfy, and Fun!<\/h4>\n<\/div><\/div>\n\n\n\n<h2 class=\"wp-block-heading has-text-align-center\">Braces are a piece of cake with us!<\/h2>\n\n\n\n<p class=\"has-text-align-center\">No question: Wearing braces is not traditionally one of the things that is particularly popular with children and young people, whether at school, at the sports club or among friends. On the other hand, everyone wants to have beautiful, straight and healthy teeth \u201elater on\u201c. At Bimler &amp; Schmidt, we overcome this apparent contradiction together with you, the parents, and of course your child. Thanks to variable treatment methods with state-of-the-art, almost invisible splints and brackets, we are able to keep the time spent in braces as pleasant and short as possible.<\/p>\n\n\n\n<p class=\"has-text-align-center\">Quite often orthodontic treatment already starts when you are in primary school and finishes by the end of puberty. In our practice, most of the time, we first start our treatment when all permanent teeth are in and finish the active part of the treatment after only one year. However, we recommend that your first visit in an orthodontic practice is during kindergarten or when during the first school year to find the perfect time to start a possible treatment. <br>\nAlthough nowadays and in most of the cases the correction of misaligned teeth during adulthood is not a problem anymore, misaligned jaws can be best treated when we are younger and still growing.\n<br>\n<br>\n<b>With us, the process is...<\/b><\/p>\n\n\n\n<p class=\"has-text-align-center\"><strong>Orthodontics for children in D\u00fcsseldorf - it pays to act early<\/strong><\/p>\n\n\n\n<p class=\"has-text-align-center\">As experienced orthodontists in D\u00fcsseldorf-Oberkassel, we recommend that parents bring their children to an initial consultation as early as pre-school age. This allows us to recognize early on whether and when orthodontic treatment makes sense. Orthodontics for children in D\u00fcsseldorf is a subject close to our hearts - we take time for your child and explain every step in an understandable and empathetic way.<\/p>\n\n\n\n<p class=\"has-text-align-center\">Our practice in D\u00fcsseldorf-Oberkassel is specially designed to meet the needs of children and adolescents. We offer removable appliances, fixed braces and modern, almost invisible aligners - depending on what is best for your child. Our aim is to make the treatment as comfortable as possible so that your child can start the future with a radiant smile.<\/p>\n\n\n\n<p class=\"has-text-align-center\"><strong>Arrange a free consultation for your child now at our practice at Quirinstra\u00dfe 17, D\u00fcsseldorf-Oberkassel. We look forward to seeing you!<\/strong><\/p>\n\n\n\n<div style=\"height:49px\" aria-hidden=\"true\" class=\"wp-block-spacer\"><\/div>\n\n\n\n<div class=\"wp-block-columns is-layout-flex wp-container-core-columns-is-layout-9d6595d7 wp-block-columns-is-layout-flex\">\n<div class=\"wp-block-column is-layout-flow wp-block-column-is-layout-flow\" style=\"flex-basis:50%\">\n<figure class=\"wp-block-gallery has-nested-images columns-default is-cropped wp-block-gallery-1 is-layout-flex wp-block-gallery-is-layout-flex\">\n<figure class=\"wp-block-image\"><a href=\"https:\/\/bimlerundschmidt.de\/wp-content\/uploads\/2019\/07\/Bimler-Schmidt-Kieferorthopaede-Impressionen-16-1024x683.jpg\"><img decoding=\"async\" src=\"https:\/\/bimlerundschmidt.de\/wp-content\/uploads\/2019\/07\/Bimler-Schmidt-Kieferorthopaede-Impressionen-16-1024x683-1024x683.jpg\" alt=\"D\u00fcsseldorf - Orthodontist for children\"\/><\/a><\/figure>\n\n\n\n<figure class=\"wp-block-image\"><a href=\"https:\/\/bimlerundschmidt.de\/wp-content\/uploads\/2019\/07\/Bimler-Schmidt-Kieferorthopaede-Impressionen-12-1024x683.jpg\"><img decoding=\"async\" src=\"https:\/\/bimlerundschmidt.de\/wp-content\/uploads\/2019\/07\/Bimler-Schmidt-Kieferorthopaede-Impressionen-12-1024x683-1024x683.jpg\" alt=\"D\u00fcsseldorf - Orthodontist for children\"\/><\/a><\/figure>\n\n\n\n<figure class=\"wp-block-image\"><a href=\"https:\/\/bimlerundschmidt.de\/wp-content\/uploads\/2019\/07\/Bimlder-Schmidt-Kieferorthopaede-fuer-Kinder-02-1024x683.jpg\"><img decoding=\"async\" src=\"https:\/\/bimlerundschmidt.de\/wp-content\/uploads\/2019\/07\/Bimlder-Schmidt-Kieferorthopaede-fuer-Kinder-02-1024x683-1024x683.jpg\" alt=\"D\u00fcsseldorf - Orthodontist for children\"\/><\/a><\/figure>\n\n\n\n<figure class=\"wp-block-image\"><a href=\"https:\/\/bimlerundschmidt.de\/wp-content\/uploads\/2019\/07\/Bimlder-Schmidt-Kieferorthopaede-fuer-Kinder-01-1024x683.jpg\"><img decoding=\"async\" src=\"https:\/\/bimlerundschmidt.de\/wp-content\/uploads\/2019\/07\/Bimlder-Schmidt-Kieferorthopaede-fuer-Kinder-01-1024x683-1024x683.jpg\" alt=\"D\u00fcsseldorf - Orthodontist for children\"\/><\/a><\/figure>\n<\/figure>\n<\/div>\n\n\n\n<div class=\"wp-block-column is-layout-flow wp-block-column-is-layout-flow\">\n<blockquote class=\"wp-block-quote is-layout-flow wp-block-quote-is-layout-flow\">\n<h3 class=\"wp-block-heading\">ADVENTUROUS<\/h3>\n\n\n\n<p>Seeing a model made from an impression of your own teeth is exciting.<br>It is also an excellent way to explain the jaw and teeth to our young patients.<\/p>\n<\/blockquote>\n\n\n\n<div style=\"height:51px\" aria-hidden=\"true\" class=\"wp-block-spacer\"><\/div>\n\n\n\n<blockquote class=\"wp-block-quote is-layout-flow wp-block-quote-is-layout-flow\">\n<h3 class=\"wp-block-heading\">COMFORTABLE<\/h3>\n\n\n\n<p>We use the smallest brackets on the market to make our young patients feel as comfortable as possible when treated with fixed braces.<\/p>\n<\/blockquote>\n<\/div>\n\n\n\n<div class=\"wp-block-column is-layout-flow wp-block-column-is-layout-flow\">\n<blockquote class=\"wp-block-quote is-layout-flow wp-block-quote-is-layout-flow\">\n<h3 class=\"wp-block-heading\">PLAYFUL<\/h3>\n\n\n\n<p>Gibberish can make you feel uneasy. To make sure that our younger patients feel comfortable as well, we make sure to entertain them.<\/p>\n<\/blockquote>\n\n\n\n<div style=\"height:50px\" aria-hidden=\"true\" class=\"wp-block-spacer\"><\/div>\n\n\n\n<blockquote class=\"wp-block-quote is-layout-flow wp-block-quote-is-layout-flow\">\n<h3 class=\"wp-block-heading\">QUICK<\/h3>\n\n\n\n<p>A successful treatment of misaligned teeth and\/or jaws does not have to take forever. We treat children and adolescents systematically and goal-driven.<\/p>\n<\/blockquote>\n<\/div>\n<\/div>\n\n\n\n<div style=\"height:49px\" aria-hidden=\"true\" class=\"wp-block-spacer\"><\/div>\n\n\n\n<div class=\"wp-block-group alignfull has-background\" style=\"background-color:#a2bb0b\"><div class=\"wp-block-group__inner-container is-layout-constrained wp-block-group-is-layout-constrained\">\n<div style=\"height:20px\" aria-hidden=\"true\" class=\"wp-block-spacer\"><\/div>\n\n\n\n<h2 class=\"wp-block-heading has-text-align-center\">LET US ADVISE YOU!<\/h2>\n\n\n\n<div class=\"wp-block-buttons is-content-justification-center is-layout-flex wp-container-core-buttons-is-layout-16018d1d wp-block-buttons-is-layout-flex\">\n<div class=\"wp-block-button\"><a class=\"wp-block-button__link has-white-color has-text-color has-background has-link-color wp-element-button\" href=\"http:\/\/bimlerundschmidt.de\/en\/kontakt\/\" style=\"background-color:#943336\">BOOK AN APPOINTMENT<\/a><\/div>\n<\/div>\n<\/div><\/div>","protected":false},"excerpt":{"rendered":"<p>F\u00dcR KINDER Unsere Behandlungen Wir halten die Spangenzeit so angenehm und kurz wie m\u00f6glich MIT UNS EIN KINDERSPIEL Keine Frage: Eine Zahnspange zu tragen, geh\u00f6rt traditionell nicht zu den Dingen, die bei Kindern und Jugendlichen besonders beliebt sind, weder in der Schule noch im Sportverein oder unter Freunden. Andererseits: Sch\u00f6ne, gerade und gesunde Z\u00e4hne wollen [&hellip;]<\/p>\n","protected":false},"author":4,"featured_media":0,"parent":2187,"menu_order":0,"comment_status":"closed","ping_status":"closed","template":"","meta":{"ocean_post_layout":"","ocean_both_sidebars_style":"","ocean_both_sidebars_content_width":0,"ocean_both_sidebars_sidebars_width":0,"ocean_sidebar":"0","ocean_second_sidebar":"0","ocean_disable_margins":"enable","ocean_add_body_class":"","ocean_shortcode_before_top_bar":"","ocean_shortcode_after_top_bar":"","ocean_shortcode_before_header":"","ocean_shortcode_after_header":"","ocean_has_shortcode":"","ocean_shortcode_after_title":"","ocean_shortcode_before_footer_widgets":"","ocean_shortcode_after_footer_widgets":"","ocean_shortcode_before_footer_bottom":"","ocean_shortcode_after_footer_bottom":"","ocean_display_top_bar":"default","ocean_display_header":"default","ocean_header_style":"","ocean_center_header_left_menu":"0","ocean_custom_header_template":"0","ocean_custom_logo":0,"ocean_custom_retina_logo":0,"ocean_custom_logo_max_width":0,"ocean_custom_logo_tablet_max_width":0,"ocean_custom_logo_mobile_max_width":0,"ocean_custom_logo_max_height":0,"ocean_custom_logo_tablet_max_height":0,"ocean_custom_logo_mobile_max_height":0,"ocean_header_custom_menu":"0","ocean_menu_typo_font_family":"0","ocean_menu_typo_font_subset":"","ocean_menu_typo_font_size":0,"ocean_menu_typo_font_size_tablet":0,"ocean_menu_typo_font_size_mobile":0,"ocean_menu_typo_font_size_unit":"px","ocean_menu_typo_font_weight":"","ocean_menu_typo_font_weight_tablet":"","ocean_menu_typo_font_weight_mobile":"","ocean_menu_typo_transform":"","ocean_menu_typo_transform_tablet":"","ocean_menu_typo_transform_mobile":"","ocean_menu_typo_line_height":0,"ocean_menu_typo_line_height_tablet":0,"ocean_menu_typo_line_height_mobile":0,"ocean_menu_typo_line_height_unit":"","ocean_menu_typo_spacing":0,"ocean_menu_typo_spacing_tablet":0,"ocean_menu_typo_spacing_mobile":0,"ocean_menu_typo_spacing_unit":"","ocean_menu_link_color":"","ocean_menu_link_color_hover":"","ocean_menu_link_color_active":"","ocean_menu_link_background":"","ocean_menu_link_hover_background":"","ocean_menu_link_active_background":"","ocean_menu_social_links_bg":"","ocean_menu_social_hover_links_bg":"","ocean_menu_social_links_color":"","ocean_menu_social_hover_links_color":"","ocean_disable_title":"on","ocean_disable_heading":"default","ocean_post_title":"","ocean_post_subheading":"","ocean_post_title_style":"","ocean_post_title_background_color":"","ocean_post_title_background":0,"ocean_post_title_bg_image_position":"","ocean_post_title_bg_image_attachment":"","ocean_post_title_bg_image_repeat":"","ocean_post_title_bg_image_size":"","ocean_post_title_height":0,"ocean_post_title_bg_overlay":0.5,"ocean_post_title_bg_overlay_color":"","ocean_disable_breadcrumbs":"default","ocean_breadcrumbs_color":"","ocean_breadcrumbs_separator_color":"","ocean_breadcrumbs_links_color":"","ocean_breadcrumbs_links_hover_color":"","ocean_display_footer_widgets":"default","ocean_display_footer_bottom":"default","ocean_custom_footer_template":"0","footnotes":""},"class_list":["post-2418","page","type-page","status-publish","hentry","entry"],"yoast_head":"<!-- This site is optimized with the Yoast SEO plugin v27.2 - https:\/\/yoast.com\/product\/yoast-seo-wordpress\/ -->\n<title>Kieferorthop\u00e4die f\u00fcr Kinder D\u00fcsseldorf | Bimler &amp; Schmidt<\/title>\n<meta name=\"description\" content=\"Kieferorthop\u00e4die f\u00fcr Kinder in D\u00fcsseldorf-Oberkassel. Zahnspangen &amp; mehr. Einf\u00fchlsam und modern. Tel: 0211 559 1000.\" \/>\n<meta name=\"robots\" content=\"index, follow, max-snippet:-1, max-image-preview:large, max-video-preview:-1\" \/>\n<link rel=\"canonical\" href=\"https:\/\/bimlerundschmidt.de\/en\/behandlungsuebersicht\/fuer-kinder\/\" \/>\n<meta property=\"og:locale\" content=\"en_US\" \/>\n<meta property=\"og:type\" content=\"article\" \/>\n<meta property=\"og:title\" content=\"Kieferorthop\u00e4die f\u00fcr Kinder D\u00fcsseldorf | Bimler &amp; Schmidt\" \/>\n<meta property=\"og:description\" content=\"Kieferorthop\u00e4die f\u00fcr Kinder in D\u00fcsseldorf-Oberkassel. Zahnspangen &amp; mehr. Einf\u00fchlsam und modern. Tel: 0211 559 1000.\" \/>\n<meta property=\"og:url\" content=\"https:\/\/bimlerundschmidt.de\/en\/behandlungsuebersicht\/fuer-kinder\/\" \/>\n<meta property=\"og:site_name\" content=\"BIMLER &amp; SCHMIDT Kieferorthop\u00e4den\" \/>\n<meta property=\"article:publisher\" content=\"https:\/\/de-de.facebook.com\/bimlerundschmidt.de\/\" \/>\n<meta property=\"article:modified_time\" content=\"2026-03-15T13:02:03+00:00\" \/>\n<meta property=\"og:image\" content=\"https:\/\/bimlerundschmidt.de\/wp-content\/uploads\/2019\/07\/Bimler-Schmidt-Kieferorthopaede-Impressionen-16-1024x683-1024x683.jpg\" \/>\n<meta name=\"twitter:card\" content=\"summary_large_image\" \/>\n<meta name=\"twitter:label1\" content=\"Est. reading time\" \/>\n\t<meta name=\"twitter:data1\" content=\"3 minutes\" \/>\n<script type=\"application\/ld+json\" class=\"yoast-schema-graph\">{\"@context\":\"https:\/\/schema.org\",\"@graph\":[{\"@type\":\"WebPage\",\"@id\":\"https:\/\/bimlerundschmidt.de\/behandlungsuebersicht\/fuer-kinder\/\",\"url\":\"https:\/\/bimlerundschmidt.de\/behandlungsuebersicht\/fuer-kinder\/\",\"name\":\"Kieferorthop\u00e4die f\u00fcr Kinder D\u00fcsseldorf | Bimler & Schmidt\",\"isPartOf\":{\"@id\":\"https:\/\/bimlerundschmidt.de\/#website\"},\"primaryImageOfPage\":{\"@id\":\"https:\/\/bimlerundschmidt.de\/behandlungsuebersicht\/fuer-kinder\/#primaryimage\"},\"image\":{\"@id\":\"https:\/\/bimlerundschmidt.de\/behandlungsuebersicht\/fuer-kinder\/#primaryimage\"},\"thumbnailUrl\":\"https:\/\/bimlerundschmidt.de\/wp-content\/uploads\/2019\/07\/Bimler-Schmidt-Kieferorthopaede-Impressionen-16-1024x683-1024x683.jpg\",\"datePublished\":\"2026-02-18T12:23:43+00:00\",\"dateModified\":\"2026-03-15T13:02:03+00:00\",\"description\":\"Kieferorthop\u00e4die f\u00fcr Kinder in D\u00fcsseldorf-Oberkassel. Zahnspangen & mehr. Einf\u00fchlsam und modern. Tel: 0211 559 1000.\",\"breadcrumb\":{\"@id\":\"https:\/\/bimlerundschmidt.de\/behandlungsuebersicht\/fuer-kinder\/#breadcrumb\"},\"inLanguage\":\"en-US\",\"potentialAction\":[{\"@type\":\"ReadAction\",\"target\":[\"https:\/\/bimlerundschmidt.de\/behandlungsuebersicht\/fuer-kinder\/\"]}]},{\"@type\":\"ImageObject\",\"inLanguage\":\"en-US\",\"@id\":\"https:\/\/bimlerundschmidt.de\/behandlungsuebersicht\/fuer-kinder\/#primaryimage\",\"url\":\"https:\/\/bimlerundschmidt.de\/wp-content\/uploads\/2019\/07\/Bimler-Schmidt-Kieferorthopaede-Impressionen-16-1024x683-1024x683.jpg\",\"contentUrl\":\"https:\/\/bimlerundschmidt.de\/wp-content\/uploads\/2019\/07\/Bimler-Schmidt-Kieferorthopaede-Impressionen-16-1024x683-1024x683.jpg\"},{\"@type\":\"BreadcrumbList\",\"@id\":\"https:\/\/bimlerundschmidt.de\/behandlungsuebersicht\/fuer-kinder\/#breadcrumb\",\"itemListElement\":[{\"@type\":\"ListItem\",\"position\":1,\"name\":\"Startseite\",\"item\":\"https:\/\/bimlerundschmidt.de\/\"},{\"@type\":\"ListItem\",\"position\":2,\"name\":\"Behandlungs\u00fcbersicht\",\"item\":\"https:\/\/bimlerundschmidt.de\/behandlungsuebersicht\/\"},{\"@type\":\"ListItem\",\"position\":3,\"name\":\"F\u00fcr Kinder\"}]},{\"@type\":\"WebSite\",\"@id\":\"https:\/\/bimlerundschmidt.de\/#website\",\"url\":\"https:\/\/bimlerundschmidt.de\/\",\"name\":\"Bimler & Schmidt Kieferorthop\u00e4den\",\"description\":\"Kieferorthop\u00e4den Kieferorthop\u00e4de D\u00fcsseldorf\",\"publisher\":{\"@id\":\"https:\/\/bimlerundschmidt.de\/#organization\"},\"potentialAction\":[{\"@type\":\"SearchAction\",\"target\":{\"@type\":\"EntryPoint\",\"urlTemplate\":\"https:\/\/bimlerundschmidt.de\/?s={search_term_string}\"},\"query-input\":{\"@type\":\"PropertyValueSpecification\",\"valueRequired\":true,\"valueName\":\"search_term_string\"}}],\"inLanguage\":\"en-US\"},{\"@type\":\"Organization\",\"@id\":\"https:\/\/bimlerundschmidt.de\/#organization\",\"name\":\"Bimler & Schmidt - Kieferorthop\u00e4den\",\"url\":\"https:\/\/bimlerundschmidt.de\/\",\"logo\":{\"@type\":\"ImageObject\",\"inLanguage\":\"en-US\",\"@id\":\"https:\/\/bimlerundschmidt.de\/#\/schema\/logo\/image\/\",\"url\":\"https:\/\/bimlerundschmidt.de\/wp-content\/uploads\/2026\/02\/cropped-cropped-Zeichenflaeche-1-Kopie.png\",\"contentUrl\":\"https:\/\/bimlerundschmidt.de\/wp-content\/uploads\/2026\/02\/cropped-cropped-Zeichenflaeche-1-Kopie.png\",\"width\":685,\"height\":205,\"caption\":\"Bimler & Schmidt - Kieferorthop\u00e4den\"},\"image\":{\"@id\":\"https:\/\/bimlerundschmidt.de\/#\/schema\/logo\/image\/\"},\"sameAs\":[\"https:\/\/de-de.facebook.com\/bimlerundschmidt.de\/\",\"https:\/\/www.instagram.com\/bimlerundschmidt\/\"]}]}<\/script>\n<!-- \/ Yoast SEO plugin. -->","yoast_head_json":{"title":"Orthodontics for children D\u00fcsseldorf | Bimler &amp; Schmidt","description":"Orthodontics for children in D\u00fcsseldorf-Oberkassel. Braces &amp; more. Sensitive and modern. Tel: 0211 559 1000.","robots":{"index":"index","follow":"follow","max-snippet":"max-snippet:-1","max-image-preview":"max-image-preview:large","max-video-preview":"max-video-preview:-1"},"canonical":"https:\/\/bimlerundschmidt.de\/en\/behandlungsuebersicht\/fuer-kinder\/","og_locale":"en_US","og_type":"article","og_title":"Kieferorthop\u00e4die f\u00fcr Kinder D\u00fcsseldorf | Bimler & Schmidt","og_description":"Kieferorthop\u00e4die f\u00fcr Kinder in D\u00fcsseldorf-Oberkassel. Zahnspangen & mehr. Einf\u00fchlsam und modern. Tel: 0211 559 1000.","og_url":"https:\/\/bimlerundschmidt.de\/en\/behandlungsuebersicht\/fuer-kinder\/","og_site_name":"BIMLER &amp; SCHMIDT Kieferorthop\u00e4den","article_publisher":"https:\/\/de-de.facebook.com\/bimlerundschmidt.de\/","article_modified_time":"2026-03-15T13:02:03+00:00","og_image":[{"url":"https:\/\/bimlerundschmidt.de\/wp-content\/uploads\/2019\/07\/Bimler-Schmidt-Kieferorthopaede-Impressionen-16-1024x683-1024x683.jpg","type":"","width":"","height":""}],"twitter_card":"summary_large_image","twitter_misc":{"Est. reading time":"3 minutes"},"schema":{"@context":"https:\/\/schema.org","@graph":[{"@type":"WebPage","@id":"https:\/\/bimlerundschmidt.de\/behandlungsuebersicht\/fuer-kinder\/","url":"https:\/\/bimlerundschmidt.de\/behandlungsuebersicht\/fuer-kinder\/","name":"Orthodontics for children D\u00fcsseldorf | Bimler &amp; Schmidt","isPartOf":{"@id":"https:\/\/bimlerundschmidt.de\/#website"},"primaryImageOfPage":{"@id":"https:\/\/bimlerundschmidt.de\/behandlungsuebersicht\/fuer-kinder\/#primaryimage"},"image":{"@id":"https:\/\/bimlerundschmidt.de\/behandlungsuebersicht\/fuer-kinder\/#primaryimage"},"thumbnailUrl":"https:\/\/bimlerundschmidt.de\/wp-content\/uploads\/2019\/07\/Bimler-Schmidt-Kieferorthopaede-Impressionen-16-1024x683-1024x683.jpg","datePublished":"2026-02-18T12:23:43+00:00","dateModified":"2026-03-15T13:02:03+00:00","description":"Orthodontics for children in D\u00fcsseldorf-Oberkassel. Braces &amp; more. Sensitive and modern. Tel: 0211 559 1000.","breadcrumb":{"@id":"https:\/\/bimlerundschmidt.de\/behandlungsuebersicht\/fuer-kinder\/#breadcrumb"},"inLanguage":"en-US","potentialAction":[{"@type":"ReadAction","target":["https:\/\/bimlerundschmidt.de\/behandlungsuebersicht\/fuer-kinder\/"]}]},{"@type":"ImageObject","inLanguage":"en-US","@id":"https:\/\/bimlerundschmidt.de\/behandlungsuebersicht\/fuer-kinder\/#primaryimage","url":"https:\/\/bimlerundschmidt.de\/wp-content\/uploads\/2019\/07\/Bimler-Schmidt-Kieferorthopaede-Impressionen-16-1024x683-1024x683.jpg","contentUrl":"https:\/\/bimlerundschmidt.de\/wp-content\/uploads\/2019\/07\/Bimler-Schmidt-Kieferorthopaede-Impressionen-16-1024x683-1024x683.jpg"},{"@type":"BreadcrumbList","@id":"https:\/\/bimlerundschmidt.de\/behandlungsuebersicht\/fuer-kinder\/#breadcrumb","itemListElement":[{"@type":"ListItem","position":1,"name":"Startseite","item":"https:\/\/bimlerundschmidt.de\/"},{"@type":"ListItem","position":2,"name":"Behandlungs\u00fcbersicht","item":"https:\/\/bimlerundschmidt.de\/behandlungsuebersicht\/"},{"@type":"ListItem","position":3,"name":"F\u00fcr Kinder"}]},{"@type":"WebSite","@id":"https:\/\/bimlerundschmidt.de\/#website","url":"https:\/\/bimlerundschmidt.de\/","name":"Bimler &amp; Schmidt Orthodontists","description":"Orthodontists Orthodontist D\u00fcsseldorf","publisher":{"@id":"https:\/\/bimlerundschmidt.de\/#organization"},"potentialAction":[{"@type":"SearchAction","target":{"@type":"EntryPoint","urlTemplate":"https:\/\/bimlerundschmidt.de\/?s={search_term_string}"},"query-input":{"@type":"PropertyValueSpecification","valueRequired":true,"valueName":"search_term_string"}}],"inLanguage":"en-US"},{"@type":"Organization","@id":"https:\/\/bimlerundschmidt.de\/#organization","name":"Bimler &amp; Schmidt - Orthodontists","url":"https:\/\/bimlerundschmidt.de\/","logo":{"@type":"ImageObject","inLanguage":"en-US","@id":"https:\/\/bimlerundschmidt.de\/#\/schema\/logo\/image\/","url":"https:\/\/bimlerundschmidt.de\/wp-content\/uploads\/2026\/02\/cropped-cropped-Zeichenflaeche-1-Kopie.png","contentUrl":"https:\/\/bimlerundschmidt.de\/wp-content\/uploads\/2026\/02\/cropped-cropped-Zeichenflaeche-1-Kopie.png","width":685,"height":205,"caption":"Bimler & Schmidt - Kieferorthop\u00e4den"},"image":{"@id":"https:\/\/bimlerundschmidt.de\/#\/schema\/logo\/image\/"},"sameAs":["https:\/\/de-de.facebook.com\/bimlerundschmidt.de\/","https:\/\/www.instagram.com\/bimlerundschmidt\/"]}]}},"_links":{"self":[{"href":"https:\/\/bimlerundschmidt.de\/en\/wp-json\/wp\/v2\/pages\/2418","targetHints":{"allow":["GET"]}}],"collection":[{"href":"https:\/\/bimlerundschmidt.de\/en\/wp-json\/wp\/v2\/pages"}],"about":[{"href":"https:\/\/bimlerundschmidt.de\/en\/wp-json\/wp\/v2\/types\/page"}],"author":[{"embeddable":true,"href":"https:\/\/bimlerundschmidt.de\/en\/wp-json\/wp\/v2\/users\/4"}],"replies":[{"embeddable":true,"href":"https:\/\/bimlerundschmidt.de\/en\/wp-json\/wp\/v2\/comments?post=2418"}],"version-history":[{"count":0,"href":"https:\/\/bimlerundschmidt.de\/en\/wp-json\/wp\/v2\/pages\/2418\/revisions"}],"up":[{"embeddable":true,"href":"https:\/\/bimlerundschmidt.de\/en\/wp-json\/wp\/v2\/pages\/2187"}],"wp:attachment":[{"href":"https:\/\/bimlerundschmidt.de\/en\/wp-json\/wp\/v2\/media?parent=2418"}],"curies":[{"name":"wp","href":"https:\/\/api.w.org\/{rel}","templated":true}]}}