{"id":3405,"date":"2026-03-15T18:47:40","date_gmt":"2026-03-15T18:47:40","guid":{"rendered":"https:\/\/bimlerundschmidt.de\/?page_id=3405"},"modified":"2026-03-20T18:44:48","modified_gmt":"2026-03-20T17:44:48","slug":"dr-noemie-dahl","status":"publish","type":"page","link":"https:\/\/bimlerundschmidt.de\/en\/ueber-uns\/team\/dr-noemie-dahl\/","title":{"rendered":"Dr. Noemie Dahl"},"content":{"rendered":"<div class=\"wp-block-columns are-vertically-aligned-center is-layout-flex wp-container-core-columns-is-layout-9d6595d7 wp-block-columns-is-layout-flex\">\n<div class=\"wp-block-column is-vertically-aligned-center is-layout-flow wp-block-column-is-layout-flow\"><div class=\"wp-block-image is-style-rounded\">\n<figure class=\"aligncenter size-full is-resized\"><a href=\"https:\/\/bimlerundschmidt.de\/en\/ueber-uns\/team\/\"><img decoding=\"async\" width=\"555\" height=\"408\" src=\"https:\/\/bimlerundschmidt.de\/wp-content\/uploads\/2026\/03\/Noemie-Website-e1773855675910.png\" alt=\"\" class=\"wp-image-3401\" style=\"object-fit:cover;width:400px;height:400px\" srcset=\"https:\/\/bimlerundschmidt.de\/wp-content\/uploads\/2026\/03\/Noemie-Website-e1773855675910.png 555w, https:\/\/bimlerundschmidt.de\/wp-content\/uploads\/2026\/03\/Noemie-Website-e1773855675910-300x221.png 300w, https:\/\/bimlerundschmidt.de\/wp-content\/uploads\/2026\/03\/Noemie-Website-e1773855675910-16x12.png 16w\" sizes=\"(max-width: 555px) 100vw, 555px\" \/><\/a><\/figure>\n<\/div><\/div>\n\n\n\n<div class=\"wp-block-column is-vertically-aligned-center is-layout-flow wp-block-column-is-layout-flow\">\n<div class=\"wp-block-group is-vertical is-content-justification-center is-layout-flex wp-container-core-group-is-layout-73a99bce wp-block-group-is-layout-flex\">\n<h4 class=\"wp-block-heading has-text-align-center\">Training assistant<\/h4>\n\n\n\n<h1 class=\"wp-block-heading has-text-align-center\" style=\"text-transform:uppercase\">dr. no\u00e9mie dahl<\/h1>\n<\/div>\n\n\n\n<hr class=\"wp-block-separator has-alpha-channel-opacity\"\/>\n\n\n\n<div style=\"height:40px\" aria-hidden=\"true\" class=\"wp-block-spacer\"><\/div>\n\n\n\n<div class=\"wp-block-buttons is-content-justification-center is-layout-flex wp-container-core-buttons-is-layout-16018d1d wp-block-buttons-is-layout-flex\">\n<div class=\"wp-block-button\"><a class=\"wp-block-button__link wp-element-button\" href=\"https:\/\/bimlerundschmidt.de\/en\/ueber-uns\/team\/\">back to the team<\/a><\/div>\n<\/div>\n\n\n\n<div style=\"height:10px\" aria-hidden=\"true\" class=\"wp-block-spacer\"><\/div>\n<\/div>\n<\/div>\n\n\n\n<div class=\"wp-block-columns is-layout-flex wp-container-core-columns-is-layout-9d6595d7 wp-block-columns-is-layout-flex\">\n<div class=\"wp-block-column is-layout-flow wp-block-column-is-layout-flow\">\n<p class=\"has-text-align-center\">Dr. No\u00e9mie Dahl joins the team at Bimler &amp; Schmidt in D\u00fcsseldorf-Oberkassel as a training assistant with great professional curiosity, commitment and a high standard of careful and precise orthodontic treatment. She completed her studies in dentistry at Semmelweis University in Budapest. Even before she began her studies, she knew that her career path would lead her into orthodontics. <\/p>\n\n\n\n<p class=\"has-text-align-center\">In order to create a solid foundation, she initially worked in general dentistry, where she was able to gain valuable practical experience. In addition, she completed numerous work shadowing placements in various practices in Germany, Denmark and Switzerland. This gave her a wide range of insights into different treatment concepts and working methods at an early stage.<\/p>\n\n\n\n<p class=\"has-text-align-center\">As part of her further training at Bimler &amp; Schmidt, she receives practical support from the experienced orthodontists. Through careful and technically skilled work, she contributes to the sound and trustworthy treatment of patients. At the same time, she continuously expands her specialist knowledge through regular further training in order to deepen her knowledge and develop her skills at the highest professional level in the long term.<\/p>\n<\/div>\n<\/div>","protected":false},"excerpt":{"rendered":"<p>Weiterbildungsassistentin dr. no\u00e9mie dahl Als Weiterbildungsassistentin verst\u00e4rkt dr. No\u00e9mie Dahl das Team von Bimler &amp; Schmidt in D\u00fcsseldorf-Oberkassel mit gro\u00dfer fachlicher Neugier, Engagement und einem hohen Anspruch an eine sorgf\u00e4ltige und pr\u00e4zise kieferorthop\u00e4dische Behandlung. Ihr Studium der Zahnmedizin absolvierte sie an der Semmelweis Universit\u00e4t in Budapest. Bereits vor Beginn ihres Studiums stand f\u00fcr sie fest, [&hellip;]<\/p>\n","protected":false},"author":3,"featured_media":0,"parent":176,"menu_order":0,"comment_status":"closed","ping_status":"closed","template":"","meta":{"ocean_post_layout":"","ocean_both_sidebars_style":"","ocean_both_sidebars_content_width":0,"ocean_both_sidebars_sidebars_width":0,"ocean_sidebar":"0","ocean_second_sidebar":"0","ocean_disable_margins":"enable","ocean_add_body_class":"","ocean_shortcode_before_top_bar":"","ocean_shortcode_after_top_bar":"","ocean_shortcode_before_header":"","ocean_shortcode_after_header":"","ocean_has_shortcode":"","ocean_shortcode_after_title":"","ocean_shortcode_before_footer_widgets":"","ocean_shortcode_after_footer_widgets":"","ocean_shortcode_before_footer_bottom":"","ocean_shortcode_after_footer_bottom":"","ocean_display_top_bar":"default","ocean_display_header":"default","ocean_header_style":"","ocean_center_header_left_menu":"0","ocean_custom_header_template":"0","ocean_custom_logo":0,"ocean_custom_retina_logo":0,"ocean_custom_logo_max_width":0,"ocean_custom_logo_tablet_max_width":0,"ocean_custom_logo_mobile_max_width":0,"ocean_custom_logo_max_height":0,"ocean_custom_logo_tablet_max_height":0,"ocean_custom_logo_mobile_max_height":0,"ocean_header_custom_menu":"0","ocean_menu_typo_font_family":"0","ocean_menu_typo_font_subset":"","ocean_menu_typo_font_size":0,"ocean_menu_typo_font_size_tablet":0,"ocean_menu_typo_font_size_mobile":0,"ocean_menu_typo_font_size_unit":"px","ocean_menu_typo_font_weight":"","ocean_menu_typo_font_weight_tablet":"","ocean_menu_typo_font_weight_mobile":"","ocean_menu_typo_transform":"","ocean_menu_typo_transform_tablet":"","ocean_menu_typo_transform_mobile":"","ocean_menu_typo_line_height":0,"ocean_menu_typo_line_height_tablet":0,"ocean_menu_typo_line_height_mobile":0,"ocean_menu_typo_line_height_unit":"","ocean_menu_typo_spacing":0,"ocean_menu_typo_spacing_tablet":0,"ocean_menu_typo_spacing_mobile":0,"ocean_menu_typo_spacing_unit":"","ocean_menu_link_color":"","ocean_menu_link_color_hover":"","ocean_menu_link_color_active":"","ocean_menu_link_background":"","ocean_menu_link_hover_background":"","ocean_menu_link_active_background":"","ocean_menu_social_links_bg":"","ocean_menu_social_hover_links_bg":"","ocean_menu_social_links_color":"","ocean_menu_social_hover_links_color":"","ocean_disable_title":"on","ocean_disable_heading":"default","ocean_post_title":"","ocean_post_subheading":"","ocean_post_title_style":"","ocean_post_title_background_color":"","ocean_post_title_background":0,"ocean_post_title_bg_image_position":"","ocean_post_title_bg_image_attachment":"","ocean_post_title_bg_image_repeat":"","ocean_post_title_bg_image_size":"","ocean_post_title_height":0,"ocean_post_title_bg_overlay":0.5,"ocean_post_title_bg_overlay_color":"","ocean_disable_breadcrumbs":"default","ocean_breadcrumbs_color":"","ocean_breadcrumbs_separator_color":"","ocean_breadcrumbs_links_color":"","ocean_breadcrumbs_links_hover_color":"","ocean_display_footer_widgets":"default","ocean_display_footer_bottom":"default","ocean_custom_footer_template":"0","footnotes":""},"class_list":["post-3405","page","type-page","status-publish","hentry","entry"],"yoast_head":"<!-- This site is optimized with the Yoast SEO plugin v27.2 - https:\/\/yoast.com\/product\/yoast-seo-wordpress\/ -->\n<title>dr. Noemie Dahl<\/title>\n<meta name=\"description\" content=\"Dr. Noemie Dahl, Weiterbildungsassistentin Kieferorthop\u00e4die Bimler &amp; Schmidt D\u00fcsseldorf. Tel: 0211 559 1000.\" \/>\n<meta name=\"robots\" content=\"index, follow, max-snippet:-1, max-image-preview:large, max-video-preview:-1\" \/>\n<link rel=\"canonical\" href=\"https:\/\/bimlerundschmidt.de\/en\/ueber-uns\/team\/dr-noemie-dahl\/\" \/>\n<meta property=\"og:locale\" content=\"en_US\" \/>\n<meta property=\"og:type\" content=\"article\" \/>\n<meta property=\"og:title\" content=\"dr. Noemie Dahl\" \/>\n<meta property=\"og:description\" content=\"Dr. Noemie Dahl, Weiterbildungsassistentin Kieferorthop\u00e4die Bimler &amp; Schmidt D\u00fcsseldorf. Tel: 0211 559 1000.\" \/>\n<meta property=\"og:url\" content=\"https:\/\/bimlerundschmidt.de\/en\/ueber-uns\/team\/dr-noemie-dahl\/\" \/>\n<meta property=\"og:site_name\" content=\"BIMLER &amp; SCHMIDT Kieferorthop\u00e4den\" \/>\n<meta property=\"article:publisher\" content=\"https:\/\/de-de.facebook.com\/bimlerundschmidt.de\/\" \/>\n<meta property=\"article:modified_time\" content=\"2026-03-20T17:44:48+00:00\" \/>\n<meta property=\"og:image\" content=\"https:\/\/bimlerundschmidt.de\/wp-content\/uploads\/2026\/03\/Noemie-Website-e1773855675910.png\" \/>\n\t<meta property=\"og:image:width\" content=\"555\" \/>\n\t<meta property=\"og:image:height\" content=\"408\" \/>\n\t<meta property=\"og:image:type\" content=\"image\/png\" \/>\n<meta name=\"twitter:card\" content=\"summary_large_image\" \/>\n<meta name=\"twitter:label1\" content=\"Est. reading time\" \/>\n\t<meta name=\"twitter:data1\" content=\"2 minutes\" \/>\n<script type=\"application\/ld+json\" class=\"yoast-schema-graph\">{\"@context\":\"https:\/\/schema.org\",\"@graph\":[{\"@type\":\"WebPage\",\"@id\":\"https:\/\/bimlerundschmidt.de\/ueber-uns\/team\/dr-noemie-dahl\/\",\"url\":\"https:\/\/bimlerundschmidt.de\/ueber-uns\/team\/dr-noemie-dahl\/\",\"name\":\"dr. Noemie Dahl\",\"isPartOf\":{\"@id\":\"https:\/\/bimlerundschmidt.de\/#website\"},\"primaryImageOfPage\":{\"@id\":\"https:\/\/bimlerundschmidt.de\/ueber-uns\/team\/dr-noemie-dahl\/#primaryimage\"},\"image\":{\"@id\":\"https:\/\/bimlerundschmidt.de\/ueber-uns\/team\/dr-noemie-dahl\/#primaryimage\"},\"thumbnailUrl\":\"https:\/\/bimlerundschmidt.de\/wp-content\/uploads\/2026\/03\/Noemie-Website-e1773855675910.png\",\"datePublished\":\"2026-03-15T18:47:40+00:00\",\"dateModified\":\"2026-03-20T17:44:48+00:00\",\"description\":\"Dr. Noemie Dahl, Weiterbildungsassistentin Kieferorthop\u00e4die Bimler & Schmidt D\u00fcsseldorf. Tel: 0211 559 1000.\",\"breadcrumb\":{\"@id\":\"https:\/\/bimlerundschmidt.de\/ueber-uns\/team\/dr-noemie-dahl\/#breadcrumb\"},\"inLanguage\":\"en-US\",\"potentialAction\":[{\"@type\":\"ReadAction\",\"target\":[\"https:\/\/bimlerundschmidt.de\/ueber-uns\/team\/dr-noemie-dahl\/\"]}]},{\"@type\":\"ImageObject\",\"inLanguage\":\"en-US\",\"@id\":\"https:\/\/bimlerundschmidt.de\/ueber-uns\/team\/dr-noemie-dahl\/#primaryimage\",\"url\":\"https:\/\/bimlerundschmidt.de\/wp-content\/uploads\/2026\/03\/Noemie-Website-e1773855675910.png\",\"contentUrl\":\"https:\/\/bimlerundschmidt.de\/wp-content\/uploads\/2026\/03\/Noemie-Website-e1773855675910.png\"},{\"@type\":\"BreadcrumbList\",\"@id\":\"https:\/\/bimlerundschmidt.de\/ueber-uns\/team\/dr-noemie-dahl\/#breadcrumb\",\"itemListElement\":[{\"@type\":\"ListItem\",\"position\":1,\"name\":\"Startseite\",\"item\":\"https:\/\/bimlerundschmidt.de\/\"},{\"@type\":\"ListItem\",\"position\":2,\"name\":\"\u00fcber uns\",\"item\":\"https:\/\/bimlerundschmidt.de\/ueber-uns\/\"},{\"@type\":\"ListItem\",\"position\":3,\"name\":\"Team\",\"item\":\"https:\/\/bimlerundschmidt.de\/ueber-uns\/team\/\"},{\"@type\":\"ListItem\",\"position\":4,\"name\":\"dr. Noemie Dahl\"}]},{\"@type\":\"WebSite\",\"@id\":\"https:\/\/bimlerundschmidt.de\/#website\",\"url\":\"https:\/\/bimlerundschmidt.de\/\",\"name\":\"Bimler & Schmidt Kieferorthop\u00e4den\",\"description\":\"Kieferorthop\u00e4den Kieferorthop\u00e4de D\u00fcsseldorf\",\"publisher\":{\"@id\":\"https:\/\/bimlerundschmidt.de\/#organization\"},\"potentialAction\":[{\"@type\":\"SearchAction\",\"target\":{\"@type\":\"EntryPoint\",\"urlTemplate\":\"https:\/\/bimlerundschmidt.de\/?s={search_term_string}\"},\"query-input\":{\"@type\":\"PropertyValueSpecification\",\"valueRequired\":true,\"valueName\":\"search_term_string\"}}],\"inLanguage\":\"en-US\"},{\"@type\":\"Organization\",\"@id\":\"https:\/\/bimlerundschmidt.de\/#organization\",\"name\":\"Bimler & Schmidt - Kieferorthop\u00e4den\",\"url\":\"https:\/\/bimlerundschmidt.de\/\",\"logo\":{\"@type\":\"ImageObject\",\"inLanguage\":\"en-US\",\"@id\":\"https:\/\/bimlerundschmidt.de\/#\/schema\/logo\/image\/\",\"url\":\"https:\/\/bimlerundschmidt.de\/wp-content\/uploads\/2026\/02\/cropped-cropped-Zeichenflaeche-1-Kopie.png\",\"contentUrl\":\"https:\/\/bimlerundschmidt.de\/wp-content\/uploads\/2026\/02\/cropped-cropped-Zeichenflaeche-1-Kopie.png\",\"width\":685,\"height\":205,\"caption\":\"Bimler & Schmidt - Kieferorthop\u00e4den\"},\"image\":{\"@id\":\"https:\/\/bimlerundschmidt.de\/#\/schema\/logo\/image\/\"},\"sameAs\":[\"https:\/\/de-de.facebook.com\/bimlerundschmidt.de\/\",\"https:\/\/www.instagram.com\/bimlerundschmidt\/\"]}]}<\/script>\n<!-- \/ Yoast SEO plugin. -->","yoast_head_json":{"title":"Dr. Noemie Dahl","description":"Dr. Noemie Dahl, orthodontic training assistant at Bimler &amp; Schmidt D\u00fcsseldorf. Tel: 0211 559 1000.","robots":{"index":"index","follow":"follow","max-snippet":"max-snippet:-1","max-image-preview":"max-image-preview:large","max-video-preview":"max-video-preview:-1"},"canonical":"https:\/\/bimlerundschmidt.de\/en\/ueber-uns\/team\/dr-noemie-dahl\/","og_locale":"en_US","og_type":"article","og_title":"dr. Noemie Dahl","og_description":"Dr. Noemie Dahl, Weiterbildungsassistentin Kieferorthop\u00e4die Bimler & Schmidt D\u00fcsseldorf. Tel: 0211 559 1000.","og_url":"https:\/\/bimlerundschmidt.de\/en\/ueber-uns\/team\/dr-noemie-dahl\/","og_site_name":"BIMLER &amp; SCHMIDT Kieferorthop\u00e4den","article_publisher":"https:\/\/de-de.facebook.com\/bimlerundschmidt.de\/","article_modified_time":"2026-03-20T17:44:48+00:00","og_image":[{"width":555,"height":408,"url":"https:\/\/bimlerundschmidt.de\/wp-content\/uploads\/2026\/03\/Noemie-Website-e1773855675910.png","type":"image\/png"}],"twitter_card":"summary_large_image","twitter_misc":{"Est. reading time":"2 minutes"},"schema":{"@context":"https:\/\/schema.org","@graph":[{"@type":"WebPage","@id":"https:\/\/bimlerundschmidt.de\/ueber-uns\/team\/dr-noemie-dahl\/","url":"https:\/\/bimlerundschmidt.de\/ueber-uns\/team\/dr-noemie-dahl\/","name":"Dr. Noemie Dahl","isPartOf":{"@id":"https:\/\/bimlerundschmidt.de\/#website"},"primaryImageOfPage":{"@id":"https:\/\/bimlerundschmidt.de\/ueber-uns\/team\/dr-noemie-dahl\/#primaryimage"},"image":{"@id":"https:\/\/bimlerundschmidt.de\/ueber-uns\/team\/dr-noemie-dahl\/#primaryimage"},"thumbnailUrl":"https:\/\/bimlerundschmidt.de\/wp-content\/uploads\/2026\/03\/Noemie-Website-e1773855675910.png","datePublished":"2026-03-15T18:47:40+00:00","dateModified":"2026-03-20T17:44:48+00:00","description":"Dr. Noemie Dahl, orthodontic training assistant at Bimler &amp; Schmidt D\u00fcsseldorf. Tel: 0211 559 1000.","breadcrumb":{"@id":"https:\/\/bimlerundschmidt.de\/ueber-uns\/team\/dr-noemie-dahl\/#breadcrumb"},"inLanguage":"en-US","potentialAction":[{"@type":"ReadAction","target":["https:\/\/bimlerundschmidt.de\/ueber-uns\/team\/dr-noemie-dahl\/"]}]},{"@type":"ImageObject","inLanguage":"en-US","@id":"https:\/\/bimlerundschmidt.de\/ueber-uns\/team\/dr-noemie-dahl\/#primaryimage","url":"https:\/\/bimlerundschmidt.de\/wp-content\/uploads\/2026\/03\/Noemie-Website-e1773855675910.png","contentUrl":"https:\/\/bimlerundschmidt.de\/wp-content\/uploads\/2026\/03\/Noemie-Website-e1773855675910.png"},{"@type":"BreadcrumbList","@id":"https:\/\/bimlerundschmidt.de\/ueber-uns\/team\/dr-noemie-dahl\/#breadcrumb","itemListElement":[{"@type":"ListItem","position":1,"name":"Startseite","item":"https:\/\/bimlerundschmidt.de\/"},{"@type":"ListItem","position":2,"name":"\u00fcber uns","item":"https:\/\/bimlerundschmidt.de\/ueber-uns\/"},{"@type":"ListItem","position":3,"name":"Team","item":"https:\/\/bimlerundschmidt.de\/ueber-uns\/team\/"},{"@type":"ListItem","position":4,"name":"dr. Noemie Dahl"}]},{"@type":"WebSite","@id":"https:\/\/bimlerundschmidt.de\/#website","url":"https:\/\/bimlerundschmidt.de\/","name":"Bimler &amp; Schmidt Orthodontists","description":"Orthodontists Orthodontist D\u00fcsseldorf","publisher":{"@id":"https:\/\/bimlerundschmidt.de\/#organization"},"potentialAction":[{"@type":"SearchAction","target":{"@type":"EntryPoint","urlTemplate":"https:\/\/bimlerundschmidt.de\/?s={search_term_string}"},"query-input":{"@type":"PropertyValueSpecification","valueRequired":true,"valueName":"search_term_string"}}],"inLanguage":"en-US"},{"@type":"Organization","@id":"https:\/\/bimlerundschmidt.de\/#organization","name":"Bimler &amp; Schmidt - Orthodontists","url":"https:\/\/bimlerundschmidt.de\/","logo":{"@type":"ImageObject","inLanguage":"en-US","@id":"https:\/\/bimlerundschmidt.de\/#\/schema\/logo\/image\/","url":"https:\/\/bimlerundschmidt.de\/wp-content\/uploads\/2026\/02\/cropped-cropped-Zeichenflaeche-1-Kopie.png","contentUrl":"https:\/\/bimlerundschmidt.de\/wp-content\/uploads\/2026\/02\/cropped-cropped-Zeichenflaeche-1-Kopie.png","width":685,"height":205,"caption":"Bimler & Schmidt - Kieferorthop\u00e4den"},"image":{"@id":"https:\/\/bimlerundschmidt.de\/#\/schema\/logo\/image\/"},"sameAs":["https:\/\/de-de.facebook.com\/bimlerundschmidt.de\/","https:\/\/www.instagram.com\/bimlerundschmidt\/"]}]}},"_links":{"self":[{"href":"https:\/\/bimlerundschmidt.de\/en\/wp-json\/wp\/v2\/pages\/3405","targetHints":{"allow":["GET"]}}],"collection":[{"href":"https:\/\/bimlerundschmidt.de\/en\/wp-json\/wp\/v2\/pages"}],"about":[{"href":"https:\/\/bimlerundschmidt.de\/en\/wp-json\/wp\/v2\/types\/page"}],"author":[{"embeddable":true,"href":"https:\/\/bimlerundschmidt.de\/en\/wp-json\/wp\/v2\/users\/3"}],"replies":[{"embeddable":true,"href":"https:\/\/bimlerundschmidt.de\/en\/wp-json\/wp\/v2\/comments?post=3405"}],"version-history":[{"count":8,"href":"https:\/\/bimlerundschmidt.de\/en\/wp-json\/wp\/v2\/pages\/3405\/revisions"}],"predecessor-version":[{"id":3468,"href":"https:\/\/bimlerundschmidt.de\/en\/wp-json\/wp\/v2\/pages\/3405\/revisions\/3468"}],"up":[{"embeddable":true,"href":"https:\/\/bimlerundschmidt.de\/en\/wp-json\/wp\/v2\/pages\/176"}],"wp:attachment":[{"href":"https:\/\/bimlerundschmidt.de\/en\/wp-json\/wp\/v2\/media?parent=3405"}],"curies":[{"name":"wp","href":"https:\/\/api.w.org\/{rel}","templated":true}]}}