{"id":345,"date":"2019-06-23T21:24:46","date_gmt":"2019-06-23T21:24:46","guid":{"rendered":"http:\/\/oberkassel.preisverlust.de\/?p=345"},"modified":"2026-03-20T18:45:25","modified_gmt":"2026-03-20T17:45:25","slug":"maximilian-bimler","status":"publish","type":"page","link":"https:\/\/bimlerundschmidt.de\/en\/ueber-uns\/team\/maximilian-bimler\/","title":{"rendered":"Maximilian Bimler"},"content":{"rendered":"<div class=\"wp-block-columns are-vertically-aligned-center is-layout-flex wp-container-core-columns-is-layout-9d6595d7 wp-block-columns-is-layout-flex\">\n<div class=\"wp-block-column is-vertically-aligned-center is-layout-flow wp-block-column-is-layout-flow\"><div class=\"wp-block-image is-style-rounded\">\n<figure class=\"aligncenter size-full is-resized\"><a href=\"https:\/\/bimlerundschmidt.de\/en\/ueber-uns\/team\/\"><img decoding=\"async\" width=\"580\" height=\"580\" src=\"https:\/\/bimlerundschmidt.de\/wp-content\/uploads\/2019\/06\/Maximilian-Bimler-Team-1-1.jpg\" alt=\"\" class=\"wp-image-378\" style=\"object-fit:cover;width:400px;height:400px\" srcset=\"https:\/\/bimlerundschmidt.de\/wp-content\/uploads\/2019\/06\/Maximilian-Bimler-Team-1-1.jpg 580w, https:\/\/bimlerundschmidt.de\/wp-content\/uploads\/2019\/06\/Maximilian-Bimler-Team-1-1-150x150.jpg 150w, https:\/\/bimlerundschmidt.de\/wp-content\/uploads\/2019\/06\/Maximilian-Bimler-Team-1-1-300x300.jpg 300w\" sizes=\"(max-width: 580px) 100vw, 580px\" \/><\/a><\/figure>\n<\/div><\/div>\n\n\n\n<div class=\"wp-block-column is-vertically-aligned-center is-layout-flow wp-block-column-is-layout-flow\">\n<div class=\"wp-block-group is-vertical is-content-justification-center is-layout-flex wp-container-core-group-is-layout-73a99bce wp-block-group-is-layout-flex\">\n<h4 class=\"wp-block-heading has-text-align-center\">Orthodontist<\/h4>\n\n\n\n<h1 class=\"wp-block-heading has-text-align-center\">DR. MAXIMILIAN BIMLER<\/h1>\n<\/div>\n\n\n\n<hr class=\"wp-block-separator has-alpha-channel-opacity\"\/>\n\n\n\n<div style=\"height:40px\" aria-hidden=\"true\" class=\"wp-block-spacer\"><\/div>\n\n\n\n<div class=\"wp-block-buttons is-content-justification-center is-layout-flex wp-container-core-buttons-is-layout-16018d1d wp-block-buttons-is-layout-flex\">\n<div class=\"wp-block-button\"><a class=\"wp-block-button__link wp-element-button\" href=\"https:\/\/bimlerundschmidt.de\/en\/ueber-uns\/team\/\">back to the team<\/a><\/div>\n<\/div>\n\n\n\n<div style=\"height:10px\" aria-hidden=\"true\" class=\"wp-block-spacer\"><\/div>\n<\/div>\n<\/div>\n\n\n\n<div class=\"wp-block-columns is-layout-flex wp-container-core-columns-is-layout-9d6595d7 wp-block-columns-is-layout-flex\">\n<div class=\"wp-block-column is-vertically-aligned-top is-layout-flow wp-block-column-is-layout-flow\">\n<div class=\"wp-block-group\"><div class=\"wp-block-group__inner-container is-layout-constrained wp-block-group-is-layout-constrained\">\n<h4 class=\"wp-block-heading\">CURRICULUM VITAE<\/h4>\n\n\n\n<p><strong style=\"font-weight: 600;\">1984<\/strong><br>Studied dentistry at the Julius-Maximilians-University W\u00fcrzburg, the University of Cologne, the RWTH Aachen and the Heinrich-Heine-University D\u00fcsseldorf<\/p>\n\n\n\n<p><strong style=\"font-size: 14px;\">1990<br><\/strong>State examination in dentistry Heinrich Heine University D\u00fcsseldorf<\/p>\n\n\n\n<p><strong>1991 to 1994<\/strong><br>Further training as a specialist dentist for orthodontics with Prof. Stahl and Prof. Rudzki-Janson at the LMU Munich and Dr. Gesche in D\u00fcsseldorf<\/p>\n\n\n\n<p><strong>1994<\/strong><br>Established as an orthodontist in a joint practice with Dr. Paul Bimler<\/p>\n\n\n\n<p><strong>1996<\/strong><br>Establishment as an orthodontist in D\u00fcsseldorf with a focus on interdisciplinary treatment concepts and lingual therapy<\/p>\n\n\n\n<p><strong>1997<\/strong><br>Promotion<\/p>\n\n\n\n<p><strong>2001 until today<\/strong><br>Certification for Invisalign<\/p>\n\n\n\n<p><strong>2004 until today<\/strong><br>Authorization from the North Rhine Dental Association for further training in the field of orthodontics<\/p>\n\n\n\n<p><strong>2010 until today<\/strong><br>Certification for Incognito lingual technology<\/p>\n\n\n\n<p><strong>2014 until today<\/strong><br>Foundation of joint practice Bimler &amp; Schmidt orthodontists<\/p>\n\n\n\n<p><strong>2017 until today<\/strong><br>Certification for DW WIN Lingualsystems<\/p>\n\n\n\n<p><strong>1996 until today<\/strong><br>Member of numerous scientific societies, including DGLO, DGKFO, AAO, WFO and participation in countless continuing education seminars,<br>Trade fairs, congresses etc. in the field of orthodontics<\/p>\n<\/div><\/div>\n<\/div>\n\n\n\n<div class=\"wp-block-column is-vertically-aligned-top is-layout-flow wp-block-column-is-layout-flow\">\n<p>Dr. Maximilian Bimler is an orthodontist in D\u00fcsseldorf-Oberkassel and one of the most experienced specialists in his field in the region. For many patients <strong>Dr. Maximilian Bimler<\/strong> the personified Wikipedia of orthodontics. This is not only because the Wiesbaden native, born in 1965, is constantly expanding his knowledge and skills by attending seminars and international congresses and virtually devouring specialist publications on dentistry and orthodontics. It's also in the genes: Dr. Maximilian Bimler's grandfather, father, uncle and cousin were or are also orthodontists. He is therefore the third generation to practise.<\/p>\n\n\n\n<p>Dr. Maximilian Bimler says: \u201cNot only in real life but also in our jobs and our professional environment, there is an ongoing development. Innovations in orthodontics are always welcome and often helpful but always need a critical appraisal. I only trust products and new ways of treatment that have proven successful at least 5 years after their release. Momentarily, we are testing bracing with inbuilt computer chips which record the time the braces have been worn\u201d. <br>\nConsistency, continuity and stability are important for him.<\/p>\n\n\n\n<p>Together with his patients he finds the perfect time to start a treatment offering a perfect treatment plan for an efficient treatment. Good to know: \u201cAlready during the early stages of our treatment planning, a main focus lies on how to keep treatment results stable. That is why we like to see our patients four and ten years after we have finished the treatment for a proper check-up. This quality management document is important for us as well as for the patient\u201d.<\/p>\n\n\n\n<p>Dr. Maximilian Bimler demands high standards of work and materials. He relies on premium materials from Canada and adhesives from the USA. In both countries there are highly specialized family businesses which successfully work together with orthodontists in Dr. Bimler\u2019 s family for generations.<\/p>\n<\/div>\n<\/div>","protected":false},"excerpt":{"rendered":"<p>Kieferorthop\u00e4de DR. MAXIMILIAN BIMLER VITA 1984Studium der Zahnheilkunde an der Julius-Maximilians-Universit\u00e4t W\u00fcrzburg, der Universit\u00e4t zu K\u00f6ln, der RWTH Aachen und der Heinrich- Heine- Universit\u00e4t D\u00fcsseldorf 1990Staatsexamen Zahnmedizin Heinrich- Heine- Universit\u00e4t D\u00fcsseldorf 1991 bis 1994Weiterbildung zum Fachzahnarzt f\u00fcr Kieferorthop\u00e4die bei Prof. Stahl und Prof. Rudzki-Janson an der LMU M\u00fcnchen und Dr. Gesche in D\u00fcsseldorf 1994Niederlassung als [&hellip;]<\/p>\n","protected":false},"author":2,"featured_media":0,"parent":176,"menu_order":0,"comment_status":"closed","ping_status":"open","template":"","meta":{"ocean_post_layout":"full-width","ocean_both_sidebars_style":"","ocean_both_sidebars_content_width":0,"ocean_both_sidebars_sidebars_width":0,"ocean_sidebar":"0","ocean_second_sidebar":"0","ocean_disable_margins":"enable","ocean_add_body_class":"","ocean_shortcode_before_top_bar":"","ocean_shortcode_after_top_bar":"","ocean_shortcode_before_header":"","ocean_shortcode_after_header":"","ocean_has_shortcode":"","ocean_shortcode_after_title":"","ocean_shortcode_before_footer_widgets":"","ocean_shortcode_after_footer_widgets":"","ocean_shortcode_before_footer_bottom":"","ocean_shortcode_after_footer_bottom":"","ocean_display_top_bar":"default","ocean_display_header":"default","ocean_header_style":"","ocean_center_header_left_menu":"0","ocean_custom_header_template":"0","ocean_custom_logo":0,"ocean_custom_retina_logo":0,"ocean_custom_logo_max_width":0,"ocean_custom_logo_tablet_max_width":0,"ocean_custom_logo_mobile_max_width":0,"ocean_custom_logo_max_height":0,"ocean_custom_logo_tablet_max_height":0,"ocean_custom_logo_mobile_max_height":0,"ocean_header_custom_menu":"0","ocean_menu_typo_font_family":"0","ocean_menu_typo_font_subset":"","ocean_menu_typo_font_size":0,"ocean_menu_typo_font_size_tablet":0,"ocean_menu_typo_font_size_mobile":0,"ocean_menu_typo_font_size_unit":"px","ocean_menu_typo_font_weight":"","ocean_menu_typo_font_weight_tablet":"","ocean_menu_typo_font_weight_mobile":"","ocean_menu_typo_transform":"","ocean_menu_typo_transform_tablet":"","ocean_menu_typo_transform_mobile":"","ocean_menu_typo_line_height":0,"ocean_menu_typo_line_height_tablet":0,"ocean_menu_typo_line_height_mobile":0,"ocean_menu_typo_line_height_unit":"","ocean_menu_typo_spacing":0,"ocean_menu_typo_spacing_tablet":0,"ocean_menu_typo_spacing_mobile":0,"ocean_menu_typo_spacing_unit":"","ocean_menu_link_color":"","ocean_menu_link_color_hover":"","ocean_menu_link_color_active":"","ocean_menu_link_background":"","ocean_menu_link_hover_background":"","ocean_menu_link_active_background":"","ocean_menu_social_links_bg":"","ocean_menu_social_hover_links_bg":"","ocean_menu_social_links_color":"","ocean_menu_social_hover_links_color":"","ocean_disable_title":"on","ocean_disable_heading":"default","ocean_post_title":"","ocean_post_subheading":"","ocean_post_title_style":"","ocean_post_title_background_color":"","ocean_post_title_background":0,"ocean_post_title_bg_image_position":"","ocean_post_title_bg_image_attachment":"","ocean_post_title_bg_image_repeat":"","ocean_post_title_bg_image_size":"","ocean_post_title_height":0,"ocean_post_title_bg_overlay":0.5,"ocean_post_title_bg_overlay_color":"","ocean_disable_breadcrumbs":"default","ocean_breadcrumbs_color":"","ocean_breadcrumbs_separator_color":"","ocean_breadcrumbs_links_color":"","ocean_breadcrumbs_links_hover_color":"","ocean_display_footer_widgets":"default","ocean_display_footer_bottom":"default","ocean_custom_footer_template":"0","footnotes":""},"class_list":["post-345","page","type-page","status-publish","hentry","entry"],"yoast_head":"<!-- This site is optimized with the Yoast SEO plugin v27.2 - https:\/\/yoast.com\/product\/yoast-seo-wordpress\/ -->\n<title>Dr. Maximilian Bimler | Kieferorthop\u00e4de D\u00fcsseldorf<\/title>\n<meta name=\"description\" content=\"Dr. Maximilian Bimler, Kieferorthop\u00e4de in D\u00fcsseldorf. \u00dcber 30 Jahre Erfahrung, Invisalign &amp; Lingualtechnik. Jetzt Termin: 0211 559 1000.\" \/>\n<meta name=\"robots\" content=\"index, follow, max-snippet:-1, max-image-preview:large, max-video-preview:-1\" \/>\n<link rel=\"canonical\" href=\"https:\/\/bimlerundschmidt.de\/en\/ueber-uns\/team\/maximilian-bimler\/\" \/>\n<meta property=\"og:locale\" content=\"en_US\" \/>\n<meta property=\"og:type\" content=\"article\" \/>\n<meta property=\"og:title\" content=\"Dr. Maximilian Bimler | Kieferorthop\u00e4de D\u00fcsseldorf\" \/>\n<meta property=\"og:description\" content=\"Dr. Maximilian Bimler, Kieferorthop\u00e4de in D\u00fcsseldorf. \u00dcber 30 Jahre Erfahrung, Invisalign &amp; Lingualtechnik. Jetzt Termin: 0211 559 1000.\" \/>\n<meta property=\"og:url\" content=\"https:\/\/bimlerundschmidt.de\/en\/ueber-uns\/team\/maximilian-bimler\/\" \/>\n<meta property=\"og:site_name\" content=\"BIMLER &amp; SCHMIDT Kieferorthop\u00e4den\" \/>\n<meta property=\"article:publisher\" content=\"https:\/\/de-de.facebook.com\/bimlerundschmidt.de\/\" \/>\n<meta property=\"article:modified_time\" content=\"2026-03-20T17:45:25+00:00\" \/>\n<meta property=\"og:image\" content=\"https:\/\/bimlerundschmidt.de\/wp-content\/uploads\/2019\/06\/Maximilian-Bimler-Team-1-1.jpg\" \/>\n\t<meta property=\"og:image:width\" content=\"580\" \/>\n\t<meta property=\"og:image:height\" content=\"580\" \/>\n\t<meta property=\"og:image:type\" content=\"image\/jpeg\" \/>\n<meta name=\"twitter:card\" content=\"summary_large_image\" \/>\n<meta name=\"twitter:label1\" content=\"Est. reading time\" \/>\n\t<meta name=\"twitter:data1\" content=\"3 minutes\" \/>\n<script type=\"application\/ld+json\" class=\"yoast-schema-graph\">{\"@context\":\"https:\/\/schema.org\",\"@graph\":[{\"@type\":\"WebPage\",\"@id\":\"https:\/\/bimlerundschmidt.de\/ueber-uns\/team\/maximilian-bimler\/\",\"url\":\"https:\/\/bimlerundschmidt.de\/ueber-uns\/team\/maximilian-bimler\/\",\"name\":\"Dr. Maximilian Bimler | Kieferorthop\u00e4de D\u00fcsseldorf\",\"isPartOf\":{\"@id\":\"https:\/\/bimlerundschmidt.de\/#website\"},\"primaryImageOfPage\":{\"@id\":\"https:\/\/bimlerundschmidt.de\/ueber-uns\/team\/maximilian-bimler\/#primaryimage\"},\"image\":{\"@id\":\"https:\/\/bimlerundschmidt.de\/ueber-uns\/team\/maximilian-bimler\/#primaryimage\"},\"thumbnailUrl\":\"https:\/\/bimlerundschmidt.de\/wp-content\/uploads\/2019\/06\/Maximilian-Bimler-Team-1-1.jpg\",\"datePublished\":\"2019-06-23T21:24:46+00:00\",\"dateModified\":\"2026-03-20T17:45:25+00:00\",\"description\":\"Dr. Maximilian Bimler, Kieferorthop\u00e4de in D\u00fcsseldorf. \u00dcber 30 Jahre Erfahrung, Invisalign & Lingualtechnik. Jetzt Termin: 0211 559 1000.\",\"breadcrumb\":{\"@id\":\"https:\/\/bimlerundschmidt.de\/ueber-uns\/team\/maximilian-bimler\/#breadcrumb\"},\"inLanguage\":\"en-US\",\"potentialAction\":[{\"@type\":\"ReadAction\",\"target\":[\"https:\/\/bimlerundschmidt.de\/ueber-uns\/team\/maximilian-bimler\/\"]}]},{\"@type\":\"ImageObject\",\"inLanguage\":\"en-US\",\"@id\":\"https:\/\/bimlerundschmidt.de\/ueber-uns\/team\/maximilian-bimler\/#primaryimage\",\"url\":\"https:\/\/bimlerundschmidt.de\/wp-content\/uploads\/2019\/06\/Maximilian-Bimler-Team-1-1.jpg\",\"contentUrl\":\"https:\/\/bimlerundschmidt.de\/wp-content\/uploads\/2019\/06\/Maximilian-Bimler-Team-1-1.jpg\"},{\"@type\":\"BreadcrumbList\",\"@id\":\"https:\/\/bimlerundschmidt.de\/ueber-uns\/team\/maximilian-bimler\/#breadcrumb\",\"itemListElement\":[{\"@type\":\"ListItem\",\"position\":1,\"name\":\"Startseite\",\"item\":\"https:\/\/bimlerundschmidt.de\/\"},{\"@type\":\"ListItem\",\"position\":2,\"name\":\"\u00fcber uns\",\"item\":\"https:\/\/bimlerundschmidt.de\/ueber-uns\/\"},{\"@type\":\"ListItem\",\"position\":3,\"name\":\"Team\",\"item\":\"https:\/\/bimlerundschmidt.de\/ueber-uns\/team\/\"},{\"@type\":\"ListItem\",\"position\":4,\"name\":\"Maximilian Bimler\"}]},{\"@type\":\"WebSite\",\"@id\":\"https:\/\/bimlerundschmidt.de\/#website\",\"url\":\"https:\/\/bimlerundschmidt.de\/\",\"name\":\"Bimler & Schmidt Kieferorthop\u00e4den\",\"description\":\"Kieferorthop\u00e4den Kieferorthop\u00e4de D\u00fcsseldorf\",\"publisher\":{\"@id\":\"https:\/\/bimlerundschmidt.de\/#organization\"},\"potentialAction\":[{\"@type\":\"SearchAction\",\"target\":{\"@type\":\"EntryPoint\",\"urlTemplate\":\"https:\/\/bimlerundschmidt.de\/?s={search_term_string}\"},\"query-input\":{\"@type\":\"PropertyValueSpecification\",\"valueRequired\":true,\"valueName\":\"search_term_string\"}}],\"inLanguage\":\"en-US\"},{\"@type\":\"Organization\",\"@id\":\"https:\/\/bimlerundschmidt.de\/#organization\",\"name\":\"Bimler & Schmidt - Kieferorthop\u00e4den\",\"url\":\"https:\/\/bimlerundschmidt.de\/\",\"logo\":{\"@type\":\"ImageObject\",\"inLanguage\":\"en-US\",\"@id\":\"https:\/\/bimlerundschmidt.de\/#\/schema\/logo\/image\/\",\"url\":\"https:\/\/bimlerundschmidt.de\/wp-content\/uploads\/2026\/02\/cropped-cropped-Zeichenflaeche-1-Kopie.png\",\"contentUrl\":\"https:\/\/bimlerundschmidt.de\/wp-content\/uploads\/2026\/02\/cropped-cropped-Zeichenflaeche-1-Kopie.png\",\"width\":685,\"height\":205,\"caption\":\"Bimler & Schmidt - Kieferorthop\u00e4den\"},\"image\":{\"@id\":\"https:\/\/bimlerundschmidt.de\/#\/schema\/logo\/image\/\"},\"sameAs\":[\"https:\/\/de-de.facebook.com\/bimlerundschmidt.de\/\",\"https:\/\/www.instagram.com\/bimlerundschmidt\/\"]}]}<\/script>\n<!-- \/ Yoast SEO plugin. -->","yoast_head_json":{"title":"Dr. Maximilian Bimler | Orthodontist D\u00fcsseldorf","description":"Dr. Maximilian Bimler, orthodontist in D\u00fcsseldorf. Over 30 years of experience, Invisalign &amp; lingual technique. Appointment now: 0211 559 1000.","robots":{"index":"index","follow":"follow","max-snippet":"max-snippet:-1","max-image-preview":"max-image-preview:large","max-video-preview":"max-video-preview:-1"},"canonical":"https:\/\/bimlerundschmidt.de\/en\/ueber-uns\/team\/maximilian-bimler\/","og_locale":"en_US","og_type":"article","og_title":"Dr. Maximilian Bimler | Kieferorthop\u00e4de D\u00fcsseldorf","og_description":"Dr. Maximilian Bimler, Kieferorthop\u00e4de in D\u00fcsseldorf. \u00dcber 30 Jahre Erfahrung, Invisalign & Lingualtechnik. Jetzt Termin: 0211 559 1000.","og_url":"https:\/\/bimlerundschmidt.de\/en\/ueber-uns\/team\/maximilian-bimler\/","og_site_name":"BIMLER &amp; SCHMIDT Kieferorthop\u00e4den","article_publisher":"https:\/\/de-de.facebook.com\/bimlerundschmidt.de\/","article_modified_time":"2026-03-20T17:45:25+00:00","og_image":[{"width":580,"height":580,"url":"https:\/\/bimlerundschmidt.de\/wp-content\/uploads\/2019\/06\/Maximilian-Bimler-Team-1-1.jpg","type":"image\/jpeg"}],"twitter_card":"summary_large_image","twitter_misc":{"Est. reading time":"3 minutes"},"schema":{"@context":"https:\/\/schema.org","@graph":[{"@type":"WebPage","@id":"https:\/\/bimlerundschmidt.de\/ueber-uns\/team\/maximilian-bimler\/","url":"https:\/\/bimlerundschmidt.de\/ueber-uns\/team\/maximilian-bimler\/","name":"Dr. Maximilian Bimler | Orthodontist D\u00fcsseldorf","isPartOf":{"@id":"https:\/\/bimlerundschmidt.de\/#website"},"primaryImageOfPage":{"@id":"https:\/\/bimlerundschmidt.de\/ueber-uns\/team\/maximilian-bimler\/#primaryimage"},"image":{"@id":"https:\/\/bimlerundschmidt.de\/ueber-uns\/team\/maximilian-bimler\/#primaryimage"},"thumbnailUrl":"https:\/\/bimlerundschmidt.de\/wp-content\/uploads\/2019\/06\/Maximilian-Bimler-Team-1-1.jpg","datePublished":"2019-06-23T21:24:46+00:00","dateModified":"2026-03-20T17:45:25+00:00","description":"Dr. Maximilian Bimler, orthodontist in D\u00fcsseldorf. Over 30 years of experience, Invisalign &amp; lingual technique. Appointment now: 0211 559 1000.","breadcrumb":{"@id":"https:\/\/bimlerundschmidt.de\/ueber-uns\/team\/maximilian-bimler\/#breadcrumb"},"inLanguage":"en-US","potentialAction":[{"@type":"ReadAction","target":["https:\/\/bimlerundschmidt.de\/ueber-uns\/team\/maximilian-bimler\/"]}]},{"@type":"ImageObject","inLanguage":"en-US","@id":"https:\/\/bimlerundschmidt.de\/ueber-uns\/team\/maximilian-bimler\/#primaryimage","url":"https:\/\/bimlerundschmidt.de\/wp-content\/uploads\/2019\/06\/Maximilian-Bimler-Team-1-1.jpg","contentUrl":"https:\/\/bimlerundschmidt.de\/wp-content\/uploads\/2019\/06\/Maximilian-Bimler-Team-1-1.jpg"},{"@type":"BreadcrumbList","@id":"https:\/\/bimlerundschmidt.de\/ueber-uns\/team\/maximilian-bimler\/#breadcrumb","itemListElement":[{"@type":"ListItem","position":1,"name":"Startseite","item":"https:\/\/bimlerundschmidt.de\/"},{"@type":"ListItem","position":2,"name":"\u00fcber uns","item":"https:\/\/bimlerundschmidt.de\/ueber-uns\/"},{"@type":"ListItem","position":3,"name":"Team","item":"https:\/\/bimlerundschmidt.de\/ueber-uns\/team\/"},{"@type":"ListItem","position":4,"name":"Maximilian Bimler"}]},{"@type":"WebSite","@id":"https:\/\/bimlerundschmidt.de\/#website","url":"https:\/\/bimlerundschmidt.de\/","name":"Bimler &amp; Schmidt Orthodontists","description":"Orthodontists Orthodontist D\u00fcsseldorf","publisher":{"@id":"https:\/\/bimlerundschmidt.de\/#organization"},"potentialAction":[{"@type":"SearchAction","target":{"@type":"EntryPoint","urlTemplate":"https:\/\/bimlerundschmidt.de\/?s={search_term_string}"},"query-input":{"@type":"PropertyValueSpecification","valueRequired":true,"valueName":"search_term_string"}}],"inLanguage":"en-US"},{"@type":"Organization","@id":"https:\/\/bimlerundschmidt.de\/#organization","name":"Bimler &amp; Schmidt - Orthodontists","url":"https:\/\/bimlerundschmidt.de\/","logo":{"@type":"ImageObject","inLanguage":"en-US","@id":"https:\/\/bimlerundschmidt.de\/#\/schema\/logo\/image\/","url":"https:\/\/bimlerundschmidt.de\/wp-content\/uploads\/2026\/02\/cropped-cropped-Zeichenflaeche-1-Kopie.png","contentUrl":"https:\/\/bimlerundschmidt.de\/wp-content\/uploads\/2026\/02\/cropped-cropped-Zeichenflaeche-1-Kopie.png","width":685,"height":205,"caption":"Bimler & Schmidt - Kieferorthop\u00e4den"},"image":{"@id":"https:\/\/bimlerundschmidt.de\/#\/schema\/logo\/image\/"},"sameAs":["https:\/\/de-de.facebook.com\/bimlerundschmidt.de\/","https:\/\/www.instagram.com\/bimlerundschmidt\/"]}]}},"_links":{"self":[{"href":"https:\/\/bimlerundschmidt.de\/en\/wp-json\/wp\/v2\/pages\/345","targetHints":{"allow":["GET"]}}],"collection":[{"href":"https:\/\/bimlerundschmidt.de\/en\/wp-json\/wp\/v2\/pages"}],"about":[{"href":"https:\/\/bimlerundschmidt.de\/en\/wp-json\/wp\/v2\/types\/page"}],"author":[{"embeddable":true,"href":"https:\/\/bimlerundschmidt.de\/en\/wp-json\/wp\/v2\/users\/2"}],"replies":[{"embeddable":true,"href":"https:\/\/bimlerundschmidt.de\/en\/wp-json\/wp\/v2\/comments?post=345"}],"version-history":[{"count":1,"href":"https:\/\/bimlerundschmidt.de\/en\/wp-json\/wp\/v2\/pages\/345\/revisions"}],"predecessor-version":[{"id":3473,"href":"https:\/\/bimlerundschmidt.de\/en\/wp-json\/wp\/v2\/pages\/345\/revisions\/3473"}],"up":[{"embeddable":true,"href":"https:\/\/bimlerundschmidt.de\/en\/wp-json\/wp\/v2\/pages\/176"}],"wp:attachment":[{"href":"https:\/\/bimlerundschmidt.de\/en\/wp-json\/wp\/v2\/media?parent=345"}],"curies":[{"name":"wp","href":"https:\/\/api.w.org\/{rel}","templated":true}]}}