{"id":409,"date":"2019-06-28T16:21:41","date_gmt":"2019-06-28T16:21:41","guid":{"rendered":"http:\/\/oberkassel.preisverlust.de\/?page_id=409"},"modified":"2026-03-15T16:54:10","modified_gmt":"2026-03-15T16:54:10","slug":"labor","status":"publish","type":"page","link":"https:\/\/bimlerundschmidt.de\/en\/ueber-uns\/labor\/","title":{"rendered":"Dental Laboratory"},"content":{"rendered":"<div class=\"wp-block-group alignfull has-background\" style=\"background-color:#a2bb0b\"><div class=\"wp-block-group__inner-container is-layout-constrained wp-block-group-is-layout-constrained\">\n<div style=\"height:20px\" aria-hidden=\"true\" class=\"wp-block-spacer\"><\/div>\n\n\n\n<h1 class=\"wp-block-heading has-text-align-center\">PRECISION WORK FROM A PROFESSIONAL<\/h1>\n\n\n\n<h3 class=\"wp-block-heading has-text-align-center\">In-House Manufacturing in our Specialist Orthodontic Laboratory<\/h3>\n\n\n\n<hr class=\"wp-block-separator has-alpha-channel-opacity\"\/>\n\n\n\n<div style=\"height:20px\" aria-hidden=\"true\" class=\"wp-block-spacer\"><\/div>\n<\/div><\/div>\n\n\n\n<div style=\"height:10px\" aria-hidden=\"true\" class=\"wp-block-spacer\"><\/div>\n\n\n\n<p class=\"has-text-align-center\">Our orthodontics laboratory in D\u00fcsseldorf-Oberkassel - Bimler &amp; Schmidt is one of the few practices to offer a completely in-house laboratory directly on site. Avoiding, correcting or eliminating misaligned teeth and jaw problems is precision work - especially where the braces and brackets are made, adjusted and fitted individually for each patient.<\/p>\n\n\n\n<p class=\"has-text-align-center\"><strong>OUR PRACTICE'S OWN LABORATORY<\/strong><\/p>\n\n\n\n<p class=\"has-text-align-center\">In our orthodontics laboratory in D\u00fcsseldorf, craftsmanship, experience and modern technology come together perfectly. Around 90 percent of the brackets, archwires and wires for braces and splints are manufactured here. This is one of the main advantages for patients: The dental technician in the laboratory is involved at all times right from the start. If a brace or splint does not fit perfectly, this can be corrected immediately on site - there is no need to make a new appointment.<\/p>\n\n\n\n<p class=\"has-text-align-center\">For you as a patient, this means shorter waiting times, greater precision and treatment from a single source. Our laboratory is a quality feature that sets us apart from many other orthodontists in D\u00fcsseldorf.<\/p>\n\n\n\n<p class=\"has-text-align-center\">Interested? Let us show you around! Contact us!<\/p>\n\n\n\n<h4 class=\"wp-block-heading has-text-align-center\">Know-how plus experience plus technology<\/h4>\n\n\n\n<h4 class=\"wp-block-heading has-text-align-center\">GUARENTEEING THE HIGHEST QUALITY<\/h4>\n\n\n\n<hr class=\"wp-block-separator has-alpha-channel-opacity\"\/>\n\n\n\n<figure class=\"wp-block-gallery has-nested-images columns-default is-cropped wp-block-gallery-1 is-layout-flex wp-block-gallery-is-layout-flex\">\n<figure class=\"wp-block-image size-large\"><img decoding=\"async\" width=\"1024\" height=\"682\" data-id=\"1374\" src=\"https:\/\/bimlerundschmidt.de\/wp-content\/uploads\/2019\/11\/O4A0676-web-1024x682.jpg\" alt=\"\" class=\"wp-image-1374\" srcset=\"https:\/\/bimlerundschmidt.de\/wp-content\/uploads\/2019\/11\/O4A0676-web-1024x682.jpg 1024w, https:\/\/bimlerundschmidt.de\/wp-content\/uploads\/2019\/11\/O4A0676-web-300x200.jpg 300w, https:\/\/bimlerundschmidt.de\/wp-content\/uploads\/2019\/11\/O4A0676-web-768x512.jpg 768w, https:\/\/bimlerundschmidt.de\/wp-content\/uploads\/2019\/11\/O4A0676-web-500x333.jpg 500w, https:\/\/bimlerundschmidt.de\/wp-content\/uploads\/2019\/11\/O4A0676-web-800x533.jpg 800w, https:\/\/bimlerundschmidt.de\/wp-content\/uploads\/2019\/11\/O4A0676-web-1280x853.jpg 1280w, https:\/\/bimlerundschmidt.de\/wp-content\/uploads\/2019\/11\/O4A0676-web-1920x1280.jpg 1920w, https:\/\/bimlerundschmidt.de\/wp-content\/uploads\/2019\/11\/O4A0676-web-1536x1024.jpg 1536w, https:\/\/bimlerundschmidt.de\/wp-content\/uploads\/2019\/11\/O4A0676-web.jpg 2000w\" sizes=\"(max-width: 1024px) 100vw, 1024px\" \/><\/figure>\n\n\n\n<figure class=\"wp-block-image size-large\"><img decoding=\"async\" width=\"1024\" height=\"682\" data-id=\"1373\" src=\"https:\/\/bimlerundschmidt.de\/wp-content\/uploads\/2019\/11\/O4A0646-web-1024x682.jpg\" alt=\"\" class=\"wp-image-1373\" srcset=\"https:\/\/bimlerundschmidt.de\/wp-content\/uploads\/2019\/11\/O4A0646-web-1024x682.jpg 1024w, https:\/\/bimlerundschmidt.de\/wp-content\/uploads\/2019\/11\/O4A0646-web-300x200.jpg 300w, https:\/\/bimlerundschmidt.de\/wp-content\/uploads\/2019\/11\/O4A0646-web-768x512.jpg 768w, https:\/\/bimlerundschmidt.de\/wp-content\/uploads\/2019\/11\/O4A0646-web-500x333.jpg 500w, https:\/\/bimlerundschmidt.de\/wp-content\/uploads\/2019\/11\/O4A0646-web-800x533.jpg 800w, https:\/\/bimlerundschmidt.de\/wp-content\/uploads\/2019\/11\/O4A0646-web-1280x853.jpg 1280w, https:\/\/bimlerundschmidt.de\/wp-content\/uploads\/2019\/11\/O4A0646-web-1920x1280.jpg 1920w, https:\/\/bimlerundschmidt.de\/wp-content\/uploads\/2019\/11\/O4A0646-web-1536x1024.jpg 1536w, https:\/\/bimlerundschmidt.de\/wp-content\/uploads\/2019\/11\/O4A0646-web.jpg 2000w\" sizes=\"(max-width: 1024px) 100vw, 1024px\" \/><\/figure>\n\n\n\n<figure class=\"wp-block-image size-full\"><img decoding=\"async\" width=\"878\" height=\"585\" data-id=\"432\" src=\"https:\/\/bimlerundschmidt.de\/wp-content\/uploads\/2019\/06\/181-BimlerSchmidt-Kieferorthopaeden.jpg\" alt=\"\" class=\"wp-image-432\" srcset=\"https:\/\/bimlerundschmidt.de\/wp-content\/uploads\/2019\/06\/181-BimlerSchmidt-Kieferorthopaeden.jpg 878w, https:\/\/bimlerundschmidt.de\/wp-content\/uploads\/2019\/06\/181-BimlerSchmidt-Kieferorthopaeden-300x200.jpg 300w, https:\/\/bimlerundschmidt.de\/wp-content\/uploads\/2019\/06\/181-BimlerSchmidt-Kieferorthopaeden-768x512.jpg 768w\" sizes=\"(max-width: 878px) 100vw, 878px\" \/><\/figure>\n<\/figure>\n\n\n\n<div style=\"height:60px\" aria-hidden=\"true\" class=\"wp-block-spacer\"><\/div>","protected":false},"excerpt":{"rendered":"<p>PR\u00c4ZISIONSARBEIT VOM PROFI Wir fertigen im praxiseigenen Labor Unser Kieferorthop\u00e4die Labor in D\u00fcsseldorf-Oberkassel \u2014 als eine der wenigen Praxen bietet Bimler &amp; Schmidt ein vollst\u00e4ndig praxiseigenes Labor direkt vor Ort. Zahnfehlstellungen und Kieferprobleme zu vermeiden, zu korrigieren oder zu beseitigen, ist Millimeterarbeit \u2013 vor allem dort, wo die entsprechenden Zahnspangen und Brackets individuell f\u00fcr jeden [&hellip;]<\/p>\n","protected":false},"author":2,"featured_media":0,"parent":474,"menu_order":0,"comment_status":"closed","ping_status":"closed","template":"","meta":{"ocean_post_layout":"","ocean_both_sidebars_style":"","ocean_both_sidebars_content_width":0,"ocean_both_sidebars_sidebars_width":0,"ocean_sidebar":"0","ocean_second_sidebar":"0","ocean_disable_margins":"enable","ocean_add_body_class":"","ocean_shortcode_before_top_bar":"","ocean_shortcode_after_top_bar":"","ocean_shortcode_before_header":"","ocean_shortcode_after_header":"","ocean_has_shortcode":"","ocean_shortcode_after_title":"","ocean_shortcode_before_footer_widgets":"","ocean_shortcode_after_footer_widgets":"","ocean_shortcode_before_footer_bottom":"","ocean_shortcode_after_footer_bottom":"","ocean_display_top_bar":"default","ocean_display_header":"default","ocean_header_style":"","ocean_center_header_left_menu":"0","ocean_custom_header_template":"0","ocean_custom_logo":0,"ocean_custom_retina_logo":0,"ocean_custom_logo_max_width":0,"ocean_custom_logo_tablet_max_width":0,"ocean_custom_logo_mobile_max_width":0,"ocean_custom_logo_max_height":0,"ocean_custom_logo_tablet_max_height":0,"ocean_custom_logo_mobile_max_height":0,"ocean_header_custom_menu":"0","ocean_menu_typo_font_family":"0","ocean_menu_typo_font_subset":"","ocean_menu_typo_font_size":0,"ocean_menu_typo_font_size_tablet":0,"ocean_menu_typo_font_size_mobile":0,"ocean_menu_typo_font_size_unit":"px","ocean_menu_typo_font_weight":"","ocean_menu_typo_font_weight_tablet":"","ocean_menu_typo_font_weight_mobile":"","ocean_menu_typo_transform":"","ocean_menu_typo_transform_tablet":"","ocean_menu_typo_transform_mobile":"","ocean_menu_typo_line_height":0,"ocean_menu_typo_line_height_tablet":0,"ocean_menu_typo_line_height_mobile":0,"ocean_menu_typo_line_height_unit":"","ocean_menu_typo_spacing":0,"ocean_menu_typo_spacing_tablet":0,"ocean_menu_typo_spacing_mobile":0,"ocean_menu_typo_spacing_unit":"","ocean_menu_link_color":"","ocean_menu_link_color_hover":"","ocean_menu_link_color_active":"","ocean_menu_link_background":"","ocean_menu_link_hover_background":"","ocean_menu_link_active_background":"","ocean_menu_social_links_bg":"","ocean_menu_social_hover_links_bg":"","ocean_menu_social_links_color":"","ocean_menu_social_hover_links_color":"","ocean_disable_title":"on","ocean_disable_heading":"default","ocean_post_title":"","ocean_post_subheading":"","ocean_post_title_style":"","ocean_post_title_background_color":"","ocean_post_title_background":0,"ocean_post_title_bg_image_position":"","ocean_post_title_bg_image_attachment":"","ocean_post_title_bg_image_repeat":"","ocean_post_title_bg_image_size":"","ocean_post_title_height":0,"ocean_post_title_bg_overlay":0.5,"ocean_post_title_bg_overlay_color":"","ocean_disable_breadcrumbs":"default","ocean_breadcrumbs_color":"","ocean_breadcrumbs_separator_color":"","ocean_breadcrumbs_links_color":"","ocean_breadcrumbs_links_hover_color":"","ocean_display_footer_widgets":"default","ocean_display_footer_bottom":"default","ocean_custom_footer_template":"0","footnotes":""},"class_list":["post-409","page","type-page","status-publish","hentry","entry"],"yoast_head":"<!-- This site is optimized with the Yoast SEO plugin v27.2 - https:\/\/yoast.com\/product\/yoast-seo-wordpress\/ -->\n<title>KFO Labor D\u00fcsseldorf | Bimler &amp; Schmidt<\/title>\n<meta name=\"description\" content=\"Eigenes KFO-Labor in D\u00fcsseldorf-Oberkassel. 90% der Zahnspangen selbst gefertigt. K\u00fcrzere Wartezeiten, mehr Pr\u00e4zision. Tel: 0211 559 1000.\" \/>\n<meta name=\"robots\" content=\"index, follow, max-snippet:-1, max-image-preview:large, max-video-preview:-1\" \/>\n<link rel=\"canonical\" href=\"https:\/\/bimlerundschmidt.de\/en\/ueber-uns\/labor\/\" \/>\n<meta property=\"og:locale\" content=\"en_US\" \/>\n<meta property=\"og:type\" content=\"article\" \/>\n<meta property=\"og:title\" content=\"KFO Labor D\u00fcsseldorf | Bimler &amp; Schmidt\" \/>\n<meta property=\"og:description\" content=\"Eigenes KFO-Labor in D\u00fcsseldorf-Oberkassel. 90% der Zahnspangen selbst gefertigt. K\u00fcrzere Wartezeiten, mehr Pr\u00e4zision. Tel: 0211 559 1000.\" \/>\n<meta property=\"og:url\" content=\"https:\/\/bimlerundschmidt.de\/en\/ueber-uns\/labor\/\" \/>\n<meta property=\"og:site_name\" content=\"BIMLER &amp; SCHMIDT Kieferorthop\u00e4den\" \/>\n<meta property=\"article:publisher\" content=\"https:\/\/de-de.facebook.com\/bimlerundschmidt.de\/\" \/>\n<meta property=\"article:modified_time\" content=\"2026-03-15T16:54:10+00:00\" \/>\n<meta property=\"og:image\" content=\"https:\/\/bimlerundschmidt.de\/wp-content\/uploads\/2019\/11\/O4A0676-web.jpg\" \/>\n\t<meta property=\"og:image:width\" content=\"2000\" \/>\n\t<meta property=\"og:image:height\" content=\"1333\" \/>\n\t<meta property=\"og:image:type\" content=\"image\/jpeg\" \/>\n<meta name=\"twitter:card\" content=\"summary_large_image\" \/>\n<meta name=\"twitter:label1\" content=\"Est. reading time\" \/>\n\t<meta name=\"twitter:data1\" content=\"2 minutes\" \/>\n<script type=\"application\/ld+json\" class=\"yoast-schema-graph\">{\"@context\":\"https:\/\/schema.org\",\"@graph\":[{\"@type\":\"WebPage\",\"@id\":\"https:\/\/bimlerundschmidt.de\/ueber-uns\/labor\/\",\"url\":\"https:\/\/bimlerundschmidt.de\/ueber-uns\/labor\/\",\"name\":\"KFO Labor D\u00fcsseldorf | Bimler & Schmidt\",\"isPartOf\":{\"@id\":\"https:\/\/bimlerundschmidt.de\/#website\"},\"primaryImageOfPage\":{\"@id\":\"https:\/\/bimlerundschmidt.de\/ueber-uns\/labor\/#primaryimage\"},\"image\":{\"@id\":\"https:\/\/bimlerundschmidt.de\/ueber-uns\/labor\/#primaryimage\"},\"thumbnailUrl\":\"https:\/\/bimlerundschmidt.de\/wp-content\/uploads\/2019\/11\/O4A0676-web-1024x682.jpg\",\"datePublished\":\"2019-06-28T16:21:41+00:00\",\"dateModified\":\"2026-03-15T16:54:10+00:00\",\"description\":\"Eigenes KFO-Labor in D\u00fcsseldorf-Oberkassel. 90% der Zahnspangen selbst gefertigt. K\u00fcrzere Wartezeiten, mehr Pr\u00e4zision. Tel: 0211 559 1000.\",\"breadcrumb\":{\"@id\":\"https:\/\/bimlerundschmidt.de\/ueber-uns\/labor\/#breadcrumb\"},\"inLanguage\":\"en-US\",\"potentialAction\":[{\"@type\":\"ReadAction\",\"target\":[\"https:\/\/bimlerundschmidt.de\/ueber-uns\/labor\/\"]}]},{\"@type\":\"ImageObject\",\"inLanguage\":\"en-US\",\"@id\":\"https:\/\/bimlerundschmidt.de\/ueber-uns\/labor\/#primaryimage\",\"url\":\"https:\/\/bimlerundschmidt.de\/wp-content\/uploads\/2019\/11\/O4A0676-web-1024x682.jpg\",\"contentUrl\":\"https:\/\/bimlerundschmidt.de\/wp-content\/uploads\/2019\/11\/O4A0676-web-1024x682.jpg\"},{\"@type\":\"BreadcrumbList\",\"@id\":\"https:\/\/bimlerundschmidt.de\/ueber-uns\/labor\/#breadcrumb\",\"itemListElement\":[{\"@type\":\"ListItem\",\"position\":1,\"name\":\"Startseite\",\"item\":\"https:\/\/bimlerundschmidt.de\/\"},{\"@type\":\"ListItem\",\"position\":2,\"name\":\"\u00fcber uns\",\"item\":\"https:\/\/bimlerundschmidt.de\/ueber-uns\/\"},{\"@type\":\"ListItem\",\"position\":3,\"name\":\"Labor\"}]},{\"@type\":\"WebSite\",\"@id\":\"https:\/\/bimlerundschmidt.de\/#website\",\"url\":\"https:\/\/bimlerundschmidt.de\/\",\"name\":\"Bimler & Schmidt Kieferorthop\u00e4den\",\"description\":\"Kieferorthop\u00e4den Kieferorthop\u00e4de D\u00fcsseldorf\",\"publisher\":{\"@id\":\"https:\/\/bimlerundschmidt.de\/#organization\"},\"potentialAction\":[{\"@type\":\"SearchAction\",\"target\":{\"@type\":\"EntryPoint\",\"urlTemplate\":\"https:\/\/bimlerundschmidt.de\/?s={search_term_string}\"},\"query-input\":{\"@type\":\"PropertyValueSpecification\",\"valueRequired\":true,\"valueName\":\"search_term_string\"}}],\"inLanguage\":\"en-US\"},{\"@type\":\"Organization\",\"@id\":\"https:\/\/bimlerundschmidt.de\/#organization\",\"name\":\"Bimler & Schmidt - Kieferorthop\u00e4den\",\"url\":\"https:\/\/bimlerundschmidt.de\/\",\"logo\":{\"@type\":\"ImageObject\",\"inLanguage\":\"en-US\",\"@id\":\"https:\/\/bimlerundschmidt.de\/#\/schema\/logo\/image\/\",\"url\":\"https:\/\/bimlerundschmidt.de\/wp-content\/uploads\/2026\/02\/cropped-cropped-Zeichenflaeche-1-Kopie.png\",\"contentUrl\":\"https:\/\/bimlerundschmidt.de\/wp-content\/uploads\/2026\/02\/cropped-cropped-Zeichenflaeche-1-Kopie.png\",\"width\":685,\"height\":205,\"caption\":\"Bimler & Schmidt - Kieferorthop\u00e4den\"},\"image\":{\"@id\":\"https:\/\/bimlerundschmidt.de\/#\/schema\/logo\/image\/\"},\"sameAs\":[\"https:\/\/de-de.facebook.com\/bimlerundschmidt.de\/\",\"https:\/\/www.instagram.com\/bimlerundschmidt\/\"]}]}<\/script>\n<!-- \/ Yoast SEO plugin. -->","yoast_head_json":{"title":"KFO Laboratory D\u00fcsseldorf | Bimler &amp; Schmidt","description":"Own orthodontic laboratory in D\u00fcsseldorf-Oberkassel. 90% of braces made in-house. Shorter waiting times, more precision. Tel: 0211 559 1000.","robots":{"index":"index","follow":"follow","max-snippet":"max-snippet:-1","max-image-preview":"max-image-preview:large","max-video-preview":"max-video-preview:-1"},"canonical":"https:\/\/bimlerundschmidt.de\/en\/ueber-uns\/labor\/","og_locale":"en_US","og_type":"article","og_title":"KFO Labor D\u00fcsseldorf | Bimler & Schmidt","og_description":"Eigenes KFO-Labor in D\u00fcsseldorf-Oberkassel. 90% der Zahnspangen selbst gefertigt. K\u00fcrzere Wartezeiten, mehr Pr\u00e4zision. Tel: 0211 559 1000.","og_url":"https:\/\/bimlerundschmidt.de\/en\/ueber-uns\/labor\/","og_site_name":"BIMLER &amp; SCHMIDT Kieferorthop\u00e4den","article_publisher":"https:\/\/de-de.facebook.com\/bimlerundschmidt.de\/","article_modified_time":"2026-03-15T16:54:10+00:00","og_image":[{"width":2000,"height":1333,"url":"https:\/\/bimlerundschmidt.de\/wp-content\/uploads\/2019\/11\/O4A0676-web.jpg","type":"image\/jpeg"}],"twitter_card":"summary_large_image","twitter_misc":{"Est. reading time":"2 minutes"},"schema":{"@context":"https:\/\/schema.org","@graph":[{"@type":"WebPage","@id":"https:\/\/bimlerundschmidt.de\/ueber-uns\/labor\/","url":"https:\/\/bimlerundschmidt.de\/ueber-uns\/labor\/","name":"KFO Laboratory D\u00fcsseldorf | Bimler &amp; Schmidt","isPartOf":{"@id":"https:\/\/bimlerundschmidt.de\/#website"},"primaryImageOfPage":{"@id":"https:\/\/bimlerundschmidt.de\/ueber-uns\/labor\/#primaryimage"},"image":{"@id":"https:\/\/bimlerundschmidt.de\/ueber-uns\/labor\/#primaryimage"},"thumbnailUrl":"https:\/\/bimlerundschmidt.de\/wp-content\/uploads\/2019\/11\/O4A0676-web-1024x682.jpg","datePublished":"2019-06-28T16:21:41+00:00","dateModified":"2026-03-15T16:54:10+00:00","description":"Own orthodontic laboratory in D\u00fcsseldorf-Oberkassel. 90% of braces made in-house. Shorter waiting times, more precision. Tel: 0211 559 1000.","breadcrumb":{"@id":"https:\/\/bimlerundschmidt.de\/ueber-uns\/labor\/#breadcrumb"},"inLanguage":"en-US","potentialAction":[{"@type":"ReadAction","target":["https:\/\/bimlerundschmidt.de\/ueber-uns\/labor\/"]}]},{"@type":"ImageObject","inLanguage":"en-US","@id":"https:\/\/bimlerundschmidt.de\/ueber-uns\/labor\/#primaryimage","url":"https:\/\/bimlerundschmidt.de\/wp-content\/uploads\/2019\/11\/O4A0676-web-1024x682.jpg","contentUrl":"https:\/\/bimlerundschmidt.de\/wp-content\/uploads\/2019\/11\/O4A0676-web-1024x682.jpg"},{"@type":"BreadcrumbList","@id":"https:\/\/bimlerundschmidt.de\/ueber-uns\/labor\/#breadcrumb","itemListElement":[{"@type":"ListItem","position":1,"name":"Startseite","item":"https:\/\/bimlerundschmidt.de\/"},{"@type":"ListItem","position":2,"name":"\u00fcber uns","item":"https:\/\/bimlerundschmidt.de\/ueber-uns\/"},{"@type":"ListItem","position":3,"name":"Labor"}]},{"@type":"WebSite","@id":"https:\/\/bimlerundschmidt.de\/#website","url":"https:\/\/bimlerundschmidt.de\/","name":"Bimler &amp; Schmidt Orthodontists","description":"Orthodontists Orthodontist D\u00fcsseldorf","publisher":{"@id":"https:\/\/bimlerundschmidt.de\/#organization"},"potentialAction":[{"@type":"SearchAction","target":{"@type":"EntryPoint","urlTemplate":"https:\/\/bimlerundschmidt.de\/?s={search_term_string}"},"query-input":{"@type":"PropertyValueSpecification","valueRequired":true,"valueName":"search_term_string"}}],"inLanguage":"en-US"},{"@type":"Organization","@id":"https:\/\/bimlerundschmidt.de\/#organization","name":"Bimler &amp; Schmidt - Orthodontists","url":"https:\/\/bimlerundschmidt.de\/","logo":{"@type":"ImageObject","inLanguage":"en-US","@id":"https:\/\/bimlerundschmidt.de\/#\/schema\/logo\/image\/","url":"https:\/\/bimlerundschmidt.de\/wp-content\/uploads\/2026\/02\/cropped-cropped-Zeichenflaeche-1-Kopie.png","contentUrl":"https:\/\/bimlerundschmidt.de\/wp-content\/uploads\/2026\/02\/cropped-cropped-Zeichenflaeche-1-Kopie.png","width":685,"height":205,"caption":"Bimler & Schmidt - Kieferorthop\u00e4den"},"image":{"@id":"https:\/\/bimlerundschmidt.de\/#\/schema\/logo\/image\/"},"sameAs":["https:\/\/de-de.facebook.com\/bimlerundschmidt.de\/","https:\/\/www.instagram.com\/bimlerundschmidt\/"]}]}},"_links":{"self":[{"href":"https:\/\/bimlerundschmidt.de\/en\/wp-json\/wp\/v2\/pages\/409","targetHints":{"allow":["GET"]}}],"collection":[{"href":"https:\/\/bimlerundschmidt.de\/en\/wp-json\/wp\/v2\/pages"}],"about":[{"href":"https:\/\/bimlerundschmidt.de\/en\/wp-json\/wp\/v2\/types\/page"}],"author":[{"embeddable":true,"href":"https:\/\/bimlerundschmidt.de\/en\/wp-json\/wp\/v2\/users\/2"}],"replies":[{"embeddable":true,"href":"https:\/\/bimlerundschmidt.de\/en\/wp-json\/wp\/v2\/comments?post=409"}],"version-history":[{"count":0,"href":"https:\/\/bimlerundschmidt.de\/en\/wp-json\/wp\/v2\/pages\/409\/revisions"}],"up":[{"embeddable":true,"href":"https:\/\/bimlerundschmidt.de\/en\/wp-json\/wp\/v2\/pages\/474"}],"wp:attachment":[{"href":"https:\/\/bimlerundschmidt.de\/en\/wp-json\/wp\/v2\/media?parent=409"}],"curies":[{"name":"wp","href":"https:\/\/api.w.org\/{rel}","templated":true}]}}