{"id":991,"date":"2019-07-12T17:13:32","date_gmt":"2019-07-12T17:13:32","guid":{"rendered":"http:\/\/bimlerundschmidt.de\/?p=991"},"modified":"2026-03-20T18:45:13","modified_gmt":"2026-03-20T17:45:13","slug":"jessica-haymes-2","status":"publish","type":"page","link":"https:\/\/bimlerundschmidt.de\/en\/ueber-uns\/team\/jessica-haymes-2\/","title":{"rendered":"Jessica Haymes"},"content":{"rendered":"<div class=\"wp-block-columns are-vertically-aligned-center is-layout-flex wp-container-core-columns-is-layout-9d6595d7 wp-block-columns-is-layout-flex\">\n<div class=\"wp-block-column is-vertically-aligned-center is-layout-flow wp-block-column-is-layout-flow\">\n<figure class=\"wp-block-image size-large is-resized is-style-rounded\"><a href=\"https:\/\/bimlerundschmidt.de\/en\/ueber-uns\/team\/\"><img decoding=\"async\" src=\"https:\/\/bimlerundschmidt.de\/wp-content\/uploads\/2026\/02\/WhatsApp-Image-2026-02-18-at-19.42.27-e1773583056228.jpeg\" alt=\"\" style=\"object-fit:cover;width:400px;height:400px\"\/><\/a><\/figure>\n<\/div>\n\n\n\n<div class=\"wp-block-column is-vertically-aligned-center is-layout-flow wp-block-column-is-layout-flow\">\n<div class=\"wp-block-group is-vertical is-content-justification-center is-layout-flex wp-container-core-group-is-layout-73a99bce wp-block-group-is-layout-flex\">\n<h4 class=\"wp-block-heading has-text-align-center\">Practice- and Appointmentmanagement<\/h4>\n\n\n\n<h1 class=\"wp-block-heading has-text-align-center\">JESSICA HAYMES<\/h1>\n<\/div>\n\n\n\n<hr class=\"wp-block-separator has-alpha-channel-opacity\"\/>\n\n\n\n<div style=\"height:40px\" aria-hidden=\"true\" class=\"wp-block-spacer\"><\/div>\n\n\n\n<div class=\"wp-block-buttons is-content-justification-center is-layout-flex wp-container-core-buttons-is-layout-16018d1d wp-block-buttons-is-layout-flex\">\n<div class=\"wp-block-button\"><a class=\"wp-block-button__link wp-element-button\" href=\"https:\/\/bimlerundschmidt.de\/en\/ueber-uns\/team\/\">back to the team<\/a><\/div>\n<\/div>\n\n\n\n<div style=\"height:10px\" aria-hidden=\"true\" class=\"wp-block-spacer\"><\/div>\n<\/div>\n<\/div>\n\n\n\n<p class=\"has-text-align-center\">After graduating from high school and completing her training as a dental assistant in an orthodontic practice, with a final early examination&nbsp;<strong>Jessica Haymes&nbsp;<\/strong>joined Bimler &amp; Schmidt in February 2016. She quickly became an irreplaceable part of the clinical team. After two years as a treatment assistant, she joined the administration team in April 2018 and has been coordinating appointments, staff and treatment processes ever since. Quality is very important to us - which is why Jessica Haymes attended various training courses on quality management and successfully implements this in her day-to-day work at the practice. Give her a call, our friendly telephone voice. You will be helped here!<\/p>","protected":false},"excerpt":{"rendered":"<p>Praxis- und Terminkoordination JESSICA HAYMES Nach dem Abitur und der Ausbildung zur Zahnmedizinischen Fachangestellten in einer kieferorthop\u00e4dischen Praxis, mit abschlie\u00dfender vorgezogener Pr\u00fcfung, kam&nbsp;Jessica Haymes&nbsp;im Februar 2016 zu Bimler &amp; Schmidt. Sie entwickelte sich sehr schnell zu einem unersetzbaren Teil des klinischen Teams. Nach zweij\u00e4hrigem Wirken in der Behandlungsassistenz wechselte sie im April 2018 in das [&hellip;]<\/p>\n","protected":false},"author":2,"featured_media":0,"parent":176,"menu_order":0,"comment_status":"closed","ping_status":"open","template":"","meta":{"ocean_post_layout":"","ocean_both_sidebars_style":"","ocean_both_sidebars_content_width":0,"ocean_both_sidebars_sidebars_width":0,"ocean_sidebar":"0","ocean_second_sidebar":"0","ocean_disable_margins":"enable","ocean_add_body_class":"","ocean_shortcode_before_top_bar":"","ocean_shortcode_after_top_bar":"","ocean_shortcode_before_header":"","ocean_shortcode_after_header":"","ocean_has_shortcode":"","ocean_shortcode_after_title":"","ocean_shortcode_before_footer_widgets":"","ocean_shortcode_after_footer_widgets":"","ocean_shortcode_before_footer_bottom":"","ocean_shortcode_after_footer_bottom":"","ocean_display_top_bar":"default","ocean_display_header":"default","ocean_header_style":"","ocean_center_header_left_menu":"0","ocean_custom_header_template":"0","ocean_custom_logo":0,"ocean_custom_retina_logo":0,"ocean_custom_logo_max_width":0,"ocean_custom_logo_tablet_max_width":0,"ocean_custom_logo_mobile_max_width":0,"ocean_custom_logo_max_height":0,"ocean_custom_logo_tablet_max_height":0,"ocean_custom_logo_mobile_max_height":0,"ocean_header_custom_menu":"0","ocean_menu_typo_font_family":"0","ocean_menu_typo_font_subset":"","ocean_menu_typo_font_size":0,"ocean_menu_typo_font_size_tablet":0,"ocean_menu_typo_font_size_mobile":0,"ocean_menu_typo_font_size_unit":"px","ocean_menu_typo_font_weight":"","ocean_menu_typo_font_weight_tablet":"","ocean_menu_typo_font_weight_mobile":"","ocean_menu_typo_transform":"","ocean_menu_typo_transform_tablet":"","ocean_menu_typo_transform_mobile":"","ocean_menu_typo_line_height":0,"ocean_menu_typo_line_height_tablet":0,"ocean_menu_typo_line_height_mobile":0,"ocean_menu_typo_line_height_unit":"","ocean_menu_typo_spacing":0,"ocean_menu_typo_spacing_tablet":0,"ocean_menu_typo_spacing_mobile":0,"ocean_menu_typo_spacing_unit":"","ocean_menu_link_color":"","ocean_menu_link_color_hover":"","ocean_menu_link_color_active":"","ocean_menu_link_background":"","ocean_menu_link_hover_background":"","ocean_menu_link_active_background":"","ocean_menu_social_links_bg":"","ocean_menu_social_hover_links_bg":"","ocean_menu_social_links_color":"","ocean_menu_social_hover_links_color":"","ocean_disable_title":"on","ocean_disable_heading":"default","ocean_post_title":"","ocean_post_subheading":"","ocean_post_title_style":"","ocean_post_title_background_color":"","ocean_post_title_background":0,"ocean_post_title_bg_image_position":"","ocean_post_title_bg_image_attachment":"","ocean_post_title_bg_image_repeat":"","ocean_post_title_bg_image_size":"","ocean_post_title_height":0,"ocean_post_title_bg_overlay":0.5,"ocean_post_title_bg_overlay_color":"","ocean_disable_breadcrumbs":"default","ocean_breadcrumbs_color":"","ocean_breadcrumbs_separator_color":"","ocean_breadcrumbs_links_color":"","ocean_breadcrumbs_links_hover_color":"","ocean_display_footer_widgets":"default","ocean_display_footer_bottom":"default","ocean_custom_footer_template":"0","footnotes":""},"class_list":["post-991","page","type-page","status-publish","hentry","entry"],"yoast_head":"<!-- This site is optimized with the Yoast SEO plugin v27.2 - https:\/\/yoast.com\/product\/yoast-seo-wordpress\/ -->\n<title>Jessica Haymes - BIMLER &amp; SCHMIDT Kieferorthop\u00e4den<\/title>\n<meta name=\"robots\" content=\"index, follow, max-snippet:-1, max-image-preview:large, max-video-preview:-1\" \/>\n<link rel=\"canonical\" href=\"https:\/\/bimlerundschmidt.de\/en\/ueber-uns\/team\/jessica-haymes-2\/\" \/>\n<meta property=\"og:locale\" content=\"en_US\" \/>\n<meta property=\"og:type\" content=\"article\" \/>\n<meta property=\"og:title\" content=\"Jessica Haymes - BIMLER &amp; SCHMIDT Kieferorthop\u00e4den\" \/>\n<meta property=\"og:description\" content=\"Praxis- und Terminkoordination JESSICA HAYMES Nach dem Abitur und der Ausbildung zur Zahnmedizinischen Fachangestellten in einer kieferorthop\u00e4dischen Praxis, mit abschlie\u00dfender vorgezogener Pr\u00fcfung, kam&nbsp;Jessica Haymes&nbsp;im Februar 2016 zu Bimler &amp; Schmidt. Sie entwickelte sich sehr schnell zu einem unersetzbaren Teil des klinischen Teams. Nach zweij\u00e4hrigem Wirken in der Behandlungsassistenz wechselte sie im April 2018 in das [&hellip;]\" \/>\n<meta property=\"og:url\" content=\"https:\/\/bimlerundschmidt.de\/en\/ueber-uns\/team\/jessica-haymes-2\/\" \/>\n<meta property=\"og:site_name\" content=\"BIMLER &amp; SCHMIDT Kieferorthop\u00e4den\" \/>\n<meta property=\"article:publisher\" content=\"https:\/\/de-de.facebook.com\/bimlerundschmidt.de\/\" \/>\n<meta property=\"article:modified_time\" content=\"2026-03-20T17:45:13+00:00\" \/>\n<meta property=\"og:image\" content=\"https:\/\/bimlerundschmidt.de\/wp-content\/uploads\/2026\/02\/WhatsApp-Image-2026-02-18-at-19.42.27-e1773583056228.jpeg\" \/>\n<meta name=\"twitter:card\" content=\"summary_large_image\" \/>\n<meta name=\"twitter:label1\" content=\"Est. reading time\" \/>\n\t<meta name=\"twitter:data1\" content=\"1 minute\" \/>\n<script type=\"application\/ld+json\" class=\"yoast-schema-graph\">{\"@context\":\"https:\/\/schema.org\",\"@graph\":[{\"@type\":\"WebPage\",\"@id\":\"https:\/\/bimlerundschmidt.de\/ueber-uns\/team\/jessica-haymes-2\/\",\"url\":\"https:\/\/bimlerundschmidt.de\/ueber-uns\/team\/jessica-haymes-2\/\",\"name\":\"Jessica Haymes - BIMLER &amp; SCHMIDT Kieferorthop\u00e4den\",\"isPartOf\":{\"@id\":\"https:\/\/bimlerundschmidt.de\/#website\"},\"primaryImageOfPage\":{\"@id\":\"https:\/\/bimlerundschmidt.de\/ueber-uns\/team\/jessica-haymes-2\/#primaryimage\"},\"image\":{\"@id\":\"https:\/\/bimlerundschmidt.de\/ueber-uns\/team\/jessica-haymes-2\/#primaryimage\"},\"thumbnailUrl\":\"https:\/\/bimlerundschmidt.de\/wp-content\/uploads\/2026\/02\/WhatsApp-Image-2026-02-18-at-19.42.27-e1773583056228.jpeg\",\"datePublished\":\"2019-07-12T17:13:32+00:00\",\"dateModified\":\"2026-03-20T17:45:13+00:00\",\"breadcrumb\":{\"@id\":\"https:\/\/bimlerundschmidt.de\/ueber-uns\/team\/jessica-haymes-2\/#breadcrumb\"},\"inLanguage\":\"en-US\",\"potentialAction\":[{\"@type\":\"ReadAction\",\"target\":[\"https:\/\/bimlerundschmidt.de\/ueber-uns\/team\/jessica-haymes-2\/\"]}]},{\"@type\":\"ImageObject\",\"inLanguage\":\"en-US\",\"@id\":\"https:\/\/bimlerundschmidt.de\/ueber-uns\/team\/jessica-haymes-2\/#primaryimage\",\"url\":\"https:\/\/bimlerundschmidt.de\/wp-content\/uploads\/2026\/02\/WhatsApp-Image-2026-02-18-at-19.42.27-e1773583056228.jpeg\",\"contentUrl\":\"https:\/\/bimlerundschmidt.de\/wp-content\/uploads\/2026\/02\/WhatsApp-Image-2026-02-18-at-19.42.27-e1773583056228.jpeg\"},{\"@type\":\"BreadcrumbList\",\"@id\":\"https:\/\/bimlerundschmidt.de\/ueber-uns\/team\/jessica-haymes-2\/#breadcrumb\",\"itemListElement\":[{\"@type\":\"ListItem\",\"position\":1,\"name\":\"Startseite\",\"item\":\"https:\/\/bimlerundschmidt.de\/\"},{\"@type\":\"ListItem\",\"position\":2,\"name\":\"\u00fcber uns\",\"item\":\"https:\/\/bimlerundschmidt.de\/ueber-uns\/\"},{\"@type\":\"ListItem\",\"position\":3,\"name\":\"Team\",\"item\":\"https:\/\/bimlerundschmidt.de\/ueber-uns\/team\/\"},{\"@type\":\"ListItem\",\"position\":4,\"name\":\"Jessica Haymes\"}]},{\"@type\":\"WebSite\",\"@id\":\"https:\/\/bimlerundschmidt.de\/#website\",\"url\":\"https:\/\/bimlerundschmidt.de\/\",\"name\":\"Bimler & Schmidt Kieferorthop\u00e4den\",\"description\":\"Kieferorthop\u00e4den Kieferorthop\u00e4de D\u00fcsseldorf\",\"publisher\":{\"@id\":\"https:\/\/bimlerundschmidt.de\/#organization\"},\"potentialAction\":[{\"@type\":\"SearchAction\",\"target\":{\"@type\":\"EntryPoint\",\"urlTemplate\":\"https:\/\/bimlerundschmidt.de\/?s={search_term_string}\"},\"query-input\":{\"@type\":\"PropertyValueSpecification\",\"valueRequired\":true,\"valueName\":\"search_term_string\"}}],\"inLanguage\":\"en-US\"},{\"@type\":\"Organization\",\"@id\":\"https:\/\/bimlerundschmidt.de\/#organization\",\"name\":\"Bimler & Schmidt - Kieferorthop\u00e4den\",\"url\":\"https:\/\/bimlerundschmidt.de\/\",\"logo\":{\"@type\":\"ImageObject\",\"inLanguage\":\"en-US\",\"@id\":\"https:\/\/bimlerundschmidt.de\/#\/schema\/logo\/image\/\",\"url\":\"https:\/\/bimlerundschmidt.de\/wp-content\/uploads\/2026\/02\/cropped-cropped-Zeichenflaeche-1-Kopie.png\",\"contentUrl\":\"https:\/\/bimlerundschmidt.de\/wp-content\/uploads\/2026\/02\/cropped-cropped-Zeichenflaeche-1-Kopie.png\",\"width\":685,\"height\":205,\"caption\":\"Bimler & Schmidt - Kieferorthop\u00e4den\"},\"image\":{\"@id\":\"https:\/\/bimlerundschmidt.de\/#\/schema\/logo\/image\/\"},\"sameAs\":[\"https:\/\/de-de.facebook.com\/bimlerundschmidt.de\/\",\"https:\/\/www.instagram.com\/bimlerundschmidt\/\"]}]}<\/script>\n<!-- \/ Yoast SEO plugin. -->","yoast_head_json":{"title":"Jessica Haymes - BIMLER &amp; SCHMIDT Orthodontists","robots":{"index":"index","follow":"follow","max-snippet":"max-snippet:-1","max-image-preview":"max-image-preview:large","max-video-preview":"max-video-preview:-1"},"canonical":"https:\/\/bimlerundschmidt.de\/en\/ueber-uns\/team\/jessica-haymes-2\/","og_locale":"en_US","og_type":"article","og_title":"Jessica Haymes - BIMLER &amp; SCHMIDT Kieferorthop\u00e4den","og_description":"Praxis- und Terminkoordination JESSICA HAYMES Nach dem Abitur und der Ausbildung zur Zahnmedizinischen Fachangestellten in einer kieferorthop\u00e4dischen Praxis, mit abschlie\u00dfender vorgezogener Pr\u00fcfung, kam&nbsp;Jessica Haymes&nbsp;im Februar 2016 zu Bimler &amp; Schmidt. Sie entwickelte sich sehr schnell zu einem unersetzbaren Teil des klinischen Teams. Nach zweij\u00e4hrigem Wirken in der Behandlungsassistenz wechselte sie im April 2018 in das [&hellip;]","og_url":"https:\/\/bimlerundschmidt.de\/en\/ueber-uns\/team\/jessica-haymes-2\/","og_site_name":"BIMLER &amp; SCHMIDT Kieferorthop\u00e4den","article_publisher":"https:\/\/de-de.facebook.com\/bimlerundschmidt.de\/","article_modified_time":"2026-03-20T17:45:13+00:00","og_image":[{"url":"https:\/\/bimlerundschmidt.de\/wp-content\/uploads\/2026\/02\/WhatsApp-Image-2026-02-18-at-19.42.27-e1773583056228.jpeg","type":"","width":"","height":""}],"twitter_card":"summary_large_image","twitter_misc":{"Est. reading time":"1 minute"},"schema":{"@context":"https:\/\/schema.org","@graph":[{"@type":"WebPage","@id":"https:\/\/bimlerundschmidt.de\/ueber-uns\/team\/jessica-haymes-2\/","url":"https:\/\/bimlerundschmidt.de\/ueber-uns\/team\/jessica-haymes-2\/","name":"Jessica Haymes - BIMLER &amp; SCHMIDT Orthodontists","isPartOf":{"@id":"https:\/\/bimlerundschmidt.de\/#website"},"primaryImageOfPage":{"@id":"https:\/\/bimlerundschmidt.de\/ueber-uns\/team\/jessica-haymes-2\/#primaryimage"},"image":{"@id":"https:\/\/bimlerundschmidt.de\/ueber-uns\/team\/jessica-haymes-2\/#primaryimage"},"thumbnailUrl":"https:\/\/bimlerundschmidt.de\/wp-content\/uploads\/2026\/02\/WhatsApp-Image-2026-02-18-at-19.42.27-e1773583056228.jpeg","datePublished":"2019-07-12T17:13:32+00:00","dateModified":"2026-03-20T17:45:13+00:00","breadcrumb":{"@id":"https:\/\/bimlerundschmidt.de\/ueber-uns\/team\/jessica-haymes-2\/#breadcrumb"},"inLanguage":"en-US","potentialAction":[{"@type":"ReadAction","target":["https:\/\/bimlerundschmidt.de\/ueber-uns\/team\/jessica-haymes-2\/"]}]},{"@type":"ImageObject","inLanguage":"en-US","@id":"https:\/\/bimlerundschmidt.de\/ueber-uns\/team\/jessica-haymes-2\/#primaryimage","url":"https:\/\/bimlerundschmidt.de\/wp-content\/uploads\/2026\/02\/WhatsApp-Image-2026-02-18-at-19.42.27-e1773583056228.jpeg","contentUrl":"https:\/\/bimlerundschmidt.de\/wp-content\/uploads\/2026\/02\/WhatsApp-Image-2026-02-18-at-19.42.27-e1773583056228.jpeg"},{"@type":"BreadcrumbList","@id":"https:\/\/bimlerundschmidt.de\/ueber-uns\/team\/jessica-haymes-2\/#breadcrumb","itemListElement":[{"@type":"ListItem","position":1,"name":"Startseite","item":"https:\/\/bimlerundschmidt.de\/"},{"@type":"ListItem","position":2,"name":"\u00fcber uns","item":"https:\/\/bimlerundschmidt.de\/ueber-uns\/"},{"@type":"ListItem","position":3,"name":"Team","item":"https:\/\/bimlerundschmidt.de\/ueber-uns\/team\/"},{"@type":"ListItem","position":4,"name":"Jessica Haymes"}]},{"@type":"WebSite","@id":"https:\/\/bimlerundschmidt.de\/#website","url":"https:\/\/bimlerundschmidt.de\/","name":"Bimler &amp; Schmidt Orthodontists","description":"Orthodontists Orthodontist D\u00fcsseldorf","publisher":{"@id":"https:\/\/bimlerundschmidt.de\/#organization"},"potentialAction":[{"@type":"SearchAction","target":{"@type":"EntryPoint","urlTemplate":"https:\/\/bimlerundschmidt.de\/?s={search_term_string}"},"query-input":{"@type":"PropertyValueSpecification","valueRequired":true,"valueName":"search_term_string"}}],"inLanguage":"en-US"},{"@type":"Organization","@id":"https:\/\/bimlerundschmidt.de\/#organization","name":"Bimler &amp; Schmidt - Orthodontists","url":"https:\/\/bimlerundschmidt.de\/","logo":{"@type":"ImageObject","inLanguage":"en-US","@id":"https:\/\/bimlerundschmidt.de\/#\/schema\/logo\/image\/","url":"https:\/\/bimlerundschmidt.de\/wp-content\/uploads\/2026\/02\/cropped-cropped-Zeichenflaeche-1-Kopie.png","contentUrl":"https:\/\/bimlerundschmidt.de\/wp-content\/uploads\/2026\/02\/cropped-cropped-Zeichenflaeche-1-Kopie.png","width":685,"height":205,"caption":"Bimler & Schmidt - Kieferorthop\u00e4den"},"image":{"@id":"https:\/\/bimlerundschmidt.de\/#\/schema\/logo\/image\/"},"sameAs":["https:\/\/de-de.facebook.com\/bimlerundschmidt.de\/","https:\/\/www.instagram.com\/bimlerundschmidt\/"]}]}},"_links":{"self":[{"href":"https:\/\/bimlerundschmidt.de\/en\/wp-json\/wp\/v2\/pages\/991","targetHints":{"allow":["GET"]}}],"collection":[{"href":"https:\/\/bimlerundschmidt.de\/en\/wp-json\/wp\/v2\/pages"}],"about":[{"href":"https:\/\/bimlerundschmidt.de\/en\/wp-json\/wp\/v2\/types\/page"}],"author":[{"embeddable":true,"href":"https:\/\/bimlerundschmidt.de\/en\/wp-json\/wp\/v2\/users\/2"}],"replies":[{"embeddable":true,"href":"https:\/\/bimlerundschmidt.de\/en\/wp-json\/wp\/v2\/comments?post=991"}],"version-history":[{"count":1,"href":"https:\/\/bimlerundschmidt.de\/en\/wp-json\/wp\/v2\/pages\/991\/revisions"}],"predecessor-version":[{"id":3471,"href":"https:\/\/bimlerundschmidt.de\/en\/wp-json\/wp\/v2\/pages\/991\/revisions\/3471"}],"up":[{"embeddable":true,"href":"https:\/\/bimlerundschmidt.de\/en\/wp-json\/wp\/v2\/pages\/176"}],"wp:attachment":[{"href":"https:\/\/bimlerundschmidt.de\/en\/wp-json\/wp\/v2\/media?parent=991"}],"curies":[{"name":"wp","href":"https:\/\/api.w.org\/{rel}","templated":true}]}}