{"id":1006,"date":"2019-07-12T17:20:12","date_gmt":"2019-07-12T17:20:12","guid":{"rendered":"http:\/\/bimlerundschmidt.de\/?p=1006"},"modified":"2026-03-20T18:45:29","modified_gmt":"2026-03-20T17:45:29","slug":"mieko-koshimura-2","status":"publish","type":"page","link":"https:\/\/bimlerundschmidt.de\/ja\/ueber-uns\/team\/mieko-koshimura-2\/","title":{"rendered":"Mieko Koshimura"},"content":{"rendered":"<div class=\"wp-block-columns are-vertically-aligned-center is-layout-flex wp-container-core-columns-is-layout-9d6595d7 wp-block-columns-is-layout-flex\">\n<div class=\"wp-block-column is-vertically-aligned-center is-layout-flow wp-block-column-is-layout-flow\"><div class=\"wp-block-image is-style-rounded\">\n<figure class=\"aligncenter is-resized\"><a href=\"https:\/\/bimlerundschmidt.de\/ja\/praxis\/team\/\"><img decoding=\"async\" src=\"https:\/\/bimlerundschmidt.de\/wp-content\/uploads\/2019\/07\/Mieko-Koshimura-Team.jpg\" alt=\"\" style=\"object-fit:cover;width:400px;height:400px\"\/><\/a><\/figure>\n<\/div><\/div>\n\n\n\n<div class=\"wp-block-column is-vertically-aligned-center is-layout-flow wp-block-column-is-layout-flow\">\n<div class=\"wp-block-group is-vertical is-content-justification-center is-layout-flex wp-container-core-group-is-layout-73a99bce wp-block-group-is-layout-flex\">\n<h4 class=\"wp-block-heading has-text-align-center\">Dolmetscherin f\u00fcr japanische Patienten<\/h4>\n\n\n\n<h1 class=\"wp-block-heading has-text-align-center\">MIEKO KOSHIMURA<\/h1>\n<\/div>\n\n\n\n<hr class=\"wp-block-separator has-alpha-channel-opacity\"\/>\n\n\n\n<div style=\"height:40px\" aria-hidden=\"true\" class=\"wp-block-spacer\"><\/div>\n\n\n\n<div class=\"wp-block-buttons is-content-justification-center is-layout-flex wp-container-core-buttons-is-layout-16018d1d wp-block-buttons-is-layout-flex\">\n<div class=\"wp-block-button\"><a class=\"wp-block-button__link wp-element-button\" href=\"https:\/\/bimlerundschmidt.de\/ja\/ueber-uns\/team\/\">zur\u00fcck zum Team<\/a><\/div>\n<\/div>\n\n\n\n<div style=\"height:10px\" aria-hidden=\"true\" class=\"wp-block-spacer\"><\/div>\n<\/div>\n<\/div>\n\n\n\n<p class=\"has-text-align-center translation-block\">Einen besonderen Service bietet Bimler &amp; Schmidt den rund 8.000 in D\u00fcsseldorf und Umgebung lebenden Japanern. Denn seit 2010 ist <strong>Mieko Koshimura<\/strong>&nbsp;zur Stelle, um bei Beratung und Behandlung als Dolmetscherin zu helfen. Etwa 15 Prozent der Patienten von Bimler &amp; Schmidt sind Japaner. Sie wissen den muttersprachlichen Service der Praxis sehr zu sch\u00e4tzen: Zum einen ist die kieferorthop\u00e4dische Behandlungszeit bei Bimler &amp; Schmidt sehr kurz \u2013 das passt perfekt, da die meisten Japaner nur f\u00fcr wenige Jahre f\u00fcr ihre japanischen Arbeitgeber in D\u00fcsseldorf im Einsatz sind. Zum anderen werden die kieferorthop\u00e4dischen Behandlungskosten von deutschen Krankenkassen unterst\u00fctzt.<\/p>","protected":false},"excerpt":{"rendered":"<p>Dolmetscherin f\u00fcr japanische Patienten MIEKO KOSHIMURA Einen besonderen Service bietet Bimler &amp; Schmidt den rund 8.000 in D\u00fcsseldorf und Umgebung lebenden Japanern. Denn seit 2010 ist Mieko Koshimura&nbsp;zur Stelle, um bei Beratung und Behandlung als Dolmetscherin zu helfen. Etwa 15 Prozent der Patienten von Bimler &amp; Schmidt sind Japaner. Sie wissen den muttersprachlichen Service der Praxis sehr zu sch\u00e4tzen: Zum einen ist die kieferorthop\u00e4dische Behandlungszeit bei Bimler &amp; Schmidt sehr kurz \u2013 das passt perfekt, da die meisten Japaner nur f\u00fcr wenige Jahre f\u00fcr ihre japanischen Arbeitgeber in D\u00fcsseldorf im Einsatz sind. Zum anderen werden die kieferorthop\u00e4dischen Behandlungskosten von deutschen Krankenkassen unterst\u00fctzt.<\/p>","protected":false},"author":2,"featured_media":0,"parent":176,"menu_order":0,"comment_status":"closed","ping_status":"open","template":"","meta":{"ocean_post_layout":"","ocean_both_sidebars_style":"","ocean_both_sidebars_content_width":0,"ocean_both_sidebars_sidebars_width":0,"ocean_sidebar":"0","ocean_second_sidebar":"0","ocean_disable_margins":"enable","ocean_add_body_class":"","ocean_shortcode_before_top_bar":"","ocean_shortcode_after_top_bar":"","ocean_shortcode_before_header":"","ocean_shortcode_after_header":"","ocean_has_shortcode":"","ocean_shortcode_after_title":"","ocean_shortcode_before_footer_widgets":"","ocean_shortcode_after_footer_widgets":"","ocean_shortcode_before_footer_bottom":"","ocean_shortcode_after_footer_bottom":"","ocean_display_top_bar":"default","ocean_display_header":"default","ocean_header_style":"","ocean_center_header_left_menu":"0","ocean_custom_header_template":"0","ocean_custom_logo":0,"ocean_custom_retina_logo":0,"ocean_custom_logo_max_width":0,"ocean_custom_logo_tablet_max_width":0,"ocean_custom_logo_mobile_max_width":0,"ocean_custom_logo_max_height":0,"ocean_custom_logo_tablet_max_height":0,"ocean_custom_logo_mobile_max_height":0,"ocean_header_custom_menu":"0","ocean_menu_typo_font_family":"0","ocean_menu_typo_font_subset":"","ocean_menu_typo_font_size":0,"ocean_menu_typo_font_size_tablet":0,"ocean_menu_typo_font_size_mobile":0,"ocean_menu_typo_font_size_unit":"px","ocean_menu_typo_font_weight":"","ocean_menu_typo_font_weight_tablet":"","ocean_menu_typo_font_weight_mobile":"","ocean_menu_typo_transform":"","ocean_menu_typo_transform_tablet":"","ocean_menu_typo_transform_mobile":"","ocean_menu_typo_line_height":0,"ocean_menu_typo_line_height_tablet":0,"ocean_menu_typo_line_height_mobile":0,"ocean_menu_typo_line_height_unit":"","ocean_menu_typo_spacing":0,"ocean_menu_typo_spacing_tablet":0,"ocean_menu_typo_spacing_mobile":0,"ocean_menu_typo_spacing_unit":"","ocean_menu_link_color":"","ocean_menu_link_color_hover":"","ocean_menu_link_color_active":"","ocean_menu_link_background":"","ocean_menu_link_hover_background":"","ocean_menu_link_active_background":"","ocean_menu_social_links_bg":"","ocean_menu_social_hover_links_bg":"","ocean_menu_social_links_color":"","ocean_menu_social_hover_links_color":"","ocean_disable_title":"on","ocean_disable_heading":"default","ocean_post_title":"","ocean_post_subheading":"","ocean_post_title_style":"","ocean_post_title_background_color":"","ocean_post_title_background":0,"ocean_post_title_bg_image_position":"","ocean_post_title_bg_image_attachment":"","ocean_post_title_bg_image_repeat":"","ocean_post_title_bg_image_size":"","ocean_post_title_height":0,"ocean_post_title_bg_overlay":0.5,"ocean_post_title_bg_overlay_color":"","ocean_disable_breadcrumbs":"default","ocean_breadcrumbs_color":"","ocean_breadcrumbs_separator_color":"","ocean_breadcrumbs_links_color":"","ocean_breadcrumbs_links_hover_color":"","ocean_display_footer_widgets":"default","ocean_display_footer_bottom":"default","ocean_custom_footer_template":"0","footnotes":""},"class_list":["post-1006","page","type-page","status-publish","hentry","entry"],"yoast_head":"<!-- This site is optimized with the Yoast SEO plugin v27.4 - https:\/\/yoast.com\/product\/yoast-seo-wordpress\/ -->\n<title>Mieko Koshimura - BIMLER &amp; SCHMIDT Kieferorthop\u00e4den<\/title>\n<meta name=\"robots\" content=\"index, follow, max-snippet:-1, max-image-preview:large, max-video-preview:-1\" \/>\n<link rel=\"canonical\" href=\"https:\/\/bimlerundschmidt.de\/ja\/ueber-uns\/team\/mieko-koshimura-2\/\" \/>\n<meta property=\"og:locale\" content=\"ja_JP\" \/>\n<meta property=\"og:type\" content=\"article\" \/>\n<meta property=\"og:title\" content=\"Mieko Koshimura - BIMLER &amp; SCHMIDT Kieferorthop\u00e4den\" \/>\n<meta property=\"og:description\" content=\"Dolmetscherin f\u00fcr japanische Patienten MIEKO KOSHIMURA Einen besonderen Service bietet Bimler &amp; Schmidt den rund 8.000 in D\u00fcsseldorf und Umgebung lebenden Japanern. Denn seit 2010 ist Mieko Koshimura&nbsp;zur Stelle, um bei Beratung und Behandlung als Dolmetscherin zu helfen. Etwa 15 Prozent der Patienten von Bimler &amp; Schmidt sind Japaner. Sie wissen den muttersprachlichen Service der Praxis sehr zu sch\u00e4tzen: Zum einen ist die kieferorthop\u00e4dische Behandlungszeit bei Bimler &amp; Schmidt sehr kurz \u2013 das passt perfekt, da die meisten Japaner nur f\u00fcr wenige Jahre f\u00fcr ihre japanischen Arbeitgeber in D\u00fcsseldorf im Einsatz sind. Zum anderen werden die kieferorthop\u00e4dischen Behandlungskosten von deutschen Krankenkassen unterst\u00fctzt.\" \/>\n<meta property=\"og:url\" content=\"https:\/\/bimlerundschmidt.de\/ja\/ueber-uns\/team\/mieko-koshimura-2\/\" \/>\n<meta property=\"og:site_name\" content=\"BIMLER &amp; SCHMIDT Kieferorthop\u00e4den\" \/>\n<meta property=\"article:publisher\" content=\"https:\/\/de-de.facebook.com\/bimlerundschmidt.de\/\" \/>\n<meta property=\"article:modified_time\" content=\"2026-03-20T17:45:29+00:00\" \/>\n<meta property=\"og:image\" content=\"https:\/\/bimlerundschmidt.de\/wp-content\/uploads\/2019\/07\/Mieko-Koshimura-Team.jpg\" \/>\n<meta name=\"twitter:card\" content=\"summary_large_image\" \/>\n<meta name=\"twitter:label1\" content=\"\u63a8\u5b9a\u8aad\u307f\u53d6\u308a\u6642\u9593\" \/>\n\t<meta name=\"twitter:data1\" content=\"1\u5206\" \/>\n<script type=\"application\/ld+json\" class=\"yoast-schema-graph\">{\"@context\":\"https:\\\/\\\/schema.org\",\"@graph\":[{\"@type\":\"WebPage\",\"@id\":\"https:\\\/\\\/bimlerundschmidt.de\\\/ueber-uns\\\/team\\\/mieko-koshimura-2\\\/\",\"url\":\"https:\\\/\\\/bimlerundschmidt.de\\\/ueber-uns\\\/team\\\/mieko-koshimura-2\\\/\",\"name\":\"Mieko Koshimura - BIMLER &amp; SCHMIDT Kieferorthop\u00e4den\",\"isPartOf\":{\"@id\":\"https:\\\/\\\/bimlerundschmidt.de\\\/#website\"},\"primaryImageOfPage\":{\"@id\":\"https:\\\/\\\/bimlerundschmidt.de\\\/ueber-uns\\\/team\\\/mieko-koshimura-2\\\/#primaryimage\"},\"image\":{\"@id\":\"https:\\\/\\\/bimlerundschmidt.de\\\/ueber-uns\\\/team\\\/mieko-koshimura-2\\\/#primaryimage\"},\"thumbnailUrl\":\"https:\\\/\\\/bimlerundschmidt.de\\\/wp-content\\\/uploads\\\/2019\\\/07\\\/Mieko-Koshimura-Team.jpg\",\"datePublished\":\"2019-07-12T17:20:12+00:00\",\"dateModified\":\"2026-03-20T17:45:29+00:00\",\"breadcrumb\":{\"@id\":\"https:\\\/\\\/bimlerundschmidt.de\\\/ueber-uns\\\/team\\\/mieko-koshimura-2\\\/#breadcrumb\"},\"inLanguage\":\"ja\",\"potentialAction\":[{\"@type\":\"ReadAction\",\"target\":[\"https:\\\/\\\/bimlerundschmidt.de\\\/ueber-uns\\\/team\\\/mieko-koshimura-2\\\/\"]}]},{\"@type\":\"ImageObject\",\"inLanguage\":\"ja\",\"@id\":\"https:\\\/\\\/bimlerundschmidt.de\\\/ueber-uns\\\/team\\\/mieko-koshimura-2\\\/#primaryimage\",\"url\":\"https:\\\/\\\/bimlerundschmidt.de\\\/wp-content\\\/uploads\\\/2019\\\/07\\\/Mieko-Koshimura-Team.jpg\",\"contentUrl\":\"https:\\\/\\\/bimlerundschmidt.de\\\/wp-content\\\/uploads\\\/2019\\\/07\\\/Mieko-Koshimura-Team.jpg\"},{\"@type\":\"BreadcrumbList\",\"@id\":\"https:\\\/\\\/bimlerundschmidt.de\\\/ueber-uns\\\/team\\\/mieko-koshimura-2\\\/#breadcrumb\",\"itemListElement\":[{\"@type\":\"ListItem\",\"position\":1,\"name\":\"Startseite\",\"item\":\"https:\\\/\\\/bimlerundschmidt.de\\\/\"},{\"@type\":\"ListItem\",\"position\":2,\"name\":\"\u00fcber uns\",\"item\":\"https:\\\/\\\/bimlerundschmidt.de\\\/ueber-uns\\\/\"},{\"@type\":\"ListItem\",\"position\":3,\"name\":\"Team\",\"item\":\"https:\\\/\\\/bimlerundschmidt.de\\\/ueber-uns\\\/team\\\/\"},{\"@type\":\"ListItem\",\"position\":4,\"name\":\"Mieko Koshimura\"}]},{\"@type\":\"WebSite\",\"@id\":\"https:\\\/\\\/bimlerundschmidt.de\\\/#website\",\"url\":\"https:\\\/\\\/bimlerundschmidt.de\\\/\",\"name\":\"Bimler & Schmidt Kieferorthop\u00e4den\",\"description\":\"Kieferorthop\u00e4den Kieferorthop\u00e4de D\u00fcsseldorf\",\"publisher\":{\"@id\":\"https:\\\/\\\/bimlerundschmidt.de\\\/#organization\"},\"potentialAction\":[{\"@type\":\"SearchAction\",\"target\":{\"@type\":\"EntryPoint\",\"urlTemplate\":\"https:\\\/\\\/bimlerundschmidt.de\\\/?s={search_term_string}\"},\"query-input\":{\"@type\":\"PropertyValueSpecification\",\"valueRequired\":true,\"valueName\":\"search_term_string\"}}],\"inLanguage\":\"ja\"},{\"@type\":\"Organization\",\"@id\":\"https:\\\/\\\/bimlerundschmidt.de\\\/#organization\",\"name\":\"Bimler & Schmidt - Kieferorthop\u00e4den\",\"url\":\"https:\\\/\\\/bimlerundschmidt.de\\\/\",\"logo\":{\"@type\":\"ImageObject\",\"inLanguage\":\"ja\",\"@id\":\"https:\\\/\\\/bimlerundschmidt.de\\\/#\\\/schema\\\/logo\\\/image\\\/\",\"url\":\"https:\\\/\\\/bimlerundschmidt.de\\\/wp-content\\\/uploads\\\/2026\\\/02\\\/cropped-cropped-Zeichenflaeche-1-Kopie.png\",\"contentUrl\":\"https:\\\/\\\/bimlerundschmidt.de\\\/wp-content\\\/uploads\\\/2026\\\/02\\\/cropped-cropped-Zeichenflaeche-1-Kopie.png\",\"width\":685,\"height\":205,\"caption\":\"Bimler & Schmidt - Kieferorthop\u00e4den\"},\"image\":{\"@id\":\"https:\\\/\\\/bimlerundschmidt.de\\\/#\\\/schema\\\/logo\\\/image\\\/\"},\"sameAs\":[\"https:\\\/\\\/de-de.facebook.com\\\/bimlerundschmidt.de\\\/\",\"https:\\\/\\\/www.instagram.com\\\/bimlerundschmidt\\\/\"]}]}<\/script>\n<!-- \/ Yoast SEO plugin. -->","yoast_head_json":{"title":"Mieko Koshimura - BIMLER &amp; SCHMIDT Kieferorthop\u00e4den","robots":{"index":"index","follow":"follow","max-snippet":"max-snippet:-1","max-image-preview":"max-image-preview:large","max-video-preview":"max-video-preview:-1"},"canonical":"https:\/\/bimlerundschmidt.de\/ja\/ueber-uns\/team\/mieko-koshimura-2\/","og_locale":"ja_JP","og_type":"article","og_title":"Mieko Koshimura - BIMLER &amp; SCHMIDT Kieferorthop\u00e4den","og_description":"Dolmetscherin f\u00fcr japanische Patienten MIEKO KOSHIMURA Einen besonderen Service bietet Bimler &amp; Schmidt den rund 8.000 in D\u00fcsseldorf und Umgebung lebenden Japanern. Denn seit 2010 ist Mieko Koshimura&nbsp;zur Stelle, um bei Beratung und Behandlung als Dolmetscherin zu helfen. Etwa 15 Prozent der Patienten von Bimler &amp; Schmidt sind Japaner. Sie wissen den muttersprachlichen Service der Praxis sehr zu sch\u00e4tzen: Zum einen ist die kieferorthop\u00e4dische Behandlungszeit bei Bimler &amp; Schmidt sehr kurz \u2013 das passt perfekt, da die meisten Japaner nur f\u00fcr wenige Jahre f\u00fcr ihre japanischen Arbeitgeber in D\u00fcsseldorf im Einsatz sind. Zum anderen werden die kieferorthop\u00e4dischen Behandlungskosten von deutschen Krankenkassen unterst\u00fctzt.","og_url":"https:\/\/bimlerundschmidt.de\/ja\/ueber-uns\/team\/mieko-koshimura-2\/","og_site_name":"BIMLER &amp; SCHMIDT Kieferorthop\u00e4den","article_publisher":"https:\/\/de-de.facebook.com\/bimlerundschmidt.de\/","article_modified_time":"2026-03-20T17:45:29+00:00","og_image":[{"url":"https:\/\/bimlerundschmidt.de\/wp-content\/uploads\/2019\/07\/Mieko-Koshimura-Team.jpg","type":"","width":"","height":""}],"twitter_card":"summary_large_image","twitter_misc":{"\u63a8\u5b9a\u8aad\u307f\u53d6\u308a\u6642\u9593":"1\u5206"},"schema":{"@context":"https:\/\/schema.org","@graph":[{"@type":"WebPage","@id":"https:\/\/bimlerundschmidt.de\/ueber-uns\/team\/mieko-koshimura-2\/","url":"https:\/\/bimlerundschmidt.de\/ueber-uns\/team\/mieko-koshimura-2\/","name":"Mieko Koshimura - BIMLER &amp; SCHMIDT Kieferorthop\u00e4den","isPartOf":{"@id":"https:\/\/bimlerundschmidt.de\/#website"},"primaryImageOfPage":{"@id":"https:\/\/bimlerundschmidt.de\/ueber-uns\/team\/mieko-koshimura-2\/#primaryimage"},"image":{"@id":"https:\/\/bimlerundschmidt.de\/ueber-uns\/team\/mieko-koshimura-2\/#primaryimage"},"thumbnailUrl":"https:\/\/bimlerundschmidt.de\/wp-content\/uploads\/2019\/07\/Mieko-Koshimura-Team.jpg","datePublished":"2019-07-12T17:20:12+00:00","dateModified":"2026-03-20T17:45:29+00:00","breadcrumb":{"@id":"https:\/\/bimlerundschmidt.de\/ueber-uns\/team\/mieko-koshimura-2\/#breadcrumb"},"inLanguage":"ja","potentialAction":[{"@type":"ReadAction","target":["https:\/\/bimlerundschmidt.de\/ueber-uns\/team\/mieko-koshimura-2\/"]}]},{"@type":"ImageObject","inLanguage":"ja","@id":"https:\/\/bimlerundschmidt.de\/ueber-uns\/team\/mieko-koshimura-2\/#primaryimage","url":"https:\/\/bimlerundschmidt.de\/wp-content\/uploads\/2019\/07\/Mieko-Koshimura-Team.jpg","contentUrl":"https:\/\/bimlerundschmidt.de\/wp-content\/uploads\/2019\/07\/Mieko-Koshimura-Team.jpg"},{"@type":"BreadcrumbList","@id":"https:\/\/bimlerundschmidt.de\/ueber-uns\/team\/mieko-koshimura-2\/#breadcrumb","itemListElement":[{"@type":"ListItem","position":1,"name":"Startseite","item":"https:\/\/bimlerundschmidt.de\/"},{"@type":"ListItem","position":2,"name":"\u00fcber uns","item":"https:\/\/bimlerundschmidt.de\/ueber-uns\/"},{"@type":"ListItem","position":3,"name":"Team","item":"https:\/\/bimlerundschmidt.de\/ueber-uns\/team\/"},{"@type":"ListItem","position":4,"name":"Mieko Koshimura"}]},{"@type":"WebSite","@id":"https:\/\/bimlerundschmidt.de\/#website","url":"https:\/\/bimlerundschmidt.de\/","name":"Bimler & Schmidt Kieferorthop\u00e4den","description":"Kieferorthop\u00e4den Kieferorthop\u00e4de D\u00fcsseldorf","publisher":{"@id":"https:\/\/bimlerundschmidt.de\/#organization"},"potentialAction":[{"@type":"SearchAction","target":{"@type":"EntryPoint","urlTemplate":"https:\/\/bimlerundschmidt.de\/?s={search_term_string}"},"query-input":{"@type":"PropertyValueSpecification","valueRequired":true,"valueName":"search_term_string"}}],"inLanguage":"ja"},{"@type":"Organization","@id":"https:\/\/bimlerundschmidt.de\/#organization","name":"Bimler & Schmidt - Kieferorthop\u00e4den","url":"https:\/\/bimlerundschmidt.de\/","logo":{"@type":"ImageObject","inLanguage":"ja","@id":"https:\/\/bimlerundschmidt.de\/#\/schema\/logo\/image\/","url":"https:\/\/bimlerundschmidt.de\/wp-content\/uploads\/2026\/02\/cropped-cropped-Zeichenflaeche-1-Kopie.png","contentUrl":"https:\/\/bimlerundschmidt.de\/wp-content\/uploads\/2026\/02\/cropped-cropped-Zeichenflaeche-1-Kopie.png","width":685,"height":205,"caption":"Bimler & Schmidt - Kieferorthop\u00e4den"},"image":{"@id":"https:\/\/bimlerundschmidt.de\/#\/schema\/logo\/image\/"},"sameAs":["https:\/\/de-de.facebook.com\/bimlerundschmidt.de\/","https:\/\/www.instagram.com\/bimlerundschmidt\/"]}]}},"_links":{"self":[{"href":"https:\/\/bimlerundschmidt.de\/ja\/wp-json\/wp\/v2\/pages\/1006","targetHints":{"allow":["GET"]}}],"collection":[{"href":"https:\/\/bimlerundschmidt.de\/ja\/wp-json\/wp\/v2\/pages"}],"about":[{"href":"https:\/\/bimlerundschmidt.de\/ja\/wp-json\/wp\/v2\/types\/page"}],"author":[{"embeddable":true,"href":"https:\/\/bimlerundschmidt.de\/ja\/wp-json\/wp\/v2\/users\/2"}],"replies":[{"embeddable":true,"href":"https:\/\/bimlerundschmidt.de\/ja\/wp-json\/wp\/v2\/comments?post=1006"}],"version-history":[{"count":1,"href":"https:\/\/bimlerundschmidt.de\/ja\/wp-json\/wp\/v2\/pages\/1006\/revisions"}],"predecessor-version":[{"id":3474,"href":"https:\/\/bimlerundschmidt.de\/ja\/wp-json\/wp\/v2\/pages\/1006\/revisions\/3474"}],"up":[{"embeddable":true,"href":"https:\/\/bimlerundschmidt.de\/ja\/wp-json\/wp\/v2\/pages\/176"}],"wp:attachment":[{"href":"https:\/\/bimlerundschmidt.de\/ja\/wp-json\/wp\/v2\/media?parent=1006"}],"curies":[{"name":"wp","href":"https:\/\/api.w.org\/{rel}","templated":true}]}}