{"id":2144,"date":"2023-09-05T14:03:58","date_gmt":"2023-09-05T14:03:58","guid":{"rendered":"https:\/\/bimlerundschmidt.de\/?page_id=2144"},"modified":"2026-04-10T15:03:59","modified_gmt":"2026-04-10T13:03:59","slug":"faq","status":"publish","type":"page","link":"https:\/\/bimlerundschmidt.de\/ja\/faq\/","title":{"rendered":"FAQ"},"content":{"rendered":"<div class=\"wp-block-group alignfull has-background\" style=\"background-color:#a2bb0b\"><div class=\"wp-block-group__inner-container is-layout-constrained wp-block-group-is-layout-constrained\">\n<div style=\"height:20px\" aria-hidden=\"true\" class=\"wp-block-spacer\"><\/div>\n\n\n\n<h1 class=\"wp-block-heading has-text-align-center\">IHRE FRAGEN \u2013 UNSERE ANTWORTEN<\/h1>\n\n\n\n<h3 class=\"wp-block-heading has-text-align-center\">Was Sie schon immer \u00fcber Kieferorthop\u00e4die wissen wollten<\/h3>\n\n\n\n<hr class=\"wp-block-separator has-alpha-channel-opacity\"\/>\n\n\n\n<div style=\"height:20px\" aria-hidden=\"true\" class=\"wp-block-spacer\"><\/div>\n<\/div><\/div>\n\n\n\n<div style=\"height:10px\" aria-hidden=\"true\" class=\"wp-block-spacer\"><\/div>\n\n\n\n<p class=\"has-text-align-center\"><strong>H\u00e4ufige Fragen zur Kieferorthop\u00e4die in D\u00fcsseldorf<\/strong><\/p>\n\n\n\n<p class=\"has-text-align-center\">\u300c\u5927\u4eba\u306e\u77ef\u6b63\u3063\u3066 \u3069\u308c\u304f\u3089\u3044\u306e\u671f\u9593\u304b\u304b\u308b\u306e?\u300d\n\u300c\u5b50\u4f9b\u306f \u307e\u305a\u3044\u3064\u9803\u306e\u6642\u671f\u306b\u77ef\u6b63\u306e\u5148\u751f\u306b\u8a3a\u3066\u3082\u3089\u3048\u3070\u3044\u3044\u306e?\u300d\n\u300c\u79c1\u306e\u4fdd\u967a\u306f \u6b6f\u5217\u77ef\u6b63\u306b\u304a\u3044\u3066\u3069\u308c\u304f\u3089\u3044\u30ab\u30d0\u30fc\u3057\u3066\u304f\u308c\u308b\u306e?\u300d<\/p>\n\n\n\n<p style=\"text-align: center;\">\u77ef\u6b63\u6cbb\u7642\u306b\u95a2\u3059\u308b\u8cea\u554f\u306f\u305f\u304f\u3055\u3093\u3042\u308b\u3068\u601d\u3044\u307e\u3059\u3002\n\u3053\u3053\u3067\u306f\u307e\u305a \u3044\u304f\u3064\u304b\u306e\u30dd\u30d4\u30e5\u30e9\u30fc\u306a\u8cea\u554f\u306b\u304a\u7b54\u3048\u3057\u307e\u3059\u3002<\/p>\n<p class=\"has-text-align-center\">\u00a0<\/p>\n\n\n\n<div style=\"height:40px\" aria-hidden=\"true\" class=\"wp-block-spacer\"><\/div>\n\n\n\n<div class=\"wp-block-pb-accordion-item c-accordion__item js-accordion-item no-js\" data-initially-open=\"false\" data-click-to-close=\"true\" data-auto-close=\"true\" data-scroll=\"false\" data-scroll-offset=\"0\"><h2 id=\"at-21440\" class=\"c-accordion__title js-accordion-controller\" role=\"button\">.\u201c\u77ef\u6b63\u6b6f\u79d1\u306b\u521d\u3081\u3066\u4e88\u7d04\u3092\u3068\u308b\u306e\u306f \u5b50\u4f9b\u304c\u4f55\u6b73\u304f\u3089\u3044\u306b\u306a\u3063\u3066\u304b\u3089?\u201c<\/h2><div id=\"ac-21440\" class=\"c-accordion__content\">\n<p>(\u5c06\u6765)\u6cbb\u7642\u304c\u5fc5\u8981\u306b\u306a\u308b\u3068\u601d\u308f\u308c\u308b\u5834\u5408  \u72b6\u614b\u306b\u3088\u308a \u3044\u3064\u3001\u3069\u306e\u30bf\u30a4\u30df\u30f3\u30b0\u3067\u6cbb\u7642\u3092\u59cb\u3081\u308b\u306e\u304c\u7406\u60f3\u7684\u304b\u3001\u305d\u306e\u30bf\u30a4\u30df\u30f3\u30b0\u3092\u77e5\u308b\u70ba\u306b\u306f \u307e\u305a\u5e7c\u7a1a\u5712\u3001\u5c0f\u5b66\u6821\u306e\u4f4e\u5b66\u5e74\u304f\u3089\u3044\u3067\u4e00\u5ea6\u77ef\u6b63\u6b6f\u79d1\u3092\u8a2a\u308c\u308b\u3053\u3068\u3092\u304a\u52e7\u3081\u3057\u307e\u3059\u3002<\/p>\n<\/div><\/div>\n\n\n\n<div class=\"wp-block-pb-accordion-item c-accordion__item js-accordion-item no-js\" data-initially-open=\"false\" data-click-to-close=\"true\" data-auto-close=\"true\" data-scroll=\"false\" data-scroll-offset=\"0\"><h2 id=\"at-21441\" class=\"c-accordion__title js-accordion-controller\" role=\"button\">\u201c\u5b50\u4f9b\u306e\u5834\u5408 \u4f55\u6b73\u304f\u3089\u3044\u3067\u6cbb\u7642\u3092\u59cb\u3081\u308b\u306e\u304c\u7406\u60f3\u7684?\u201c<\/h2><div id=\"ac-21441\" class=\"c-accordion__content\">\n<p>\u6cbb\u7642\u306e\u5185\u5bb9\u306b\u3082\u3088\u308a\u307e\u3059\u304c \u30d6\u30e9\u30b1\u30c3\u30c8\u3068\u30ef\u30a4\u30e4\u30fc\u3067\u306e\u6cbb\u7642\u306e\u5834\u5408\u306f \u6c38\u4e45\u6b6f\u306e\u306f\n\u3048\u63c3\u304611-14\u6b73\u304f\u3089\u3044\u3067\u59cb\u3081\u308b\u306e\u304c\u7406\u60f3\u7684\u3067\u3057\u3087\u3046\u3002\u7279\u5225\u306a\u30b1\u30fc\u30b9\u306e\u5834\u5408\u306b\u306f \u65e2\u306b\uff13\u6b73\u304f\u3089\u3044\u304b\u3089\u59cb\u3081\u305f\u65b9\u304c\u826f\u3044\u3053\u3068\u3082\u7a00\u306b\u3042\u308a\u307e\u3059\u3002<\/p>\n<\/div><\/div>\n\n\n\n<div class=\"wp-block-pb-accordion-item c-accordion__item js-accordion-item no-js\" data-initially-open=\"false\" data-click-to-close=\"true\" data-auto-close=\"true\" data-scroll=\"false\" data-scroll-offset=\"0\"><h2 id=\"at-21442\" class=\"c-accordion__title js-accordion-controller\" role=\"button\">\u201c\u6b6f\u5217\u77ef\u6b63\u306f\u4f55\u6b73\u304f\u3089\u3044\u8fc4 \u52e7\u3081\u3089\u308c\u307e\u3059\u304b?  60\u6b73\u3067\u306f\u9045\u3044\u3067\u3059\u304b?\u201c<\/h2><div id=\"ac-21442\" class=\"c-accordion__content\">\n<p>\u5e74\u9f62\u5236\u9650\u306f\u3042\u308a\u307e\u305b\u3093\u3001\u6b6f\u5217\u77ef\u6b63\u306f \u4eba\u751f\u306e\u3069\u306e\u6bb5\u968e\u3067\u3082 \u5168\u304f\u554f\u984c\u306a\u304f\u59cb\u3081\u3089\u308c\u307e\u3059\u3002\u305f\u3060\u3057 \u984e\u95a2\u7bc0\u306e\u81ea\u7136\u306e\u6210\u9577\u3092\u5229\u7528\u3057\u3066\u884c\u3046\u6cbb\u7642\u306b\u9650\u3063\u3066\u306f \u6b8b\u5ff5\u306a\u304c\u3089\u201c\u6210\u9577\u671f\u201c\u306b\u6cbb\u7642\u3092\u884c\u3046\u3053\u3068\u304c\u5fc5\u9808\u3068\u306a\u308a\u307e\u3059\u3002<\/p>\n<\/div><\/div>\n\n\n\n<div class=\"wp-block-pb-accordion-item c-accordion__item js-accordion-item no-js\" data-initially-open=\"false\" data-click-to-close=\"true\" data-auto-close=\"true\" data-scroll=\"false\" data-scroll-offset=\"0\"><h2 id=\"at-21443\" class=\"c-accordion__title js-accordion-controller\" role=\"button\">\u201c\u77ef\u6b63\u306e\u6cbb\u7642\u306b\u8981\u3059\u308b\u671f\u9593\u306f \u3069\u308c\u304f\u3089\u3044\u3067\u3059\u304b?\u201c<\/h2><div id=\"ac-21443\" class=\"c-accordion__content\">\n<p>\u5f53\u9662\u3067\u306e\u6cbb\u7642\u306f \u4e00\u822c\u7684\u306b\u8003\u3048\u3089\u308c\u3066\u3044\u308b\u307b\u3069\u9577\u671f\u306b\u306f\u6e21\u308a\u307e\u305b\u3093\u3002\n\u5b9f\u969b\u306b\u30d6\u30e9\u30b1\u30c3\u30c8\u3068\u30ef\u30a4\u30e4\u30fc\u3092\u6b6f\u306b\u88c5\u7740\u3057\u3066\u3044\u308b\u671f\u9593\u306f 1\u5e74\u304b\u30891\u5e74\u534a\u3067\u3059\u3002<\/p>\n<\/div><\/div>\n\n\n\n<div class=\"wp-block-pb-accordion-item c-accordion__item js-accordion-item no-js\" data-initially-open=\"false\" data-click-to-close=\"true\" data-auto-close=\"true\" data-scroll=\"false\" data-scroll-offset=\"0\"><h2 id=\"at-21444\" class=\"c-accordion__title js-accordion-controller\" role=\"button\">\u201c\u6cbb\u7642\u306b\u306f\u82e6\u75db\u304c\u4f34\u3044\u307e\u3059\u304b?\u201c<\/h2><div id=\"ac-21444\" class=\"c-accordion__content\">\n<p>\u4eba\u9593\u306e\u77e5\u899a\u306b\u306f\u500b\u4eba\u5dee\u304c\u3042\u308a\u307e\u3059\u3002\n\u53e3\u306e\u4e2d\u306e\u5909\u5316\u306b\u6163\u308c\u308b\u306b\u306f \u3042\u308b\u7a0b\u5ea6\u306e\u6642\u9593\u306f\u304b\u304b\u308a\u307e\u3059\u304c \u57fa\u672c\u7684\u306b\u306f\u6b6f\u5217\u77ef\u6b63\u306b\u304a\u3044\u3066 \u3072\u3069\u3044\u75db\u307f\u3001\u7d99\u7d9a\u3059\u308b\u75db\u307f\u306f\u4f34\u3044\u307e\u305b\u3093\u3002<\/p>\n<\/div><\/div>\n\n\n\n<div class=\"wp-block-pb-accordion-item c-accordion__item js-accordion-item no-js\" data-initially-open=\"false\" data-click-to-close=\"true\" data-auto-close=\"true\" data-scroll=\"false\" data-scroll-offset=\"0\"><h2 id=\"at-21445\" class=\"c-accordion__title js-accordion-controller\" role=\"button\">\u201c\u305b\u3063\u304b\u304f\u304d\u308c\u3044\u306b\u77ef\u6b63\u3057\u305f\u306e\u306b \u5e74\u9f62\u3068\u3068\u3082\u306b \u6b6f\u306f\u57fa\u306e\u72b6\u614b\u306b\u623b\u3063\u3066\u3057\u307e\u3046\u306e\u3067\u3059\u304b?\u201c<\/h2><div id=\"ac-21445\" class=\"c-accordion__content\">\n<p>\u6b6f\u306f\u751f\u6daf\u52d5\u304f\u3082\u306e\u3067\u3059\u3002\n\u5f53\u9662\u3067\u306f \u7f8e\u3057\u3044\u7d50\u679c\u304c\u7121\u7406\u306a\u304f\u751f\u6daf\u30ad\u30fc\u30d7\u3067\u304d\u308b\u3088\u3046\u306b \u5fc5\u305a\u2019\u5f8c\u623b\u308a\u9632\u6b62\u51e6\u7f6e\u2019\u3092\u3057\u3066\u304b\u3089\u6cbb\u7642\u3092\u7d42\u4e86\u3057\u307e\u3059\u306e\u3067\u3054\u5b89\u5fc3\u4e0b\u3055\u3044\u3002<\/p>\n<\/div><\/div>\n\n\n\n<div class=\"wp-block-pb-accordion-item c-accordion__item js-accordion-item no-js\" data-initially-open=\"false\" data-click-to-close=\"true\" data-auto-close=\"true\" data-scroll=\"false\" data-scroll-offset=\"0\"><h2 id=\"at-21446\" class=\"c-accordion__title js-accordion-controller\" role=\"button\">\u201c\u6b6f\u5217\u77ef\u6b63\u306e\u8cbb\u7528\u306f \u4fdd\u967a\u3067\u30ab\u30d0\u30fc\u3055\u308c\u308b\u306e\u3067\u3059\u304b?\u201c<\/h2><div id=\"ac-21446\" class=\"c-accordion__content\">\n<p>\u305d\u308c\u306f\u3042\u306a\u305f\u306e\u4f1a\u793e\u3068\u4fdd\u967a\u4f1a\u793e\u306e\u5951\u7d04\u5185\u5bb9\u306b\u3088\u308a\u307e\u3059\u3002\n\u5927\u534a\u306e\u30d7\u30e9\u30a4\u30d9\u30fc\u30c8\u4fdd\u967a\u306f \u5c11\u306a\u304f\u3068\u3082\u5927\u534a\u306f\u30ab\u30d0\u30fc\u3057\u3066\u304f\u308c\u307e\u3059\u304c \u4e2d\u306b\u306f\u5168\u984d\u4fdd\u967a\u9069\u7528\u306b\u306a\u308b\u30b1\u30fc\u30b9\u3082\u3001\u307e\u305f\u9006\u306b\u6b6f\u5217\u77ef\u6b63\u306f \u4fdd\u967a\u9069\u7528\u5916\u3068\u660e\u8a18\u3055\u308c\u3066\u3044\u308b\u5951\u7d04\u3082\u3042\u308a\u307e\u3059\u3002\n\u3053\u306e\u554f\u984c\u306b\u95a2\u3057\u3066\u3082 \u6cbb\u7642\u958b\u59cb\u524d\u306b\u5ff5\u5165\u308a\u306b\u8a71\u3057\u5408\u3044  \u6cbb\u7642\u306f \u4fdd\u967a\u4f1a\u793e\u304b\u3089\u6b63\u5f0f\u306a\u627f\u8afe\u66f8\u304c\u66f8\u9762\u3067\u767a\u884c\u3055\u308c\u3066\u304b\u3089\u59cb\u3081\u307e\u3059\u3002\u3053\u308c\u306b\u95a2\u3057\u3066\u306f \u533b\u5e2b\u3001\u901a\u8a33\u306e\u307f\u306a\u3089\u305a \u4fdd\u967a\u4f1a\u793e\u62c5\u5f53\u306e\u30b9\u30bf\u30c3\u30d5\u3082\u5354\u529b\u3055\u305b\u3066\u9802\u304d\u307e\u3059\u3002<\/p>\n<\/div><\/div>\n\n\n\n<div class=\"wp-block-pb-accordion-item c-accordion__item js-accordion-item no-js\" data-initially-open=\"false\" data-click-to-close=\"true\" data-auto-close=\"true\" data-scroll=\"false\" data-scroll-offset=\"0\"><h2 id=\"at-21447\" class=\"c-accordion__title js-accordion-controller\" role=\"button\">.\u201c\u89aa\u77e5\u3089\u305a\u306f \u3069\u3046\u3057\u3066\u3082\u629c\u304b\u306a\u3051\u308c\u3070\u306a\u3089\u306a\u3044\u306e\u3067\u3057\u3087\u3046\u304b?  \n\u201a\u767e\u5bb3\u3042\u3063\u3066\u4e00\u5229\u7121\u3057\u2019\u3068\u306f\u672c\u5f53\u3067\u3059\u304b?\u201c<\/h2><div id=\"ac-21447\" class=\"c-accordion__content\">\n<p>\u30c9\u30a4\u30c4\u3067\u306f \u89aa\u77e5\u3089\u305a\u306f \u5b9f\u969b\u306b\u629c\u6b6f\u304c\u5fc5\u8981\u3067\u306a\u3044\u5834\u5408\u3067\u3082 \u81ea\u52d5\u7684\u306b\u629c\u6b6f\u3092\u52e7\u3081\u3089\u308c\u308b\u3053\u3068\u304c\u3042\u308a\u307e\u3059\u3002\n\u300c\u89aa\u77e5\u3089\u305a\u304c\u751f\u3048\u3066\u304f\u308b\u3068\u6b6f\u4e26\u3073\u304c\u60aa\u304f\u306a\u308b\u300d\u3068\u8a00\u308f\u308c\u308b\u306e\u306f\u9593\u9055\u3044\u3067\u3059\u3002\n\u89aa\u77e5\u3089\u305a\u306e\u554f\u984c\u306b\u306f\u5927\u304d\u306a\u500b\u4eba\u5dee\u304c\u3042\u308a \u554f\u984c\u306a\u304f\u6b8b\u305b\u308b\u30b1\u30fc\u30b9\u3082\u3042\u308c\u3070\u3001\u5168\u304f\u751f\u3048\u3066\u304f\u308b\u5834\u6240\u304c\u306a\u304b\u3063\u305f\u308a \u4f4d\u7f6e\u304c\u60aa\u304f\u629c\u6b6f\u3092\u514d\u308c\u306a\u3044\u30b1\u30fc\u30b9\u3082\u3042\u308a\u307e\u3059\u3002\n\u5f53\u9662\u3067\u306f \u69d8\u3005\u306a\u5206\u6790\u306e\u5f8c  \u6b8b\u3059\u3053\u3068\u304c\u5168\u304f\u4e0d\u53ef\u80fd\u306a\u5834\u5408\u306b\u306e\u307f\u629c\u6b6f\u3092\u304a\u52e7\u3081\u3057\u307e\u3059\u3002<\/p>\n<\/div><\/div>\n\n\n\n<div class=\"wp-block-pb-accordion-item c-accordion__item js-accordion-item no-js\" data-initially-open=\"false\" data-click-to-close=\"true\" data-auto-close=\"true\" data-scroll=\"false\" data-scroll-offset=\"0\"><h2 id=\"at-21448\" class=\"c-accordion__title js-accordion-controller\" role=\"button\">\u201c\u2019\u898b\u3048\u306a\u3044\u77ef\u6b63\u2019\u3063\u3066\u3042\u308b\u306e\u3067\u3059\u304b?\u201c<\/h2><div id=\"ac-21448\" class=\"c-accordion__content\">\n<p>\u5168\u304f\u898b\u3048\u306a\u3044\u65b9\u6cd5\u3082 \u307b\u3068\u3093\u3069\u898b\u3048\u306a\u3044\u65b9\u6cd5\u3082\u3042\u308a\u307e\u3059\u3002\n\u3069\u306e\u6cbb\u7642\u65b9\u6cd5\u306b\u3082\u4e00\u9577\u4e00\u77ed\u304c\u3042\u308b\u3068\u601d\u3044\u307e\u3059\u304c \u5b9f\u969b\u306b\u77ef\u6b63\u88c5\u7f6e\u3092\u624b\u306b\u53d6\u308a\u306a\u304c\u3089 \u3054\u76f8\u8ac7\u306b\u5fdc\u3058 \u3042\u306a\u305f\u306e\u30cb\u30fc\u30ba\u306b\u5408\u3063\u305f\u6cbb\u7642\u65b9\u6cd5\u3092\u898b\u3064\u3051\u307e\u3057\u3087\u3046\u3002<\/p>\n<\/div><\/div>\n\n\n\n<div class=\"wp-block-pb-accordion-item c-accordion__item js-accordion-item no-js\" data-initially-open=\"false\" data-click-to-close=\"true\" data-auto-close=\"true\" data-scroll=\"false\" data-scroll-offset=\"0\"><h2 id=\"at-21449\" class=\"c-accordion__title js-accordion-controller\" role=\"button\">\u201c\u5439\u594f\u697d\u5668\u3092\u6f14\u594f\u3059\u308b\u306e\u3067\u3059\u304c \u77ef\u6b63\u5668\u5177\u3092\u88c5\u7740\u3057\u3066\u3082 \u6f14\u594f\u3067\u304d\u307e\u3059\u304b?\u201c<\/h2><div id=\"ac-21449\" class=\"c-accordion__content\">\n<p>\u5168\u304f\u554f\u984c\u3042\u308a\u307e\u305b\u3093\uff01\n\u305f\u3060 \u5927\u5207\u306a\u30b3\u30f3\u30b5\u30fc\u30c8\u306e\u524d\u65e5\u306b\u30d6\u30e9\u30b1\u30c3\u30c8\u3092\u88c5\u7740\u3059\u308b\u3053\u3068\u306f\u907f\u3051\u305f\u65b9\u304c\u826f\u3044\u3067\u3057\u3087\u3046\u3002\u524d\u8ff0\u306e\u901a\u308a \u53e3\u306e\u4e2d\u306e\u5909\u5316\u306b\u6163\u308c\u308b\u306b\u306f \u5c11\u3057\u6642\u9593\u304c\u5fc5\u8981\u3060\u304b\u3089\u3067\u3059\u3002\n\u88c5\u7740\u5f8c\u3057\u3070\u3089\u304f\u3059\u308c\u3070 \u3082\u3046\u4f55\u306e\u5236\u9650\u3082\u306a\u304f \u3044\u3064\u3082\u306e\u3088\u3046\u306b\u6f14\u594f\u3067\u304d\u307e\u3059<\/p>\n\n\n\n<div style=\"height:40px\" aria-hidden=\"true\" class=\"wp-block-spacer\"><\/div>\n<\/div><\/div>","protected":false},"excerpt":{"rendered":"<p>IHRE FRAGEN \u2013 UNSERE ANTWORTEN Was Sie schon immer \u00fcber Kieferorthop\u00e4die wissen wollten H\u00e4ufige Fragen zur Kieferorthop\u00e4die in D\u00fcsseldorf Wie lange dauert meine Behandlung als Erwachsener? Wie fr\u00fch &#8222;m\u00fcssen&#8220; Kinder zum Kieferorthop\u00e4den? Welchen Kostenteil \u00fcbernimmt meine Krankenkasse? Fragen zur Kieferorthop\u00e4die in D\u00fcsseldorf gibt es jede Menge \u2014 Bimler &amp; Schmidt hat die Antworten. Wir haben hier jene Fragen beantwortet, die unsere Patienten am h\u00e4ufigsten stellen. Als Ihre Kieferorthop\u00e4den in D\u00fcsseldorf-Oberkassel m\u00f6chten wir, dass Sie bestens informiert in Ihre Behandlung starten. Falls Ihre Frage hier nicht beantwortet wird, stehen wir Ihnen gerne pers\u00f6nlich zur Verf\u00fcgung \u2014 rufen Sie uns an unter 0211 559 1000 oder vereinbaren Sie einen Beratungstermin in unserer [&hellip;]<\/p>\n","protected":false},"author":4,"featured_media":0,"parent":0,"menu_order":4,"comment_status":"closed","ping_status":"closed","template":"","meta":{"ocean_post_layout":"","ocean_both_sidebars_style":"","ocean_both_sidebars_content_width":0,"ocean_both_sidebars_sidebars_width":0,"ocean_sidebar":"0","ocean_second_sidebar":"0","ocean_disable_margins":"enable","ocean_add_body_class":"","ocean_shortcode_before_top_bar":"","ocean_shortcode_after_top_bar":"","ocean_shortcode_before_header":"","ocean_shortcode_after_header":"","ocean_has_shortcode":"","ocean_shortcode_after_title":"","ocean_shortcode_before_footer_widgets":"","ocean_shortcode_after_footer_widgets":"","ocean_shortcode_before_footer_bottom":"","ocean_shortcode_after_footer_bottom":"","ocean_display_top_bar":"default","ocean_display_header":"default","ocean_header_style":"","ocean_center_header_left_menu":"0","ocean_custom_header_template":"0","ocean_custom_logo":0,"ocean_custom_retina_logo":0,"ocean_custom_logo_max_width":0,"ocean_custom_logo_tablet_max_width":0,"ocean_custom_logo_mobile_max_width":0,"ocean_custom_logo_max_height":0,"ocean_custom_logo_tablet_max_height":0,"ocean_custom_logo_mobile_max_height":0,"ocean_header_custom_menu":"0","ocean_menu_typo_font_family":"0","ocean_menu_typo_font_subset":"","ocean_menu_typo_font_size":0,"ocean_menu_typo_font_size_tablet":0,"ocean_menu_typo_font_size_mobile":0,"ocean_menu_typo_font_size_unit":"px","ocean_menu_typo_font_weight":"","ocean_menu_typo_font_weight_tablet":"","ocean_menu_typo_font_weight_mobile":"","ocean_menu_typo_transform":"","ocean_menu_typo_transform_tablet":"","ocean_menu_typo_transform_mobile":"","ocean_menu_typo_line_height":0,"ocean_menu_typo_line_height_tablet":0,"ocean_menu_typo_line_height_mobile":0,"ocean_menu_typo_line_height_unit":"","ocean_menu_typo_spacing":0,"ocean_menu_typo_spacing_tablet":0,"ocean_menu_typo_spacing_mobile":0,"ocean_menu_typo_spacing_unit":"","ocean_menu_link_color":"","ocean_menu_link_color_hover":"","ocean_menu_link_color_active":"","ocean_menu_link_background":"","ocean_menu_link_hover_background":"","ocean_menu_link_active_background":"","ocean_menu_social_links_bg":"","ocean_menu_social_hover_links_bg":"","ocean_menu_social_links_color":"","ocean_menu_social_hover_links_color":"","ocean_disable_title":"on","ocean_disable_heading":"default","ocean_post_title":"","ocean_post_subheading":"","ocean_post_title_style":"","ocean_post_title_background_color":"","ocean_post_title_background":0,"ocean_post_title_bg_image_position":"","ocean_post_title_bg_image_attachment":"","ocean_post_title_bg_image_repeat":"","ocean_post_title_bg_image_size":"","ocean_post_title_height":0,"ocean_post_title_bg_overlay":0.5,"ocean_post_title_bg_overlay_color":"","ocean_disable_breadcrumbs":"default","ocean_breadcrumbs_color":"","ocean_breadcrumbs_separator_color":"","ocean_breadcrumbs_links_color":"","ocean_breadcrumbs_links_hover_color":"","ocean_display_footer_widgets":"default","ocean_display_footer_bottom":"default","ocean_custom_footer_template":"0","footnotes":""},"class_list":["post-2144","page","type-page","status-publish","hentry","entry"],"yoast_head":"<!-- This site is optimized with the Yoast SEO plugin v27.4 - https:\/\/yoast.com\/product\/yoast-seo-wordpress\/ -->\n<title>FAQ Kieferorthop\u00e4die | Bimler &amp; Schmidt D\u00fcsseldorf<\/title>\n<meta name=\"description\" content=\"H\u00e4ufige Fragen zur Kieferorthop\u00e4die in D\u00fcsseldorf bei Bimler &amp; Schmidt. Kosten, Behandlungsdauer, Zahnspangen &amp; mehr. Jetzt informieren!\" \/>\n<meta name=\"robots\" content=\"index, follow, max-snippet:-1, max-image-preview:large, max-video-preview:-1\" \/>\n<link rel=\"canonical\" href=\"https:\/\/bimlerundschmidt.de\/ja\/faq\/\" \/>\n<meta property=\"og:locale\" content=\"ja_JP\" \/>\n<meta property=\"og:type\" content=\"article\" \/>\n<meta property=\"og:title\" content=\"FAQ Kieferorthop\u00e4die | Bimler &amp; Schmidt D\u00fcsseldorf\" \/>\n<meta property=\"og:description\" content=\"H\u00e4ufige Fragen zur Kieferorthop\u00e4die in D\u00fcsseldorf bei Bimler &amp; Schmidt. Kosten, Behandlungsdauer, Zahnspangen &amp; mehr. Jetzt informieren!\" \/>\n<meta property=\"og:url\" content=\"https:\/\/bimlerundschmidt.de\/ja\/faq\/\" \/>\n<meta property=\"og:site_name\" content=\"BIMLER &amp; SCHMIDT Kieferorthop\u00e4den\" \/>\n<meta property=\"article:publisher\" content=\"https:\/\/de-de.facebook.com\/bimlerundschmidt.de\/\" \/>\n<meta property=\"article:modified_time\" content=\"2026-04-10T13:03:59+00:00\" \/>\n<meta name=\"twitter:card\" content=\"summary_large_image\" \/>\n<meta name=\"twitter:label1\" content=\"\u63a8\u5b9a\u8aad\u307f\u53d6\u308a\u6642\u9593\" \/>\n\t<meta name=\"twitter:data1\" content=\"3\u5206\" \/>\n<script type=\"application\/ld+json\" class=\"yoast-schema-graph\">{\"@context\":\"https:\\\/\\\/schema.org\",\"@graph\":[{\"@type\":\"WebPage\",\"@id\":\"https:\\\/\\\/bimlerundschmidt.de\\\/faq\\\/\",\"url\":\"https:\\\/\\\/bimlerundschmidt.de\\\/faq\\\/\",\"name\":\"FAQ Kieferorthop\u00e4die | Bimler & Schmidt D\u00fcsseldorf\",\"isPartOf\":{\"@id\":\"https:\\\/\\\/bimlerundschmidt.de\\\/#website\"},\"datePublished\":\"2023-09-05T14:03:58+00:00\",\"dateModified\":\"2026-04-10T13:03:59+00:00\",\"description\":\"H\u00e4ufige Fragen zur Kieferorthop\u00e4die in D\u00fcsseldorf bei Bimler & Schmidt. Kosten, Behandlungsdauer, Zahnspangen & mehr. Jetzt informieren!\",\"breadcrumb\":{\"@id\":\"https:\\\/\\\/bimlerundschmidt.de\\\/faq\\\/#breadcrumb\"},\"inLanguage\":\"ja\",\"potentialAction\":[{\"@type\":\"ReadAction\",\"target\":[\"https:\\\/\\\/bimlerundschmidt.de\\\/faq\\\/\"]}]},{\"@type\":\"BreadcrumbList\",\"@id\":\"https:\\\/\\\/bimlerundschmidt.de\\\/faq\\\/#breadcrumb\",\"itemListElement\":[{\"@type\":\"ListItem\",\"position\":1,\"name\":\"Startseite\",\"item\":\"https:\\\/\\\/bimlerundschmidt.de\\\/\"},{\"@type\":\"ListItem\",\"position\":2,\"name\":\"FAQ\"}]},{\"@type\":\"WebSite\",\"@id\":\"https:\\\/\\\/bimlerundschmidt.de\\\/#website\",\"url\":\"https:\\\/\\\/bimlerundschmidt.de\\\/\",\"name\":\"Bimler & Schmidt Kieferorthop\u00e4den\",\"description\":\"Kieferorthop\u00e4den Kieferorthop\u00e4de D\u00fcsseldorf\",\"publisher\":{\"@id\":\"https:\\\/\\\/bimlerundschmidt.de\\\/#organization\"},\"potentialAction\":[{\"@type\":\"SearchAction\",\"target\":{\"@type\":\"EntryPoint\",\"urlTemplate\":\"https:\\\/\\\/bimlerundschmidt.de\\\/?s={search_term_string}\"},\"query-input\":{\"@type\":\"PropertyValueSpecification\",\"valueRequired\":true,\"valueName\":\"search_term_string\"}}],\"inLanguage\":\"ja\"},{\"@type\":\"Organization\",\"@id\":\"https:\\\/\\\/bimlerundschmidt.de\\\/#organization\",\"name\":\"Bimler & Schmidt - Kieferorthop\u00e4den\",\"url\":\"https:\\\/\\\/bimlerundschmidt.de\\\/\",\"logo\":{\"@type\":\"ImageObject\",\"inLanguage\":\"ja\",\"@id\":\"https:\\\/\\\/bimlerundschmidt.de\\\/#\\\/schema\\\/logo\\\/image\\\/\",\"url\":\"https:\\\/\\\/bimlerundschmidt.de\\\/wp-content\\\/uploads\\\/2026\\\/02\\\/cropped-cropped-Zeichenflaeche-1-Kopie.png\",\"contentUrl\":\"https:\\\/\\\/bimlerundschmidt.de\\\/wp-content\\\/uploads\\\/2026\\\/02\\\/cropped-cropped-Zeichenflaeche-1-Kopie.png\",\"width\":685,\"height\":205,\"caption\":\"Bimler & Schmidt - Kieferorthop\u00e4den\"},\"image\":{\"@id\":\"https:\\\/\\\/bimlerundschmidt.de\\\/#\\\/schema\\\/logo\\\/image\\\/\"},\"sameAs\":[\"https:\\\/\\\/de-de.facebook.com\\\/bimlerundschmidt.de\\\/\",\"https:\\\/\\\/www.instagram.com\\\/bimlerundschmidt\\\/\"]}]}<\/script>\n<!-- \/ Yoast SEO plugin. -->","yoast_head_json":{"title":"FAQ Kieferorthop\u00e4die | Bimler & Schmidt D\u00fcsseldorf","description":"H\u00e4ufige Fragen zur Kieferorthop\u00e4die in D\u00fcsseldorf bei Bimler & Schmidt. Kosten, Behandlungsdauer, Zahnspangen & mehr. Jetzt informieren!","robots":{"index":"index","follow":"follow","max-snippet":"max-snippet:-1","max-image-preview":"max-image-preview:large","max-video-preview":"max-video-preview:-1"},"canonical":"https:\/\/bimlerundschmidt.de\/ja\/faq\/","og_locale":"ja_JP","og_type":"article","og_title":"FAQ Kieferorthop\u00e4die | Bimler & Schmidt D\u00fcsseldorf","og_description":"H\u00e4ufige Fragen zur Kieferorthop\u00e4die in D\u00fcsseldorf bei Bimler & Schmidt. Kosten, Behandlungsdauer, Zahnspangen & mehr. Jetzt informieren!","og_url":"https:\/\/bimlerundschmidt.de\/ja\/faq\/","og_site_name":"BIMLER &amp; SCHMIDT Kieferorthop\u00e4den","article_publisher":"https:\/\/de-de.facebook.com\/bimlerundschmidt.de\/","article_modified_time":"2026-04-10T13:03:59+00:00","twitter_card":"summary_large_image","twitter_misc":{"\u63a8\u5b9a\u8aad\u307f\u53d6\u308a\u6642\u9593":"3\u5206"},"schema":{"@context":"https:\/\/schema.org","@graph":[{"@type":"WebPage","@id":"https:\/\/bimlerundschmidt.de\/faq\/","url":"https:\/\/bimlerundschmidt.de\/faq\/","name":"FAQ Kieferorthop\u00e4die | Bimler & Schmidt D\u00fcsseldorf","isPartOf":{"@id":"https:\/\/bimlerundschmidt.de\/#website"},"datePublished":"2023-09-05T14:03:58+00:00","dateModified":"2026-04-10T13:03:59+00:00","description":"H\u00e4ufige Fragen zur Kieferorthop\u00e4die in D\u00fcsseldorf bei Bimler & Schmidt. Kosten, Behandlungsdauer, Zahnspangen & mehr. Jetzt informieren!","breadcrumb":{"@id":"https:\/\/bimlerundschmidt.de\/faq\/#breadcrumb"},"inLanguage":"ja","potentialAction":[{"@type":"ReadAction","target":["https:\/\/bimlerundschmidt.de\/faq\/"]}]},{"@type":"BreadcrumbList","@id":"https:\/\/bimlerundschmidt.de\/faq\/#breadcrumb","itemListElement":[{"@type":"ListItem","position":1,"name":"Startseite","item":"https:\/\/bimlerundschmidt.de\/"},{"@type":"ListItem","position":2,"name":"FAQ"}]},{"@type":"WebSite","@id":"https:\/\/bimlerundschmidt.de\/#website","url":"https:\/\/bimlerundschmidt.de\/","name":"Bimler & Schmidt Kieferorthop\u00e4den","description":"Kieferorthop\u00e4den Kieferorthop\u00e4de D\u00fcsseldorf","publisher":{"@id":"https:\/\/bimlerundschmidt.de\/#organization"},"potentialAction":[{"@type":"SearchAction","target":{"@type":"EntryPoint","urlTemplate":"https:\/\/bimlerundschmidt.de\/?s={search_term_string}"},"query-input":{"@type":"PropertyValueSpecification","valueRequired":true,"valueName":"search_term_string"}}],"inLanguage":"ja"},{"@type":"Organization","@id":"https:\/\/bimlerundschmidt.de\/#organization","name":"Bimler & Schmidt - Kieferorthop\u00e4den","url":"https:\/\/bimlerundschmidt.de\/","logo":{"@type":"ImageObject","inLanguage":"ja","@id":"https:\/\/bimlerundschmidt.de\/#\/schema\/logo\/image\/","url":"https:\/\/bimlerundschmidt.de\/wp-content\/uploads\/2026\/02\/cropped-cropped-Zeichenflaeche-1-Kopie.png","contentUrl":"https:\/\/bimlerundschmidt.de\/wp-content\/uploads\/2026\/02\/cropped-cropped-Zeichenflaeche-1-Kopie.png","width":685,"height":205,"caption":"Bimler & Schmidt - Kieferorthop\u00e4den"},"image":{"@id":"https:\/\/bimlerundschmidt.de\/#\/schema\/logo\/image\/"},"sameAs":["https:\/\/de-de.facebook.com\/bimlerundschmidt.de\/","https:\/\/www.instagram.com\/bimlerundschmidt\/"]}]}},"_links":{"self":[{"href":"https:\/\/bimlerundschmidt.de\/ja\/wp-json\/wp\/v2\/pages\/2144","targetHints":{"allow":["GET"]}}],"collection":[{"href":"https:\/\/bimlerundschmidt.de\/ja\/wp-json\/wp\/v2\/pages"}],"about":[{"href":"https:\/\/bimlerundschmidt.de\/ja\/wp-json\/wp\/v2\/types\/page"}],"author":[{"embeddable":true,"href":"https:\/\/bimlerundschmidt.de\/ja\/wp-json\/wp\/v2\/users\/4"}],"replies":[{"embeddable":true,"href":"https:\/\/bimlerundschmidt.de\/ja\/wp-json\/wp\/v2\/comments?post=2144"}],"version-history":[{"count":1,"href":"https:\/\/bimlerundschmidt.de\/ja\/wp-json\/wp\/v2\/pages\/2144\/revisions"}],"predecessor-version":[{"id":3521,"href":"https:\/\/bimlerundschmidt.de\/ja\/wp-json\/wp\/v2\/pages\/2144\/revisions\/3521"}],"wp:attachment":[{"href":"https:\/\/bimlerundschmidt.de\/ja\/wp-json\/wp\/v2\/media?parent=2144"}],"curies":[{"name":"wp","href":"https:\/\/api.w.org\/{rel}","templated":true}]}}