{"id":2398,"date":"2026-02-18T12:23:43","date_gmt":"2026-02-18T12:23:43","guid":{"rendered":"https:\/\/bimlerundschmidt.de\/?page_id=2398"},"modified":"2026-03-15T13:04:48","modified_gmt":"2026-03-15T13:04:48","slug":"fuer-erwachsene","status":"publish","type":"page","link":"https:\/\/bimlerundschmidt.de\/ja\/behandlungsuebersicht\/fuer-erwachsene\/","title":{"rendered":"F\u00fcr Erwachsene"},"content":{"rendered":"<div class=\"wp-block-group alignfull has-background\" style=\"background-color:#a2bb0b\"><div class=\"wp-block-group__inner-container is-layout-constrained wp-block-group-is-layout-constrained\">\n<div style=\"height:20px\" aria-hidden=\"true\" class=\"wp-block-spacer\"><\/div>\n\n\n\n<h1 class=\"wp-block-heading has-text-align-center\">F\u00dcR ERWACHSENE<\/h1>\n\n\n\n<h3 class=\"wp-block-heading has-text-align-center\">Unsere Behandlungen<\/h3>\n\n\n\n<hr class=\"wp-block-separator has-alpha-channel-opacity\"\/>\n\n\n\n<div style=\"height:20px\" aria-hidden=\"true\" class=\"wp-block-spacer\"><\/div>\n<\/div><\/div>\n\n\n\n<div style=\"height:10px\" aria-hidden=\"true\" class=\"wp-block-spacer\"><\/div>\n\n\n\n<h3 class=\"wp-block-heading has-text-align-center\">Kieferorthop\u00e4dische Erfolge lohnen den Aufwand<\/h3>\n\n\n\n<h2 class=\"wp-block-heading has-text-align-center\">WIR BRINGEN SIE ZUM L\u00c4CHELN<\/h2>\n\n\n\n<hr class=\"wp-block-separator has-alpha-channel-opacity\"\/>\n\n\n\n<div style=\"height:10px\" aria-hidden=\"true\" class=\"wp-block-spacer\"><\/div>\n\n\n\n<p class=\"has-text-align-center\">\u3042\u306a\u305f\u304c\u6700\u8fd1 \u3068\u3073\u304d\u308a\u306e\u7b11\u9854\u3092\u307f\u305b\u305f\u306e\u306f\u3044\u3064\u3060\u3063\u305f\u3067\u3057\u3087\u3046\u304b?\n\u7f8e\u3057\u304f\u4e26\u3093\u3060\u6b6f\u304c\u306e\u305e\u304f\u81ea\u4fe1\u306b\u6e80\u3061\u305f\u7b11\u9854\u306f \u4ed5\u4e8b\u306b\u3064\u3051 \u65e5\u5e38\u751f\u6d3b\u306b\u3064\u3051\u3042\u306a\u305f\u306e\u540d\u523a\u306a\u306e\u3067\u3059\u3002\n\u6b8b\u5ff5\u306a\u306e\u306f \u8ab0\u3082\u304c\u751f\u307e\u308c\u3064\u304d\u3053\u306e\u300c\u540d\u523a\u300d\u3092\u624b\u306b\u3057\u3066\u3044\u308b\u8a33\u3067\u306f\u306a\u3044\u3068\u3044\u3046\u3053\u3068\u3067\u3059\u3002\u3067\u3082\u624b\u9045\u308c\u3067\u306f\u3042\u308a\u307e\u305b\u3093\u3001\u5b50\u4f9b\u306e\u9803\u306b\u3067\u304d\u306a\u304b\u3063\u305f\u6b6f\u5217\u77ef\u6b63\u306f \u5927\u4eba\u306b\u306a\u3063\u305f\u4eca \u6700\u65b0\u6280\u8853\u3092\u99c6\u4f7f\u3057\u305f\u624b\u6cd5\u306b\u3088\u308a \u9065\u304b\u306b\u77ed\u3044\u671f\u9593\u3067\u5b8c\u74a7\u306a\u6cbb\u7642\u304c\u3067\u304d\u308b\u3088\u3046\u306b\u306a\u308a\u307e\u3057\u305f\u3002\u305d\u306e\u4e0a\u307b\u3068\u3093\u3069\u306e\u30b1\u30fc\u30b9\u304c \u30c9\u30a4\u30c4\u3067\u306f\u30d7\u30e9\u30a4\u30d9\u30fc\u30c8\u4fdd\u967a\u306e\u9069\u7528\u5185\u3068\u306a\u308a\u307e\u3059\uff01<\/p>\n\n\n\n<p class=\"has-text-align-center\">\u30d3\u30e0\u30e9\u30fc, \u30b7\u30e5\u30df\u30c3\u30c8\u4e21\u533b\u5e2b\u306f \u9577\u5e74\u306b\u6e21\u308b\u7d4c\u9a13\u306b\u3088\u308a \u901a\u5e38\u306e\u300c\u6b6f\u4e26\u3073\u300d\u3092\u8d85\u3048\u305f\u3001\u65e5\u672c\u3067\u306f\u5916\u79d1\u624b\u8853\u4ee5\u5916\u306b\u624b\u6bb5\u306f\u306a\u3044\u3001\u3068\u8a00\u308f\u308c\u305f\u8907\u96d1\u306a\u30b1\u30fc\u30b9\u306b\u3082\u5bfe\u5fdc\u3057\u3066\u304a\u308a\u307e\u3059\u3002<\/p>\n\n\n\n<p class=\"has-text-align-center\"><strong>Kieferorthop\u00e4die f\u00fcr Erwachsene in D\u00fcsseldorf \u2014 nie zu sp\u00e4t f\u00fcr ein sch\u00f6nes L\u00e4cheln<\/strong><\/p>\n\n\n\n<p class=\"has-text-align-center\">\u3053\u308c\u307e\u3067\u300c\u7121\u7406\u3060\u300d\u3068\u8ae6\u3081\u3066\u3044\u305f\u3042\u306a\u305f\u3001\u662f\u975e\u4e00\u5ea6\u3054\u76f8\u8ac7\u4e0b\u3055\u3044\u3002<\/p>\n\n\n\n<p class=\"has-text-align-center\">Ob unsichtbare Aligner, festsitzende Zahnspangen mit unauff\u00e4lligen Brackets oder andere Methoden \u2014 wir finden gemeinsam mit Ihnen die beste L\u00f6sung. Viele unserer erwachsenen Patienten sind \u00fcberrascht, wie angenehm und unkompliziert eine kieferorthop\u00e4dische Behandlung heute sein kann. Kieferorthop\u00e4die f\u00fcr Erwachsene in D\u00fcsseldorf bedeutet bei uns: keine langen Wartezeiten, pers\u00f6nliche Betreuung und ein erfahrenes Team, dem Sie wichtig sind.<\/p>\n\n\n\n<p class=\"has-text-align-center\"><strong>Vereinbaren Sie jetzt Ihren kostenlosen Beratungstermin in unserer Praxis in der Quirinstra\u00dfe 17, D\u00fcsseldorf-Oberkassel. Wir freuen uns auf Sie!<\/strong><\/p>\n\n\n\n<div style=\"height:20px\" aria-hidden=\"true\" class=\"wp-block-spacer\"><\/div>\n\n\n\n<div class=\"wp-block-columns is-layout-flex wp-container-core-columns-is-layout-9d6595d7 wp-block-columns-is-layout-flex\">\n<div class=\"wp-block-column is-layout-flow wp-block-column-is-layout-flow\">\n<figure class=\"wp-block-image\"><img decoding=\"async\" src=\"https:\/\/bimlerundschmidt.de\/wp-content\/uploads\/2019\/07\/Bimlder-Schmidt-Kieferorthopaede-fuer-Erwachsene-01-1024x682-1024x682.jpg\" alt=\"\"\/><\/figure>\n<\/div>\n\n\n\n<div class=\"wp-block-column is-layout-flow wp-block-column-is-layout-flow\">\n<div class=\"wp-block-columns is-layout-flex wp-container-core-columns-is-layout-9d6595d7 wp-block-columns-is-layout-flex\">\n<div class=\"wp-block-column is-layout-flow wp-block-column-is-layout-flow\">\n<blockquote class=\"wp-block-quote is-layout-flow wp-block-quote-is-layout-flow\">\n<h3 class=\"wp-block-heading\">FARBLICH ANGEPASST<\/h3>\n\n\n\n<p>\u6b6f\u306e\u8272\u306b\u5408\u308f\u305b\u305f\u30d6\u30e9\u30b1\u30c3\u30c8(\u6b6f\u306b\u63a5\u7740\u3059\u308b\u5668\u5177)\u3068\u540c\u8272\u306e\u30ef\u30a4\u30e4\u30fc\u4f7f\u7528\u306e\u6cbb\u7642*<\/p>\n<\/blockquote>\n\n\n\n<div style=\"height:50px\" aria-hidden=\"true\" class=\"wp-block-spacer\"><\/div>\n\n\n\n<blockquote class=\"wp-block-quote is-layout-flow wp-block-quote-is-layout-flow\">\n<h3 class=\"wp-block-heading\">PUNKTGENAUE KORREKTUR<\/h3>\n\n\n\n<p>\u201e\u76ee\u7acb\u305f\u306a\u3044\u77ef\u6b63\u201c\u306f \u4e0a\u8a18\u306e\u901a\u308a\u3067\u3059\u304c \u6b6f\u3092\u52d5\u304b\u3059\u5fae\u5999\u306a\u529b\u914d\u5206\u3001\u3068\u3044\u3046\u89b3\u70b9\u306b\u304a         \u3044\u3066\u306f \u4e00\u822c\u7684\u306b\u306f\u30ef\u30a4\u30e4\u30fc\u3092\u4f7f\u7528\u3057\u305f\u77ef\u6b63\u6cbb\u7642\u3092\u304a\u52e7\u3081\u3057\u307e\u3059\u3002<\/p>\n<\/blockquote>\n\n\n\n<div style=\"height:50px\" aria-hidden=\"true\" class=\"wp-block-spacer\"><\/div>\n\n\n\n<blockquote class=\"wp-block-quote is-layout-flow wp-block-quote-is-layout-flow\"><\/blockquote>\n<\/div>\n\n\n\n<div class=\"wp-block-column is-layout-flow wp-block-column-is-layout-flow\">\n<blockquote class=\"wp-block-quote is-layout-flow wp-block-quote-is-layout-flow\">\n<h3 class=\"wp-block-heading\">KAUM BEMERKBAR<\/h3>\n\n\n\n<p>\u307b\u3068\u3093\u3069\u201c\u77ef\u6b63\u3057\u3066\u3044\u308b\u201c \u3053\u3068\u306e\u5206\u304b\u3089\u306a\u3044\u6cbb\u7642\u3001\u898b\u305f\u76ee\u3060\u3051\u3067\u306f\u306a\u304f \u8a71\u3057\u3066\u3082 \u7b11\n\u3000\u3063\u3066\u3082\u307b\u3068\u3093\u3069\u5206\u304b\u3089\u306a\u3044 \u30de\u30a6\u30b9\u30d4\u30fc\u30b9\u3092\u4f7f\u7528\u3057\u305f\u6cbb\u7642\u3000<\/p>\n<\/blockquote>\n\n\n\n<div style=\"height:50px\" aria-hidden=\"true\" class=\"wp-block-spacer\"><\/div>\n\n\n\n<blockquote class=\"wp-block-quote is-layout-flow wp-block-quote-is-layout-flow\">\n<h3 class=\"wp-block-heading\">UNSICHTBARE ZAHNSPANGE<\/h3>\n\n\n\n<p>\u300c\u77ef\u6b63\u3057\u3066\u3044\u308b\u300d\u3053\u3068\u304c\u898b\u305f\u76ee\u3067\u306f\u5168\u304f\u5206\u304b\u3089\u306a\u3044\u3001\u88c5\u7f6e\u3092\u6b6f\u306e\u5185\u5074\u306b\u63a5\u7740\u3059\u308b\u3000\u3000\u3000\u3000\u3000\n\u3000\u30ef\u30a4\u30e4\u30fc\u4f7f\u7528\u306e\u201e\u88cf\u5074\u6cbb\u7642\u201c* <br><a href=\"\/ja\/unsichtbare-zahnspange\/\">&gt; Mehr Informationen<\/a><\/p>\n<\/blockquote>\n\n\n\n<div style=\"height:50px\" aria-hidden=\"true\" class=\"wp-block-spacer\"><\/div>\n<\/div>\n<\/div>\n<\/div>\n<\/div>\n\n\n\n<div class=\"wp-block-group alignfull has-background\" style=\"background-color:#a2bb0b\"><div class=\"wp-block-group__inner-container is-layout-constrained wp-block-group-is-layout-constrained\">\n<div style=\"height:20px\" aria-hidden=\"true\" class=\"wp-block-spacer\"><\/div>\n\n\n\n<h2 class=\"wp-block-heading has-text-align-center\">LASSEN SIE SICH BERATEN!<\/h2>\n\n\n\n<div class=\"wp-block-buttons is-content-justification-center is-layout-flex wp-container-core-buttons-is-layout-16018d1d wp-block-buttons-is-layout-flex\">\n<div class=\"wp-block-button\"><a class=\"wp-block-button__link has-white-color has-text-color has-background has-link-color wp-element-button\" href=\"http:\/\/bimlerundschmidt.de\/ja\/kontakt\/\" style=\"background-color:#943336\">TERMIN VEREINBAREN<\/a><\/div>\n<\/div>\n<\/div><\/div>","protected":false},"excerpt":{"rendered":"<p>F\u00dcR ERWACHSENE Unsere Behandlungen Kieferorthop\u00e4dische Erfolge lohnen den Aufwand WIR BRINGEN SIE ZUM L\u00c4CHELN Kieferorthop\u00e4die f\u00fcr Erwachsene in D\u00fcsseldorf \u2014 bei Bimler &amp; Schmidt ist es nie zu sp\u00e4t f\u00fcr gerade Z\u00e4hne und ein strahlendes L\u00e4cheln. Wann haben Sie das letzte Mal herzhaft gelacht oder einem lieben Mitmenschen ein strahlendes L\u00e4cheln geschenkt? Sch\u00f6ne, gerade und gesunde Z\u00e4hne, die man gerne zeigt, sind ein St\u00fcck Lebensqualit\u00e4t und f\u00fcr viele Menschen die beste Visitenkarte \u2013 im Beruf wie im Privaten. Nicht jeder Erwachsene aber verf\u00fcgt von Natur aus \u00fcber diese Visitenkarte. Hier hilft die moderne Kieferorthop\u00e4die. Denn die kann korrigieren, was in ganz fr\u00fchen Jahren als Kind oder Teenager vers\u00e4umt wurde. Auch [&hellip;]<\/p>\n","protected":false},"author":4,"featured_media":0,"parent":2187,"menu_order":0,"comment_status":"closed","ping_status":"closed","template":"","meta":{"ocean_post_layout":"","ocean_both_sidebars_style":"","ocean_both_sidebars_content_width":0,"ocean_both_sidebars_sidebars_width":0,"ocean_sidebar":"0","ocean_second_sidebar":"0","ocean_disable_margins":"enable","ocean_add_body_class":"","ocean_shortcode_before_top_bar":"","ocean_shortcode_after_top_bar":"","ocean_shortcode_before_header":"","ocean_shortcode_after_header":"","ocean_has_shortcode":"","ocean_shortcode_after_title":"","ocean_shortcode_before_footer_widgets":"","ocean_shortcode_after_footer_widgets":"","ocean_shortcode_before_footer_bottom":"","ocean_shortcode_after_footer_bottom":"","ocean_display_top_bar":"default","ocean_display_header":"default","ocean_header_style":"","ocean_center_header_left_menu":"0","ocean_custom_header_template":"0","ocean_custom_logo":0,"ocean_custom_retina_logo":0,"ocean_custom_logo_max_width":0,"ocean_custom_logo_tablet_max_width":0,"ocean_custom_logo_mobile_max_width":0,"ocean_custom_logo_max_height":0,"ocean_custom_logo_tablet_max_height":0,"ocean_custom_logo_mobile_max_height":0,"ocean_header_custom_menu":"0","ocean_menu_typo_font_family":"0","ocean_menu_typo_font_subset":"","ocean_menu_typo_font_size":0,"ocean_menu_typo_font_size_tablet":0,"ocean_menu_typo_font_size_mobile":0,"ocean_menu_typo_font_size_unit":"px","ocean_menu_typo_font_weight":"","ocean_menu_typo_font_weight_tablet":"","ocean_menu_typo_font_weight_mobile":"","ocean_menu_typo_transform":"","ocean_menu_typo_transform_tablet":"","ocean_menu_typo_transform_mobile":"","ocean_menu_typo_line_height":0,"ocean_menu_typo_line_height_tablet":0,"ocean_menu_typo_line_height_mobile":0,"ocean_menu_typo_line_height_unit":"","ocean_menu_typo_spacing":0,"ocean_menu_typo_spacing_tablet":0,"ocean_menu_typo_spacing_mobile":0,"ocean_menu_typo_spacing_unit":"","ocean_menu_link_color":"","ocean_menu_link_color_hover":"","ocean_menu_link_color_active":"","ocean_menu_link_background":"","ocean_menu_link_hover_background":"","ocean_menu_link_active_background":"","ocean_menu_social_links_bg":"","ocean_menu_social_hover_links_bg":"","ocean_menu_social_links_color":"","ocean_menu_social_hover_links_color":"","ocean_disable_title":"on","ocean_disable_heading":"default","ocean_post_title":"","ocean_post_subheading":"","ocean_post_title_style":"","ocean_post_title_background_color":"","ocean_post_title_background":0,"ocean_post_title_bg_image_position":"","ocean_post_title_bg_image_attachment":"","ocean_post_title_bg_image_repeat":"","ocean_post_title_bg_image_size":"","ocean_post_title_height":0,"ocean_post_title_bg_overlay":0.5,"ocean_post_title_bg_overlay_color":"","ocean_disable_breadcrumbs":"default","ocean_breadcrumbs_color":"","ocean_breadcrumbs_separator_color":"","ocean_breadcrumbs_links_color":"","ocean_breadcrumbs_links_hover_color":"","ocean_display_footer_widgets":"default","ocean_display_footer_bottom":"default","ocean_custom_footer_template":"0","footnotes":""},"class_list":["post-2398","page","type-page","status-publish","hentry","entry"],"yoast_head":"<!-- This site is optimized with the Yoast SEO plugin v27.4 - https:\/\/yoast.com\/product\/yoast-seo-wordpress\/ -->\n<title>Kieferorthop\u00e4die Erwachsene D\u00fcsseldorf | Bimler &amp; Schmidt<\/title>\n<meta name=\"description\" content=\"Kieferorthop\u00e4die f\u00fcr Erwachsene in D\u00fcsseldorf-Oberkassel. Zahnkorrektur diskret &amp; effektiv. Invisalign &amp; mehr. Termin: 0211 559 1000.\" \/>\n<meta name=\"robots\" content=\"index, follow, max-snippet:-1, max-image-preview:large, max-video-preview:-1\" \/>\n<link rel=\"canonical\" href=\"https:\/\/bimlerundschmidt.de\/ja\/behandlungsuebersicht\/fuer-erwachsene\/\" \/>\n<meta property=\"og:locale\" content=\"ja_JP\" \/>\n<meta property=\"og:type\" content=\"article\" \/>\n<meta property=\"og:title\" content=\"Kieferorthop\u00e4die Erwachsene D\u00fcsseldorf | Bimler &amp; Schmidt\" \/>\n<meta property=\"og:description\" content=\"Kieferorthop\u00e4die f\u00fcr Erwachsene in D\u00fcsseldorf-Oberkassel. Zahnkorrektur diskret &amp; effektiv. Invisalign &amp; mehr. Termin: 0211 559 1000.\" \/>\n<meta property=\"og:url\" content=\"https:\/\/bimlerundschmidt.de\/ja\/behandlungsuebersicht\/fuer-erwachsene\/\" \/>\n<meta property=\"og:site_name\" content=\"BIMLER &amp; SCHMIDT Kieferorthop\u00e4den\" \/>\n<meta property=\"article:publisher\" content=\"https:\/\/de-de.facebook.com\/bimlerundschmidt.de\/\" \/>\n<meta property=\"article:modified_time\" content=\"2026-03-15T13:04:48+00:00\" \/>\n<meta property=\"og:image\" content=\"https:\/\/bimlerundschmidt.de\/wp-content\/uploads\/2019\/07\/Bimlder-Schmidt-Kieferorthopaede-fuer-Erwachsene-01-1024x682-1024x682.jpg\" \/>\n<meta name=\"twitter:card\" content=\"summary_large_image\" \/>\n<meta name=\"twitter:label1\" content=\"\u63a8\u5b9a\u8aad\u307f\u53d6\u308a\u6642\u9593\" \/>\n\t<meta name=\"twitter:data1\" content=\"2\u5206\" \/>\n<script type=\"application\/ld+json\" class=\"yoast-schema-graph\">{\"@context\":\"https:\\\/\\\/schema.org\",\"@graph\":[{\"@type\":\"WebPage\",\"@id\":\"https:\\\/\\\/bimlerundschmidt.de\\\/behandlungsuebersicht\\\/fuer-erwachsene\\\/\",\"url\":\"https:\\\/\\\/bimlerundschmidt.de\\\/behandlungsuebersicht\\\/fuer-erwachsene\\\/\",\"name\":\"Kieferorthop\u00e4die Erwachsene D\u00fcsseldorf | Bimler & Schmidt\",\"isPartOf\":{\"@id\":\"https:\\\/\\\/bimlerundschmidt.de\\\/#website\"},\"primaryImageOfPage\":{\"@id\":\"https:\\\/\\\/bimlerundschmidt.de\\\/behandlungsuebersicht\\\/fuer-erwachsene\\\/#primaryimage\"},\"image\":{\"@id\":\"https:\\\/\\\/bimlerundschmidt.de\\\/behandlungsuebersicht\\\/fuer-erwachsene\\\/#primaryimage\"},\"thumbnailUrl\":\"https:\\\/\\\/bimlerundschmidt.de\\\/wp-content\\\/uploads\\\/2019\\\/07\\\/Bimlder-Schmidt-Kieferorthopaede-fuer-Erwachsene-01-1024x682-1024x682.jpg\",\"datePublished\":\"2026-02-18T12:23:43+00:00\",\"dateModified\":\"2026-03-15T13:04:48+00:00\",\"description\":\"Kieferorthop\u00e4die f\u00fcr Erwachsene in D\u00fcsseldorf-Oberkassel. Zahnkorrektur diskret & effektiv. Invisalign & mehr. Termin: 0211 559 1000.\",\"breadcrumb\":{\"@id\":\"https:\\\/\\\/bimlerundschmidt.de\\\/behandlungsuebersicht\\\/fuer-erwachsene\\\/#breadcrumb\"},\"inLanguage\":\"ja\",\"potentialAction\":[{\"@type\":\"ReadAction\",\"target\":[\"https:\\\/\\\/bimlerundschmidt.de\\\/behandlungsuebersicht\\\/fuer-erwachsene\\\/\"]}]},{\"@type\":\"ImageObject\",\"inLanguage\":\"ja\",\"@id\":\"https:\\\/\\\/bimlerundschmidt.de\\\/behandlungsuebersicht\\\/fuer-erwachsene\\\/#primaryimage\",\"url\":\"https:\\\/\\\/bimlerundschmidt.de\\\/wp-content\\\/uploads\\\/2019\\\/07\\\/Bimlder-Schmidt-Kieferorthopaede-fuer-Erwachsene-01-1024x682-1024x682.jpg\",\"contentUrl\":\"https:\\\/\\\/bimlerundschmidt.de\\\/wp-content\\\/uploads\\\/2019\\\/07\\\/Bimlder-Schmidt-Kieferorthopaede-fuer-Erwachsene-01-1024x682-1024x682.jpg\"},{\"@type\":\"BreadcrumbList\",\"@id\":\"https:\\\/\\\/bimlerundschmidt.de\\\/behandlungsuebersicht\\\/fuer-erwachsene\\\/#breadcrumb\",\"itemListElement\":[{\"@type\":\"ListItem\",\"position\":1,\"name\":\"Startseite\",\"item\":\"https:\\\/\\\/bimlerundschmidt.de\\\/\"},{\"@type\":\"ListItem\",\"position\":2,\"name\":\"Behandlungs\u00fcbersicht\",\"item\":\"https:\\\/\\\/bimlerundschmidt.de\\\/behandlungsuebersicht\\\/\"},{\"@type\":\"ListItem\",\"position\":3,\"name\":\"F\u00fcr Erwachsene\"}]},{\"@type\":\"WebSite\",\"@id\":\"https:\\\/\\\/bimlerundschmidt.de\\\/#website\",\"url\":\"https:\\\/\\\/bimlerundschmidt.de\\\/\",\"name\":\"Bimler & Schmidt Kieferorthop\u00e4den\",\"description\":\"Kieferorthop\u00e4den Kieferorthop\u00e4de D\u00fcsseldorf\",\"publisher\":{\"@id\":\"https:\\\/\\\/bimlerundschmidt.de\\\/#organization\"},\"potentialAction\":[{\"@type\":\"SearchAction\",\"target\":{\"@type\":\"EntryPoint\",\"urlTemplate\":\"https:\\\/\\\/bimlerundschmidt.de\\\/?s={search_term_string}\"},\"query-input\":{\"@type\":\"PropertyValueSpecification\",\"valueRequired\":true,\"valueName\":\"search_term_string\"}}],\"inLanguage\":\"ja\"},{\"@type\":\"Organization\",\"@id\":\"https:\\\/\\\/bimlerundschmidt.de\\\/#organization\",\"name\":\"Bimler & Schmidt - Kieferorthop\u00e4den\",\"url\":\"https:\\\/\\\/bimlerundschmidt.de\\\/\",\"logo\":{\"@type\":\"ImageObject\",\"inLanguage\":\"ja\",\"@id\":\"https:\\\/\\\/bimlerundschmidt.de\\\/#\\\/schema\\\/logo\\\/image\\\/\",\"url\":\"https:\\\/\\\/bimlerundschmidt.de\\\/wp-content\\\/uploads\\\/2026\\\/02\\\/cropped-cropped-Zeichenflaeche-1-Kopie.png\",\"contentUrl\":\"https:\\\/\\\/bimlerundschmidt.de\\\/wp-content\\\/uploads\\\/2026\\\/02\\\/cropped-cropped-Zeichenflaeche-1-Kopie.png\",\"width\":685,\"height\":205,\"caption\":\"Bimler & Schmidt - Kieferorthop\u00e4den\"},\"image\":{\"@id\":\"https:\\\/\\\/bimlerundschmidt.de\\\/#\\\/schema\\\/logo\\\/image\\\/\"},\"sameAs\":[\"https:\\\/\\\/de-de.facebook.com\\\/bimlerundschmidt.de\\\/\",\"https:\\\/\\\/www.instagram.com\\\/bimlerundschmidt\\\/\"]}]}<\/script>\n<!-- \/ Yoast SEO plugin. -->","yoast_head_json":{"title":"Kieferorthop\u00e4die Erwachsene D\u00fcsseldorf | Bimler & Schmidt","description":"Kieferorthop\u00e4die f\u00fcr Erwachsene in D\u00fcsseldorf-Oberkassel. Zahnkorrektur diskret & effektiv. Invisalign & mehr. Termin: 0211 559 1000.","robots":{"index":"index","follow":"follow","max-snippet":"max-snippet:-1","max-image-preview":"max-image-preview:large","max-video-preview":"max-video-preview:-1"},"canonical":"https:\/\/bimlerundschmidt.de\/ja\/behandlungsuebersicht\/fuer-erwachsene\/","og_locale":"ja_JP","og_type":"article","og_title":"Kieferorthop\u00e4die Erwachsene D\u00fcsseldorf | Bimler & Schmidt","og_description":"Kieferorthop\u00e4die f\u00fcr Erwachsene in D\u00fcsseldorf-Oberkassel. Zahnkorrektur diskret & effektiv. Invisalign & mehr. Termin: 0211 559 1000.","og_url":"https:\/\/bimlerundschmidt.de\/ja\/behandlungsuebersicht\/fuer-erwachsene\/","og_site_name":"BIMLER &amp; SCHMIDT Kieferorthop\u00e4den","article_publisher":"https:\/\/de-de.facebook.com\/bimlerundschmidt.de\/","article_modified_time":"2026-03-15T13:04:48+00:00","og_image":[{"url":"https:\/\/bimlerundschmidt.de\/wp-content\/uploads\/2019\/07\/Bimlder-Schmidt-Kieferorthopaede-fuer-Erwachsene-01-1024x682-1024x682.jpg","type":"","width":"","height":""}],"twitter_card":"summary_large_image","twitter_misc":{"\u63a8\u5b9a\u8aad\u307f\u53d6\u308a\u6642\u9593":"2\u5206"},"schema":{"@context":"https:\/\/schema.org","@graph":[{"@type":"WebPage","@id":"https:\/\/bimlerundschmidt.de\/behandlungsuebersicht\/fuer-erwachsene\/","url":"https:\/\/bimlerundschmidt.de\/behandlungsuebersicht\/fuer-erwachsene\/","name":"Kieferorthop\u00e4die Erwachsene D\u00fcsseldorf | Bimler & Schmidt","isPartOf":{"@id":"https:\/\/bimlerundschmidt.de\/#website"},"primaryImageOfPage":{"@id":"https:\/\/bimlerundschmidt.de\/behandlungsuebersicht\/fuer-erwachsene\/#primaryimage"},"image":{"@id":"https:\/\/bimlerundschmidt.de\/behandlungsuebersicht\/fuer-erwachsene\/#primaryimage"},"thumbnailUrl":"https:\/\/bimlerundschmidt.de\/wp-content\/uploads\/2019\/07\/Bimlder-Schmidt-Kieferorthopaede-fuer-Erwachsene-01-1024x682-1024x682.jpg","datePublished":"2026-02-18T12:23:43+00:00","dateModified":"2026-03-15T13:04:48+00:00","description":"Kieferorthop\u00e4die f\u00fcr Erwachsene in D\u00fcsseldorf-Oberkassel. Zahnkorrektur diskret & effektiv. Invisalign & mehr. Termin: 0211 559 1000.","breadcrumb":{"@id":"https:\/\/bimlerundschmidt.de\/behandlungsuebersicht\/fuer-erwachsene\/#breadcrumb"},"inLanguage":"ja","potentialAction":[{"@type":"ReadAction","target":["https:\/\/bimlerundschmidt.de\/behandlungsuebersicht\/fuer-erwachsene\/"]}]},{"@type":"ImageObject","inLanguage":"ja","@id":"https:\/\/bimlerundschmidt.de\/behandlungsuebersicht\/fuer-erwachsene\/#primaryimage","url":"https:\/\/bimlerundschmidt.de\/wp-content\/uploads\/2019\/07\/Bimlder-Schmidt-Kieferorthopaede-fuer-Erwachsene-01-1024x682-1024x682.jpg","contentUrl":"https:\/\/bimlerundschmidt.de\/wp-content\/uploads\/2019\/07\/Bimlder-Schmidt-Kieferorthopaede-fuer-Erwachsene-01-1024x682-1024x682.jpg"},{"@type":"BreadcrumbList","@id":"https:\/\/bimlerundschmidt.de\/behandlungsuebersicht\/fuer-erwachsene\/#breadcrumb","itemListElement":[{"@type":"ListItem","position":1,"name":"Startseite","item":"https:\/\/bimlerundschmidt.de\/"},{"@type":"ListItem","position":2,"name":"Behandlungs\u00fcbersicht","item":"https:\/\/bimlerundschmidt.de\/behandlungsuebersicht\/"},{"@type":"ListItem","position":3,"name":"F\u00fcr Erwachsene"}]},{"@type":"WebSite","@id":"https:\/\/bimlerundschmidt.de\/#website","url":"https:\/\/bimlerundschmidt.de\/","name":"Bimler & Schmidt Kieferorthop\u00e4den","description":"Kieferorthop\u00e4den Kieferorthop\u00e4de D\u00fcsseldorf","publisher":{"@id":"https:\/\/bimlerundschmidt.de\/#organization"},"potentialAction":[{"@type":"SearchAction","target":{"@type":"EntryPoint","urlTemplate":"https:\/\/bimlerundschmidt.de\/?s={search_term_string}"},"query-input":{"@type":"PropertyValueSpecification","valueRequired":true,"valueName":"search_term_string"}}],"inLanguage":"ja"},{"@type":"Organization","@id":"https:\/\/bimlerundschmidt.de\/#organization","name":"Bimler & Schmidt - Kieferorthop\u00e4den","url":"https:\/\/bimlerundschmidt.de\/","logo":{"@type":"ImageObject","inLanguage":"ja","@id":"https:\/\/bimlerundschmidt.de\/#\/schema\/logo\/image\/","url":"https:\/\/bimlerundschmidt.de\/wp-content\/uploads\/2026\/02\/cropped-cropped-Zeichenflaeche-1-Kopie.png","contentUrl":"https:\/\/bimlerundschmidt.de\/wp-content\/uploads\/2026\/02\/cropped-cropped-Zeichenflaeche-1-Kopie.png","width":685,"height":205,"caption":"Bimler & Schmidt - Kieferorthop\u00e4den"},"image":{"@id":"https:\/\/bimlerundschmidt.de\/#\/schema\/logo\/image\/"},"sameAs":["https:\/\/de-de.facebook.com\/bimlerundschmidt.de\/","https:\/\/www.instagram.com\/bimlerundschmidt\/"]}]}},"_links":{"self":[{"href":"https:\/\/bimlerundschmidt.de\/ja\/wp-json\/wp\/v2\/pages\/2398","targetHints":{"allow":["GET"]}}],"collection":[{"href":"https:\/\/bimlerundschmidt.de\/ja\/wp-json\/wp\/v2\/pages"}],"about":[{"href":"https:\/\/bimlerundschmidt.de\/ja\/wp-json\/wp\/v2\/types\/page"}],"author":[{"embeddable":true,"href":"https:\/\/bimlerundschmidt.de\/ja\/wp-json\/wp\/v2\/users\/4"}],"replies":[{"embeddable":true,"href":"https:\/\/bimlerundschmidt.de\/ja\/wp-json\/wp\/v2\/comments?post=2398"}],"version-history":[{"count":0,"href":"https:\/\/bimlerundschmidt.de\/ja\/wp-json\/wp\/v2\/pages\/2398\/revisions"}],"up":[{"embeddable":true,"href":"https:\/\/bimlerundschmidt.de\/ja\/wp-json\/wp\/v2\/pages\/2187"}],"wp:attachment":[{"href":"https:\/\/bimlerundschmidt.de\/ja\/wp-json\/wp\/v2\/media?parent=2398"}],"curies":[{"name":"wp","href":"https:\/\/api.w.org\/{rel}","templated":true}]}}