{"id":2418,"date":"2026-02-18T12:23:43","date_gmt":"2026-02-18T12:23:43","guid":{"rendered":"https:\/\/bimlerundschmidt.de\/?page_id=2418"},"modified":"2026-03-15T13:02:03","modified_gmt":"2026-03-15T13:02:03","slug":"fuer-kinder","status":"publish","type":"page","link":"https:\/\/bimlerundschmidt.de\/ja\/behandlungsuebersicht\/fuer-kinder\/","title":{"rendered":"F\u00fcr Kinder"},"content":{"rendered":"<div class=\"wp-block-group alignfull has-background\" style=\"background-color:#a2bb0b\"><div class=\"wp-block-group__inner-container is-layout-constrained wp-block-group-is-layout-constrained\">\n<div style=\"height:20px\" aria-hidden=\"true\" class=\"wp-block-spacer\"><\/div>\n\n\n\n<h1 class=\"wp-block-heading has-text-align-center\">F\u00dcR KINDER<\/h1>\n\n\n\n<h3 class=\"wp-block-heading has-text-align-center\">Unsere Behandlungen<\/h3>\n\n\n\n<hr class=\"wp-block-separator has-alpha-channel-opacity\"\/>\n\n\n\n<div style=\"height:20px\" aria-hidden=\"true\" class=\"wp-block-spacer\"><\/div>\n<\/div><\/div>\n\n\n\n<div class=\"wp-block-group\"><div class=\"wp-block-group__inner-container is-layout-constrained wp-block-group-is-layout-constrained\">\n<div style=\"height:10px\" aria-hidden=\"true\" class=\"wp-block-spacer\"><\/div>\n\n\n\n<h4 class=\"wp-block-heading has-text-align-center\">Wir halten die Spangenzeit so angenehm und kurz wie m\u00f6glich<\/h4>\n<\/div><\/div>\n\n\n\n<h2 class=\"wp-block-heading has-text-align-center\">MIT UNS EIN KINDERSPIEL<\/h2>\n\n\n\n<p class=\"has-text-align-center\">\u201a\u5b50\u4f9b\u306e\u6cbb\u7642\u2019\n\u5c0f\u5b66\u6821\u306e\u5b50\u4f9b\u9054\u3084\u30c6\u30a3\u30fc\u30f3\u30a8\u30fc\u30b8\u30e3\u30fc\u306b\u3068\u3063\u3066\u306f\u300c\u77ef\u6b63\u5668\u5177\u3092\u4ed8\u3051\u308b\u300d\u3053\u3068\u305d\u306e\u3082\u306e\u306f  \u697d\u3057\u3044\u3053\u3068\u3068\u306f\u8a00\u3048\u306a\u3044\u3067\u3057\u3087\u3046\u3001\u3067\u3082\u5c06\u6765\u7684\u306b\u306f \u300c\u7f8e\u3057\u304f\u4e26\u3093\u3060\u5065\u5eb7\u306a\u6b6f\u300d\u306f \u8ab0\u3082\u304c\u5207\u671b\u3059\u308b\u3082\u306e\u306a\u306e\u3067\u3059\u3002\u554f\u984c\u306f \u3053\u306e\u77db\u76fe\u3092\u3069\u3046\u3084\u3063\u3066\u89e3\u6c7a\u3059\u308b\u304b\u3067\u3059\u3002\n\u5e78\u3044\u306b\u3082 \u79c1\u305f\u3061\u306f\u69d8\u3005\u306a\u6cbb\u7642\u65b9\u6cd5\u3092\u63d0\u4f9b\u3057\u3066\u304a\u308a\u307e\u3059\u306e\u3067  \u304a\u5b50\u69d8\u3082\u542b\u3081\u3066 \u30b3\u30f3\u30d4\u30e5\u30fc\u30bf\u30fc\u753b\u50cf\u3084\u6b6f\u5f62\u3001\u5b9f\u969b\u306e\u6cbb\u7642\u88c5\u7f6e\u306a\u3069\u3092\u898b\u306a\u304c\u3089  \u3069\u306e\u65b9\u6cd5\u304c\u4e00\u756a\u9069\u5f53\u306a\u306e\u304b\u3092\u3057\u3063\u304b\u308a\u3068\u8a71\u3057\u5408\u3044 \u3067\u304d\u308b\u3060\u3051\u3054\u672c\u4eba\u306e\u3054\u5e0c\u671b\u306b\u6cbf\u3063\u3066 \u77ed\u671f\u3067\u3067\u304d\u308b\u6cbb\u7642\u6cd5\u3092\u9078\u3093\u3067\u3044\u304d\u307e\u3059\u3002<\/p>\n\n\n\n<p class=\"has-text-align-center\">\u300c\u6b6f\u5217\u77ef\u6b63\u306f\u9577\u304f\u304b\u304b\u308b\u304b\u3089\u30fc\u300d\u3068\u8e8a\u8e87\u306a\u3055\u308b\u65b9\u3082\u3044\u3089\u3063\u3057\u3083\u308b\u3067\u3057\u3087\u3046\u3002\n\u5f53\u9662\u3067\u306f \u57fa\u672c\u7684\u306b \u91d1\u5177\u3092\u6b6f\u306b\u88c5\u7740\u3059\u308b\u201c\u30d6\u30ea\u30c3\u30b8\u201c \u306f \u6c38\u4e45\u6b6f\u304c\u5168\u3066\u751f\u3048\u63c3\u3063\u3066\u304b\u3089\u306e\u6cbb\u7642\u3068\u306a\u308a\u307e\u3059\u306e\u3067 \u88c5\u7740\u671f\u9593\u306f \u308f\u305a\u304b12-18\u30f6\u6708\u3060\u3051\u306b\u306a\u308a\u307e\u3059\u3002\n\u88c5\u7f6e\u3092\u5916\u3057\u3066\u304b\u3089\u306e \u6700\u7d42\u7684\u306a\u5fae\u8abf\u6574\u671f\u9593\u306f \u7d04\uff16\u30f6\u6708\u3001\u305d\u308c\u3067\u6cbb\u7642\u306f\u7d42\u4e86\u3067\u3059\u3002\n\u4ed5\u4e0a\u304c\u308a\u306b\u306f \u5fc5\u305a\u201c\u5f8c\u623b\u308a\u9632\u6b62\u51e6\u7f6e\u201c \u3092\u65bd\u3057\u307e\u3059\u306e\u3067 \u300c\u5b50\u4f9b\u306e\u6642\u306e\u77ef\u6b63\u3092\u3057\u305f\u306e\u306b \u623b\u3063\u3066\u3057\u307e\u3063\u305f\u300d\u306a\u3069\u3068\u3044\u3046\u3053\u3068\u306f \u5c06\u6765\u306b\u3082\u8d77\u3053\u308a\u307e\u305b\u3093\u3002<\/p>\n\n\n\n<p class=\"has-text-align-center\"><strong>Kieferorthop\u00e4die f\u00fcr Kinder in D\u00fcsseldorf \u2014 fr\u00fch handeln zahlt sich aus<\/strong><\/p>\n\n\n\n<p class=\"has-text-align-center\">\u3068\u306f\u8a00\u3046\u3082\u306e\u306e \u7406\u60f3\u7684\u306b\u306f \u5b50\u4f9b\u9054\u306f \u307e\u305a 5-7\u6b73\u3067 \u4e00\u5ea6\u77ef\u6b63\u6b6f\u79d1\u3092\u304a\u5c0b\u306d\u306b\u306a\u308b\u3053\u3068\u3092\u304a\u52e7\u3081\u3057\u307e\u3059\u3002\u53cd\u5bfe\u54ac\u5408\u305d\u306e\u4ed6 \u69d8\u3005\u306a\u30b1\u30fc\u30b9\u3067\u306f \u6c38\u4e45\u6b6f\u3078\u306e\u751f\u3048\u5909\u308f\u308a\u3092\u5f85\u305f\u305a\u306b \u3042\u3054\u306e\u6210\u9577\u3092\u5229\u7528\u3057\u3066\u53d6\u308a\u5916\u3057\u306e\u5668\u5177\u3067 \u7c21\u5358\u306b\u6cbb\u7642\u3067\u304d\u308b\u30b1\u30fc\u30b9\u3082\u3042\u308a\u3001\u3053\u306e\u5e74\u9f62\u3067\u53e3\u306e\u72b6\u614b\u3092\u898b\u305b\u3066\u9802\u3051\u308c\u3070\u3001\u3082\u3057\u3082\u5c06\u6765\u7684\u306b\u6cbb\u7642\u304c\u5fc5\u8981\u3068\u4e88\u60f3\u3055\u308c\u308b\u5834\u5408\u306b\u306f \u4f55\u6b73\u304f\u3089\u3044\u3067\u6cbb\u7642\u3092\u3059\u308b\u306e\u304c\u30d9\u30b9\u30c8\u304b\u3001\u305d\u308c\u307e\u3067\u306b\u6c17\u3092\u3064\u3051\u308b\u3079\u304d\u3053\u3068\u304c\u3042\u308b\u306e\u304b\u3001\u306a\u3069 \u4e00\u5ea6\u306e\u8a2a\u554f\u3067 \u6709\u76ca\u306a\u30a2\u30c9\u30d0\u30a4\u30b9\u304c\u5f97\u3089\u308c \u6cbb\u7642\u306e\u201c\u30d9\u30b9\u30c8\u30bf\u30a4\u30df\u30f3\u30b0\u201c \u3092\u9003\u3059\u3053\u3068\u304c\u3042\u308a\u307e\u305b\u3093\u3002<\/p>\n\n\n\n<p class=\"has-text-align-center\">\u5b50\u4f9b\u9054\u306b\u3068\u3063\u3066\u3082 \u81ea\u5206\u306e\u6b6f\u5f62\u3092\u898b\u306a\u304c\u3089 \u5206\u304b\u308a\u3084\u3059\u304f \u6b6f\u3084\u3042\u3054\u306b\u3064\u3044\u3066\u8aac\u660e\u3092\u3057\u3066\u3082\u3089\u3046\u3053\u3068\u306f \u304d\u3063\u3068\u8208\u5473\u6df1\u3044\u306b\u9055\u3044\u3042\u308a\u307e\u305b\u3093\u3002\u7279\u306b\u5c0f\u3055\u3044\u5b50\u4f9b\u9054\u306b\u306f \u81ea\u5206\u306e\u7406\u89e3\u3067\u304d\u306a\u3044\u3053\u3068\u3092\u65bd\u3055\u308c\u308b\u3053\u3068\u306b\u306f\u4e0d\u5b89\u3084\u6050\u6016\u304c\u4f34\u3044\u307e\u3059\u3001\u79c1\u305f\u3061\u306f\u7c21\u5358\u306a\u8a00\u8449\u3067\u3086\u3063\u304f\u308a\u3068\u8aac\u660e\u3057\u3066 \u305d\u3093\u306a\u4e0d\u5b89\u3092\u53d6\u308a\u9664\u304d\u307e\u3059\u3002<\/p>\n\n\n\n<p class=\"has-text-align-center\"><strong>Vereinbaren Sie jetzt einen kostenlosen Beratungstermin f\u00fcr Ihr Kind in unserer Praxis in der Quirinstra\u00dfe 17, D\u00fcsseldorf-Oberkassel. Wir freuen uns auf Sie!<\/strong><\/p>\n\n\n\n<div style=\"height:49px\" aria-hidden=\"true\" class=\"wp-block-spacer\"><\/div>\n\n\n\n<div class=\"wp-block-columns is-layout-flex wp-container-core-columns-is-layout-9d6595d7 wp-block-columns-is-layout-flex\">\n<div class=\"wp-block-column is-layout-flow wp-block-column-is-layout-flow\" style=\"flex-basis:50%\">\n<figure class=\"wp-block-gallery has-nested-images columns-default is-cropped wp-block-gallery-1 is-layout-flex wp-block-gallery-is-layout-flex\">\n<figure class=\"wp-block-image\"><a href=\"https:\/\/bimlerundschmidt.de\/wp-content\/uploads\/2019\/07\/Bimler-Schmidt-Kieferorthopaede-Impressionen-16-1024x683.jpg\"><img decoding=\"async\" src=\"https:\/\/bimlerundschmidt.de\/wp-content\/uploads\/2019\/07\/Bimler-Schmidt-Kieferorthopaede-Impressionen-16-1024x683-1024x683.jpg\" alt=\"D\u00fcsseldorf - Kieferorthop\u00e4de f\u00fcr Kinder\"\/><\/a><\/figure>\n\n\n\n<figure class=\"wp-block-image\"><a href=\"https:\/\/bimlerundschmidt.de\/wp-content\/uploads\/2019\/07\/Bimler-Schmidt-Kieferorthopaede-Impressionen-12-1024x683.jpg\"><img decoding=\"async\" src=\"https:\/\/bimlerundschmidt.de\/wp-content\/uploads\/2019\/07\/Bimler-Schmidt-Kieferorthopaede-Impressionen-12-1024x683-1024x683.jpg\" alt=\"D\u00fcsseldorf - Kieferorthop\u00e4de f\u00fcr Kinder\"\/><\/a><\/figure>\n\n\n\n<figure class=\"wp-block-image\"><a href=\"https:\/\/bimlerundschmidt.de\/wp-content\/uploads\/2019\/07\/Bimlder-Schmidt-Kieferorthopaede-fuer-Kinder-02-1024x683.jpg\"><img decoding=\"async\" src=\"https:\/\/bimlerundschmidt.de\/wp-content\/uploads\/2019\/07\/Bimlder-Schmidt-Kieferorthopaede-fuer-Kinder-02-1024x683-1024x683.jpg\" alt=\"D\u00fcsseldorf - Kieferorthop\u00e4de f\u00fcr Kinder\"\/><\/a><\/figure>\n\n\n\n<figure class=\"wp-block-image\"><a href=\"https:\/\/bimlerundschmidt.de\/wp-content\/uploads\/2019\/07\/Bimlder-Schmidt-Kieferorthopaede-fuer-Kinder-01-1024x683.jpg\"><img decoding=\"async\" src=\"https:\/\/bimlerundschmidt.de\/wp-content\/uploads\/2019\/07\/Bimlder-Schmidt-Kieferorthopaede-fuer-Kinder-01-1024x683-1024x683.jpg\" alt=\"D\u00fcsseldorf - Kieferorthop\u00e4de f\u00fcr Kinder\"\/><\/a><\/figure>\n<\/figure>\n<\/div>\n\n\n\n<div class=\"wp-block-column is-layout-flow wp-block-column-is-layout-flow\">\n<blockquote class=\"wp-block-quote is-layout-flow wp-block-quote-is-layout-flow\">\n<h3 class=\"wp-block-heading\">ENTDECKEN<\/h3>\n\n\n\n<p>Das Modell eines Abdrucks von den eigenen Z\u00e4hnen zu sehen, ist spannend.<br>Und eignet sich bestens, den jungen Patienten, Kiefer und Z\u00e4hne zu erkl\u00e4ren.<\/p>\n<\/blockquote>\n\n\n\n<div style=\"height:51px\" aria-hidden=\"true\" class=\"wp-block-spacer\"><\/div>\n\n\n\n<blockquote class=\"wp-block-quote is-layout-flow wp-block-quote-is-layout-flow\">\n<h3 class=\"wp-block-heading\">AUSSEHEN<\/h3>\n\n\n\n<p>Auch bei den Behandlungen mit Brackets an der Aussenseite der Z\u00e4hne bekommen unsere Patienten das Maximum an Komfort und \u00c4sthetik, da wir die kleinsten Brackets am Markt verwenden.<\/p>\n<\/blockquote>\n<\/div>\n\n\n\n<div class=\"wp-block-column is-layout-flow wp-block-column-is-layout-flow\">\n<blockquote class=\"wp-block-quote is-layout-flow wp-block-quote-is-layout-flow\">\n<h3 class=\"wp-block-heading\">SPIELERISCH<\/h3>\n\n\n\n<p>Fachchinesisch macht unsicher, manchmal sogar Angst. Wir setzen beim Umgang mit unseren Mini-Patienten auf Spiel und Spa\u00df, Sprechen und Zuh\u00f6ren. Das entspannt.<\/p>\n<\/blockquote>\n\n\n\n<div style=\"height:50px\" aria-hidden=\"true\" class=\"wp-block-spacer\"><\/div>\n\n\n\n<blockquote class=\"wp-block-quote is-layout-flow wp-block-quote-is-layout-flow\">\n<h3 class=\"wp-block-heading\">Z\u00dcGIG<\/h3>\n\n\n\n<p>Eine gute Zahn- und Kieferregulierung muss keine ewig lange Tortur sein. Wir begleiten Kinder und Jugendliche mit einer konsequenten, zielorientierten Behandlung.<\/p>\n<\/blockquote>\n<\/div>\n<\/div>\n\n\n\n<div style=\"height:49px\" aria-hidden=\"true\" class=\"wp-block-spacer\"><\/div>\n\n\n\n<div class=\"wp-block-group alignfull has-background\" style=\"background-color:#a2bb0b\"><div class=\"wp-block-group__inner-container is-layout-constrained wp-block-group-is-layout-constrained\">\n<div style=\"height:20px\" aria-hidden=\"true\" class=\"wp-block-spacer\"><\/div>\n\n\n\n<h2 class=\"wp-block-heading has-text-align-center\">LASSEN SIE SICH BERATEN!<\/h2>\n\n\n\n<div class=\"wp-block-buttons is-content-justification-center is-layout-flex wp-container-core-buttons-is-layout-16018d1d wp-block-buttons-is-layout-flex\">\n<div class=\"wp-block-button\"><a class=\"wp-block-button__link has-white-color has-text-color has-background has-link-color wp-element-button\" href=\"http:\/\/bimlerundschmidt.de\/ja\/kontakt\/\" style=\"background-color:#943336\">TERMIN VEREINBAREN<\/a><\/div>\n<\/div>\n<\/div><\/div>","protected":false},"excerpt":{"rendered":"<p>F\u00dcR KINDER Unsere Behandlungen Wir halten die Spangenzeit so angenehm und kurz wie m\u00f6glich MIT UNS EIN KINDERSPIEL Keine Frage: Eine Zahnspange zu tragen, geh\u00f6rt traditionell nicht zu den Dingen, die bei Kindern und Jugendlichen besonders beliebt sind, weder in der Schule noch im Sportverein oder unter Freunden. Andererseits: Sch\u00f6ne, gerade und gesunde Z\u00e4hne wollen \u201esp\u00e4ter mal&#8220; alle haben. Bei Bimler &amp; Schmidt \u00fcberwinden wir diesen scheinbaren Widerspruch gemeinsam mit Ihnen, den Eltern, und nat\u00fcrlich Ihrem Kind. Dank variabler Behandlungsmethoden mit modernsten, fast unsichtbaren Schienen und Brackets ist es uns m\u00f6glich, die Spangenzeit so angenehm und kurz wie m\u00f6glich zu halten. Oft werden kieferorthop\u00e4dische Behandlungen bereits im Grundschulalter begonnen und [&hellip;]<\/p>\n","protected":false},"author":4,"featured_media":0,"parent":2187,"menu_order":0,"comment_status":"closed","ping_status":"closed","template":"","meta":{"ocean_post_layout":"","ocean_both_sidebars_style":"","ocean_both_sidebars_content_width":0,"ocean_both_sidebars_sidebars_width":0,"ocean_sidebar":"0","ocean_second_sidebar":"0","ocean_disable_margins":"enable","ocean_add_body_class":"","ocean_shortcode_before_top_bar":"","ocean_shortcode_after_top_bar":"","ocean_shortcode_before_header":"","ocean_shortcode_after_header":"","ocean_has_shortcode":"","ocean_shortcode_after_title":"","ocean_shortcode_before_footer_widgets":"","ocean_shortcode_after_footer_widgets":"","ocean_shortcode_before_footer_bottom":"","ocean_shortcode_after_footer_bottom":"","ocean_display_top_bar":"default","ocean_display_header":"default","ocean_header_style":"","ocean_center_header_left_menu":"0","ocean_custom_header_template":"0","ocean_custom_logo":0,"ocean_custom_retina_logo":0,"ocean_custom_logo_max_width":0,"ocean_custom_logo_tablet_max_width":0,"ocean_custom_logo_mobile_max_width":0,"ocean_custom_logo_max_height":0,"ocean_custom_logo_tablet_max_height":0,"ocean_custom_logo_mobile_max_height":0,"ocean_header_custom_menu":"0","ocean_menu_typo_font_family":"0","ocean_menu_typo_font_subset":"","ocean_menu_typo_font_size":0,"ocean_menu_typo_font_size_tablet":0,"ocean_menu_typo_font_size_mobile":0,"ocean_menu_typo_font_size_unit":"px","ocean_menu_typo_font_weight":"","ocean_menu_typo_font_weight_tablet":"","ocean_menu_typo_font_weight_mobile":"","ocean_menu_typo_transform":"","ocean_menu_typo_transform_tablet":"","ocean_menu_typo_transform_mobile":"","ocean_menu_typo_line_height":0,"ocean_menu_typo_line_height_tablet":0,"ocean_menu_typo_line_height_mobile":0,"ocean_menu_typo_line_height_unit":"","ocean_menu_typo_spacing":0,"ocean_menu_typo_spacing_tablet":0,"ocean_menu_typo_spacing_mobile":0,"ocean_menu_typo_spacing_unit":"","ocean_menu_link_color":"","ocean_menu_link_color_hover":"","ocean_menu_link_color_active":"","ocean_menu_link_background":"","ocean_menu_link_hover_background":"","ocean_menu_link_active_background":"","ocean_menu_social_links_bg":"","ocean_menu_social_hover_links_bg":"","ocean_menu_social_links_color":"","ocean_menu_social_hover_links_color":"","ocean_disable_title":"on","ocean_disable_heading":"default","ocean_post_title":"","ocean_post_subheading":"","ocean_post_title_style":"","ocean_post_title_background_color":"","ocean_post_title_background":0,"ocean_post_title_bg_image_position":"","ocean_post_title_bg_image_attachment":"","ocean_post_title_bg_image_repeat":"","ocean_post_title_bg_image_size":"","ocean_post_title_height":0,"ocean_post_title_bg_overlay":0.5,"ocean_post_title_bg_overlay_color":"","ocean_disable_breadcrumbs":"default","ocean_breadcrumbs_color":"","ocean_breadcrumbs_separator_color":"","ocean_breadcrumbs_links_color":"","ocean_breadcrumbs_links_hover_color":"","ocean_display_footer_widgets":"default","ocean_display_footer_bottom":"default","ocean_custom_footer_template":"0","footnotes":""},"class_list":["post-2418","page","type-page","status-publish","hentry","entry"],"yoast_head":"<!-- This site is optimized with the Yoast SEO plugin v27.4 - https:\/\/yoast.com\/product\/yoast-seo-wordpress\/ -->\n<title>Kieferorthop\u00e4die f\u00fcr Kinder D\u00fcsseldorf | Bimler &amp; Schmidt<\/title>\n<meta name=\"description\" content=\"Kieferorthop\u00e4die f\u00fcr Kinder in D\u00fcsseldorf-Oberkassel. Zahnspangen &amp; mehr. Einf\u00fchlsam und modern. Tel: 0211 559 1000.\" \/>\n<meta name=\"robots\" content=\"index, follow, max-snippet:-1, max-image-preview:large, max-video-preview:-1\" \/>\n<link rel=\"canonical\" href=\"https:\/\/bimlerundschmidt.de\/ja\/behandlungsuebersicht\/fuer-kinder\/\" \/>\n<meta property=\"og:locale\" content=\"ja_JP\" \/>\n<meta property=\"og:type\" content=\"article\" \/>\n<meta property=\"og:title\" content=\"Kieferorthop\u00e4die f\u00fcr Kinder D\u00fcsseldorf | Bimler &amp; Schmidt\" \/>\n<meta property=\"og:description\" content=\"Kieferorthop\u00e4die f\u00fcr Kinder in D\u00fcsseldorf-Oberkassel. Zahnspangen &amp; mehr. Einf\u00fchlsam und modern. Tel: 0211 559 1000.\" \/>\n<meta property=\"og:url\" content=\"https:\/\/bimlerundschmidt.de\/ja\/behandlungsuebersicht\/fuer-kinder\/\" \/>\n<meta property=\"og:site_name\" content=\"BIMLER &amp; SCHMIDT Kieferorthop\u00e4den\" \/>\n<meta property=\"article:publisher\" content=\"https:\/\/de-de.facebook.com\/bimlerundschmidt.de\/\" \/>\n<meta property=\"article:modified_time\" content=\"2026-03-15T13:02:03+00:00\" \/>\n<meta property=\"og:image\" content=\"https:\/\/bimlerundschmidt.de\/wp-content\/uploads\/2019\/07\/Bimler-Schmidt-Kieferorthopaede-Impressionen-16-1024x683-1024x683.jpg\" \/>\n<meta name=\"twitter:card\" content=\"summary_large_image\" \/>\n<meta name=\"twitter:label1\" content=\"\u63a8\u5b9a\u8aad\u307f\u53d6\u308a\u6642\u9593\" \/>\n\t<meta name=\"twitter:data1\" content=\"3\u5206\" \/>\n<script type=\"application\/ld+json\" class=\"yoast-schema-graph\">{\"@context\":\"https:\\\/\\\/schema.org\",\"@graph\":[{\"@type\":\"WebPage\",\"@id\":\"https:\\\/\\\/bimlerundschmidt.de\\\/behandlungsuebersicht\\\/fuer-kinder\\\/\",\"url\":\"https:\\\/\\\/bimlerundschmidt.de\\\/behandlungsuebersicht\\\/fuer-kinder\\\/\",\"name\":\"Kieferorthop\u00e4die f\u00fcr Kinder D\u00fcsseldorf | Bimler & Schmidt\",\"isPartOf\":{\"@id\":\"https:\\\/\\\/bimlerundschmidt.de\\\/#website\"},\"primaryImageOfPage\":{\"@id\":\"https:\\\/\\\/bimlerundschmidt.de\\\/behandlungsuebersicht\\\/fuer-kinder\\\/#primaryimage\"},\"image\":{\"@id\":\"https:\\\/\\\/bimlerundschmidt.de\\\/behandlungsuebersicht\\\/fuer-kinder\\\/#primaryimage\"},\"thumbnailUrl\":\"https:\\\/\\\/bimlerundschmidt.de\\\/wp-content\\\/uploads\\\/2019\\\/07\\\/Bimler-Schmidt-Kieferorthopaede-Impressionen-16-1024x683-1024x683.jpg\",\"datePublished\":\"2026-02-18T12:23:43+00:00\",\"dateModified\":\"2026-03-15T13:02:03+00:00\",\"description\":\"Kieferorthop\u00e4die f\u00fcr Kinder in D\u00fcsseldorf-Oberkassel. Zahnspangen & mehr. Einf\u00fchlsam und modern. Tel: 0211 559 1000.\",\"breadcrumb\":{\"@id\":\"https:\\\/\\\/bimlerundschmidt.de\\\/behandlungsuebersicht\\\/fuer-kinder\\\/#breadcrumb\"},\"inLanguage\":\"ja\",\"potentialAction\":[{\"@type\":\"ReadAction\",\"target\":[\"https:\\\/\\\/bimlerundschmidt.de\\\/behandlungsuebersicht\\\/fuer-kinder\\\/\"]}]},{\"@type\":\"ImageObject\",\"inLanguage\":\"ja\",\"@id\":\"https:\\\/\\\/bimlerundschmidt.de\\\/behandlungsuebersicht\\\/fuer-kinder\\\/#primaryimage\",\"url\":\"https:\\\/\\\/bimlerundschmidt.de\\\/wp-content\\\/uploads\\\/2019\\\/07\\\/Bimler-Schmidt-Kieferorthopaede-Impressionen-16-1024x683-1024x683.jpg\",\"contentUrl\":\"https:\\\/\\\/bimlerundschmidt.de\\\/wp-content\\\/uploads\\\/2019\\\/07\\\/Bimler-Schmidt-Kieferorthopaede-Impressionen-16-1024x683-1024x683.jpg\"},{\"@type\":\"BreadcrumbList\",\"@id\":\"https:\\\/\\\/bimlerundschmidt.de\\\/behandlungsuebersicht\\\/fuer-kinder\\\/#breadcrumb\",\"itemListElement\":[{\"@type\":\"ListItem\",\"position\":1,\"name\":\"Startseite\",\"item\":\"https:\\\/\\\/bimlerundschmidt.de\\\/\"},{\"@type\":\"ListItem\",\"position\":2,\"name\":\"Behandlungs\u00fcbersicht\",\"item\":\"https:\\\/\\\/bimlerundschmidt.de\\\/behandlungsuebersicht\\\/\"},{\"@type\":\"ListItem\",\"position\":3,\"name\":\"F\u00fcr Kinder\"}]},{\"@type\":\"WebSite\",\"@id\":\"https:\\\/\\\/bimlerundschmidt.de\\\/#website\",\"url\":\"https:\\\/\\\/bimlerundschmidt.de\\\/\",\"name\":\"Bimler & Schmidt Kieferorthop\u00e4den\",\"description\":\"Kieferorthop\u00e4den Kieferorthop\u00e4de D\u00fcsseldorf\",\"publisher\":{\"@id\":\"https:\\\/\\\/bimlerundschmidt.de\\\/#organization\"},\"potentialAction\":[{\"@type\":\"SearchAction\",\"target\":{\"@type\":\"EntryPoint\",\"urlTemplate\":\"https:\\\/\\\/bimlerundschmidt.de\\\/?s={search_term_string}\"},\"query-input\":{\"@type\":\"PropertyValueSpecification\",\"valueRequired\":true,\"valueName\":\"search_term_string\"}}],\"inLanguage\":\"ja\"},{\"@type\":\"Organization\",\"@id\":\"https:\\\/\\\/bimlerundschmidt.de\\\/#organization\",\"name\":\"Bimler & Schmidt - Kieferorthop\u00e4den\",\"url\":\"https:\\\/\\\/bimlerundschmidt.de\\\/\",\"logo\":{\"@type\":\"ImageObject\",\"inLanguage\":\"ja\",\"@id\":\"https:\\\/\\\/bimlerundschmidt.de\\\/#\\\/schema\\\/logo\\\/image\\\/\",\"url\":\"https:\\\/\\\/bimlerundschmidt.de\\\/wp-content\\\/uploads\\\/2026\\\/02\\\/cropped-cropped-Zeichenflaeche-1-Kopie.png\",\"contentUrl\":\"https:\\\/\\\/bimlerundschmidt.de\\\/wp-content\\\/uploads\\\/2026\\\/02\\\/cropped-cropped-Zeichenflaeche-1-Kopie.png\",\"width\":685,\"height\":205,\"caption\":\"Bimler & Schmidt - Kieferorthop\u00e4den\"},\"image\":{\"@id\":\"https:\\\/\\\/bimlerundschmidt.de\\\/#\\\/schema\\\/logo\\\/image\\\/\"},\"sameAs\":[\"https:\\\/\\\/de-de.facebook.com\\\/bimlerundschmidt.de\\\/\",\"https:\\\/\\\/www.instagram.com\\\/bimlerundschmidt\\\/\"]}]}<\/script>\n<!-- \/ Yoast SEO plugin. -->","yoast_head_json":{"title":"Kieferorthop\u00e4die f\u00fcr Kinder D\u00fcsseldorf | Bimler & Schmidt","description":"Kieferorthop\u00e4die f\u00fcr Kinder in D\u00fcsseldorf-Oberkassel. Zahnspangen & mehr. Einf\u00fchlsam und modern. Tel: 0211 559 1000.","robots":{"index":"index","follow":"follow","max-snippet":"max-snippet:-1","max-image-preview":"max-image-preview:large","max-video-preview":"max-video-preview:-1"},"canonical":"https:\/\/bimlerundschmidt.de\/ja\/behandlungsuebersicht\/fuer-kinder\/","og_locale":"ja_JP","og_type":"article","og_title":"Kieferorthop\u00e4die f\u00fcr Kinder D\u00fcsseldorf | Bimler & Schmidt","og_description":"Kieferorthop\u00e4die f\u00fcr Kinder in D\u00fcsseldorf-Oberkassel. Zahnspangen & mehr. Einf\u00fchlsam und modern. Tel: 0211 559 1000.","og_url":"https:\/\/bimlerundschmidt.de\/ja\/behandlungsuebersicht\/fuer-kinder\/","og_site_name":"BIMLER &amp; SCHMIDT Kieferorthop\u00e4den","article_publisher":"https:\/\/de-de.facebook.com\/bimlerundschmidt.de\/","article_modified_time":"2026-03-15T13:02:03+00:00","og_image":[{"url":"https:\/\/bimlerundschmidt.de\/wp-content\/uploads\/2019\/07\/Bimler-Schmidt-Kieferorthopaede-Impressionen-16-1024x683-1024x683.jpg","type":"","width":"","height":""}],"twitter_card":"summary_large_image","twitter_misc":{"\u63a8\u5b9a\u8aad\u307f\u53d6\u308a\u6642\u9593":"3\u5206"},"schema":{"@context":"https:\/\/schema.org","@graph":[{"@type":"WebPage","@id":"https:\/\/bimlerundschmidt.de\/behandlungsuebersicht\/fuer-kinder\/","url":"https:\/\/bimlerundschmidt.de\/behandlungsuebersicht\/fuer-kinder\/","name":"Kieferorthop\u00e4die f\u00fcr Kinder D\u00fcsseldorf | Bimler & Schmidt","isPartOf":{"@id":"https:\/\/bimlerundschmidt.de\/#website"},"primaryImageOfPage":{"@id":"https:\/\/bimlerundschmidt.de\/behandlungsuebersicht\/fuer-kinder\/#primaryimage"},"image":{"@id":"https:\/\/bimlerundschmidt.de\/behandlungsuebersicht\/fuer-kinder\/#primaryimage"},"thumbnailUrl":"https:\/\/bimlerundschmidt.de\/wp-content\/uploads\/2019\/07\/Bimler-Schmidt-Kieferorthopaede-Impressionen-16-1024x683-1024x683.jpg","datePublished":"2026-02-18T12:23:43+00:00","dateModified":"2026-03-15T13:02:03+00:00","description":"Kieferorthop\u00e4die f\u00fcr Kinder in D\u00fcsseldorf-Oberkassel. Zahnspangen & mehr. Einf\u00fchlsam und modern. Tel: 0211 559 1000.","breadcrumb":{"@id":"https:\/\/bimlerundschmidt.de\/behandlungsuebersicht\/fuer-kinder\/#breadcrumb"},"inLanguage":"ja","potentialAction":[{"@type":"ReadAction","target":["https:\/\/bimlerundschmidt.de\/behandlungsuebersicht\/fuer-kinder\/"]}]},{"@type":"ImageObject","inLanguage":"ja","@id":"https:\/\/bimlerundschmidt.de\/behandlungsuebersicht\/fuer-kinder\/#primaryimage","url":"https:\/\/bimlerundschmidt.de\/wp-content\/uploads\/2019\/07\/Bimler-Schmidt-Kieferorthopaede-Impressionen-16-1024x683-1024x683.jpg","contentUrl":"https:\/\/bimlerundschmidt.de\/wp-content\/uploads\/2019\/07\/Bimler-Schmidt-Kieferorthopaede-Impressionen-16-1024x683-1024x683.jpg"},{"@type":"BreadcrumbList","@id":"https:\/\/bimlerundschmidt.de\/behandlungsuebersicht\/fuer-kinder\/#breadcrumb","itemListElement":[{"@type":"ListItem","position":1,"name":"Startseite","item":"https:\/\/bimlerundschmidt.de\/"},{"@type":"ListItem","position":2,"name":"Behandlungs\u00fcbersicht","item":"https:\/\/bimlerundschmidt.de\/behandlungsuebersicht\/"},{"@type":"ListItem","position":3,"name":"F\u00fcr Kinder"}]},{"@type":"WebSite","@id":"https:\/\/bimlerundschmidt.de\/#website","url":"https:\/\/bimlerundschmidt.de\/","name":"Bimler & Schmidt Kieferorthop\u00e4den","description":"Kieferorthop\u00e4den Kieferorthop\u00e4de D\u00fcsseldorf","publisher":{"@id":"https:\/\/bimlerundschmidt.de\/#organization"},"potentialAction":[{"@type":"SearchAction","target":{"@type":"EntryPoint","urlTemplate":"https:\/\/bimlerundschmidt.de\/?s={search_term_string}"},"query-input":{"@type":"PropertyValueSpecification","valueRequired":true,"valueName":"search_term_string"}}],"inLanguage":"ja"},{"@type":"Organization","@id":"https:\/\/bimlerundschmidt.de\/#organization","name":"Bimler & Schmidt - Kieferorthop\u00e4den","url":"https:\/\/bimlerundschmidt.de\/","logo":{"@type":"ImageObject","inLanguage":"ja","@id":"https:\/\/bimlerundschmidt.de\/#\/schema\/logo\/image\/","url":"https:\/\/bimlerundschmidt.de\/wp-content\/uploads\/2026\/02\/cropped-cropped-Zeichenflaeche-1-Kopie.png","contentUrl":"https:\/\/bimlerundschmidt.de\/wp-content\/uploads\/2026\/02\/cropped-cropped-Zeichenflaeche-1-Kopie.png","width":685,"height":205,"caption":"Bimler & Schmidt - Kieferorthop\u00e4den"},"image":{"@id":"https:\/\/bimlerundschmidt.de\/#\/schema\/logo\/image\/"},"sameAs":["https:\/\/de-de.facebook.com\/bimlerundschmidt.de\/","https:\/\/www.instagram.com\/bimlerundschmidt\/"]}]}},"_links":{"self":[{"href":"https:\/\/bimlerundschmidt.de\/ja\/wp-json\/wp\/v2\/pages\/2418","targetHints":{"allow":["GET"]}}],"collection":[{"href":"https:\/\/bimlerundschmidt.de\/ja\/wp-json\/wp\/v2\/pages"}],"about":[{"href":"https:\/\/bimlerundschmidt.de\/ja\/wp-json\/wp\/v2\/types\/page"}],"author":[{"embeddable":true,"href":"https:\/\/bimlerundschmidt.de\/ja\/wp-json\/wp\/v2\/users\/4"}],"replies":[{"embeddable":true,"href":"https:\/\/bimlerundschmidt.de\/ja\/wp-json\/wp\/v2\/comments?post=2418"}],"version-history":[{"count":0,"href":"https:\/\/bimlerundschmidt.de\/ja\/wp-json\/wp\/v2\/pages\/2418\/revisions"}],"up":[{"embeddable":true,"href":"https:\/\/bimlerundschmidt.de\/ja\/wp-json\/wp\/v2\/pages\/2187"}],"wp:attachment":[{"href":"https:\/\/bimlerundschmidt.de\/ja\/wp-json\/wp\/v2\/media?parent=2418"}],"curies":[{"name":"wp","href":"https:\/\/api.w.org\/{rel}","templated":true}]}}