{"id":2431,"date":"2026-02-18T12:23:43","date_gmt":"2026-02-18T12:23:43","guid":{"rendered":"https:\/\/bimlerundschmidt.de\/?page_id=2431"},"modified":"2026-04-10T14:32:51","modified_gmt":"2026-04-10T12:32:51","slug":"unsichtbare-zahnspange","status":"publish","type":"page","link":"https:\/\/bimlerundschmidt.de\/ja\/behandlungsuebersicht\/unsichtbare-zahnspange\/","title":{"rendered":"Unsichtbare Zahnspange"},"content":{"rendered":"<div class=\"wp-block-group alignfull has-background\" style=\"background-color:#a2bb0b\"><div class=\"wp-block-group__inner-container is-layout-constrained wp-block-group-is-layout-constrained\">\n<div style=\"height:20px\" aria-hidden=\"true\" class=\"wp-block-spacer\"><\/div>\n\n\n\n<h1 class=\"wp-block-heading has-text-align-center\">ZUM SICHTBAREN ERFOLG<\/h1>\n\n\n\n<h3 class=\"wp-block-heading has-text-align-center\">&#8230;mit unsichtbaren Zahnspangen<\/h3>\n\n\n\n<hr class=\"wp-block-separator has-alpha-channel-opacity\"\/>\n\n\n\n<div style=\"height:20px\" aria-hidden=\"true\" class=\"wp-block-spacer\"><\/div>\n<\/div><\/div>\n\n\n\n<div style=\"height:49px\" aria-hidden=\"true\" class=\"wp-block-spacer\"><\/div>\n\n\n\n<div class=\"wp-block-columns is-layout-flex wp-container-core-columns-is-layout-9d6595d7 wp-block-columns-is-layout-flex\">\n<div class=\"wp-block-column is-layout-flow wp-block-column-is-layout-flow\">\n<figure class=\"wp-block-image size-large\"><img decoding=\"async\" width=\"1024\" height=\"646\" src=\"https:\/\/bimlerundschmidt.de\/wp-content\/uploads\/2019\/07\/Fotolia_55349801_M-1024x646-1024x646.jpg\" alt=\"\" class=\"wp-image-588\" srcset=\"https:\/\/bimlerundschmidt.de\/wp-content\/uploads\/2019\/07\/Fotolia_55349801_M-1024x646.jpg 1024w, https:\/\/bimlerundschmidt.de\/wp-content\/uploads\/2019\/07\/Fotolia_55349801_M-1024x646-300x189.jpg 300w, https:\/\/bimlerundschmidt.de\/wp-content\/uploads\/2019\/07\/Fotolia_55349801_M-1024x646-768x485.jpg 768w\" sizes=\"(max-width: 1024px) 100vw, 1024px\" \/><\/figure>\n<\/div>\n\n\n\n<div class=\"wp-block-column is-layout-flow wp-block-column-is-layout-flow\">\n<h3 class=\"wp-block-heading has-text-align-center\">Tragen und Herausnehmen ganz nach Bedarf<\/h3>\n\n\n\n<h2 class=\"wp-block-heading has-text-align-center\">\u30a4\u30f3\u30d3\u30bc\u30e9\u30a4\u30f3<\/h2>\n\n\n\n<hr class=\"wp-block-separator has-alpha-channel-opacity\"\/>\n\n\n\n<p class=\"has-text-align-center\">\u3053\u308c\u306f\u201c\u53d6\u308a\u5916\u3059\u30bf\u30a4\u30d7\u306e\u30de\u30a6\u30b9\u30d4\u30fc\u30b9\u77ef\u6b63\u201c\u3067\u3059\u3002<\/p>\n\n\n\n<p class=\"has-text-align-center\">\u30c9\u30a4\u30c4\u3067\u306f\u3082\u3046\u9577\u5e74\u89aa\u3057\u307e\u308c\u3066\u304d\u305f\u77ef\u6b63\u6cbb\u7642\u65b9\u6cd5\u3067\u3059\u3001\u3053\u306e\u6cbb\u7642\u6cd5\u306f  \u6b6f\u306b\u5668\u5177\u3092\u63a5\u7740\u3059\u308b\u3053\u3068\u306a\u304f \u900f\u660e\u306a\u30de\u30a6\u30b9\u30d4\u30fc\u30b9\u3092\u5b9a\u671f\u7684\u306b\u53d6\u308a\u66ff\u3048\u308b\u3053\u3068\u306b\u3088\u308a \u7406\u60f3\u306e\u6b6f\u4e26\u3073\u306b\u5c0e\u304d\u307e\u3059\u3002\u73fe\u5728\u306e\u72b6\u614b\u3068 \u5b8c\u74a7\u306a\u7406\u60f3\u306e\u72b6\u614b\u3092\u30b3\u30f3\u30d4\u30e5\u30fc\u30bf\u30fc\u306b\u30a4\u30f3\u30d7\u30c3\u30c8\u3057 \u5b9a\u671f\u7684\u306b(1-2\u9031\u9593) \u6b21\u306e\u30b9\u30c6\u30c3\u30d7\u306e\u30de\u30a6\u30b9\u30d4\u30fc\u30b9\u306b\u53d6\u308a\u66ff\u3048\u307e\u3059\u3002\u524d\u6b6f\u306e\u308f\u305a\u304b\u306a\u50be\u304d\u306a\u3069 \u5fae\u5999\u306a\u77ef\u6b63\u306f \u72b6\u614b\u306b\u3088\u308a \u77ed\u671f\u9593\u3067\u7d42\u4e86\u3057\u307e\u3059\u3002<\/p>\n\n\n\n<p class=\"has-text-align-center\">Weil sie komfortabel, transparent und herausnehmbar sind, sorgen die Aligner-Schienen von Invisalign f\u00fcr eine Versch\u00f6nerung des L\u00e4chelns ohne Einschr\u00e4nkungen im t\u00e4glichen Leben. Diese Vorteile haben schon mehr als drei Millionen Menschen in aller Welt f\u00fcr sich entdeckt.<\/p>\n<\/div>\n<\/div>\n\n\n\n<div style=\"height:49px\" aria-hidden=\"true\" class=\"wp-block-spacer\"><\/div>\n\n\n\n<div class=\"wp-block-columns is-layout-flex wp-container-core-columns-is-layout-9d6595d7 wp-block-columns-is-layout-flex\">\n<div class=\"wp-block-column is-layout-flow wp-block-column-is-layout-flow\">\n<h3 class=\"wp-block-heading has-text-align-center\">Ein Gewinn f\u00fcr Sie und Ihre Z\u00e4hne<\/h3>\n\n\n\n<h2 class=\"wp-block-heading has-text-align-center\">\u88cf\u5074\u77ef\u6b63<\/h2>\n\n\n\n<hr class=\"wp-block-separator has-alpha-channel-opacity\"\/>\n\n\n\n<p class=\"has-text-align-center\">\u7537\u5973\u8001\u82e5\u3092\u554f\u308f\u305a \u201e\u898b\u3048\u306a\u3044\u77ef\u6b63\u201c\u3092\u3054\u5e0c\u671b\u306e\u65b9\u306e \uff12\u756a\u76ee\u306e\u9078\u629e\u80a2\u3067\u3059\u3002\n\u3053\u306e\u6cbb\u7642\u3067\u306f \u30d6\u30e9\u30b1\u30c3\u30c8(\u91d1\u5c5e)\u306f \u6b6f\u306e\u88cf\u5074\u306b\u63a5\u7740\u3055\u308c\u308b\u70ba \u5916\u304b\u3089\u306f\u5168\u304f\u898b\u3048\u307e\u305b\u3093\u3002\u63a5\u7740\u3055\u308c\u308b\u91d1\u5c5e\u306f \u4e00\u672c\u4e00\u672c\u306e\u6b6f\u306b\u5b8c\u74a7\u306b\u30d5\u30a3\u30c3\u30c8\u3059\u308b\u3088\u3046\u306b \u6975\u5ea6\u306b\u7cbe\u5bc6\u4f3c\u8584\u304f\u4f5c\u3089\u308c\u3066\u5c45\u307e\u3059\u3002\u3053\u306e\u65b0\u3057\u3044\u30bf\u30a4\u30d7\u306e\u3082\u306e\u306f \u30b9\u30c1\u30fc\u30eb\u5408\u91d1\u3067\u4f5c\u3089\u308c\u3066\u3044\u308b\u70ba \u4ee5\u524d\u306e\u30bf\u30a4\u30d7\u306e\u3082\u306e\u3088\u308a\u3082 1\/3\u3082\u5b89\u4fa1\u306b\u306a\u3063\u3066\u304a\u308a\uff40\u30d6\u30e9\u30b1\u30c3\u30c8\u672c\u4f53\u306f\u92f3\u8fbc\u3055\u308c\u308b\u306e\u3067\u306f\u306a\u304f\u91d1\u5c5e\u7c89\u3092\u30ec\u30fc\u30b6\u30fc\u5149\u306b\u3088\u3063\u3066\u56fa\u3081\u3066\u3044\u304d\u6700\u7d42\u7684\u306b\u306f  \u6975\u5ea6\u306b\u7cbe\u5bc6\u306b\u30d5\u30e9\u30a4\u30b9\u52a0\u5de5\n\u3055\u308c\u305f\u30d6\u30e9\u30b1\u30c3\u30c8\u306b\u6eb6\u63a5\u3055\u308c\u307e\u3059\u3002<\/p>\n\n\n\n<p class=\"has-text-align-center\">\u3053\u306e\u65b0\u3057\u3044\u30bf\u30a4\u30d7\u306e\u3082\u306e\u306f \u5f93\u6765\u306e\u3082\u306e\u3088\u308a\u3082 \u63a5\u7740\u9762\u7a4d\u304c\u5e83\u3044\u3053\u3068\u306b\u3088\u308a \u5bc6\u7740\u6027\u304c\u5f37\u5316\u3055\u308c \u5668\u5177\u306e\u7834\u640d\u7387\u304c\u4f4e\u304f\u306a\u3063\u3066\u3044\u307e\u3059\u3002\u3053\u306e\u3088\u3046\u306a\u9577\u6240\u306b\u52a0\u3048\u3066 \u5f53\u9662\u3067\u4f7f\u7528\u3057\u3066\u3044\u308b\u201cDW Lingual System\u201c \u306e\u65b0\u3057\u3044\u30bf\u30a4\u30d7\u306e\u3082\u306e\u306f \u5f93\u6765\u306e\u7d44\u307f\u7acb\u3066\u5f0f\u306e\u3082\u306e\u3088\u308a\u3082 \u9065\u304b\u306b\u7cbe\u5bc6\u306b \u3057\u304b\u3082\u5b89\u6613\u306b\u88c5\u7740\u3067\u304d\u308b\u3088\u3046\u306b\u306a\u3063\u3066\u3044\u307e\u3059\u3002\n@@\u3053\u308c\u306f\u4e00\u77f3\u4e8c\u9ce5 \u3068\u3044\u3046\u4ee5\u5916\u306e\u4f55\u7269\u3067\u3082\u3042\u308a\u307e\u305b\u3093\u3002??<\/p>\n<\/div>\n\n\n\n<div class=\"wp-block-column is-layout-flow wp-block-column-is-layout-flow\">\n<figure class=\"wp-block-image size-large\"><img decoding=\"async\" width=\"1024\" height=\"683\" src=\"https:\/\/bimlerundschmidt.de\/wp-content\/uploads\/2019\/07\/Bimler-Schmidt-Unsichtbare-Zahnspange-lingualsystems-1024x683-1024x683.jpg\" alt=\"\" class=\"wp-image-589\" srcset=\"https:\/\/bimlerundschmidt.de\/wp-content\/uploads\/2019\/07\/Bimler-Schmidt-Unsichtbare-Zahnspange-lingualsystems-1024x683.jpg 1024w, https:\/\/bimlerundschmidt.de\/wp-content\/uploads\/2019\/07\/Bimler-Schmidt-Unsichtbare-Zahnspange-lingualsystems-1024x683-300x200.jpg 300w, https:\/\/bimlerundschmidt.de\/wp-content\/uploads\/2019\/07\/Bimler-Schmidt-Unsichtbare-Zahnspange-lingualsystems-1024x683-768x512.jpg 768w\" sizes=\"(max-width: 1024px) 100vw, 1024px\" \/><\/figure>\n<\/div>\n<\/div>\n\n\n\n<div style=\"height:49px\" aria-hidden=\"true\" class=\"wp-block-spacer\"><\/div>\n\n\n\n<div class=\"wp-block-group alignfull has-background\" style=\"background-color:#a2bb0b\"><div class=\"wp-block-group__inner-container is-layout-constrained wp-block-group-is-layout-constrained\">\n<div style=\"height:20px\" aria-hidden=\"true\" class=\"wp-block-spacer\"><\/div>\n\n\n\n<h2 class=\"wp-block-heading has-text-align-center\">LASSEN SIE SICH BERATEN!<\/h2>\n\n\n\n<div class=\"wp-block-buttons is-content-justification-center is-layout-flex wp-container-core-buttons-is-layout-16018d1d wp-block-buttons-is-layout-flex\">\n<div class=\"wp-block-button\"><a class=\"wp-block-button__link has-white-color has-text-color has-background has-link-color wp-element-button\" href=\"http:\/\/bimlerundschmidt.de\/ja\/kontakt\/\" style=\"background-color:#943336\">TERMIN VEREINBAREN<\/a><\/div>\n<\/div>\n<\/div><\/div>","protected":false},"excerpt":{"rendered":"<p>ZUM SICHTBAREN ERFOLG &#8230;mit unsichtbaren Zahnspangen Tragen und Herausnehmen ganz nach Bedarf INVISALIGN Seit Jahren sehr bew\u00e4hrt (und beliebt) ist die Zahnfehlstellungskorrektur mit Invisalign. Denn Sie bekommen das L\u00e4cheln, das Sie sich schon immer gew\u00fcnscht haben, ohne Ihren gewohnten Alltag daf\u00fcr gro\u00dfartig ver\u00e4ndern zu m\u00fcssen. Bei Invisalign werden Zahnfehlstellungen durch eine Reihe von individuell f\u00fcr Sie angefertigten und dadurch sehr komfortablen Alignern korrigiert. Die herausnehmbaren Schienen sind auf den Z\u00e4hnen fast nicht zu sehen. Sie setzen einfach im Wochenrythmus ein neues Aligner-Paar ein \u2013 und nach und nach bewegen sich Ihre Z\u00e4hne zur vorgesehenen Endposition. Ihrem Ziel kommen Sie also Woche f\u00fcr Woche immer ein St\u00fcckchen n\u00e4her. Weil sie komfortabel, [&hellip;]<\/p>\n","protected":false},"author":4,"featured_media":0,"parent":2187,"menu_order":0,"comment_status":"closed","ping_status":"closed","template":"","meta":{"ocean_post_layout":"","ocean_both_sidebars_style":"","ocean_both_sidebars_content_width":0,"ocean_both_sidebars_sidebars_width":0,"ocean_sidebar":"0","ocean_second_sidebar":"0","ocean_disable_margins":"enable","ocean_add_body_class":"","ocean_shortcode_before_top_bar":"","ocean_shortcode_after_top_bar":"","ocean_shortcode_before_header":"","ocean_shortcode_after_header":"","ocean_has_shortcode":"","ocean_shortcode_after_title":"","ocean_shortcode_before_footer_widgets":"","ocean_shortcode_after_footer_widgets":"","ocean_shortcode_before_footer_bottom":"","ocean_shortcode_after_footer_bottom":"","ocean_display_top_bar":"default","ocean_display_header":"default","ocean_header_style":"","ocean_center_header_left_menu":"0","ocean_custom_header_template":"0","ocean_custom_logo":0,"ocean_custom_retina_logo":0,"ocean_custom_logo_max_width":0,"ocean_custom_logo_tablet_max_width":0,"ocean_custom_logo_mobile_max_width":0,"ocean_custom_logo_max_height":0,"ocean_custom_logo_tablet_max_height":0,"ocean_custom_logo_mobile_max_height":0,"ocean_header_custom_menu":"0","ocean_menu_typo_font_family":"0","ocean_menu_typo_font_subset":"","ocean_menu_typo_font_size":0,"ocean_menu_typo_font_size_tablet":0,"ocean_menu_typo_font_size_mobile":0,"ocean_menu_typo_font_size_unit":"px","ocean_menu_typo_font_weight":"","ocean_menu_typo_font_weight_tablet":"","ocean_menu_typo_font_weight_mobile":"","ocean_menu_typo_transform":"","ocean_menu_typo_transform_tablet":"","ocean_menu_typo_transform_mobile":"","ocean_menu_typo_line_height":0,"ocean_menu_typo_line_height_tablet":0,"ocean_menu_typo_line_height_mobile":0,"ocean_menu_typo_line_height_unit":"","ocean_menu_typo_spacing":0,"ocean_menu_typo_spacing_tablet":0,"ocean_menu_typo_spacing_mobile":0,"ocean_menu_typo_spacing_unit":"","ocean_menu_link_color":"","ocean_menu_link_color_hover":"","ocean_menu_link_color_active":"","ocean_menu_link_background":"","ocean_menu_link_hover_background":"","ocean_menu_link_active_background":"","ocean_menu_social_links_bg":"","ocean_menu_social_hover_links_bg":"","ocean_menu_social_links_color":"","ocean_menu_social_hover_links_color":"","ocean_disable_title":"on","ocean_disable_heading":"default","ocean_post_title":"","ocean_post_subheading":"","ocean_post_title_style":"","ocean_post_title_background_color":"","ocean_post_title_background":0,"ocean_post_title_bg_image_position":"","ocean_post_title_bg_image_attachment":"","ocean_post_title_bg_image_repeat":"","ocean_post_title_bg_image_size":"","ocean_post_title_height":0,"ocean_post_title_bg_overlay":0.5,"ocean_post_title_bg_overlay_color":"","ocean_disable_breadcrumbs":"default","ocean_breadcrumbs_color":"","ocean_breadcrumbs_separator_color":"","ocean_breadcrumbs_links_color":"","ocean_breadcrumbs_links_hover_color":"","ocean_display_footer_widgets":"default","ocean_display_footer_bottom":"default","ocean_custom_footer_template":"0","footnotes":""},"class_list":["post-2431","page","type-page","status-publish","hentry","entry"],"yoast_head":"<!-- This site is optimized with the Yoast SEO plugin v27.4 - https:\/\/yoast.com\/product\/yoast-seo-wordpress\/ -->\n<title>Unsichtbare Zahnspange D\u00fcsseldorf | Invisalign | Bimler &amp; Schmidt<\/title>\n<meta name=\"description\" content=\"Unsichtbare Zahnspange &amp; Invisalign in D\u00fcsseldorf-Oberkassel. Diskrete Aligner f\u00fcr Kinder, Teens &amp; Erwachsene. \u2713 Termin: 0211 559 1000.\" \/>\n<meta name=\"robots\" content=\"index, follow, max-snippet:-1, max-image-preview:large, max-video-preview:-1\" \/>\n<link rel=\"canonical\" href=\"https:\/\/bimlerundschmidt.de\/ja\/behandlungsuebersicht\/unsichtbare-zahnspange\/\" \/>\n<meta property=\"og:locale\" content=\"ja_JP\" \/>\n<meta property=\"og:type\" content=\"article\" \/>\n<meta property=\"og:title\" content=\"Unsichtbare Zahnspange D\u00fcsseldorf | Invisalign | Bimler &amp; Schmidt\" \/>\n<meta property=\"og:description\" content=\"Unsichtbare Zahnspange &amp; Invisalign in D\u00fcsseldorf-Oberkassel. Diskrete Aligner f\u00fcr Kinder, Teens &amp; Erwachsene. \u2713 Termin: 0211 559 1000.\" \/>\n<meta property=\"og:url\" content=\"https:\/\/bimlerundschmidt.de\/ja\/behandlungsuebersicht\/unsichtbare-zahnspange\/\" \/>\n<meta property=\"og:site_name\" content=\"BIMLER &amp; SCHMIDT Kieferorthop\u00e4den\" \/>\n<meta property=\"article:publisher\" content=\"https:\/\/de-de.facebook.com\/bimlerundschmidt.de\/\" \/>\n<meta property=\"article:modified_time\" content=\"2026-04-10T12:32:51+00:00\" \/>\n<meta property=\"og:image\" content=\"https:\/\/bimlerundschmidt.de\/wp-content\/uploads\/2019\/07\/Fotolia_55349801_M-1024x646.jpg\" \/>\n\t<meta property=\"og:image:width\" content=\"1024\" \/>\n\t<meta property=\"og:image:height\" content=\"646\" \/>\n\t<meta property=\"og:image:type\" content=\"image\/jpeg\" \/>\n<meta name=\"twitter:card\" content=\"summary_large_image\" \/>\n<meta name=\"twitter:label1\" content=\"\u63a8\u5b9a\u8aad\u307f\u53d6\u308a\u6642\u9593\" \/>\n\t<meta name=\"twitter:data1\" content=\"3\u5206\" \/>\n<script type=\"application\/ld+json\" class=\"yoast-schema-graph\">{\"@context\":\"https:\\\/\\\/schema.org\",\"@graph\":[{\"@type\":\"WebPage\",\"@id\":\"https:\\\/\\\/bimlerundschmidt.de\\\/behandlungsuebersicht\\\/unsichtbare-zahnspange\\\/\",\"url\":\"https:\\\/\\\/bimlerundschmidt.de\\\/behandlungsuebersicht\\\/unsichtbare-zahnspange\\\/\",\"name\":\"Unsichtbare Zahnspange D\u00fcsseldorf | Invisalign | Bimler & Schmidt\",\"isPartOf\":{\"@id\":\"https:\\\/\\\/bimlerundschmidt.de\\\/#website\"},\"primaryImageOfPage\":{\"@id\":\"https:\\\/\\\/bimlerundschmidt.de\\\/behandlungsuebersicht\\\/unsichtbare-zahnspange\\\/#primaryimage\"},\"image\":{\"@id\":\"https:\\\/\\\/bimlerundschmidt.de\\\/behandlungsuebersicht\\\/unsichtbare-zahnspange\\\/#primaryimage\"},\"thumbnailUrl\":\"https:\\\/\\\/bimlerundschmidt.de\\\/wp-content\\\/uploads\\\/2019\\\/07\\\/Fotolia_55349801_M-1024x646-1024x646.jpg\",\"datePublished\":\"2026-02-18T12:23:43+00:00\",\"dateModified\":\"2026-04-10T12:32:51+00:00\",\"description\":\"Unsichtbare Zahnspange & Invisalign in D\u00fcsseldorf-Oberkassel. Diskrete Aligner f\u00fcr Kinder, Teens & Erwachsene. \u2713 Termin: 0211 559 1000.\",\"breadcrumb\":{\"@id\":\"https:\\\/\\\/bimlerundschmidt.de\\\/behandlungsuebersicht\\\/unsichtbare-zahnspange\\\/#breadcrumb\"},\"inLanguage\":\"ja\",\"potentialAction\":[{\"@type\":\"ReadAction\",\"target\":[\"https:\\\/\\\/bimlerundschmidt.de\\\/behandlungsuebersicht\\\/unsichtbare-zahnspange\\\/\"]}]},{\"@type\":\"ImageObject\",\"inLanguage\":\"ja\",\"@id\":\"https:\\\/\\\/bimlerundschmidt.de\\\/behandlungsuebersicht\\\/unsichtbare-zahnspange\\\/#primaryimage\",\"url\":\"https:\\\/\\\/bimlerundschmidt.de\\\/wp-content\\\/uploads\\\/2019\\\/07\\\/Fotolia_55349801_M-1024x646-1024x646.jpg\",\"contentUrl\":\"https:\\\/\\\/bimlerundschmidt.de\\\/wp-content\\\/uploads\\\/2019\\\/07\\\/Fotolia_55349801_M-1024x646-1024x646.jpg\"},{\"@type\":\"BreadcrumbList\",\"@id\":\"https:\\\/\\\/bimlerundschmidt.de\\\/behandlungsuebersicht\\\/unsichtbare-zahnspange\\\/#breadcrumb\",\"itemListElement\":[{\"@type\":\"ListItem\",\"position\":1,\"name\":\"Startseite\",\"item\":\"https:\\\/\\\/bimlerundschmidt.de\\\/\"},{\"@type\":\"ListItem\",\"position\":2,\"name\":\"Behandlungs\u00fcbersicht\",\"item\":\"https:\\\/\\\/bimlerundschmidt.de\\\/behandlungsuebersicht\\\/\"},{\"@type\":\"ListItem\",\"position\":3,\"name\":\"Unsichtbare Zahnspange\"}]},{\"@type\":\"WebSite\",\"@id\":\"https:\\\/\\\/bimlerundschmidt.de\\\/#website\",\"url\":\"https:\\\/\\\/bimlerundschmidt.de\\\/\",\"name\":\"Bimler & Schmidt Kieferorthop\u00e4den\",\"description\":\"Kieferorthop\u00e4den Kieferorthop\u00e4de D\u00fcsseldorf\",\"publisher\":{\"@id\":\"https:\\\/\\\/bimlerundschmidt.de\\\/#organization\"},\"potentialAction\":[{\"@type\":\"SearchAction\",\"target\":{\"@type\":\"EntryPoint\",\"urlTemplate\":\"https:\\\/\\\/bimlerundschmidt.de\\\/?s={search_term_string}\"},\"query-input\":{\"@type\":\"PropertyValueSpecification\",\"valueRequired\":true,\"valueName\":\"search_term_string\"}}],\"inLanguage\":\"ja\"},{\"@type\":\"Organization\",\"@id\":\"https:\\\/\\\/bimlerundschmidt.de\\\/#organization\",\"name\":\"Bimler & Schmidt - Kieferorthop\u00e4den\",\"url\":\"https:\\\/\\\/bimlerundschmidt.de\\\/\",\"logo\":{\"@type\":\"ImageObject\",\"inLanguage\":\"ja\",\"@id\":\"https:\\\/\\\/bimlerundschmidt.de\\\/#\\\/schema\\\/logo\\\/image\\\/\",\"url\":\"https:\\\/\\\/bimlerundschmidt.de\\\/wp-content\\\/uploads\\\/2026\\\/02\\\/cropped-cropped-Zeichenflaeche-1-Kopie.png\",\"contentUrl\":\"https:\\\/\\\/bimlerundschmidt.de\\\/wp-content\\\/uploads\\\/2026\\\/02\\\/cropped-cropped-Zeichenflaeche-1-Kopie.png\",\"width\":685,\"height\":205,\"caption\":\"Bimler & Schmidt - Kieferorthop\u00e4den\"},\"image\":{\"@id\":\"https:\\\/\\\/bimlerundschmidt.de\\\/#\\\/schema\\\/logo\\\/image\\\/\"},\"sameAs\":[\"https:\\\/\\\/de-de.facebook.com\\\/bimlerundschmidt.de\\\/\",\"https:\\\/\\\/www.instagram.com\\\/bimlerundschmidt\\\/\"]}]}<\/script>\n<!-- \/ Yoast SEO plugin. -->","yoast_head_json":{"title":"Unsichtbare Zahnspange D\u00fcsseldorf | Invisalign | Bimler & Schmidt","description":"Unsichtbare Zahnspange & Invisalign in D\u00fcsseldorf-Oberkassel. Diskrete Aligner f\u00fcr Kinder, Teens & Erwachsene. \u2713 Termin: 0211 559 1000.","robots":{"index":"index","follow":"follow","max-snippet":"max-snippet:-1","max-image-preview":"max-image-preview:large","max-video-preview":"max-video-preview:-1"},"canonical":"https:\/\/bimlerundschmidt.de\/ja\/behandlungsuebersicht\/unsichtbare-zahnspange\/","og_locale":"ja_JP","og_type":"article","og_title":"Unsichtbare Zahnspange D\u00fcsseldorf | Invisalign | Bimler & Schmidt","og_description":"Unsichtbare Zahnspange & Invisalign in D\u00fcsseldorf-Oberkassel. Diskrete Aligner f\u00fcr Kinder, Teens & Erwachsene. \u2713 Termin: 0211 559 1000.","og_url":"https:\/\/bimlerundschmidt.de\/ja\/behandlungsuebersicht\/unsichtbare-zahnspange\/","og_site_name":"BIMLER &amp; SCHMIDT Kieferorthop\u00e4den","article_publisher":"https:\/\/de-de.facebook.com\/bimlerundschmidt.de\/","article_modified_time":"2026-04-10T12:32:51+00:00","og_image":[{"width":1024,"height":646,"url":"https:\/\/bimlerundschmidt.de\/wp-content\/uploads\/2019\/07\/Fotolia_55349801_M-1024x646.jpg","type":"image\/jpeg"}],"twitter_card":"summary_large_image","twitter_misc":{"\u63a8\u5b9a\u8aad\u307f\u53d6\u308a\u6642\u9593":"3\u5206"},"schema":{"@context":"https:\/\/schema.org","@graph":[{"@type":"WebPage","@id":"https:\/\/bimlerundschmidt.de\/behandlungsuebersicht\/unsichtbare-zahnspange\/","url":"https:\/\/bimlerundschmidt.de\/behandlungsuebersicht\/unsichtbare-zahnspange\/","name":"Unsichtbare Zahnspange D\u00fcsseldorf | Invisalign | Bimler & Schmidt","isPartOf":{"@id":"https:\/\/bimlerundschmidt.de\/#website"},"primaryImageOfPage":{"@id":"https:\/\/bimlerundschmidt.de\/behandlungsuebersicht\/unsichtbare-zahnspange\/#primaryimage"},"image":{"@id":"https:\/\/bimlerundschmidt.de\/behandlungsuebersicht\/unsichtbare-zahnspange\/#primaryimage"},"thumbnailUrl":"https:\/\/bimlerundschmidt.de\/wp-content\/uploads\/2019\/07\/Fotolia_55349801_M-1024x646-1024x646.jpg","datePublished":"2026-02-18T12:23:43+00:00","dateModified":"2026-04-10T12:32:51+00:00","description":"Unsichtbare Zahnspange & Invisalign in D\u00fcsseldorf-Oberkassel. Diskrete Aligner f\u00fcr Kinder, Teens & Erwachsene. \u2713 Termin: 0211 559 1000.","breadcrumb":{"@id":"https:\/\/bimlerundschmidt.de\/behandlungsuebersicht\/unsichtbare-zahnspange\/#breadcrumb"},"inLanguage":"ja","potentialAction":[{"@type":"ReadAction","target":["https:\/\/bimlerundschmidt.de\/behandlungsuebersicht\/unsichtbare-zahnspange\/"]}]},{"@type":"ImageObject","inLanguage":"ja","@id":"https:\/\/bimlerundschmidt.de\/behandlungsuebersicht\/unsichtbare-zahnspange\/#primaryimage","url":"https:\/\/bimlerundschmidt.de\/wp-content\/uploads\/2019\/07\/Fotolia_55349801_M-1024x646-1024x646.jpg","contentUrl":"https:\/\/bimlerundschmidt.de\/wp-content\/uploads\/2019\/07\/Fotolia_55349801_M-1024x646-1024x646.jpg"},{"@type":"BreadcrumbList","@id":"https:\/\/bimlerundschmidt.de\/behandlungsuebersicht\/unsichtbare-zahnspange\/#breadcrumb","itemListElement":[{"@type":"ListItem","position":1,"name":"Startseite","item":"https:\/\/bimlerundschmidt.de\/"},{"@type":"ListItem","position":2,"name":"Behandlungs\u00fcbersicht","item":"https:\/\/bimlerundschmidt.de\/behandlungsuebersicht\/"},{"@type":"ListItem","position":3,"name":"Unsichtbare Zahnspange"}]},{"@type":"WebSite","@id":"https:\/\/bimlerundschmidt.de\/#website","url":"https:\/\/bimlerundschmidt.de\/","name":"Bimler & Schmidt Kieferorthop\u00e4den","description":"Kieferorthop\u00e4den Kieferorthop\u00e4de D\u00fcsseldorf","publisher":{"@id":"https:\/\/bimlerundschmidt.de\/#organization"},"potentialAction":[{"@type":"SearchAction","target":{"@type":"EntryPoint","urlTemplate":"https:\/\/bimlerundschmidt.de\/?s={search_term_string}"},"query-input":{"@type":"PropertyValueSpecification","valueRequired":true,"valueName":"search_term_string"}}],"inLanguage":"ja"},{"@type":"Organization","@id":"https:\/\/bimlerundschmidt.de\/#organization","name":"Bimler & Schmidt - Kieferorthop\u00e4den","url":"https:\/\/bimlerundschmidt.de\/","logo":{"@type":"ImageObject","inLanguage":"ja","@id":"https:\/\/bimlerundschmidt.de\/#\/schema\/logo\/image\/","url":"https:\/\/bimlerundschmidt.de\/wp-content\/uploads\/2026\/02\/cropped-cropped-Zeichenflaeche-1-Kopie.png","contentUrl":"https:\/\/bimlerundschmidt.de\/wp-content\/uploads\/2026\/02\/cropped-cropped-Zeichenflaeche-1-Kopie.png","width":685,"height":205,"caption":"Bimler & Schmidt - Kieferorthop\u00e4den"},"image":{"@id":"https:\/\/bimlerundschmidt.de\/#\/schema\/logo\/image\/"},"sameAs":["https:\/\/de-de.facebook.com\/bimlerundschmidt.de\/","https:\/\/www.instagram.com\/bimlerundschmidt\/"]}]}},"_links":{"self":[{"href":"https:\/\/bimlerundschmidt.de\/ja\/wp-json\/wp\/v2\/pages\/2431","targetHints":{"allow":["GET"]}}],"collection":[{"href":"https:\/\/bimlerundschmidt.de\/ja\/wp-json\/wp\/v2\/pages"}],"about":[{"href":"https:\/\/bimlerundschmidt.de\/ja\/wp-json\/wp\/v2\/types\/page"}],"author":[{"embeddable":true,"href":"https:\/\/bimlerundschmidt.de\/ja\/wp-json\/wp\/v2\/users\/4"}],"replies":[{"embeddable":true,"href":"https:\/\/bimlerundschmidt.de\/ja\/wp-json\/wp\/v2\/comments?post=2431"}],"version-history":[{"count":1,"href":"https:\/\/bimlerundschmidt.de\/ja\/wp-json\/wp\/v2\/pages\/2431\/revisions"}],"predecessor-version":[{"id":3517,"href":"https:\/\/bimlerundschmidt.de\/ja\/wp-json\/wp\/v2\/pages\/2431\/revisions\/3517"}],"up":[{"embeddable":true,"href":"https:\/\/bimlerundschmidt.de\/ja\/wp-json\/wp\/v2\/pages\/2187"}],"wp:attachment":[{"href":"https:\/\/bimlerundschmidt.de\/ja\/wp-json\/wp\/v2\/media?parent=2431"}],"curies":[{"name":"wp","href":"https:\/\/api.w.org\/{rel}","templated":true}]}}