{"id":395,"date":"2019-06-23T22:21:28","date_gmt":"2019-06-23T22:21:28","guid":{"rendered":"http:\/\/oberkassel.preisverlust.de\/?p=395"},"modified":"2026-03-20T18:45:38","modified_gmt":"2026-03-20T17:45:38","slug":"rene-schmidt","status":"publish","type":"page","link":"https:\/\/bimlerundschmidt.de\/ja\/ueber-uns\/team\/rene-schmidt\/","title":{"rendered":"Rene Schmidt"},"content":{"rendered":"<div class=\"wp-block-columns are-vertically-aligned-center is-layout-flex wp-container-core-columns-is-layout-9d6595d7 wp-block-columns-is-layout-flex\">\n<div class=\"wp-block-column is-vertically-aligned-center is-layout-flow wp-block-column-is-layout-flow\"><div class=\"wp-block-image is-style-rounded\">\n<figure class=\"aligncenter is-resized\"><a href=\"https:\/\/bimlerundschmidt.de\/ja\/praxis\/team\/\"><img decoding=\"async\" src=\"https:\/\/bimlerundschmidt.de\/wp-content\/uploads\/2019\/06\/Rene-Schmidt-Team.jpg\" alt=\"\" style=\"object-fit:cover;width:400px;height:400px\"\/><\/a><\/figure>\n<\/div><\/div>\n\n\n\n<div class=\"wp-block-column is-vertically-aligned-center is-layout-flow wp-block-column-is-layout-flow\">\n<div class=\"wp-block-group is-vertical is-content-justification-center is-layout-flex wp-container-core-group-is-layout-73a99bce wp-block-group-is-layout-flex\">\n<h3 class=\"wp-block-heading has-text-align-center\">Kieferorthop\u00e4de<\/h3>\n\n\n\n<h1 class=\"wp-block-heading has-text-align-center\" style=\"text-transform:capitalize\">Ren\u00e9 Schmidt<\/h1>\n<\/div>\n\n\n\n<hr class=\"wp-block-separator has-alpha-channel-opacity\"\/>\n\n\n\n<div style=\"height:40px\" aria-hidden=\"true\" class=\"wp-block-spacer\"><\/div>\n\n\n\n<div class=\"wp-block-buttons is-content-justification-center is-layout-flex wp-container-core-buttons-is-layout-16018d1d wp-block-buttons-is-layout-flex\">\n<div class=\"wp-block-button\"><a class=\"wp-block-button__link wp-element-button\" href=\"https:\/\/bimlerundschmidt.de\/ja\/ueber-uns\/team\/\">zur\u00fcck zum Team<\/a><\/div>\n<\/div>\n\n\n\n<div style=\"height:10px\" aria-hidden=\"true\" class=\"wp-block-spacer\"><\/div>\n<\/div>\n<\/div>\n\n\n\n<div class=\"wp-block-columns is-layout-flex wp-container-core-columns-is-layout-9d6595d7 wp-block-columns-is-layout-flex\">\n<div class=\"wp-block-column is-layout-flow wp-block-column-is-layout-flow\">\n<div class=\"wp-block-group\"><div class=\"wp-block-group__inner-container is-layout-constrained wp-block-group-is-layout-constrained\">\n<h3 class=\"wp-block-heading\">VITA<\/h3>\n\n\n\n<p><strong style=\"font-weight: 600;\">1991<\/strong><br>Studium der Zahnheilkunde an der Heinrich- Heine- Universit\u00e4t D\u00fcsseldorf<\/p>\n\n\n\n<p><strong style=\"font-size: 14px;\">1998<br><\/strong>Staatsexamen Zahnmedizin Heinrich- Heine- Universit\u00e4t D\u00fcsseldorf<br>Zusatzqualifikation: IT-Netzwerk-Administration im SMB-Bereich f\u00fcr<br>Microsoft\/Mac Server und Workstation-Plattformen<\/p>\n\n\n\n<p><strong>1999 bis 2001<\/strong><br>selbst\u00e4ndige zahn\u00e4rztliche T\u00e4tigkeit in Norwich, England, UK<\/p>\n\n\n\n<p><strong>2001 bis 2004<\/strong><br>selbst\u00e4ndige zahn\u00e4rztliche T\u00e4tigkeit in&nbsp;Brighton, England, UK<\/p>\n\n\n\n<p><strong>2003 bis heute<\/strong><br>Selbst\u00e4ndigkeit im Bereich IT-Consulting und SMB-Netzwerkadministration<\/p>\n\n\n\n<p><strong>2004 bis 2006<\/strong><br>selbst\u00e4ndige zahn\u00e4rztliche T\u00e4tigkeit in&nbsp;Camborne, Cornwall, UK<\/p>\n\n\n\n<p><strong>2010 bis 2012<\/strong><br>Weiterbildungs-Assistent bei Dr. Maximilian Bimler in D\u00fcsseldorf<\/p>\n\n\n\n<p><strong>2010 bis heute<\/strong><br>Zertifizierung f\u00fcr Incognito Lingualtechnik<\/p>\n\n\n\n<p><strong>2013 bis 2014<\/strong><br>Klinikjahr am King\u2019s College London bei den Professoren Fraser McDonald, Dirk Bister und in Norwich bei Dr. Tewson<\/p>\n\n\n\n<p><strong>2014 bis heute<\/strong><br>Gr\u00fcndung Gemeinschaftspraxis Bimler &amp; Schmidt Kieferorthop\u00e4den<\/p>\n\n\n\n<p><strong>2017 bis heute<\/strong><br>Zertifizierung f\u00fcr DW WIN Lingualsystems<\/p>\n\n\n\n<p><strong>2010 bis heute<\/strong><br>Mitglied in zahlreichen wissenschaftlichen Gesellschaften, u. A. DGLO, DGKFO, AAO, WFO und Teilnahme an zahllosen Weiterbildungsseminaren,<br>Messen, Kongressen etc. im Bereich Kieferorthop\u00e4die<\/p>\n<\/div><\/div>\n<\/div>\n\n\n\n<div class=\"wp-block-column is-layout-flow wp-block-column-is-layout-flow\">\n<div class=\"wp-block-group\"><div class=\"wp-block-group__inner-container is-layout-constrained wp-block-group-is-layout-constrained\">\n<p>Ren\u00e9 Schmidt ist Kieferorthop\u00e4de in D\u00fcsseldorf-Oberkassel und bekannt f\u00fcr seinen professionellen Perfektionismus mit Rundum-Service zum Wohle des Patienten. Der eine nennt es Detailverliebtheit, Zahnarzt und Kieferorthop\u00e4de Ren\u00e9 Schmidt beschreibt es lieber als \u201eprofessionellen Perfektionismus mit Rundum-Service zum Wohle des Patienten\u201c. Fakt ist: Bei Bimler &amp; Schmidt werden sehr gerne ganz normale kieferorthop\u00e4dische Patienten behandelt. Wenn aber eine kieferorthop\u00e4dische Therapie das gew\u00fcnschte Ergebnis zu 90 Prozent erreicht hat, haben Bimler &amp; Schmidt den Anspruch, auch die restlichen zehn Prozent herauszuholen. \u201eViele Patienten kommen zu uns, nachdem sie bereits eine oder zwei Behandlungen hinter sich haben und von uns eine weitere Optimierung erwarten. Dieser Anspruch ist hoch, aber den stellen wir schlie\u00dflich auch an unsere Arbeit\u201c, sagt Kieferorthop\u00e4de Ren\u00e9 Schmidt.<\/p>\n\n\n\n<p>Der 1970 geborene D\u00fcsseldorfer, der wie sein Partner Dr. Maximilian Bimler ein gro\u00dfer Anh\u00e4nger des Wassersports ist, nennt ein paar Dinge, die in ihrer Praxis anders sind: Weil vier Augen mehr als zwei sehen, erstellen Dr. Maximilian Bimler und Ren\u00e9 Schmidt jeden Behandlungsplan gemeinsam. Wesentlicher Vorteil f\u00fcr den Patienten: Jeder Arzt kann jeden Patienten jederzeit betreuen. Das bringt Effizienz, spart Zeit und Kosten und optimiert zugleich die Behandlung, denn: \u201eIm Team sind wir noch ein ganzes St\u00fcck st\u00e4rker als mit der Summe unserer Einzelkompetenzen\u201c, erkl\u00e4rt Ren\u00e9 Schmidt.<\/p>\n\n\n\n<p>Zudem legt er gro\u00dfen Wert auf ein gutes, vertrauensvolles und faires Verh\u00e4ltnis zum Patienten: \u201eErwachsene und Eltern beraten wir sehr intensiv nicht nur medizinisch, sondern auch in rechtlichen, versicherungstechnischen und finanziellen Fragen. Beispielsweise bieten wir Ratenzahlung an und wir machen jeden Posten auf unseren Rechnungen absolut transparent. Und was Kinder angeht: Wir haben selbst welche, und deswegen f\u00e4llt es uns besonders leicht, mit Ihnen mit Spa\u00df und Vorsicht auf Augenh\u00f6he umzugehen.\u201c<\/p>\n<\/div><\/div>\n<\/div>\n<\/div>","protected":false},"excerpt":{"rendered":"<p>Kieferorthop\u00e4de Ren\u00e9 Schmidt VITA 1991Studium der Zahnheilkunde an der Heinrich- Heine- Universit\u00e4t D\u00fcsseldorf 1998Staatsexamen Zahnmedizin Heinrich- Heine- Universit\u00e4t D\u00fcsseldorfZusatzqualifikation: IT-Netzwerk-Administration im SMB-Bereich f\u00fcrMicrosoft\/Mac Server und Workstation-Plattformen 1999 bis 2001selbst\u00e4ndige zahn\u00e4rztliche T\u00e4tigkeit in Norwich, England, UK 2001 bis 2004selbst\u00e4ndige zahn\u00e4rztliche T\u00e4tigkeit in&nbsp;Brighton, England, UK 2003 bis heuteSelbst\u00e4ndigkeit im Bereich IT-Consulting und SMB-Netzwerkadministration 2004 bis 2006selbst\u00e4ndige zahn\u00e4rztliche T\u00e4tigkeit in&nbsp;Camborne, Cornwall, UK 2010 bis 2012Weiterbildungs-Assistent bei Dr. Maximilian Bimler in D\u00fcsseldorf 2010 bis heuteZertifizierung f\u00fcr Incognito Lingualtechnik 2013 bis 2014Klinikjahr am King\u2019s College London bei den Professoren Fraser McDonald, Dirk Bister und in Norwich bei Dr. Tewson 2014 bis heuteGr\u00fcndung Gemeinschaftspraxis Bimler &amp; Schmidt Kieferorthop\u00e4den 2017 bis heuteZertifizierung f\u00fcr DW WIN Lingualsystems 2010 [&hellip;]<\/p>\n","protected":false},"author":2,"featured_media":0,"parent":176,"menu_order":0,"comment_status":"closed","ping_status":"open","template":"","meta":{"ocean_post_layout":"","ocean_both_sidebars_style":"","ocean_both_sidebars_content_width":0,"ocean_both_sidebars_sidebars_width":0,"ocean_sidebar":"0","ocean_second_sidebar":"0","ocean_disable_margins":"enable","ocean_add_body_class":"","ocean_shortcode_before_top_bar":"","ocean_shortcode_after_top_bar":"","ocean_shortcode_before_header":"","ocean_shortcode_after_header":"","ocean_has_shortcode":"","ocean_shortcode_after_title":"","ocean_shortcode_before_footer_widgets":"","ocean_shortcode_after_footer_widgets":"","ocean_shortcode_before_footer_bottom":"","ocean_shortcode_after_footer_bottom":"","ocean_display_top_bar":"default","ocean_display_header":"default","ocean_header_style":"","ocean_center_header_left_menu":"0","ocean_custom_header_template":"0","ocean_custom_logo":0,"ocean_custom_retina_logo":0,"ocean_custom_logo_max_width":0,"ocean_custom_logo_tablet_max_width":0,"ocean_custom_logo_mobile_max_width":0,"ocean_custom_logo_max_height":0,"ocean_custom_logo_tablet_max_height":0,"ocean_custom_logo_mobile_max_height":0,"ocean_header_custom_menu":"0","ocean_menu_typo_font_family":"0","ocean_menu_typo_font_subset":"","ocean_menu_typo_font_size":0,"ocean_menu_typo_font_size_tablet":0,"ocean_menu_typo_font_size_mobile":0,"ocean_menu_typo_font_size_unit":"px","ocean_menu_typo_font_weight":"","ocean_menu_typo_font_weight_tablet":"","ocean_menu_typo_font_weight_mobile":"","ocean_menu_typo_transform":"","ocean_menu_typo_transform_tablet":"","ocean_menu_typo_transform_mobile":"","ocean_menu_typo_line_height":0,"ocean_menu_typo_line_height_tablet":0,"ocean_menu_typo_line_height_mobile":0,"ocean_menu_typo_line_height_unit":"","ocean_menu_typo_spacing":0,"ocean_menu_typo_spacing_tablet":0,"ocean_menu_typo_spacing_mobile":0,"ocean_menu_typo_spacing_unit":"","ocean_menu_link_color":"","ocean_menu_link_color_hover":"","ocean_menu_link_color_active":"","ocean_menu_link_background":"","ocean_menu_link_hover_background":"","ocean_menu_link_active_background":"","ocean_menu_social_links_bg":"","ocean_menu_social_hover_links_bg":"","ocean_menu_social_links_color":"","ocean_menu_social_hover_links_color":"","ocean_disable_title":"on","ocean_disable_heading":"default","ocean_post_title":"","ocean_post_subheading":"","ocean_post_title_style":"","ocean_post_title_background_color":"","ocean_post_title_background":0,"ocean_post_title_bg_image_position":"","ocean_post_title_bg_image_attachment":"","ocean_post_title_bg_image_repeat":"","ocean_post_title_bg_image_size":"","ocean_post_title_height":0,"ocean_post_title_bg_overlay":0.5,"ocean_post_title_bg_overlay_color":"","ocean_disable_breadcrumbs":"default","ocean_breadcrumbs_color":"","ocean_breadcrumbs_separator_color":"","ocean_breadcrumbs_links_color":"","ocean_breadcrumbs_links_hover_color":"","ocean_display_footer_widgets":"default","ocean_display_footer_bottom":"default","ocean_custom_footer_template":"0","footnotes":""},"class_list":["post-395","page","type-page","status-publish","hentry","entry"],"yoast_head":"<!-- This site is optimized with the Yoast SEO plugin v27.4 - https:\/\/yoast.com\/product\/yoast-seo-wordpress\/ -->\n<title>Ren\u00e9 Schmidt | Kieferorthop\u00e4de D\u00fcsseldorf | Bimler &amp; Schmidt<\/title>\n<meta name=\"description\" content=\"Ren\u00e9 Schmidt, Kieferorthop\u00e4de D\u00fcsseldorf. Spezialist f\u00fcr Lingualtechnik &amp; Invisalign. Perfektionist mit Herz. Termin: 0211 559 1000.\" \/>\n<meta name=\"robots\" content=\"index, follow, max-snippet:-1, max-image-preview:large, max-video-preview:-1\" \/>\n<link rel=\"canonical\" href=\"https:\/\/bimlerundschmidt.de\/ja\/ueber-uns\/team\/rene-schmidt\/\" \/>\n<meta property=\"og:locale\" content=\"ja_JP\" \/>\n<meta property=\"og:type\" content=\"article\" \/>\n<meta property=\"og:title\" content=\"Ren\u00e9 Schmidt | Kieferorthop\u00e4de D\u00fcsseldorf | Bimler &amp; Schmidt\" \/>\n<meta property=\"og:description\" content=\"Ren\u00e9 Schmidt, Kieferorthop\u00e4de D\u00fcsseldorf. Spezialist f\u00fcr Lingualtechnik &amp; Invisalign. Perfektionist mit Herz. Termin: 0211 559 1000.\" \/>\n<meta property=\"og:url\" content=\"https:\/\/bimlerundschmidt.de\/ja\/ueber-uns\/team\/rene-schmidt\/\" \/>\n<meta property=\"og:site_name\" content=\"BIMLER &amp; SCHMIDT Kieferorthop\u00e4den\" \/>\n<meta property=\"article:publisher\" content=\"https:\/\/de-de.facebook.com\/bimlerundschmidt.de\/\" \/>\n<meta property=\"article:modified_time\" content=\"2026-03-20T17:45:38+00:00\" \/>\n<meta property=\"og:image\" content=\"https:\/\/bimlerundschmidt.de\/wp-content\/uploads\/2019\/06\/Rene-Schmidt-Team.jpg\" \/>\n<meta name=\"twitter:card\" content=\"summary_large_image\" \/>\n<meta name=\"twitter:label1\" content=\"\u63a8\u5b9a\u8aad\u307f\u53d6\u308a\u6642\u9593\" \/>\n\t<meta name=\"twitter:data1\" content=\"3\u5206\" \/>\n<script type=\"application\/ld+json\" class=\"yoast-schema-graph\">{\"@context\":\"https:\\\/\\\/schema.org\",\"@graph\":[{\"@type\":\"WebPage\",\"@id\":\"https:\\\/\\\/bimlerundschmidt.de\\\/ueber-uns\\\/team\\\/rene-schmidt\\\/\",\"url\":\"https:\\\/\\\/bimlerundschmidt.de\\\/ueber-uns\\\/team\\\/rene-schmidt\\\/\",\"name\":\"Ren\u00e9 Schmidt | Kieferorthop\u00e4de D\u00fcsseldorf | Bimler & Schmidt\",\"isPartOf\":{\"@id\":\"https:\\\/\\\/bimlerundschmidt.de\\\/#website\"},\"primaryImageOfPage\":{\"@id\":\"https:\\\/\\\/bimlerundschmidt.de\\\/ueber-uns\\\/team\\\/rene-schmidt\\\/#primaryimage\"},\"image\":{\"@id\":\"https:\\\/\\\/bimlerundschmidt.de\\\/ueber-uns\\\/team\\\/rene-schmidt\\\/#primaryimage\"},\"thumbnailUrl\":\"https:\\\/\\\/bimlerundschmidt.de\\\/wp-content\\\/uploads\\\/2019\\\/06\\\/Rene-Schmidt-Team.jpg\",\"datePublished\":\"2019-06-23T22:21:28+00:00\",\"dateModified\":\"2026-03-20T17:45:38+00:00\",\"description\":\"Ren\u00e9 Schmidt, Kieferorthop\u00e4de D\u00fcsseldorf. Spezialist f\u00fcr Lingualtechnik & Invisalign. Perfektionist mit Herz. Termin: 0211 559 1000.\",\"breadcrumb\":{\"@id\":\"https:\\\/\\\/bimlerundschmidt.de\\\/ueber-uns\\\/team\\\/rene-schmidt\\\/#breadcrumb\"},\"inLanguage\":\"ja\",\"potentialAction\":[{\"@type\":\"ReadAction\",\"target\":[\"https:\\\/\\\/bimlerundschmidt.de\\\/ueber-uns\\\/team\\\/rene-schmidt\\\/\"]}]},{\"@type\":\"ImageObject\",\"inLanguage\":\"ja\",\"@id\":\"https:\\\/\\\/bimlerundschmidt.de\\\/ueber-uns\\\/team\\\/rene-schmidt\\\/#primaryimage\",\"url\":\"https:\\\/\\\/bimlerundschmidt.de\\\/wp-content\\\/uploads\\\/2019\\\/06\\\/Rene-Schmidt-Team.jpg\",\"contentUrl\":\"https:\\\/\\\/bimlerundschmidt.de\\\/wp-content\\\/uploads\\\/2019\\\/06\\\/Rene-Schmidt-Team.jpg\"},{\"@type\":\"BreadcrumbList\",\"@id\":\"https:\\\/\\\/bimlerundschmidt.de\\\/ueber-uns\\\/team\\\/rene-schmidt\\\/#breadcrumb\",\"itemListElement\":[{\"@type\":\"ListItem\",\"position\":1,\"name\":\"Startseite\",\"item\":\"https:\\\/\\\/bimlerundschmidt.de\\\/\"},{\"@type\":\"ListItem\",\"position\":2,\"name\":\"\u00fcber uns\",\"item\":\"https:\\\/\\\/bimlerundschmidt.de\\\/ueber-uns\\\/\"},{\"@type\":\"ListItem\",\"position\":3,\"name\":\"Team\",\"item\":\"https:\\\/\\\/bimlerundschmidt.de\\\/ueber-uns\\\/team\\\/\"},{\"@type\":\"ListItem\",\"position\":4,\"name\":\"Rene Schmidt\"}]},{\"@type\":\"WebSite\",\"@id\":\"https:\\\/\\\/bimlerundschmidt.de\\\/#website\",\"url\":\"https:\\\/\\\/bimlerundschmidt.de\\\/\",\"name\":\"Bimler & Schmidt Kieferorthop\u00e4den\",\"description\":\"Kieferorthop\u00e4den Kieferorthop\u00e4de D\u00fcsseldorf\",\"publisher\":{\"@id\":\"https:\\\/\\\/bimlerundschmidt.de\\\/#organization\"},\"potentialAction\":[{\"@type\":\"SearchAction\",\"target\":{\"@type\":\"EntryPoint\",\"urlTemplate\":\"https:\\\/\\\/bimlerundschmidt.de\\\/?s={search_term_string}\"},\"query-input\":{\"@type\":\"PropertyValueSpecification\",\"valueRequired\":true,\"valueName\":\"search_term_string\"}}],\"inLanguage\":\"ja\"},{\"@type\":\"Organization\",\"@id\":\"https:\\\/\\\/bimlerundschmidt.de\\\/#organization\",\"name\":\"Bimler & Schmidt - Kieferorthop\u00e4den\",\"url\":\"https:\\\/\\\/bimlerundschmidt.de\\\/\",\"logo\":{\"@type\":\"ImageObject\",\"inLanguage\":\"ja\",\"@id\":\"https:\\\/\\\/bimlerundschmidt.de\\\/#\\\/schema\\\/logo\\\/image\\\/\",\"url\":\"https:\\\/\\\/bimlerundschmidt.de\\\/wp-content\\\/uploads\\\/2026\\\/02\\\/cropped-cropped-Zeichenflaeche-1-Kopie.png\",\"contentUrl\":\"https:\\\/\\\/bimlerundschmidt.de\\\/wp-content\\\/uploads\\\/2026\\\/02\\\/cropped-cropped-Zeichenflaeche-1-Kopie.png\",\"width\":685,\"height\":205,\"caption\":\"Bimler & Schmidt - Kieferorthop\u00e4den\"},\"image\":{\"@id\":\"https:\\\/\\\/bimlerundschmidt.de\\\/#\\\/schema\\\/logo\\\/image\\\/\"},\"sameAs\":[\"https:\\\/\\\/de-de.facebook.com\\\/bimlerundschmidt.de\\\/\",\"https:\\\/\\\/www.instagram.com\\\/bimlerundschmidt\\\/\"]}]}<\/script>\n<!-- \/ Yoast SEO plugin. -->","yoast_head_json":{"title":"Ren\u00e9 Schmidt | Kieferorthop\u00e4de D\u00fcsseldorf | Bimler & Schmidt","description":"Ren\u00e9 Schmidt, Kieferorthop\u00e4de D\u00fcsseldorf. Spezialist f\u00fcr Lingualtechnik & Invisalign. Perfektionist mit Herz. Termin: 0211 559 1000.","robots":{"index":"index","follow":"follow","max-snippet":"max-snippet:-1","max-image-preview":"max-image-preview:large","max-video-preview":"max-video-preview:-1"},"canonical":"https:\/\/bimlerundschmidt.de\/ja\/ueber-uns\/team\/rene-schmidt\/","og_locale":"ja_JP","og_type":"article","og_title":"Ren\u00e9 Schmidt | Kieferorthop\u00e4de D\u00fcsseldorf | Bimler & Schmidt","og_description":"Ren\u00e9 Schmidt, Kieferorthop\u00e4de D\u00fcsseldorf. Spezialist f\u00fcr Lingualtechnik & Invisalign. Perfektionist mit Herz. Termin: 0211 559 1000.","og_url":"https:\/\/bimlerundschmidt.de\/ja\/ueber-uns\/team\/rene-schmidt\/","og_site_name":"BIMLER &amp; SCHMIDT Kieferorthop\u00e4den","article_publisher":"https:\/\/de-de.facebook.com\/bimlerundschmidt.de\/","article_modified_time":"2026-03-20T17:45:38+00:00","og_image":[{"url":"https:\/\/bimlerundschmidt.de\/wp-content\/uploads\/2019\/06\/Rene-Schmidt-Team.jpg","type":"","width":"","height":""}],"twitter_card":"summary_large_image","twitter_misc":{"\u63a8\u5b9a\u8aad\u307f\u53d6\u308a\u6642\u9593":"3\u5206"},"schema":{"@context":"https:\/\/schema.org","@graph":[{"@type":"WebPage","@id":"https:\/\/bimlerundschmidt.de\/ueber-uns\/team\/rene-schmidt\/","url":"https:\/\/bimlerundschmidt.de\/ueber-uns\/team\/rene-schmidt\/","name":"Ren\u00e9 Schmidt | Kieferorthop\u00e4de D\u00fcsseldorf | Bimler & Schmidt","isPartOf":{"@id":"https:\/\/bimlerundschmidt.de\/#website"},"primaryImageOfPage":{"@id":"https:\/\/bimlerundschmidt.de\/ueber-uns\/team\/rene-schmidt\/#primaryimage"},"image":{"@id":"https:\/\/bimlerundschmidt.de\/ueber-uns\/team\/rene-schmidt\/#primaryimage"},"thumbnailUrl":"https:\/\/bimlerundschmidt.de\/wp-content\/uploads\/2019\/06\/Rene-Schmidt-Team.jpg","datePublished":"2019-06-23T22:21:28+00:00","dateModified":"2026-03-20T17:45:38+00:00","description":"Ren\u00e9 Schmidt, Kieferorthop\u00e4de D\u00fcsseldorf. Spezialist f\u00fcr Lingualtechnik & Invisalign. Perfektionist mit Herz. Termin: 0211 559 1000.","breadcrumb":{"@id":"https:\/\/bimlerundschmidt.de\/ueber-uns\/team\/rene-schmidt\/#breadcrumb"},"inLanguage":"ja","potentialAction":[{"@type":"ReadAction","target":["https:\/\/bimlerundschmidt.de\/ueber-uns\/team\/rene-schmidt\/"]}]},{"@type":"ImageObject","inLanguage":"ja","@id":"https:\/\/bimlerundschmidt.de\/ueber-uns\/team\/rene-schmidt\/#primaryimage","url":"https:\/\/bimlerundschmidt.de\/wp-content\/uploads\/2019\/06\/Rene-Schmidt-Team.jpg","contentUrl":"https:\/\/bimlerundschmidt.de\/wp-content\/uploads\/2019\/06\/Rene-Schmidt-Team.jpg"},{"@type":"BreadcrumbList","@id":"https:\/\/bimlerundschmidt.de\/ueber-uns\/team\/rene-schmidt\/#breadcrumb","itemListElement":[{"@type":"ListItem","position":1,"name":"Startseite","item":"https:\/\/bimlerundschmidt.de\/"},{"@type":"ListItem","position":2,"name":"\u00fcber uns","item":"https:\/\/bimlerundschmidt.de\/ueber-uns\/"},{"@type":"ListItem","position":3,"name":"Team","item":"https:\/\/bimlerundschmidt.de\/ueber-uns\/team\/"},{"@type":"ListItem","position":4,"name":"Rene Schmidt"}]},{"@type":"WebSite","@id":"https:\/\/bimlerundschmidt.de\/#website","url":"https:\/\/bimlerundschmidt.de\/","name":"Bimler & Schmidt Kieferorthop\u00e4den","description":"Kieferorthop\u00e4den Kieferorthop\u00e4de D\u00fcsseldorf","publisher":{"@id":"https:\/\/bimlerundschmidt.de\/#organization"},"potentialAction":[{"@type":"SearchAction","target":{"@type":"EntryPoint","urlTemplate":"https:\/\/bimlerundschmidt.de\/?s={search_term_string}"},"query-input":{"@type":"PropertyValueSpecification","valueRequired":true,"valueName":"search_term_string"}}],"inLanguage":"ja"},{"@type":"Organization","@id":"https:\/\/bimlerundschmidt.de\/#organization","name":"Bimler & Schmidt - Kieferorthop\u00e4den","url":"https:\/\/bimlerundschmidt.de\/","logo":{"@type":"ImageObject","inLanguage":"ja","@id":"https:\/\/bimlerundschmidt.de\/#\/schema\/logo\/image\/","url":"https:\/\/bimlerundschmidt.de\/wp-content\/uploads\/2026\/02\/cropped-cropped-Zeichenflaeche-1-Kopie.png","contentUrl":"https:\/\/bimlerundschmidt.de\/wp-content\/uploads\/2026\/02\/cropped-cropped-Zeichenflaeche-1-Kopie.png","width":685,"height":205,"caption":"Bimler & Schmidt - Kieferorthop\u00e4den"},"image":{"@id":"https:\/\/bimlerundschmidt.de\/#\/schema\/logo\/image\/"},"sameAs":["https:\/\/de-de.facebook.com\/bimlerundschmidt.de\/","https:\/\/www.instagram.com\/bimlerundschmidt\/"]}]}},"_links":{"self":[{"href":"https:\/\/bimlerundschmidt.de\/ja\/wp-json\/wp\/v2\/pages\/395","targetHints":{"allow":["GET"]}}],"collection":[{"href":"https:\/\/bimlerundschmidt.de\/ja\/wp-json\/wp\/v2\/pages"}],"about":[{"href":"https:\/\/bimlerundschmidt.de\/ja\/wp-json\/wp\/v2\/types\/page"}],"author":[{"embeddable":true,"href":"https:\/\/bimlerundschmidt.de\/ja\/wp-json\/wp\/v2\/users\/2"}],"replies":[{"embeddable":true,"href":"https:\/\/bimlerundschmidt.de\/ja\/wp-json\/wp\/v2\/comments?post=395"}],"version-history":[{"count":1,"href":"https:\/\/bimlerundschmidt.de\/ja\/wp-json\/wp\/v2\/pages\/395\/revisions"}],"predecessor-version":[{"id":3475,"href":"https:\/\/bimlerundschmidt.de\/ja\/wp-json\/wp\/v2\/pages\/395\/revisions\/3475"}],"up":[{"embeddable":true,"href":"https:\/\/bimlerundschmidt.de\/ja\/wp-json\/wp\/v2\/pages\/176"}],"wp:attachment":[{"href":"https:\/\/bimlerundschmidt.de\/ja\/wp-json\/wp\/v2\/media?parent=395"}],"curies":[{"name":"wp","href":"https:\/\/api.w.org\/{rel}","templated":true}]}}