{"id":409,"date":"2019-06-28T16:21:41","date_gmt":"2019-06-28T16:21:41","guid":{"rendered":"http:\/\/oberkassel.preisverlust.de\/?page_id=409"},"modified":"2026-03-15T16:54:10","modified_gmt":"2026-03-15T16:54:10","slug":"labor","status":"publish","type":"page","link":"https:\/\/bimlerundschmidt.de\/ja\/ueber-uns\/labor\/","title":{"rendered":"Labor"},"content":{"rendered":"<div class=\"wp-block-group alignfull has-background\" style=\"background-color:#a2bb0b\"><div class=\"wp-block-group__inner-container is-layout-constrained wp-block-group-is-layout-constrained\">\n<div style=\"height:20px\" aria-hidden=\"true\" class=\"wp-block-spacer\"><\/div>\n\n\n\n<h1 class=\"wp-block-heading has-text-align-center\">PR\u00c4ZISIONSARBEIT VOM PROFI<\/h1>\n\n\n\n<h3 class=\"wp-block-heading has-text-align-center\">Wir fertigen im praxiseigenen Labor<\/h3>\n\n\n\n<hr class=\"wp-block-separator has-alpha-channel-opacity\"\/>\n\n\n\n<div style=\"height:20px\" aria-hidden=\"true\" class=\"wp-block-spacer\"><\/div>\n<\/div><\/div>\n\n\n\n<div style=\"height:10px\" aria-hidden=\"true\" class=\"wp-block-spacer\"><\/div>\n\n\n\n<p class=\"has-text-align-center\">\u6b6f\u5217\u77ef\u6b63\u306e\u6cbb\u7642\u306b\u306f \u6975\u5ea6\u306e\u7cbe\u5bc6\u3055\u304c\u8981\u6c42\u3055\u308c\u307e\u3059\u3002\n\u5f53\u9662\u3067\u306f \u5c02\u9580\u306e\u6280\u5de5\u6240\u304c\u9662\u5185\u306b\u8a2d\u7f6e\u3055\u308c\u3066\u304a\u308a \u6cbb\u7642\u306b\u5fc5\u8981\u306a\u5668\u5177\u306e90%\u306f\u305d\u3053\u3067\u4f5c\u6210\u3055\u308c \u5c02\u9580\u306e\u6280\u5de5\u58eb\u306f\u6cbb\u7642\u306e\u6700\u521d\u304b\u3089\u6700\u5f8c\u307e\u3067 \u60a3\u8005\u69d8\u306e\u6cbb\u7642\u306b\u53c2\u753b\u3057\u307e\u3059\u3002\n\u3053\u308c\u306b\u3088\u308a \u5668\u5177\u3092\u5916\u6ce8\u3059\u308b\u3088\u308a\u3082\u30b3\u30b9\u30c8\u304c\u6291\u3048\u3089\u308c \u533b\u5e2b\u3068\u6280\u5de5\u58eb\u306e\u9023\u643a\u304c\u5bc6\u306b\u884c\u308f\u308c\u308b\u70ba \u5fae\u5999\u306a\u4fee\u6b63\u3082\u305d\u306e\u5834\u3067\u53ef\u80fd\u3068\u306a\u308a \u6cbb\u7642\u306e\u7cbe\u5ea6\u3092\u9ad8\u3081\u308b\u3053\u3068\u304c\u3067\u304d\u307e\u3059\u3002\n\u3053\u308c\u306f\u5f53\u9662\u3067\u306e\u6cbb\u7642\u306b\u304a\u3044\u3066 \u3068\u3066\u3082\u5927\u5207\u306a\u5f79\u5272\u3092\u679c\u305f\u3057\u3066\u3044\u307e\u3059\u3002<\/p>\n\n\n\n<p class=\"has-text-align-center\"><strong>UNSER PRAXISEIGENES LABOR<\/strong><\/p>\n\n\n\n<p class=\"has-text-align-center\">In unserem Kieferorthop\u00e4die Labor in D\u00fcsseldorf spielen handwerkliches K\u00f6nnen, Erfahrung und moderne Technologie perfekt zusammen. Hier werden rund 90 Prozent der Klammern, B\u00f6gen und Dr\u00e4hte f\u00fcr die Zahnspangen und -schienen selbst gefertigt. Einer der wesentlichen Vorteile f\u00fcr die Patienten: Der Zahntechniker im Labor ist von Anfang an jederzeit mit eingebunden. Sollte eine Zahnspange oder Schiene mal nicht perfekt passen, kann dies sofort vor Ort korrigiert werden \u2014 eine neue Terminvergabe ist nicht n\u00f6tig.<\/p>\n\n\n\n<p class=\"has-text-align-center\">Das bedeutet f\u00fcr Sie als Patient: k\u00fcrzere Wartezeiten, h\u00f6here Pr\u00e4zision und eine Behandlung aus einer Hand. Unser Labor ist ein Qualit\u00e4tsmerkmal, das uns von vielen anderen Kieferorthop\u00e4den in D\u00fcsseldorf unterscheidet.<\/p>\n\n\n\n<p class=\"has-text-align-center\">Bei einem pers\u00f6nlichen Beratungstermin informieren wir Sie ausf\u00fchrlich und individuell. Wir freuen uns auf Sie!<\/p>\n\n\n\n<h4 class=\"wp-block-heading has-text-align-center\">Know-how plus Erfahrung plus Technologie<\/h4>\n\n\n\n<h4 class=\"wp-block-heading has-text-align-center\">BESTE QUALIT\u00c4T HAUSGEMACHT<\/h4>\n\n\n\n<hr class=\"wp-block-separator has-alpha-channel-opacity\"\/>\n\n\n\n<figure class=\"wp-block-gallery has-nested-images columns-default is-cropped wp-block-gallery-1 is-layout-flex wp-block-gallery-is-layout-flex\">\n<figure class=\"wp-block-image size-large\"><img decoding=\"async\" width=\"1024\" height=\"682\" data-id=\"1374\" src=\"https:\/\/bimlerundschmidt.de\/wp-content\/uploads\/2019\/11\/O4A0676-web-1024x682.jpg\" alt=\"\" class=\"wp-image-1374\" srcset=\"https:\/\/bimlerundschmidt.de\/wp-content\/uploads\/2019\/11\/O4A0676-web-1024x682.jpg 1024w, https:\/\/bimlerundschmidt.de\/wp-content\/uploads\/2019\/11\/O4A0676-web-300x200.jpg 300w, https:\/\/bimlerundschmidt.de\/wp-content\/uploads\/2019\/11\/O4A0676-web-768x512.jpg 768w, https:\/\/bimlerundschmidt.de\/wp-content\/uploads\/2019\/11\/O4A0676-web-500x333.jpg 500w, https:\/\/bimlerundschmidt.de\/wp-content\/uploads\/2019\/11\/O4A0676-web-800x533.jpg 800w, https:\/\/bimlerundschmidt.de\/wp-content\/uploads\/2019\/11\/O4A0676-web-1280x853.jpg 1280w, https:\/\/bimlerundschmidt.de\/wp-content\/uploads\/2019\/11\/O4A0676-web-1920x1280.jpg 1920w, https:\/\/bimlerundschmidt.de\/wp-content\/uploads\/2019\/11\/O4A0676-web-1536x1024.jpg 1536w, https:\/\/bimlerundschmidt.de\/wp-content\/uploads\/2019\/11\/O4A0676-web.jpg 2000w\" sizes=\"(max-width: 1024px) 100vw, 1024px\" \/><\/figure>\n\n\n\n<figure class=\"wp-block-image size-large\"><img decoding=\"async\" width=\"1024\" height=\"682\" data-id=\"1373\" src=\"https:\/\/bimlerundschmidt.de\/wp-content\/uploads\/2019\/11\/O4A0646-web-1024x682.jpg\" alt=\"\" class=\"wp-image-1373\" srcset=\"https:\/\/bimlerundschmidt.de\/wp-content\/uploads\/2019\/11\/O4A0646-web-1024x682.jpg 1024w, https:\/\/bimlerundschmidt.de\/wp-content\/uploads\/2019\/11\/O4A0646-web-300x200.jpg 300w, https:\/\/bimlerundschmidt.de\/wp-content\/uploads\/2019\/11\/O4A0646-web-768x512.jpg 768w, https:\/\/bimlerundschmidt.de\/wp-content\/uploads\/2019\/11\/O4A0646-web-500x333.jpg 500w, https:\/\/bimlerundschmidt.de\/wp-content\/uploads\/2019\/11\/O4A0646-web-800x533.jpg 800w, https:\/\/bimlerundschmidt.de\/wp-content\/uploads\/2019\/11\/O4A0646-web-1280x853.jpg 1280w, https:\/\/bimlerundschmidt.de\/wp-content\/uploads\/2019\/11\/O4A0646-web-1920x1280.jpg 1920w, https:\/\/bimlerundschmidt.de\/wp-content\/uploads\/2019\/11\/O4A0646-web-1536x1024.jpg 1536w, https:\/\/bimlerundschmidt.de\/wp-content\/uploads\/2019\/11\/O4A0646-web.jpg 2000w\" sizes=\"(max-width: 1024px) 100vw, 1024px\" \/><\/figure>\n\n\n\n<figure class=\"wp-block-image size-full\"><img decoding=\"async\" width=\"878\" height=\"585\" data-id=\"432\" src=\"https:\/\/bimlerundschmidt.de\/wp-content\/uploads\/2019\/06\/181-BimlerSchmidt-Kieferorthopaeden.jpg\" alt=\"\" class=\"wp-image-432\" srcset=\"https:\/\/bimlerundschmidt.de\/wp-content\/uploads\/2019\/06\/181-BimlerSchmidt-Kieferorthopaeden.jpg 878w, https:\/\/bimlerundschmidt.de\/wp-content\/uploads\/2019\/06\/181-BimlerSchmidt-Kieferorthopaeden-300x200.jpg 300w, https:\/\/bimlerundschmidt.de\/wp-content\/uploads\/2019\/06\/181-BimlerSchmidt-Kieferorthopaeden-768x512.jpg 768w\" sizes=\"(max-width: 878px) 100vw, 878px\" \/><\/figure>\n<\/figure>\n\n\n\n<div style=\"height:60px\" aria-hidden=\"true\" class=\"wp-block-spacer\"><\/div>","protected":false},"excerpt":{"rendered":"<p>PR\u00c4ZISIONSARBEIT VOM PROFI Wir fertigen im praxiseigenen Labor Unser Kieferorthop\u00e4die Labor in D\u00fcsseldorf-Oberkassel \u2014 als eine der wenigen Praxen bietet Bimler &amp; Schmidt ein vollst\u00e4ndig praxiseigenes Labor direkt vor Ort. Zahnfehlstellungen und Kieferprobleme zu vermeiden, zu korrigieren oder zu beseitigen, ist Millimeterarbeit \u2013 vor allem dort, wo die entsprechenden Zahnspangen und Brackets individuell f\u00fcr jeden Patienten angefertigt, eingestellt und angepasst werden. UNSER PRAXISEIGENES LABOR In unserem Kieferorthop\u00e4die Labor in D\u00fcsseldorf spielen handwerkliches K\u00f6nnen, Erfahrung und moderne Technologie perfekt zusammen. Hier werden rund 90 Prozent der Klammern, B\u00f6gen und Dr\u00e4hte f\u00fcr die Zahnspangen und -schienen selbst gefertigt. Einer der wesentlichen Vorteile f\u00fcr die Patienten: Der Zahntechniker im Labor ist von Anfang [&hellip;]<\/p>\n","protected":false},"author":2,"featured_media":0,"parent":474,"menu_order":0,"comment_status":"closed","ping_status":"closed","template":"","meta":{"ocean_post_layout":"","ocean_both_sidebars_style":"","ocean_both_sidebars_content_width":0,"ocean_both_sidebars_sidebars_width":0,"ocean_sidebar":"0","ocean_second_sidebar":"0","ocean_disable_margins":"enable","ocean_add_body_class":"","ocean_shortcode_before_top_bar":"","ocean_shortcode_after_top_bar":"","ocean_shortcode_before_header":"","ocean_shortcode_after_header":"","ocean_has_shortcode":"","ocean_shortcode_after_title":"","ocean_shortcode_before_footer_widgets":"","ocean_shortcode_after_footer_widgets":"","ocean_shortcode_before_footer_bottom":"","ocean_shortcode_after_footer_bottom":"","ocean_display_top_bar":"default","ocean_display_header":"default","ocean_header_style":"","ocean_center_header_left_menu":"0","ocean_custom_header_template":"0","ocean_custom_logo":0,"ocean_custom_retina_logo":0,"ocean_custom_logo_max_width":0,"ocean_custom_logo_tablet_max_width":0,"ocean_custom_logo_mobile_max_width":0,"ocean_custom_logo_max_height":0,"ocean_custom_logo_tablet_max_height":0,"ocean_custom_logo_mobile_max_height":0,"ocean_header_custom_menu":"0","ocean_menu_typo_font_family":"0","ocean_menu_typo_font_subset":"","ocean_menu_typo_font_size":0,"ocean_menu_typo_font_size_tablet":0,"ocean_menu_typo_font_size_mobile":0,"ocean_menu_typo_font_size_unit":"px","ocean_menu_typo_font_weight":"","ocean_menu_typo_font_weight_tablet":"","ocean_menu_typo_font_weight_mobile":"","ocean_menu_typo_transform":"","ocean_menu_typo_transform_tablet":"","ocean_menu_typo_transform_mobile":"","ocean_menu_typo_line_height":0,"ocean_menu_typo_line_height_tablet":0,"ocean_menu_typo_line_height_mobile":0,"ocean_menu_typo_line_height_unit":"","ocean_menu_typo_spacing":0,"ocean_menu_typo_spacing_tablet":0,"ocean_menu_typo_spacing_mobile":0,"ocean_menu_typo_spacing_unit":"","ocean_menu_link_color":"","ocean_menu_link_color_hover":"","ocean_menu_link_color_active":"","ocean_menu_link_background":"","ocean_menu_link_hover_background":"","ocean_menu_link_active_background":"","ocean_menu_social_links_bg":"","ocean_menu_social_hover_links_bg":"","ocean_menu_social_links_color":"","ocean_menu_social_hover_links_color":"","ocean_disable_title":"on","ocean_disable_heading":"default","ocean_post_title":"","ocean_post_subheading":"","ocean_post_title_style":"","ocean_post_title_background_color":"","ocean_post_title_background":0,"ocean_post_title_bg_image_position":"","ocean_post_title_bg_image_attachment":"","ocean_post_title_bg_image_repeat":"","ocean_post_title_bg_image_size":"","ocean_post_title_height":0,"ocean_post_title_bg_overlay":0.5,"ocean_post_title_bg_overlay_color":"","ocean_disable_breadcrumbs":"default","ocean_breadcrumbs_color":"","ocean_breadcrumbs_separator_color":"","ocean_breadcrumbs_links_color":"","ocean_breadcrumbs_links_hover_color":"","ocean_display_footer_widgets":"default","ocean_display_footer_bottom":"default","ocean_custom_footer_template":"0","footnotes":""},"class_list":["post-409","page","type-page","status-publish","hentry","entry"],"yoast_head":"<!-- This site is optimized with the Yoast SEO plugin v27.4 - https:\/\/yoast.com\/product\/yoast-seo-wordpress\/ -->\n<title>KFO Labor D\u00fcsseldorf | Bimler &amp; Schmidt<\/title>\n<meta name=\"description\" content=\"Eigenes KFO-Labor in D\u00fcsseldorf-Oberkassel. 90% der Zahnspangen selbst gefertigt. K\u00fcrzere Wartezeiten, mehr Pr\u00e4zision. Tel: 0211 559 1000.\" \/>\n<meta name=\"robots\" content=\"index, follow, max-snippet:-1, max-image-preview:large, max-video-preview:-1\" \/>\n<link rel=\"canonical\" href=\"https:\/\/bimlerundschmidt.de\/ja\/ueber-uns\/labor\/\" \/>\n<meta property=\"og:locale\" content=\"ja_JP\" \/>\n<meta property=\"og:type\" content=\"article\" \/>\n<meta property=\"og:title\" content=\"KFO Labor D\u00fcsseldorf | Bimler &amp; Schmidt\" \/>\n<meta property=\"og:description\" content=\"Eigenes KFO-Labor in D\u00fcsseldorf-Oberkassel. 90% der Zahnspangen selbst gefertigt. K\u00fcrzere Wartezeiten, mehr Pr\u00e4zision. Tel: 0211 559 1000.\" \/>\n<meta property=\"og:url\" content=\"https:\/\/bimlerundschmidt.de\/ja\/ueber-uns\/labor\/\" \/>\n<meta property=\"og:site_name\" content=\"BIMLER &amp; SCHMIDT Kieferorthop\u00e4den\" \/>\n<meta property=\"article:publisher\" content=\"https:\/\/de-de.facebook.com\/bimlerundschmidt.de\/\" \/>\n<meta property=\"article:modified_time\" content=\"2026-03-15T16:54:10+00:00\" \/>\n<meta property=\"og:image\" content=\"https:\/\/bimlerundschmidt.de\/wp-content\/uploads\/2019\/11\/O4A0676-web.jpg\" \/>\n\t<meta property=\"og:image:width\" content=\"2000\" \/>\n\t<meta property=\"og:image:height\" content=\"1333\" \/>\n\t<meta property=\"og:image:type\" content=\"image\/jpeg\" \/>\n<meta name=\"twitter:card\" content=\"summary_large_image\" \/>\n<meta name=\"twitter:label1\" content=\"\u63a8\u5b9a\u8aad\u307f\u53d6\u308a\u6642\u9593\" \/>\n\t<meta name=\"twitter:data1\" content=\"2\u5206\" \/>\n<script type=\"application\/ld+json\" class=\"yoast-schema-graph\">{\"@context\":\"https:\\\/\\\/schema.org\",\"@graph\":[{\"@type\":\"WebPage\",\"@id\":\"https:\\\/\\\/bimlerundschmidt.de\\\/ueber-uns\\\/labor\\\/\",\"url\":\"https:\\\/\\\/bimlerundschmidt.de\\\/ueber-uns\\\/labor\\\/\",\"name\":\"KFO Labor D\u00fcsseldorf | Bimler & Schmidt\",\"isPartOf\":{\"@id\":\"https:\\\/\\\/bimlerundschmidt.de\\\/#website\"},\"primaryImageOfPage\":{\"@id\":\"https:\\\/\\\/bimlerundschmidt.de\\\/ueber-uns\\\/labor\\\/#primaryimage\"},\"image\":{\"@id\":\"https:\\\/\\\/bimlerundschmidt.de\\\/ueber-uns\\\/labor\\\/#primaryimage\"},\"thumbnailUrl\":\"https:\\\/\\\/bimlerundschmidt.de\\\/wp-content\\\/uploads\\\/2019\\\/11\\\/O4A0676-web-1024x682.jpg\",\"datePublished\":\"2019-06-28T16:21:41+00:00\",\"dateModified\":\"2026-03-15T16:54:10+00:00\",\"description\":\"Eigenes KFO-Labor in D\u00fcsseldorf-Oberkassel. 90% der Zahnspangen selbst gefertigt. K\u00fcrzere Wartezeiten, mehr Pr\u00e4zision. Tel: 0211 559 1000.\",\"breadcrumb\":{\"@id\":\"https:\\\/\\\/bimlerundschmidt.de\\\/ueber-uns\\\/labor\\\/#breadcrumb\"},\"inLanguage\":\"ja\",\"potentialAction\":[{\"@type\":\"ReadAction\",\"target\":[\"https:\\\/\\\/bimlerundschmidt.de\\\/ueber-uns\\\/labor\\\/\"]}]},{\"@type\":\"ImageObject\",\"inLanguage\":\"ja\",\"@id\":\"https:\\\/\\\/bimlerundschmidt.de\\\/ueber-uns\\\/labor\\\/#primaryimage\",\"url\":\"https:\\\/\\\/bimlerundschmidt.de\\\/wp-content\\\/uploads\\\/2019\\\/11\\\/O4A0676-web-1024x682.jpg\",\"contentUrl\":\"https:\\\/\\\/bimlerundschmidt.de\\\/wp-content\\\/uploads\\\/2019\\\/11\\\/O4A0676-web-1024x682.jpg\"},{\"@type\":\"BreadcrumbList\",\"@id\":\"https:\\\/\\\/bimlerundschmidt.de\\\/ueber-uns\\\/labor\\\/#breadcrumb\",\"itemListElement\":[{\"@type\":\"ListItem\",\"position\":1,\"name\":\"Startseite\",\"item\":\"https:\\\/\\\/bimlerundschmidt.de\\\/\"},{\"@type\":\"ListItem\",\"position\":2,\"name\":\"\u00fcber uns\",\"item\":\"https:\\\/\\\/bimlerundschmidt.de\\\/ueber-uns\\\/\"},{\"@type\":\"ListItem\",\"position\":3,\"name\":\"Labor\"}]},{\"@type\":\"WebSite\",\"@id\":\"https:\\\/\\\/bimlerundschmidt.de\\\/#website\",\"url\":\"https:\\\/\\\/bimlerundschmidt.de\\\/\",\"name\":\"Bimler & Schmidt Kieferorthop\u00e4den\",\"description\":\"Kieferorthop\u00e4den Kieferorthop\u00e4de D\u00fcsseldorf\",\"publisher\":{\"@id\":\"https:\\\/\\\/bimlerundschmidt.de\\\/#organization\"},\"potentialAction\":[{\"@type\":\"SearchAction\",\"target\":{\"@type\":\"EntryPoint\",\"urlTemplate\":\"https:\\\/\\\/bimlerundschmidt.de\\\/?s={search_term_string}\"},\"query-input\":{\"@type\":\"PropertyValueSpecification\",\"valueRequired\":true,\"valueName\":\"search_term_string\"}}],\"inLanguage\":\"ja\"},{\"@type\":\"Organization\",\"@id\":\"https:\\\/\\\/bimlerundschmidt.de\\\/#organization\",\"name\":\"Bimler & Schmidt - Kieferorthop\u00e4den\",\"url\":\"https:\\\/\\\/bimlerundschmidt.de\\\/\",\"logo\":{\"@type\":\"ImageObject\",\"inLanguage\":\"ja\",\"@id\":\"https:\\\/\\\/bimlerundschmidt.de\\\/#\\\/schema\\\/logo\\\/image\\\/\",\"url\":\"https:\\\/\\\/bimlerundschmidt.de\\\/wp-content\\\/uploads\\\/2026\\\/02\\\/cropped-cropped-Zeichenflaeche-1-Kopie.png\",\"contentUrl\":\"https:\\\/\\\/bimlerundschmidt.de\\\/wp-content\\\/uploads\\\/2026\\\/02\\\/cropped-cropped-Zeichenflaeche-1-Kopie.png\",\"width\":685,\"height\":205,\"caption\":\"Bimler & Schmidt - Kieferorthop\u00e4den\"},\"image\":{\"@id\":\"https:\\\/\\\/bimlerundschmidt.de\\\/#\\\/schema\\\/logo\\\/image\\\/\"},\"sameAs\":[\"https:\\\/\\\/de-de.facebook.com\\\/bimlerundschmidt.de\\\/\",\"https:\\\/\\\/www.instagram.com\\\/bimlerundschmidt\\\/\"]}]}<\/script>\n<!-- \/ Yoast SEO plugin. -->","yoast_head_json":{"title":"KFO Labor D\u00fcsseldorf | Bimler & Schmidt","description":"Eigenes KFO-Labor in D\u00fcsseldorf-Oberkassel. 90% der Zahnspangen selbst gefertigt. K\u00fcrzere Wartezeiten, mehr Pr\u00e4zision. Tel: 0211 559 1000.","robots":{"index":"index","follow":"follow","max-snippet":"max-snippet:-1","max-image-preview":"max-image-preview:large","max-video-preview":"max-video-preview:-1"},"canonical":"https:\/\/bimlerundschmidt.de\/ja\/ueber-uns\/labor\/","og_locale":"ja_JP","og_type":"article","og_title":"KFO Labor D\u00fcsseldorf | Bimler & Schmidt","og_description":"Eigenes KFO-Labor in D\u00fcsseldorf-Oberkassel. 90% der Zahnspangen selbst gefertigt. K\u00fcrzere Wartezeiten, mehr Pr\u00e4zision. Tel: 0211 559 1000.","og_url":"https:\/\/bimlerundschmidt.de\/ja\/ueber-uns\/labor\/","og_site_name":"BIMLER &amp; SCHMIDT Kieferorthop\u00e4den","article_publisher":"https:\/\/de-de.facebook.com\/bimlerundschmidt.de\/","article_modified_time":"2026-03-15T16:54:10+00:00","og_image":[{"width":2000,"height":1333,"url":"https:\/\/bimlerundschmidt.de\/wp-content\/uploads\/2019\/11\/O4A0676-web.jpg","type":"image\/jpeg"}],"twitter_card":"summary_large_image","twitter_misc":{"\u63a8\u5b9a\u8aad\u307f\u53d6\u308a\u6642\u9593":"2\u5206"},"schema":{"@context":"https:\/\/schema.org","@graph":[{"@type":"WebPage","@id":"https:\/\/bimlerundschmidt.de\/ueber-uns\/labor\/","url":"https:\/\/bimlerundschmidt.de\/ueber-uns\/labor\/","name":"KFO Labor D\u00fcsseldorf | Bimler & Schmidt","isPartOf":{"@id":"https:\/\/bimlerundschmidt.de\/#website"},"primaryImageOfPage":{"@id":"https:\/\/bimlerundschmidt.de\/ueber-uns\/labor\/#primaryimage"},"image":{"@id":"https:\/\/bimlerundschmidt.de\/ueber-uns\/labor\/#primaryimage"},"thumbnailUrl":"https:\/\/bimlerundschmidt.de\/wp-content\/uploads\/2019\/11\/O4A0676-web-1024x682.jpg","datePublished":"2019-06-28T16:21:41+00:00","dateModified":"2026-03-15T16:54:10+00:00","description":"Eigenes KFO-Labor in D\u00fcsseldorf-Oberkassel. 90% der Zahnspangen selbst gefertigt. K\u00fcrzere Wartezeiten, mehr Pr\u00e4zision. Tel: 0211 559 1000.","breadcrumb":{"@id":"https:\/\/bimlerundschmidt.de\/ueber-uns\/labor\/#breadcrumb"},"inLanguage":"ja","potentialAction":[{"@type":"ReadAction","target":["https:\/\/bimlerundschmidt.de\/ueber-uns\/labor\/"]}]},{"@type":"ImageObject","inLanguage":"ja","@id":"https:\/\/bimlerundschmidt.de\/ueber-uns\/labor\/#primaryimage","url":"https:\/\/bimlerundschmidt.de\/wp-content\/uploads\/2019\/11\/O4A0676-web-1024x682.jpg","contentUrl":"https:\/\/bimlerundschmidt.de\/wp-content\/uploads\/2019\/11\/O4A0676-web-1024x682.jpg"},{"@type":"BreadcrumbList","@id":"https:\/\/bimlerundschmidt.de\/ueber-uns\/labor\/#breadcrumb","itemListElement":[{"@type":"ListItem","position":1,"name":"Startseite","item":"https:\/\/bimlerundschmidt.de\/"},{"@type":"ListItem","position":2,"name":"\u00fcber uns","item":"https:\/\/bimlerundschmidt.de\/ueber-uns\/"},{"@type":"ListItem","position":3,"name":"Labor"}]},{"@type":"WebSite","@id":"https:\/\/bimlerundschmidt.de\/#website","url":"https:\/\/bimlerundschmidt.de\/","name":"Bimler & Schmidt Kieferorthop\u00e4den","description":"Kieferorthop\u00e4den Kieferorthop\u00e4de D\u00fcsseldorf","publisher":{"@id":"https:\/\/bimlerundschmidt.de\/#organization"},"potentialAction":[{"@type":"SearchAction","target":{"@type":"EntryPoint","urlTemplate":"https:\/\/bimlerundschmidt.de\/?s={search_term_string}"},"query-input":{"@type":"PropertyValueSpecification","valueRequired":true,"valueName":"search_term_string"}}],"inLanguage":"ja"},{"@type":"Organization","@id":"https:\/\/bimlerundschmidt.de\/#organization","name":"Bimler & Schmidt - Kieferorthop\u00e4den","url":"https:\/\/bimlerundschmidt.de\/","logo":{"@type":"ImageObject","inLanguage":"ja","@id":"https:\/\/bimlerundschmidt.de\/#\/schema\/logo\/image\/","url":"https:\/\/bimlerundschmidt.de\/wp-content\/uploads\/2026\/02\/cropped-cropped-Zeichenflaeche-1-Kopie.png","contentUrl":"https:\/\/bimlerundschmidt.de\/wp-content\/uploads\/2026\/02\/cropped-cropped-Zeichenflaeche-1-Kopie.png","width":685,"height":205,"caption":"Bimler & Schmidt - Kieferorthop\u00e4den"},"image":{"@id":"https:\/\/bimlerundschmidt.de\/#\/schema\/logo\/image\/"},"sameAs":["https:\/\/de-de.facebook.com\/bimlerundschmidt.de\/","https:\/\/www.instagram.com\/bimlerundschmidt\/"]}]}},"_links":{"self":[{"href":"https:\/\/bimlerundschmidt.de\/ja\/wp-json\/wp\/v2\/pages\/409","targetHints":{"allow":["GET"]}}],"collection":[{"href":"https:\/\/bimlerundschmidt.de\/ja\/wp-json\/wp\/v2\/pages"}],"about":[{"href":"https:\/\/bimlerundschmidt.de\/ja\/wp-json\/wp\/v2\/types\/page"}],"author":[{"embeddable":true,"href":"https:\/\/bimlerundschmidt.de\/ja\/wp-json\/wp\/v2\/users\/2"}],"replies":[{"embeddable":true,"href":"https:\/\/bimlerundschmidt.de\/ja\/wp-json\/wp\/v2\/comments?post=409"}],"version-history":[{"count":0,"href":"https:\/\/bimlerundschmidt.de\/ja\/wp-json\/wp\/v2\/pages\/409\/revisions"}],"up":[{"embeddable":true,"href":"https:\/\/bimlerundschmidt.de\/ja\/wp-json\/wp\/v2\/pages\/474"}],"wp:attachment":[{"href":"https:\/\/bimlerundschmidt.de\/ja\/wp-json\/wp\/v2\/media?parent=409"}],"curies":[{"name":"wp","href":"https:\/\/api.w.org\/{rel}","templated":true}]}}