{"id":442,"date":"2019-06-28T17:00:16","date_gmt":"2019-06-28T17:00:16","guid":{"rendered":"http:\/\/oberkassel.preisverlust.de\/?page_id=442"},"modified":"2026-03-15T11:50:41","modified_gmt":"2026-03-15T11:50:41","slug":"engagement","status":"publish","type":"page","link":"https:\/\/bimlerundschmidt.de\/ja\/ueber-uns\/engagement\/","title":{"rendered":"Engagement"},"content":{"rendered":"<div class=\"wp-block-group alignfull has-background\" style=\"background-color:#a2bb0b\"><div class=\"wp-block-group__inner-container is-layout-constrained wp-block-group-is-layout-constrained\">\n<div style=\"height:20px\" aria-hidden=\"true\" class=\"wp-block-spacer\"><\/div>\n\n\n\n<h1 class=\"wp-block-heading has-text-align-center\">UNSER ENGAGEMENT<\/h1>\n\n\n\n<h3 class=\"wp-block-heading has-text-align-center\">&#8230;z\u00e4hlt auch in SOS-Situationen!<\/h3>\n\n\n\n<hr class=\"wp-block-separator has-alpha-channel-opacity\"\/>\n\n\n\n<div style=\"height:20px\" aria-hidden=\"true\" class=\"wp-block-spacer\"><\/div>\n<\/div><\/div>\n\n\n\n<div style=\"height:10px\" aria-hidden=\"true\" class=\"wp-block-spacer\"><\/div>\n\n\n<div class=\"wp-block-image\">\n<figure class=\"aligncenter\"><img decoding=\"async\" src=\"https:\/\/bimlerundschmidt.de\/wp-content\/uploads\/2019\/06\/dieseenotretter_sammelschiffchen_logo-1024x369-300x108.png\" alt=\"\"\/><\/figure>\n<\/div>\n\n\n<p class=\"has-text-align-center\">.<\/p>\n\n\n\n<p class=\"has-text-align-center\">.<\/p>\n\n\n\n<p class=\"has-text-align-center\">.<\/p>\n\n\n\n<p class=\"has-text-align-center\">.<\/p>","protected":false},"excerpt":{"rendered":"<p>UNSER ENGAGEMENT &#8230;z\u00e4hlt auch in SOS-Situationen! Dr. Maximilian Bimler und Ren\u00e9 Schmidt sind nicht nur sehr erfahrene, kompetente und leidenschaftliche Kieferorthop\u00e4den, die immer auf der Suche nach den besten L\u00f6sungen f\u00fcr Ihre Patienten sind. Sie zeigen auch au\u00dferhalb der Praxis Engagement und unterst\u00fctzen seit Jahren \u201eDie Seenotretter\u201c, genauer genommen die Deutsche Gesellschaft zur Rettung Schiffbr\u00fcchiger. Die DGzRS ist einer der modernsten Seenotrettungsdienste der Welt, der sich ausschlie\u00dflich durch Spenden und freiwillige Zuwendungen finanziert. Mit einer Flotte von 60 Seenotkreuzern und Seenotrettungsbooten sind die Seenotretter auf Nord- und Ostsee bei jedem Wetter rund um die Uhr einsatzbereit. Nat\u00fcrlich kommt die Unterst\u00fctzung der Seenotrettung von Bimler &amp; Schmidt nicht von ungef\u00e4hr. Die [&hellip;]<\/p>\n","protected":false},"author":2,"featured_media":0,"parent":474,"menu_order":0,"comment_status":"closed","ping_status":"closed","template":"","meta":{"ocean_post_layout":"","ocean_both_sidebars_style":"","ocean_both_sidebars_content_width":0,"ocean_both_sidebars_sidebars_width":0,"ocean_sidebar":"0","ocean_second_sidebar":"0","ocean_disable_margins":"enable","ocean_add_body_class":"","ocean_shortcode_before_top_bar":"","ocean_shortcode_after_top_bar":"","ocean_shortcode_before_header":"","ocean_shortcode_after_header":"","ocean_has_shortcode":"","ocean_shortcode_after_title":"","ocean_shortcode_before_footer_widgets":"","ocean_shortcode_after_footer_widgets":"","ocean_shortcode_before_footer_bottom":"","ocean_shortcode_after_footer_bottom":"","ocean_display_top_bar":"default","ocean_display_header":"default","ocean_header_style":"","ocean_center_header_left_menu":"0","ocean_custom_header_template":"0","ocean_custom_logo":0,"ocean_custom_retina_logo":0,"ocean_custom_logo_max_width":0,"ocean_custom_logo_tablet_max_width":0,"ocean_custom_logo_mobile_max_width":0,"ocean_custom_logo_max_height":0,"ocean_custom_logo_tablet_max_height":0,"ocean_custom_logo_mobile_max_height":0,"ocean_header_custom_menu":"0","ocean_menu_typo_font_family":"0","ocean_menu_typo_font_subset":"","ocean_menu_typo_font_size":0,"ocean_menu_typo_font_size_tablet":0,"ocean_menu_typo_font_size_mobile":0,"ocean_menu_typo_font_size_unit":"px","ocean_menu_typo_font_weight":"","ocean_menu_typo_font_weight_tablet":"","ocean_menu_typo_font_weight_mobile":"","ocean_menu_typo_transform":"","ocean_menu_typo_transform_tablet":"","ocean_menu_typo_transform_mobile":"","ocean_menu_typo_line_height":0,"ocean_menu_typo_line_height_tablet":0,"ocean_menu_typo_line_height_mobile":0,"ocean_menu_typo_line_height_unit":"","ocean_menu_typo_spacing":0,"ocean_menu_typo_spacing_tablet":0,"ocean_menu_typo_spacing_mobile":0,"ocean_menu_typo_spacing_unit":"","ocean_menu_link_color":"","ocean_menu_link_color_hover":"","ocean_menu_link_color_active":"","ocean_menu_link_background":"","ocean_menu_link_hover_background":"","ocean_menu_link_active_background":"","ocean_menu_social_links_bg":"","ocean_menu_social_hover_links_bg":"","ocean_menu_social_links_color":"","ocean_menu_social_hover_links_color":"","ocean_disable_title":"on","ocean_disable_heading":"default","ocean_post_title":"","ocean_post_subheading":"","ocean_post_title_style":"","ocean_post_title_background_color":"","ocean_post_title_background":0,"ocean_post_title_bg_image_position":"","ocean_post_title_bg_image_attachment":"","ocean_post_title_bg_image_repeat":"","ocean_post_title_bg_image_size":"","ocean_post_title_height":0,"ocean_post_title_bg_overlay":0.5,"ocean_post_title_bg_overlay_color":"","ocean_disable_breadcrumbs":"default","ocean_breadcrumbs_color":"","ocean_breadcrumbs_separator_color":"","ocean_breadcrumbs_links_color":"","ocean_breadcrumbs_links_hover_color":"","ocean_display_footer_widgets":"default","ocean_display_footer_bottom":"default","ocean_custom_footer_template":"0","footnotes":""},"class_list":["post-442","page","type-page","status-publish","hentry","entry"],"yoast_head":"<!-- This site is optimized with the Yoast SEO plugin v27.4 - https:\/\/yoast.com\/product\/yoast-seo-wordpress\/ -->\n<title>Engagement | Bimler &amp; Schmidt Kieferorthop\u00e4den D\u00fcsseldorf<\/title>\n<meta name=\"description\" content=\"Dr. Bimler &amp; Schmidt engagieren sich f\u00fcr die DGzRS Seenotretter. Erfahren Sie mehr \u00fcber das soziale Engagement Ihrer Kieferorthop\u00e4den in D\u00fcsseldorf.\" \/>\n<meta name=\"robots\" content=\"index, follow, max-snippet:-1, max-image-preview:large, max-video-preview:-1\" \/>\n<link rel=\"canonical\" href=\"https:\/\/bimlerundschmidt.de\/ja\/ueber-uns\/engagement\/\" \/>\n<meta property=\"og:locale\" content=\"ja_JP\" \/>\n<meta property=\"og:type\" content=\"article\" \/>\n<meta property=\"og:title\" content=\"Engagement | Bimler &amp; Schmidt Kieferorthop\u00e4den D\u00fcsseldorf\" \/>\n<meta property=\"og:description\" content=\"Dr. Bimler &amp; Schmidt engagieren sich f\u00fcr die DGzRS Seenotretter. Erfahren Sie mehr \u00fcber das soziale Engagement Ihrer Kieferorthop\u00e4den in D\u00fcsseldorf.\" \/>\n<meta property=\"og:url\" content=\"https:\/\/bimlerundschmidt.de\/ja\/ueber-uns\/engagement\/\" \/>\n<meta property=\"og:site_name\" content=\"BIMLER &amp; SCHMIDT Kieferorthop\u00e4den\" \/>\n<meta property=\"article:publisher\" content=\"https:\/\/de-de.facebook.com\/bimlerundschmidt.de\/\" \/>\n<meta property=\"article:modified_time\" content=\"2026-03-15T11:50:41+00:00\" \/>\n<meta property=\"og:image\" content=\"https:\/\/bimlerundschmidt.de\/wp-content\/uploads\/2019\/06\/dieseenotretter_sammelschiffchen_logo-1024x369-300x108.png\" \/>\n<meta name=\"twitter:card\" content=\"summary_large_image\" \/>\n<meta name=\"twitter:label1\" content=\"\u63a8\u5b9a\u8aad\u307f\u53d6\u308a\u6642\u9593\" \/>\n\t<meta name=\"twitter:data1\" content=\"2\u5206\" \/>\n<script type=\"application\/ld+json\" class=\"yoast-schema-graph\">{\"@context\":\"https:\\\/\\\/schema.org\",\"@graph\":[{\"@type\":\"WebPage\",\"@id\":\"https:\\\/\\\/bimlerundschmidt.de\\\/ueber-uns\\\/engagement\\\/\",\"url\":\"https:\\\/\\\/bimlerundschmidt.de\\\/ueber-uns\\\/engagement\\\/\",\"name\":\"Engagement | Bimler & Schmidt Kieferorthop\u00e4den D\u00fcsseldorf\",\"isPartOf\":{\"@id\":\"https:\\\/\\\/bimlerundschmidt.de\\\/#website\"},\"primaryImageOfPage\":{\"@id\":\"https:\\\/\\\/bimlerundschmidt.de\\\/ueber-uns\\\/engagement\\\/#primaryimage\"},\"image\":{\"@id\":\"https:\\\/\\\/bimlerundschmidt.de\\\/ueber-uns\\\/engagement\\\/#primaryimage\"},\"thumbnailUrl\":\"https:\\\/\\\/bimlerundschmidt.de\\\/wp-content\\\/uploads\\\/2019\\\/06\\\/dieseenotretter_sammelschiffchen_logo-1024x369-300x108.png\",\"datePublished\":\"2019-06-28T17:00:16+00:00\",\"dateModified\":\"2026-03-15T11:50:41+00:00\",\"description\":\"Dr. Bimler & Schmidt engagieren sich f\u00fcr die DGzRS Seenotretter. Erfahren Sie mehr \u00fcber das soziale Engagement Ihrer Kieferorthop\u00e4den in D\u00fcsseldorf.\",\"breadcrumb\":{\"@id\":\"https:\\\/\\\/bimlerundschmidt.de\\\/ueber-uns\\\/engagement\\\/#breadcrumb\"},\"inLanguage\":\"ja\",\"potentialAction\":[{\"@type\":\"ReadAction\",\"target\":[\"https:\\\/\\\/bimlerundschmidt.de\\\/ueber-uns\\\/engagement\\\/\"]}]},{\"@type\":\"ImageObject\",\"inLanguage\":\"ja\",\"@id\":\"https:\\\/\\\/bimlerundschmidt.de\\\/ueber-uns\\\/engagement\\\/#primaryimage\",\"url\":\"https:\\\/\\\/bimlerundschmidt.de\\\/wp-content\\\/uploads\\\/2019\\\/06\\\/dieseenotretter_sammelschiffchen_logo-1024x369-300x108.png\",\"contentUrl\":\"https:\\\/\\\/bimlerundschmidt.de\\\/wp-content\\\/uploads\\\/2019\\\/06\\\/dieseenotretter_sammelschiffchen_logo-1024x369-300x108.png\"},{\"@type\":\"BreadcrumbList\",\"@id\":\"https:\\\/\\\/bimlerundschmidt.de\\\/ueber-uns\\\/engagement\\\/#breadcrumb\",\"itemListElement\":[{\"@type\":\"ListItem\",\"position\":1,\"name\":\"Startseite\",\"item\":\"https:\\\/\\\/bimlerundschmidt.de\\\/\"},{\"@type\":\"ListItem\",\"position\":2,\"name\":\"\u00fcber uns\",\"item\":\"https:\\\/\\\/bimlerundschmidt.de\\\/ueber-uns\\\/\"},{\"@type\":\"ListItem\",\"position\":3,\"name\":\"Engagement\"}]},{\"@type\":\"WebSite\",\"@id\":\"https:\\\/\\\/bimlerundschmidt.de\\\/#website\",\"url\":\"https:\\\/\\\/bimlerundschmidt.de\\\/\",\"name\":\"Bimler & Schmidt Kieferorthop\u00e4den\",\"description\":\"Kieferorthop\u00e4den Kieferorthop\u00e4de D\u00fcsseldorf\",\"publisher\":{\"@id\":\"https:\\\/\\\/bimlerundschmidt.de\\\/#organization\"},\"potentialAction\":[{\"@type\":\"SearchAction\",\"target\":{\"@type\":\"EntryPoint\",\"urlTemplate\":\"https:\\\/\\\/bimlerundschmidt.de\\\/?s={search_term_string}\"},\"query-input\":{\"@type\":\"PropertyValueSpecification\",\"valueRequired\":true,\"valueName\":\"search_term_string\"}}],\"inLanguage\":\"ja\"},{\"@type\":\"Organization\",\"@id\":\"https:\\\/\\\/bimlerundschmidt.de\\\/#organization\",\"name\":\"Bimler & Schmidt - Kieferorthop\u00e4den\",\"url\":\"https:\\\/\\\/bimlerundschmidt.de\\\/\",\"logo\":{\"@type\":\"ImageObject\",\"inLanguage\":\"ja\",\"@id\":\"https:\\\/\\\/bimlerundschmidt.de\\\/#\\\/schema\\\/logo\\\/image\\\/\",\"url\":\"https:\\\/\\\/bimlerundschmidt.de\\\/wp-content\\\/uploads\\\/2026\\\/02\\\/cropped-cropped-Zeichenflaeche-1-Kopie.png\",\"contentUrl\":\"https:\\\/\\\/bimlerundschmidt.de\\\/wp-content\\\/uploads\\\/2026\\\/02\\\/cropped-cropped-Zeichenflaeche-1-Kopie.png\",\"width\":685,\"height\":205,\"caption\":\"Bimler & Schmidt - Kieferorthop\u00e4den\"},\"image\":{\"@id\":\"https:\\\/\\\/bimlerundschmidt.de\\\/#\\\/schema\\\/logo\\\/image\\\/\"},\"sameAs\":[\"https:\\\/\\\/de-de.facebook.com\\\/bimlerundschmidt.de\\\/\",\"https:\\\/\\\/www.instagram.com\\\/bimlerundschmidt\\\/\"]}]}<\/script>\n<!-- \/ Yoast SEO plugin. -->","yoast_head_json":{"title":"Engagement | Bimler & Schmidt Kieferorthop\u00e4den D\u00fcsseldorf","description":"Dr. Bimler & Schmidt engagieren sich f\u00fcr die DGzRS Seenotretter. Erfahren Sie mehr \u00fcber das soziale Engagement Ihrer Kieferorthop\u00e4den in D\u00fcsseldorf.","robots":{"index":"index","follow":"follow","max-snippet":"max-snippet:-1","max-image-preview":"max-image-preview:large","max-video-preview":"max-video-preview:-1"},"canonical":"https:\/\/bimlerundschmidt.de\/ja\/ueber-uns\/engagement\/","og_locale":"ja_JP","og_type":"article","og_title":"Engagement | Bimler & Schmidt Kieferorthop\u00e4den D\u00fcsseldorf","og_description":"Dr. Bimler & Schmidt engagieren sich f\u00fcr die DGzRS Seenotretter. Erfahren Sie mehr \u00fcber das soziale Engagement Ihrer Kieferorthop\u00e4den in D\u00fcsseldorf.","og_url":"https:\/\/bimlerundschmidt.de\/ja\/ueber-uns\/engagement\/","og_site_name":"BIMLER &amp; SCHMIDT Kieferorthop\u00e4den","article_publisher":"https:\/\/de-de.facebook.com\/bimlerundschmidt.de\/","article_modified_time":"2026-03-15T11:50:41+00:00","og_image":[{"url":"https:\/\/bimlerundschmidt.de\/wp-content\/uploads\/2019\/06\/dieseenotretter_sammelschiffchen_logo-1024x369-300x108.png","type":"","width":"","height":""}],"twitter_card":"summary_large_image","twitter_misc":{"\u63a8\u5b9a\u8aad\u307f\u53d6\u308a\u6642\u9593":"2\u5206"},"schema":{"@context":"https:\/\/schema.org","@graph":[{"@type":"WebPage","@id":"https:\/\/bimlerundschmidt.de\/ueber-uns\/engagement\/","url":"https:\/\/bimlerundschmidt.de\/ueber-uns\/engagement\/","name":"Engagement | Bimler & Schmidt Kieferorthop\u00e4den D\u00fcsseldorf","isPartOf":{"@id":"https:\/\/bimlerundschmidt.de\/#website"},"primaryImageOfPage":{"@id":"https:\/\/bimlerundschmidt.de\/ueber-uns\/engagement\/#primaryimage"},"image":{"@id":"https:\/\/bimlerundschmidt.de\/ueber-uns\/engagement\/#primaryimage"},"thumbnailUrl":"https:\/\/bimlerundschmidt.de\/wp-content\/uploads\/2019\/06\/dieseenotretter_sammelschiffchen_logo-1024x369-300x108.png","datePublished":"2019-06-28T17:00:16+00:00","dateModified":"2026-03-15T11:50:41+00:00","description":"Dr. Bimler & Schmidt engagieren sich f\u00fcr die DGzRS Seenotretter. Erfahren Sie mehr \u00fcber das soziale Engagement Ihrer Kieferorthop\u00e4den in D\u00fcsseldorf.","breadcrumb":{"@id":"https:\/\/bimlerundschmidt.de\/ueber-uns\/engagement\/#breadcrumb"},"inLanguage":"ja","potentialAction":[{"@type":"ReadAction","target":["https:\/\/bimlerundschmidt.de\/ueber-uns\/engagement\/"]}]},{"@type":"ImageObject","inLanguage":"ja","@id":"https:\/\/bimlerundschmidt.de\/ueber-uns\/engagement\/#primaryimage","url":"https:\/\/bimlerundschmidt.de\/wp-content\/uploads\/2019\/06\/dieseenotretter_sammelschiffchen_logo-1024x369-300x108.png","contentUrl":"https:\/\/bimlerundschmidt.de\/wp-content\/uploads\/2019\/06\/dieseenotretter_sammelschiffchen_logo-1024x369-300x108.png"},{"@type":"BreadcrumbList","@id":"https:\/\/bimlerundschmidt.de\/ueber-uns\/engagement\/#breadcrumb","itemListElement":[{"@type":"ListItem","position":1,"name":"Startseite","item":"https:\/\/bimlerundschmidt.de\/"},{"@type":"ListItem","position":2,"name":"\u00fcber uns","item":"https:\/\/bimlerundschmidt.de\/ueber-uns\/"},{"@type":"ListItem","position":3,"name":"Engagement"}]},{"@type":"WebSite","@id":"https:\/\/bimlerundschmidt.de\/#website","url":"https:\/\/bimlerundschmidt.de\/","name":"Bimler & Schmidt Kieferorthop\u00e4den","description":"Kieferorthop\u00e4den Kieferorthop\u00e4de D\u00fcsseldorf","publisher":{"@id":"https:\/\/bimlerundschmidt.de\/#organization"},"potentialAction":[{"@type":"SearchAction","target":{"@type":"EntryPoint","urlTemplate":"https:\/\/bimlerundschmidt.de\/?s={search_term_string}"},"query-input":{"@type":"PropertyValueSpecification","valueRequired":true,"valueName":"search_term_string"}}],"inLanguage":"ja"},{"@type":"Organization","@id":"https:\/\/bimlerundschmidt.de\/#organization","name":"Bimler & Schmidt - Kieferorthop\u00e4den","url":"https:\/\/bimlerundschmidt.de\/","logo":{"@type":"ImageObject","inLanguage":"ja","@id":"https:\/\/bimlerundschmidt.de\/#\/schema\/logo\/image\/","url":"https:\/\/bimlerundschmidt.de\/wp-content\/uploads\/2026\/02\/cropped-cropped-Zeichenflaeche-1-Kopie.png","contentUrl":"https:\/\/bimlerundschmidt.de\/wp-content\/uploads\/2026\/02\/cropped-cropped-Zeichenflaeche-1-Kopie.png","width":685,"height":205,"caption":"Bimler & Schmidt - Kieferorthop\u00e4den"},"image":{"@id":"https:\/\/bimlerundschmidt.de\/#\/schema\/logo\/image\/"},"sameAs":["https:\/\/de-de.facebook.com\/bimlerundschmidt.de\/","https:\/\/www.instagram.com\/bimlerundschmidt\/"]}]}},"_links":{"self":[{"href":"https:\/\/bimlerundschmidt.de\/ja\/wp-json\/wp\/v2\/pages\/442","targetHints":{"allow":["GET"]}}],"collection":[{"href":"https:\/\/bimlerundschmidt.de\/ja\/wp-json\/wp\/v2\/pages"}],"about":[{"href":"https:\/\/bimlerundschmidt.de\/ja\/wp-json\/wp\/v2\/types\/page"}],"author":[{"embeddable":true,"href":"https:\/\/bimlerundschmidt.de\/ja\/wp-json\/wp\/v2\/users\/2"}],"replies":[{"embeddable":true,"href":"https:\/\/bimlerundschmidt.de\/ja\/wp-json\/wp\/v2\/comments?post=442"}],"version-history":[{"count":0,"href":"https:\/\/bimlerundschmidt.de\/ja\/wp-json\/wp\/v2\/pages\/442\/revisions"}],"up":[{"embeddable":true,"href":"https:\/\/bimlerundschmidt.de\/ja\/wp-json\/wp\/v2\/pages\/474"}],"wp:attachment":[{"href":"https:\/\/bimlerundschmidt.de\/ja\/wp-json\/wp\/v2\/media?parent=442"}],"curies":[{"name":"wp","href":"https:\/\/api.w.org\/{rel}","templated":true}]}}