{"id":462,"date":"2019-06-28T17:08:09","date_gmt":"2019-06-28T17:08:09","guid":{"rendered":"http:\/\/oberkassel.preisverlust.de\/?page_id=462"},"modified":"2026-03-15T11:53:51","modified_gmt":"2026-03-15T11:53:51","slug":"karriere","status":"publish","type":"page","link":"https:\/\/bimlerundschmidt.de\/ja\/ueber-uns\/karriere\/","title":{"rendered":"Karriere"},"content":{"rendered":"<div class=\"wp-block-group alignfull has-background\" style=\"background-color:#a2bb0b\"><div class=\"wp-block-group__inner-container is-layout-constrained wp-block-group-is-layout-constrained\">\n<div style=\"height:20px\" aria-hidden=\"true\" class=\"wp-block-spacer\"><\/div>\n\n\n\n<h1 class=\"wp-block-heading has-text-align-center\">KARRIERE BEGINNT MIT EINEM L\u00c4CHELN<\/h1>\n\n\n\n<h3 class=\"wp-block-heading has-text-align-center\">Top-Ausbildung bei Bimler &amp; Schmidt<\/h3>\n\n\n\n<hr class=\"wp-block-separator has-alpha-channel-opacity\"\/>\n\n\n\n<div style=\"height:20px\" aria-hidden=\"true\" class=\"wp-block-spacer\"><\/div>\n<\/div><\/div>\n\n\n\n<div style=\"height:10px\" aria-hidden=\"true\" class=\"wp-block-spacer\"><\/div>\n\n\n\n<p class=\"has-text-align-center\">Kieferorthop\u00e4die Jobs in D\u00fcsseldorf \u2014 bei Bimler &amp; Schmidt starten Sie Ihre Karriere in einer modernen und herzlichen Praxis. Sie sind von freundlicher, sympathischer und meist gut gelaunter Natur? Dazu wissbegierig, engagiert und ein echter Teamplayer? Dann \u201eticken&#8220; Sie ein bisschen wie wir \u2013 beste Voraussetzungen, um bei Bimler &amp; Schmidt vorstellig zu werden, wo Sie eine Top-Ausbildung genie\u00dfen und Ihre berufliche Karriere starten k\u00f6nnen.<\/p>\n\n\n\n<p class=\"has-text-align-center\"><strong>Ihre Ausbildung in unserer Kieferorthop\u00e4die Praxis in D\u00fcsseldorf<\/strong><\/p>\n\n\n\n<p>Wir bieten Ihnen ein motiviertes Team, modernste Technik und eine Arbeitsatmosph\u00e4re, in der Sie sich wohlf\u00fchlen und wachsen k\u00f6nnen. Unsere Praxis in D\u00fcsseldorf-Oberkassel ist bekannt f\u00fcr kurze Behandlungszeiten, hohe Qualit\u00e4t und einen herzlichen Umgang \u2014 mit Patienten und Mitarbeitern gleicherma\u00dfen. <\/p>\n\n\n\n<p style=\"text-align: center;\">Kieferorthop\u00e4die-Jobs in D\u00fcsseldorf gibt es viele \u2014 aber bei Bimler &amp; Schmidt finden Sie mehr als einen Job: Sie finden ein echtes Team.<\/p>\n\n\n\n<p class=\"has-text-align-center\">Sie m\u00f6chten Teil unseres Teams werden? Wir freuen uns auf Ihre Bewerbung! Schreiben Sie uns einfach an <a href=\"mailto:praxis@bimlerundschmidt.de\">praxis@bimlerundschmidt.de<\/a> oder rufen Sie uns an unter 0211 559 1000.<\/p>","protected":false},"excerpt":{"rendered":"<p>KARRIERE BEGINNT MIT EINEM L\u00c4CHELN Top-Ausbildung bei Bimler &amp; Schmidt Kieferorthop\u00e4die Jobs in D\u00fcsseldorf \u2014 bei Bimler &amp; Schmidt starten Sie Ihre Karriere in einer modernen und herzlichen Praxis. Sie sind von freundlicher, sympathischer und meist gut gelaunter Natur? Dazu wissbegierig, engagiert und ein echter Teamplayer? Dann \u201eticken&#8220; Sie ein bisschen wie wir \u2013 beste Voraussetzungen, um bei Bimler &amp; Schmidt vorstellig zu werden, wo Sie eine Top-Ausbildung genie\u00dfen und Ihre berufliche Karriere starten k\u00f6nnen. Ihre Ausbildung in unserer Kieferorthop\u00e4die Praxis in D\u00fcsseldorf Wir bieten Ihnen ein motiviertes Team, modernste Technik und eine Arbeitsatmosph\u00e4re, in der Sie sich wohlf\u00fchlen und wachsen k\u00f6nnen. Unsere Praxis in D\u00fcsseldorf-Oberkassel ist bekannt f\u00fcr kurze [&hellip;]<\/p>\n","protected":false},"author":2,"featured_media":0,"parent":474,"menu_order":0,"comment_status":"closed","ping_status":"closed","template":"","meta":{"ocean_post_layout":"","ocean_both_sidebars_style":"","ocean_both_sidebars_content_width":0,"ocean_both_sidebars_sidebars_width":0,"ocean_sidebar":"0","ocean_second_sidebar":"0","ocean_disable_margins":"enable","ocean_add_body_class":"","ocean_shortcode_before_top_bar":"","ocean_shortcode_after_top_bar":"","ocean_shortcode_before_header":"","ocean_shortcode_after_header":"","ocean_has_shortcode":"","ocean_shortcode_after_title":"","ocean_shortcode_before_footer_widgets":"","ocean_shortcode_after_footer_widgets":"","ocean_shortcode_before_footer_bottom":"","ocean_shortcode_after_footer_bottom":"","ocean_display_top_bar":"default","ocean_display_header":"default","ocean_header_style":"","ocean_center_header_left_menu":"0","ocean_custom_header_template":"0","ocean_custom_logo":0,"ocean_custom_retina_logo":0,"ocean_custom_logo_max_width":0,"ocean_custom_logo_tablet_max_width":0,"ocean_custom_logo_mobile_max_width":0,"ocean_custom_logo_max_height":0,"ocean_custom_logo_tablet_max_height":0,"ocean_custom_logo_mobile_max_height":0,"ocean_header_custom_menu":"0","ocean_menu_typo_font_family":"0","ocean_menu_typo_font_subset":"","ocean_menu_typo_font_size":0,"ocean_menu_typo_font_size_tablet":0,"ocean_menu_typo_font_size_mobile":0,"ocean_menu_typo_font_size_unit":"px","ocean_menu_typo_font_weight":"","ocean_menu_typo_font_weight_tablet":"","ocean_menu_typo_font_weight_mobile":"","ocean_menu_typo_transform":"","ocean_menu_typo_transform_tablet":"","ocean_menu_typo_transform_mobile":"","ocean_menu_typo_line_height":0,"ocean_menu_typo_line_height_tablet":0,"ocean_menu_typo_line_height_mobile":0,"ocean_menu_typo_line_height_unit":"","ocean_menu_typo_spacing":0,"ocean_menu_typo_spacing_tablet":0,"ocean_menu_typo_spacing_mobile":0,"ocean_menu_typo_spacing_unit":"","ocean_menu_link_color":"","ocean_menu_link_color_hover":"","ocean_menu_link_color_active":"","ocean_menu_link_background":"","ocean_menu_link_hover_background":"","ocean_menu_link_active_background":"","ocean_menu_social_links_bg":"","ocean_menu_social_hover_links_bg":"","ocean_menu_social_links_color":"","ocean_menu_social_hover_links_color":"","ocean_disable_title":"on","ocean_disable_heading":"default","ocean_post_title":"","ocean_post_subheading":"","ocean_post_title_style":"","ocean_post_title_background_color":"","ocean_post_title_background":0,"ocean_post_title_bg_image_position":"","ocean_post_title_bg_image_attachment":"","ocean_post_title_bg_image_repeat":"","ocean_post_title_bg_image_size":"","ocean_post_title_height":0,"ocean_post_title_bg_overlay":0.5,"ocean_post_title_bg_overlay_color":"","ocean_disable_breadcrumbs":"default","ocean_breadcrumbs_color":"","ocean_breadcrumbs_separator_color":"","ocean_breadcrumbs_links_color":"","ocean_breadcrumbs_links_hover_color":"","ocean_display_footer_widgets":"default","ocean_display_footer_bottom":"default","ocean_custom_footer_template":"0","footnotes":""},"class_list":["post-462","page","type-page","status-publish","hentry","entry"],"yoast_head":"<!-- This site is optimized with the Yoast SEO plugin v27.4 - https:\/\/yoast.com\/product\/yoast-seo-wordpress\/ -->\n<title>Kieferorthop\u00e4die Jobs D\u00fcsseldorf | Bimler &amp; Schmidt<\/title>\n<meta name=\"description\" content=\"Kieferorthop\u00e4die Jobs in D\u00fcsseldorf-Oberkassel. Starten Sie Ihre Karriere bei Bimler &amp; Schmidt. Top-Ausbildung, tolles Team. Jetzt bewerben!\" \/>\n<meta name=\"robots\" content=\"index, follow, max-snippet:-1, max-image-preview:large, max-video-preview:-1\" \/>\n<link rel=\"canonical\" href=\"https:\/\/bimlerundschmidt.de\/ja\/ueber-uns\/karriere\/\" \/>\n<meta property=\"og:locale\" content=\"ja_JP\" \/>\n<meta property=\"og:type\" content=\"article\" \/>\n<meta property=\"og:title\" content=\"Kieferorthop\u00e4die Jobs D\u00fcsseldorf | Bimler &amp; Schmidt\" \/>\n<meta property=\"og:description\" content=\"Kieferorthop\u00e4die Jobs in D\u00fcsseldorf-Oberkassel. Starten Sie Ihre Karriere bei Bimler &amp; Schmidt. Top-Ausbildung, tolles Team. Jetzt bewerben!\" \/>\n<meta property=\"og:url\" content=\"https:\/\/bimlerundschmidt.de\/ja\/ueber-uns\/karriere\/\" \/>\n<meta property=\"og:site_name\" content=\"BIMLER &amp; SCHMIDT Kieferorthop\u00e4den\" \/>\n<meta property=\"article:publisher\" content=\"https:\/\/de-de.facebook.com\/bimlerundschmidt.de\/\" \/>\n<meta property=\"article:modified_time\" content=\"2026-03-15T11:53:51+00:00\" \/>\n<meta name=\"twitter:card\" content=\"summary_large_image\" \/>\n<meta name=\"twitter:label1\" content=\"\u63a8\u5b9a\u8aad\u307f\u53d6\u308a\u6642\u9593\" \/>\n\t<meta name=\"twitter:data1\" content=\"1\u5206\" \/>\n<script type=\"application\/ld+json\" class=\"yoast-schema-graph\">{\"@context\":\"https:\\\/\\\/schema.org\",\"@graph\":[{\"@type\":\"WebPage\",\"@id\":\"https:\\\/\\\/bimlerundschmidt.de\\\/ueber-uns\\\/karriere\\\/\",\"url\":\"https:\\\/\\\/bimlerundschmidt.de\\\/ueber-uns\\\/karriere\\\/\",\"name\":\"Kieferorthop\u00e4die Jobs D\u00fcsseldorf | Bimler & Schmidt\",\"isPartOf\":{\"@id\":\"https:\\\/\\\/bimlerundschmidt.de\\\/#website\"},\"datePublished\":\"2019-06-28T17:08:09+00:00\",\"dateModified\":\"2026-03-15T11:53:51+00:00\",\"description\":\"Kieferorthop\u00e4die Jobs in D\u00fcsseldorf-Oberkassel. Starten Sie Ihre Karriere bei Bimler & Schmidt. Top-Ausbildung, tolles Team. Jetzt bewerben!\",\"breadcrumb\":{\"@id\":\"https:\\\/\\\/bimlerundschmidt.de\\\/ueber-uns\\\/karriere\\\/#breadcrumb\"},\"inLanguage\":\"ja\",\"potentialAction\":[{\"@type\":\"ReadAction\",\"target\":[\"https:\\\/\\\/bimlerundschmidt.de\\\/ueber-uns\\\/karriere\\\/\"]}]},{\"@type\":\"BreadcrumbList\",\"@id\":\"https:\\\/\\\/bimlerundschmidt.de\\\/ueber-uns\\\/karriere\\\/#breadcrumb\",\"itemListElement\":[{\"@type\":\"ListItem\",\"position\":1,\"name\":\"Startseite\",\"item\":\"https:\\\/\\\/bimlerundschmidt.de\\\/\"},{\"@type\":\"ListItem\",\"position\":2,\"name\":\"\u00fcber uns\",\"item\":\"https:\\\/\\\/bimlerundschmidt.de\\\/ueber-uns\\\/\"},{\"@type\":\"ListItem\",\"position\":3,\"name\":\"Karriere\"}]},{\"@type\":\"WebSite\",\"@id\":\"https:\\\/\\\/bimlerundschmidt.de\\\/#website\",\"url\":\"https:\\\/\\\/bimlerundschmidt.de\\\/\",\"name\":\"Bimler & Schmidt Kieferorthop\u00e4den\",\"description\":\"Kieferorthop\u00e4den Kieferorthop\u00e4de D\u00fcsseldorf\",\"publisher\":{\"@id\":\"https:\\\/\\\/bimlerundschmidt.de\\\/#organization\"},\"potentialAction\":[{\"@type\":\"SearchAction\",\"target\":{\"@type\":\"EntryPoint\",\"urlTemplate\":\"https:\\\/\\\/bimlerundschmidt.de\\\/?s={search_term_string}\"},\"query-input\":{\"@type\":\"PropertyValueSpecification\",\"valueRequired\":true,\"valueName\":\"search_term_string\"}}],\"inLanguage\":\"ja\"},{\"@type\":\"Organization\",\"@id\":\"https:\\\/\\\/bimlerundschmidt.de\\\/#organization\",\"name\":\"Bimler & Schmidt - Kieferorthop\u00e4den\",\"url\":\"https:\\\/\\\/bimlerundschmidt.de\\\/\",\"logo\":{\"@type\":\"ImageObject\",\"inLanguage\":\"ja\",\"@id\":\"https:\\\/\\\/bimlerundschmidt.de\\\/#\\\/schema\\\/logo\\\/image\\\/\",\"url\":\"https:\\\/\\\/bimlerundschmidt.de\\\/wp-content\\\/uploads\\\/2026\\\/02\\\/cropped-cropped-Zeichenflaeche-1-Kopie.png\",\"contentUrl\":\"https:\\\/\\\/bimlerundschmidt.de\\\/wp-content\\\/uploads\\\/2026\\\/02\\\/cropped-cropped-Zeichenflaeche-1-Kopie.png\",\"width\":685,\"height\":205,\"caption\":\"Bimler & Schmidt - Kieferorthop\u00e4den\"},\"image\":{\"@id\":\"https:\\\/\\\/bimlerundschmidt.de\\\/#\\\/schema\\\/logo\\\/image\\\/\"},\"sameAs\":[\"https:\\\/\\\/de-de.facebook.com\\\/bimlerundschmidt.de\\\/\",\"https:\\\/\\\/www.instagram.com\\\/bimlerundschmidt\\\/\"]}]}<\/script>\n<!-- \/ Yoast SEO plugin. -->","yoast_head_json":{"title":"Kieferorthop\u00e4die Jobs D\u00fcsseldorf | Bimler & Schmidt","description":"Kieferorthop\u00e4die Jobs in D\u00fcsseldorf-Oberkassel. Starten Sie Ihre Karriere bei Bimler & Schmidt. Top-Ausbildung, tolles Team. Jetzt bewerben!","robots":{"index":"index","follow":"follow","max-snippet":"max-snippet:-1","max-image-preview":"max-image-preview:large","max-video-preview":"max-video-preview:-1"},"canonical":"https:\/\/bimlerundschmidt.de\/ja\/ueber-uns\/karriere\/","og_locale":"ja_JP","og_type":"article","og_title":"Kieferorthop\u00e4die Jobs D\u00fcsseldorf | Bimler & Schmidt","og_description":"Kieferorthop\u00e4die Jobs in D\u00fcsseldorf-Oberkassel. Starten Sie Ihre Karriere bei Bimler & Schmidt. Top-Ausbildung, tolles Team. Jetzt bewerben!","og_url":"https:\/\/bimlerundschmidt.de\/ja\/ueber-uns\/karriere\/","og_site_name":"BIMLER &amp; SCHMIDT Kieferorthop\u00e4den","article_publisher":"https:\/\/de-de.facebook.com\/bimlerundschmidt.de\/","article_modified_time":"2026-03-15T11:53:51+00:00","twitter_card":"summary_large_image","twitter_misc":{"\u63a8\u5b9a\u8aad\u307f\u53d6\u308a\u6642\u9593":"1\u5206"},"schema":{"@context":"https:\/\/schema.org","@graph":[{"@type":"WebPage","@id":"https:\/\/bimlerundschmidt.de\/ueber-uns\/karriere\/","url":"https:\/\/bimlerundschmidt.de\/ueber-uns\/karriere\/","name":"Kieferorthop\u00e4die Jobs D\u00fcsseldorf | Bimler & Schmidt","isPartOf":{"@id":"https:\/\/bimlerundschmidt.de\/#website"},"datePublished":"2019-06-28T17:08:09+00:00","dateModified":"2026-03-15T11:53:51+00:00","description":"Kieferorthop\u00e4die Jobs in D\u00fcsseldorf-Oberkassel. Starten Sie Ihre Karriere bei Bimler & Schmidt. Top-Ausbildung, tolles Team. Jetzt bewerben!","breadcrumb":{"@id":"https:\/\/bimlerundschmidt.de\/ueber-uns\/karriere\/#breadcrumb"},"inLanguage":"ja","potentialAction":[{"@type":"ReadAction","target":["https:\/\/bimlerundschmidt.de\/ueber-uns\/karriere\/"]}]},{"@type":"BreadcrumbList","@id":"https:\/\/bimlerundschmidt.de\/ueber-uns\/karriere\/#breadcrumb","itemListElement":[{"@type":"ListItem","position":1,"name":"Startseite","item":"https:\/\/bimlerundschmidt.de\/"},{"@type":"ListItem","position":2,"name":"\u00fcber uns","item":"https:\/\/bimlerundschmidt.de\/ueber-uns\/"},{"@type":"ListItem","position":3,"name":"Karriere"}]},{"@type":"WebSite","@id":"https:\/\/bimlerundschmidt.de\/#website","url":"https:\/\/bimlerundschmidt.de\/","name":"Bimler & Schmidt Kieferorthop\u00e4den","description":"Kieferorthop\u00e4den Kieferorthop\u00e4de D\u00fcsseldorf","publisher":{"@id":"https:\/\/bimlerundschmidt.de\/#organization"},"potentialAction":[{"@type":"SearchAction","target":{"@type":"EntryPoint","urlTemplate":"https:\/\/bimlerundschmidt.de\/?s={search_term_string}"},"query-input":{"@type":"PropertyValueSpecification","valueRequired":true,"valueName":"search_term_string"}}],"inLanguage":"ja"},{"@type":"Organization","@id":"https:\/\/bimlerundschmidt.de\/#organization","name":"Bimler & Schmidt - Kieferorthop\u00e4den","url":"https:\/\/bimlerundschmidt.de\/","logo":{"@type":"ImageObject","inLanguage":"ja","@id":"https:\/\/bimlerundschmidt.de\/#\/schema\/logo\/image\/","url":"https:\/\/bimlerundschmidt.de\/wp-content\/uploads\/2026\/02\/cropped-cropped-Zeichenflaeche-1-Kopie.png","contentUrl":"https:\/\/bimlerundschmidt.de\/wp-content\/uploads\/2026\/02\/cropped-cropped-Zeichenflaeche-1-Kopie.png","width":685,"height":205,"caption":"Bimler & Schmidt - Kieferorthop\u00e4den"},"image":{"@id":"https:\/\/bimlerundschmidt.de\/#\/schema\/logo\/image\/"},"sameAs":["https:\/\/de-de.facebook.com\/bimlerundschmidt.de\/","https:\/\/www.instagram.com\/bimlerundschmidt\/"]}]}},"_links":{"self":[{"href":"https:\/\/bimlerundschmidt.de\/ja\/wp-json\/wp\/v2\/pages\/462","targetHints":{"allow":["GET"]}}],"collection":[{"href":"https:\/\/bimlerundschmidt.de\/ja\/wp-json\/wp\/v2\/pages"}],"about":[{"href":"https:\/\/bimlerundschmidt.de\/ja\/wp-json\/wp\/v2\/types\/page"}],"author":[{"embeddable":true,"href":"https:\/\/bimlerundschmidt.de\/ja\/wp-json\/wp\/v2\/users\/2"}],"replies":[{"embeddable":true,"href":"https:\/\/bimlerundschmidt.de\/ja\/wp-json\/wp\/v2\/comments?post=462"}],"version-history":[{"count":0,"href":"https:\/\/bimlerundschmidt.de\/ja\/wp-json\/wp\/v2\/pages\/462\/revisions"}],"up":[{"embeddable":true,"href":"https:\/\/bimlerundschmidt.de\/ja\/wp-json\/wp\/v2\/pages\/474"}],"wp:attachment":[{"href":"https:\/\/bimlerundschmidt.de\/ja\/wp-json\/wp\/v2\/media?parent=462"}],"curies":[{"name":"wp","href":"https:\/\/api.w.org\/{rel}","templated":true}]}}